{"id":3,"date":"2020-09-29T09:17:12","date_gmt":"2020-09-29T09:17:12","guid":{"rendered":"http:\/\/awspre.sanmiguel.es\/pt\/?page_id=3"},"modified":"2022-03-16T12:54:34","modified_gmt":"2022-03-16T12:54:34","slug":"politica-de-privacidade","status":"publish","type":"page","link":"https:\/\/www.sanmiguel.com\/pt\/politica-de-privacidade\/","title":{"rendered":"Pol\u00edtica de privacidade"},"content":{"rendered":"\n<h2 class=\"wp-block-heading\">Informaci\u00f3n b\u00e1sica sobre Protecci\u00f3n de Datos<\/h2>\n\n\n\n<p><strong>CONTROLADORES DO TRATAMENTO<\/strong><br>MAHOU, S.A.; CERVECERA INDEPENDIENTE, S.A. y AGUAS DE SOL\u00c1N DE CABRAS, S.A.<br><a href=\"#responsable\">Mais info<\/a><\/p>\n\n\n\n<p><strong>PROP\u00d3SITO<\/strong><br>Ofere\u00e7a a voc\u00ea conte\u00fado e experi\u00eancias personalizadas com base em seus interesses.<br><a href=\"#finalidad\">M<\/a><a href=\"#responsable\">ais info <\/a><\/p>\n\n\n\n<p><strong>LEGITIMA\u00c7\u00c3O<\/strong><br>\u2022 Execu\u00e7\u00e3o do contrato<br>\u2022 Consentimento<br><a href=\"#legitimacion\">Mais info<\/a><\/p>\n\n\n\n<p><strong>RECEPTORES<\/strong><br>Gestores de tratamento dentro e fora da UE<br><a href=\"#destinatarios\">Mais info<\/a><\/p>\n\n\n\n<p><strong>DIREITOS<\/strong><br>Acessar, retificar e excluir os dados, bem como outros direitos, conforme explicado nas informa\u00e7\u00f5es adicionais<br><a href=\"#derechos\">Mais info<\/a><\/p>\n\n\n\n<p><strong>INFORMA\u00c7\u00c3O ADICIONAL<\/strong><br>Voc\u00ea pode consultar as informa\u00e7\u00f5es adicionais e detalhadas sobre como tratamos seus dados na Pol\u00edtica de Privacidade.<\/p>\n\n\n\n<div class=\"wp-block-group toggle\"><div class=\"wp-block-group__inner-container is-layout-flow wp-block-group-is-layout-flow\">\n<p id=\"responsable\"><strong><a href=\"#\">I.- Quem \u00e9 o respons\u00e1vel pelo processamento dos seus dados?<\/a><\/strong><\/p>\n\n\n\n<p>Esta pol\u00edtica de privacidade (doravante a \u00ab<strong>Pol\u00edtica de Privacidade<\/strong>\u00ab) aplica-se a todos os dados pessoais que o utilizador forne\u00e7a \u00e0 MAHOU, SA, CERVECERA INDEPENDIENTE, SA, ambas com endere\u00e7o na Calle Tit\u00e1n 15, 28045, Madrid, e AGUAS DE SOL\u00c1N DE CABRAS, SA, com sede em Paraje de Sol\u00e1n de Cabras s \/ n, 16893 Beteta (Cuenca) (conjuntamente, doravante denominada \u00ab<strong>Mahou<\/strong>\u00ab) por meio de formul\u00e1rios online ou no momento da compra em seu site (doravante, o \u00abSite\u00bb).<\/p>\n\n\n\n<p>Para os fins desta Pol\u00edtica de Privacidade, \u00abUsu\u00e1rio\u00bb deve ser entendido como qualquer pessoa f\u00edsica interessada nos produtos e servi\u00e7os que a Mahou oferece por meio de seu Site.<\/p>\n\n\n\n<p>Mahou, como <strong>respons\u00e1vel pelo tratamento<\/strong>, solicitar\u00e1, antes do fornecimento dos seus dados pessoais, o consentimento expresso do Utilizador a esta Pol\u00edtica de Privacidade, quando necess\u00e1rio e a qualquer outro aspecto que requeira a autoriza\u00e7\u00e3o pr\u00e9via da mesma.<\/p>\n\n\n\n<p>O Usu\u00e1rio pode entrar em contato conosco atrav\u00e9s do e-mail <a href=\"mailto:consultasprivacidad@mahou-sanmiguel.com\">consultasprivacidad@mahou-sanmiguel.com<\/a> se tiver alguma d\u00favida ou necessidade em rela\u00e7\u00e3o \u00e0 prote\u00e7\u00e3o de dados.<\/p>\n<\/div><\/div>\n\n\n\n<div class=\"wp-block-group toggle\"><div class=\"wp-block-group__inner-container is-layout-flow wp-block-group-is-layout-flow\">\n<p id=\"finalidad\"><strong><a href=\"#\">II.-  <strong><a href=\"#\">\u00bfCon qu\u00e9 finalidad tratamos sus datos personales?<\/a><\/strong><\/a><\/strong><\/p>\n\n\n\n<p>O Usu\u00e1rio fica informado que Mahou processar\u00e1 os dados pessoais que o Usu\u00e1rio fornecer atrav\u00e9s dos formul\u00e1rios de contato e registro de conta no Site, para os <strong>fins <\/strong>indicados abaixo, na medida em que haja uma base legal para cada tratamento conforme explicado a seguir:<\/p>\n\n\n\n<ol class=\"wp-block-list\" type=\"a\"><li>Garantir ao Usu\u00e1rio o acesso e uso do Site.<\/li><li>Gerenciar o relacionamento do Usu\u00e1rio com a Mahou, incluindo a gest\u00e3o das compras que o Usu\u00e1rio faz na loja Mahou, bem como a participa\u00e7\u00e3o do Usu\u00e1rio em concursos, promo\u00e7\u00f5es e sites, aplicativos de computador e \/ ou espa\u00e7os nas redes sociais da Mahou (doravante, o \u00abConte\u00fado\u00bb ) (incluindo, mas n\u00e3o se limitando a, verificar se o Usu\u00e1rio atende aos requisitos necess\u00e1rios para receber a promo\u00e7\u00e3o ou o pr\u00eamio do concurso e entreg\u00e1-lo).<\/li><li>Realizar estat\u00edsticas e estudos de mercado, incluindo an\u00e1lise do comportamento do Usu\u00e1rio no contexto de sua navega\u00e7\u00e3o e a cria\u00e7\u00e3o de perfis de Usu\u00e1rio, integrando e processando conjuntamente as informa\u00e7\u00f5es obtidas por meio de cookies ou tecnologias semelhantes de quaisquer Conte\u00fados com as informa\u00e7\u00f5es j\u00e1 existentes sobre o usu\u00e1rio no Bancos de dados de Mahou ou obtidos de quaisquer redes sociais, incluindo, mas n\u00e3o se limitando a Facebook, Instagram, YouTube, Twitter, LinkedIn ou outros conte\u00fados, todos com a finalidade de saber melhorar o usu\u00e1rio, realizar pesquisas de mercado e oferecer conte\u00fado mais personalizado e atividades promocionais.<\/li><li>Informar o usu\u00e1rio por qualquer meio, incluindo o envio de comunica\u00e7\u00f5es comerciais para o endere\u00e7o de e-mail fornecido pelo usu\u00e1rio, quando apropriado, sobre os produtos e servi\u00e7os da Mahou semelhantes aos adquiridos pelo usu\u00e1rio.<\/li><li>Realizar atividades promocionais sobre outros produtos, atividades e servi\u00e7os da Mahou e de terceiros, incluindo o envio de comunica\u00e7\u00f5es comerciais eletr\u00f4nicas ou n\u00e3o, para o endere\u00e7o de e-mail que o Usu\u00e1rio fornece ou que Mahou obteve atrav\u00e9s das informa\u00e7\u00f5es de navega\u00e7\u00e3o do Usu\u00e1rio, caso ele d\u00e1 seu consentimento.<\/li><\/ol>\n<\/div><\/div>\n\n\n\n<div class=\"wp-block-group toggle\"><div class=\"wp-block-group__inner-container is-layout-flow wp-block-group-is-layout-flow\">\n<p id=\"legitimacion\"><strong><a href=\"#\">III.- Qual \u00e9 a legitimidade para o tratamento dos seus dados pessoais?<\/a><\/strong><\/p>\n\n\n\n<p>A base jur\u00eddica para o tratamento dos dados para os fins (a) e (b) \u00e9 a <strong>celebra\u00e7\u00e3o do contrato de presta\u00e7\u00e3o de servi\u00e7os e \/ ou comercializa\u00e7\u00e3o<\/strong> dos respectivos produtos.<\/p>\n\n\n\n<p>A <strong>base legal<\/strong> para o tratamento dos dados para os fins (c), (d) e (e) \u00e9 o <strong>consentimento <\/strong>que \u00e9 solicitado ao Utilizador, sem em caso algum a revoga\u00e7\u00e3o da mesma condi\u00e7\u00e3o \u00e0 execu\u00e7\u00e3o do contrato para o presta\u00e7\u00e3o de servi\u00e7os.<\/p>\n\n\n\n<p>Caso o usu\u00e1rio tenha interesse em acessar determinados servi\u00e7os condicionados ao registro pr\u00e9vio, incluindo, mas n\u00e3o se limitando a, participar de concursos, \u00abbrindes\u00bb, promo\u00e7\u00f5es, f\u00f3runs, pesquisas, fazer compras ou contratar servi\u00e7os e outras atividades Mahou, ou participar nos servi\u00e7os oferecidos pela Mahou, al\u00e9m de enviar v\u00eddeos, imagens e outros tipos de materiais, receber informa\u00e7\u00f5es sobre promo\u00e7\u00f5es ou entrar em contato com a Mahou, o Usu\u00e1rio dever\u00e1 preencher os formul\u00e1rios de solicita\u00e7\u00e3o de dados pessoais ou qualquer outro meio de ades\u00e3o do usu\u00e1rio ao particular servi\u00e7os que, em cada caso, s\u00e3o oferecidos por meio dos Conte\u00fados. Sem preju\u00edzo do que est\u00e1 previsto nesta Pol\u00edtica de Privacidade, em todos estes casos a pol\u00edtica de privacidade em cada caso estabelecida e comunicada ao Utilizador pela Mahou ser\u00e1 de aplica\u00e7\u00e3o preferencial, aquando do preenchimento dos formul\u00e1rios de registo, inqu\u00e9ritos, bases regulamentares da o concurso ou promo\u00e7\u00e3o e \/ ou quaisquer outras condi\u00e7\u00f5es dos servi\u00e7os particulares. O disposto nesta pol\u00edtica aplicar-se-\u00e1 nesses casos de forma complementar (em tudo o que n\u00e3o seja contrariado, caso em que se aplicar\u00e1 sempre o disposto no caso particular das referidas promo\u00e7\u00f5es \/ servi\u00e7os \/ concursos).<\/p>\n\n\n\n<p>A Mahou, no momento de fornecer seus dados pessoais, coletar\u00e1 e processar\u00e1 o essencial para o registro, o acesso ao espa\u00e7o pessoal do Usu\u00e1rio e o contato com a equipe de Atendimento ao Cliente da Mahou. No caso de o usu\u00e1rio decidir comprar um dos produtos ou servi\u00e7os da Mahou, ou participar de suas promo\u00e7\u00f5es e \/ ou concursos, a Mahou coletar\u00e1 e processar\u00e1 os dados necess\u00e1rios (incluindo nome, sobrenome, endere\u00e7o, endere\u00e7o de e-mail, etc.) para gerenciar o processo de compra e para fornecer quaisquer outros servi\u00e7os. O Usu\u00e1rio sabe e aceita que o n\u00e3o preenchimento de certos dados pessoais pode impedir Mahou de fornecer todos os servi\u00e7os vinculados a esses dados. Em nenhum caso Mahou ir\u00e1 atribuir, explorar esses dados ou us\u00e1-los para um uso diferente do expressamente indicado aqui. Durante o processo de registro e preenchimento do formul\u00e1rio de contato, o Usu\u00e1rio ser\u00e1 informado da natureza n\u00e3o obrigat\u00f3ria da coleta de alguns dados para a presta\u00e7\u00e3o dos servi\u00e7os Mahou.<\/p>\n\n\n\n<p>O usu\u00e1rio pode fornecer voluntariamente informa\u00e7\u00f5es adicionais em certas se\u00e7\u00f5es do site da Mahou. A decis\u00e3o de fornecer tais informa\u00e7\u00f5es \u00e9 exclusivamente do pr\u00f3prio Usu\u00e1rio. No entanto, Mahou recomenda que o Usu\u00e1rio n\u00e3o forne\u00e7a mais informa\u00e7\u00f5es do que as necess\u00e1rias de acordo com os fins para os quais utiliza os servi\u00e7os.<\/p>\n\n\n\n<p>Al\u00e9m disso, Mahou pode processar dados de geolocaliza\u00e7\u00e3o para a correta presta\u00e7\u00e3o dos servi\u00e7os oferecidos atrav\u00e9s da web, entre os quais est\u00e3o (i) a localiza\u00e7\u00e3o das lojas, (ii) o c\u00e1lculo dos custos de envio e (iii) a personaliza\u00e7\u00e3o do servi\u00e7o. Neste caso , uma notifica\u00e7\u00e3o ser\u00e1 enviada ao Usu\u00e1rio permitindo-lhe aceitar ou n\u00e3o tal funcionalidade.<\/p>\n<\/div><\/div>\n\n\n\n<div class=\"wp-block-group toggle\"><div class=\"wp-block-group__inner-container is-layout-flow wp-block-group-is-layout-flow\">\n<p><strong><a href=\"#\">IV.- Por quanto tempo mantemos seus dados pessoais?<\/a><\/strong><\/p>\n\n\n\n<p>Mahou <strong>manter\u00e1 <\/strong>os dados dos Usu\u00e1rios durante a rela\u00e7\u00e3o contratual com o usu\u00e1rio e, em qualquer caso, por um per\u00edodo m\u00e1ximo de sete anos a partir da \u00faltima vez que o Usu\u00e1rio interagiu com Mahou, sem preju\u00edzo da conserva\u00e7\u00e3o necess\u00e1ria para a formula\u00e7\u00e3o, exerc\u00edcio ou defesa de eventuais reclama\u00e7\u00f5es e \/ ou sempre que permitido pela legisla\u00e7\u00e3o aplic\u00e1vel. Decorrido o prazo referido, a Empresa compromete-se a cessar o tratamento de todos os seus dados, bem como a bloque\u00e1-los devidamente nas respectivas bases de dados da Empresa.<\/p>\n<\/div><\/div>\n\n\n\n<div class=\"wp-block-group toggle\"><div class=\"wp-block-group__inner-container is-layout-flow wp-block-group-is-layout-flow\">\n<p id=\"destinatarios\"><strong><a href=\"#\">V.- Quem tem acesso aos seus dados pessoais?<\/a><\/strong><\/p>\n\n\n\n<p>Uma presta\u00e7\u00e3o ideal do servi\u00e7o que a Mahou oferece por meio de seu site pode exigir que <strong>outros provedores de servi\u00e7os da Mahou<\/strong> acessem os dados pessoais do Usu\u00e1rio como controladores de dados. Ao aceitar esta Pol\u00edtica de Privacidade, o Usu\u00e1rio entende que alguns dos prestadores de servi\u00e7os mencionados est\u00e3o localizados <strong>em pa\u00edses fora do Espa\u00e7o Econ\u00f4mico Europeu ou que n\u00e3o oferecem um n\u00edvel de seguran\u00e7a equivalente ao espanhol<\/strong>. Em particular, o Usu\u00e1rio entende que Mahou celebrou um contrato com a Salesforce.com, Inc, como controladora de dados, com endere\u00e7o em TheLandmark em OneMarket Street, San Francisco, CA 94105, (Estados Unidos) para a presta\u00e7\u00e3o do servi\u00e7o que consiste no gest\u00e3o das rela\u00e7\u00f5es da Mahou com os seus utilizadores e clientes, bem como o fornecimento de uma plataforma para fins publicit\u00e1rios e de marketing. A Salesforce.com Inc. oferece as garantias adequadas estabelecidas nos regulamentos aplic\u00e1veis, na medida em que \u00e9 uma entidade aderida ao \u201cPrivacy Shield\u201d que realiza o tratamento de dados pessoais de acordo com os princ\u00edpios a\u00ed estabelecidos.<\/p>\n\n\n\n<p>Al\u00e9m do acima exposto, o Usu\u00e1rio entende que Mahou pode fazer atribui\u00e7\u00f5es ou comunica\u00e7\u00f5es de dados pessoais para cumprir suas obriga\u00e7\u00f5es com as Administra\u00e7\u00f5es P\u00fablicas nos casos que forem exigidos de acordo com a legisla\u00e7\u00e3o em vigor em todos os momentos e, quando apropriado, tamb\u00e9m a terceiros .organismos como as For\u00e7as e \u00d3rg\u00e3os de Seguran\u00e7a do Estado e os \u00d3rg\u00e3os Judiciais.<\/p>\n<\/div><\/div>\n\n\n\n<div class=\"wp-block-group toggle\"><div class=\"wp-block-group__inner-container is-layout-flow wp-block-group-is-layout-flow\">\n<p id=\"derechos\"><strong><a href=\"#\">VI.- Quais s\u00e3o os direitos dos usu\u00e1rios?<\/a><\/strong><\/p>\n\n\n\n<p>Mahou informa o Usu\u00e1rio sobre a possibilidade de auxili\u00e1-lo a exercer livremente os direitos de<strong> acesso, retifica\u00e7\u00e3o, oposi\u00e7\u00e3o, exclus\u00e3o, portabilidade e limita\u00e7\u00e3o de tratamento<\/strong>, bem como rejeitar o <strong>tratamento automatizado<\/strong> de dados pessoais por meio de pedido escrito e assinado endere\u00e7ado ao seguinte Endere\u00e7o: Departamento Jur\u00eddico, c \/ Tit\u00e1n 15, 28045, Madrid ou atrav\u00e9s do formul\u00e1rio de Atendimento ao Cliente. Para o efeito, o Utilizador dever\u00e1 enviar a referida comunica\u00e7\u00e3o escrita indicando o pedido ou direito exercido, nome e apelido, morada para efeitos das notifica\u00e7\u00f5es, juntamente com uma c\u00f3pia do seu RG ou documento v\u00e1lido que comprove a sua identidade (fotoc\u00f3pia do passaporte). No caso de representa\u00e7\u00e3o, deve ser comprovada por meio de documento v\u00e1lido. Da mesma forma, o Usu\u00e1rio tamb\u00e9m pode exercer seus direitos enviando uma fotoc\u00f3pia do seu D.N.I. (ou passaporte) em ambos os lados atrav\u00e9s do formul\u00e1rio \u00abFale conosco\u00bb, se houver.<\/p>\n\n\n\n<p>O Utilizador reserva-se o direito <strong>de se opor ao tratamento dos seus dados para fins promocionais<\/strong> para a recep\u00e7\u00e3o de comunica\u00e7\u00f5es comerciais com a simples notifica\u00e7\u00e3o da sua vontade \u00e0 Mahou. Para isso, o Usu\u00e1rio poder\u00e1 direcionar sua solicita\u00e7\u00e3o atrav\u00e9s do procedimento descrito no par\u00e1grafo anterior. Da mesma forma, o Utilizador pode cancelar a recep\u00e7\u00e3o de comunica\u00e7\u00f5es comerciais da forma prevista em cada comunica\u00e7\u00e3o comercial (por exemplo, atrav\u00e9s do link inclu\u00eddo em cada uma delas).<\/p>\n\n\n\n<p>Al\u00e9m dos direitos acima, o Usu\u00e1rio ter\u00e1 o direito de <strong>retirar o consentimento concedido<\/strong> a qualquer momento atrav\u00e9s do procedimento descrito acima, sem que tal retirada do consentimento afete a legalidade do tratamento antes de sua retirada. Mahou pode continuar a processar os dados do usu\u00e1rio at\u00e9 o limite permitido pela lei aplic\u00e1vel.<\/p>\n\n\n\n<p>Mahou lembra ao usu\u00e1rio que ele tem o direito de <strong>fazer uma reclama\u00e7\u00e3o junto \u00e0 Ag\u00eancia Espanhola de Prote\u00e7\u00e3o de Dados.<\/strong><\/p>\n<\/div><\/div>\n\n\n\n<div class=\"wp-block-group toggle\"><div class=\"wp-block-group__inner-container is-layout-flow wp-block-group-is-layout-flow\">\n<p><strong><a href=\"#\">VII.- A partir de que idade o usu\u00e1rio pode acessar nossos produtos e servi\u00e7os?<\/a><\/strong><\/p>\n\n\n\n<p>O Site <strong>n\u00e3o \u00e9 dirigido a menores de 18 anos,<\/strong> com exce\u00e7\u00e3o do caso do site Aguas Sol\u00e1n de Cabras, S.A. Neste sentido, a entrada e inscri\u00e7\u00e3o nos Conte\u00fados \u00e9 proibida a menores de 18 anos. Ao aceitar esta Pol\u00edtica de Privacidade, <strong>o Utilizador declara e garante que tem mais de 18 anos<\/strong>. Se o Utilizador for menor, n\u00e3o deve fornecer quaisquer dados. N\u00e3o podemos e n\u00e3o queremos recolher dados pessoais de qualquer menor, ou fazer qualquer promo\u00e7\u00e3o, incluindo qualquer tipo de bebida alco\u00f3lica para pessoas que n\u00e3o tenham idade legal para compr\u00e1-la. Se Mahou estiver ciente de que um menor forneceu dados pessoais, tendo falsificado os requisitos anteriores (data de nascimento ao acessar), procederemos ao cancelamento desses dados pessoais de nossos arquivos. Os pais ou tutores podem, em qualquer caso, entrar em contato com Mahou para bloquear a conta de acesso de menores sob seus cuidados que se registraram falsificando sua identidade.<\/p>\n<\/div><\/div>\n\n\n\n<div class=\"wp-block-group toggle\"><div class=\"wp-block-group__inner-container is-layout-flow wp-block-group-is-layout-flow\">\n<p><strong><a href=\"#\">VIII.- Qualidade de dados<\/a><\/strong><\/p>\n\n\n\n<p>Mahou adverte o usu\u00e1rio que, exceto em casos de representa\u00e7\u00e3o legalmente constitu\u00edda e credenciada, nenhum usu\u00e1rio pode usar a identidade de outra pessoa e comunicar seus dados pessoais, para que o usu\u00e1rio em todos os momentos deve ter em mente que s\u00f3 pode fornecer dados dados pessoais correspondentes \u00e0 sua pr\u00f3pria identidade e que sejam adequados, pertinentes, atuais, exatos e verdadeiros. Para tanto, o Usu\u00e1rio ser\u00e1 o \u00fanico respons\u00e1vel por qualquer dano, direto e \/ ou indireto, causado a terceiros ou \u00e0 Mahou pelo uso de dados pessoais de outra pessoa, ou de seus pr\u00f3prios dados pessoais quando forem falsos, err\u00f4neos, n\u00e3o atual, impr\u00f3prio ou irrelevante. Da mesma forma, o Utilizador que comunica os dados pessoais de um terceiro, responder\u00e1 a este \u00faltimo da obriga\u00e7\u00e3o de informa\u00e7\u00e3o para quando os dados pessoais n\u00e3o tenham sido recolhidos do interessado, e \/ ou as consequ\u00eancias de n\u00e3o o ter informado e, quando apropriado, obteve seu consentimento.<\/p>\n\n\n\n<p>Caso o Utilizador forne\u00e7a quaisquer dados pessoais de terceiros, compromete-se a informar previamente essas pessoas da inten\u00e7\u00e3o de comunicar os seus dados a Mahou e a obter o seu consentimento pr\u00e9vio, expresso e por escrito para o referido processamento de dados e quaisquer fins. que deviam ser processados, sendo o Usu\u00e1rio respons\u00e1vel de outra forma.<\/p>\n\n\n\n<p>O Utilizador \u00e9 a \u00fanica fonte de informa\u00e7\u00e3o sobre os seus dados pessoais, para o qual Mahou solicita que, de forma a manter os seus dados sempre atualizados e atualizados de acordo com os princ\u00edpios do Regulamento (UE) 2016\/679 do Parlamento Europeu e do Conselho, de 27 de abril de 2016, no que respeita \u00e0 prote\u00e7\u00e3o das pessoas singulares no que diz respeito ao tratamento de dados pessoais e \u00e0 livre circula\u00e7\u00e3o desses dados e pela qual a Diretiva 95\/46 \/ CE \u00e9 revogada (RGPD), comunica qualquer varia\u00e7\u00e3o do mesmo para o endere\u00e7o c \/ Tit\u00e1n 15, 28045, Madrid ou selecionando a op\u00e7\u00e3o correspondente na se\u00e7\u00e3o \u00abFale conosco\u00bb dos Conte\u00fados, se houver. Lembra-se ao Usu\u00e1rio que para atualizar seus dados \u00e9 necess\u00e1rio comprovar sua identidade mediante fotoc\u00f3pia de seu documento de identidade. ou documento equivalente.<\/p>\n<\/div><\/div>\n\n\n\n<div class=\"wp-block-group toggle\"><div class=\"wp-block-group__inner-container is-layout-flow wp-block-group-is-layout-flow\">\n<p><strong><a href=\"#\">IX.- Uso de cookies<\/a><\/strong><\/p>\n\n\n\n<p>Nosso site usa cookies para distingui-lo de outros usu\u00e1rios de nosso site, o que nos ajuda a lhe fornecer uma boa experi\u00eancia ao navegar em nosso site e tamb\u00e9m nos permite melhor\u00e1-lo. Voc\u00ea pode obter mais informa\u00e7\u00f5es sobre o uso de cookies neste site na <a data-type=\"page\" data-id=\"1145\" href=\"http:\/\/awspre.sanmiguel.es\/pt\/politica-de-cookies\/\">Pol\u00edtica de Cookies<\/a> .<\/p>\n<\/div><\/div>\n\n\n\n<div class=\"wp-block-group toggle\"><div class=\"wp-block-group__inner-container is-layout-flow wp-block-group-is-layout-flow\">\n<p><strong><a href=\"#\">X.- Links<\/a><\/strong><\/p>\n\n\n\n<p>O site pode incluir hiperlinks para outros sites que n\u00e3o s\u00e3o operados ou controlados pela Mahou. Portanto, a Mahou n\u00e3o garante, nem se responsabiliza pela legalidade, confiabilidade, utilidade, veracidade e atualidade dos conte\u00fados de tais sites ou do processamento de dados que realizam. Por favor, antes de fornecer suas informa\u00e7\u00f5es pessoais a esses sites n\u00e3o pertencentes \u00e0 Mahou, tenha em mente que a conformidade com a prote\u00e7\u00e3o de dados pode ser diferente da nossa.<\/p>\n<\/div><\/div>\n\n\n\n<div class=\"wp-block-group toggle\"><div class=\"wp-block-group__inner-container is-layout-flow wp-block-group-is-layout-flow\">\n<p><strong><a href=\"#\">XI.- Modifica\u00e7\u00e3o da Pol\u00edtica de Privacidade<\/a><\/strong><\/p>\n\n\n\n<p>A Mahou pode modificar sua Pol\u00edtica de Privacidade de acordo com a legisla\u00e7\u00e3o aplic\u00e1vel a qualquer momento. Em qualquer caso, iremos inform\u00e1-lo de qualquer modifica\u00e7\u00e3o da Pol\u00edtica de Privacidade que tenha um impacto relevante na sua privacidade e na protec\u00e7\u00e3o dos seus dados, legisla\u00e7\u00e3o, caso os regulamentos aplic\u00e1veis \u200b\u200bo exijam, dar-lhe-emos a possibilidade de conceder novamente Sua permiss\u00e3o<\/p>\n<\/div><\/div>\n","protected":false},"excerpt":{"rendered":"<p>Informaci\u00f3n b\u00e1sica sobre Protecci\u00f3n de Datos CONTROLADORES DO TRATAMENTOMAHOU, S.A.; CERVECERA INDEPENDIENTE, S.A. y AGUAS DE SOL\u00c1N DE CABRAS, S.A.Mais info PROP\u00d3SITOOfere\u00e7a a voc\u00ea conte\u00fado e experi\u00eancias personalizadas com base em seus interesses.Mais info LEGITIMA\u00c7\u00c3O\u2022 Execu\u00e7\u00e3o do contrato\u2022 ConsentimentoMais info RECEPTORESGestores de tratamento dentro e fora da UEMais info DIREITOSAcessar, retificar e excluir os dados, [&hellip;]<\/p>\n","protected":false},"author":1,"featured_media":2690,"parent":0,"menu_order":0,"comment_status":"closed","ping_status":"open","template":"page-text.php","meta":{"_acf_changed":false,"footnotes":""},"class_list":["post-3","page","type-page","status-publish","has-post-thumbnail","hentry"],"acf":[],"_links":{"self":[{"href":"https:\/\/www.sanmiguel.com\/pt\/wp-json\/wp\/v2\/pages\/3","targetHints":{"allow":["GET"]}}],"collection":[{"href":"https:\/\/www.sanmiguel.com\/pt\/wp-json\/wp\/v2\/pages"}],"about":[{"href":"https:\/\/www.sanmiguel.com\/pt\/wp-json\/wp\/v2\/types\/page"}],"author":[{"embeddable":true,"href":"https:\/\/www.sanmiguel.com\/pt\/wp-json\/wp\/v2\/users\/1"}],"replies":[{"embeddable":true,"href":"https:\/\/www.sanmiguel.com\/pt\/wp-json\/wp\/v2\/comments?post=3"}],"version-history":[{"count":4,"href":"https:\/\/www.sanmiguel.com\/pt\/wp-json\/wp\/v2\/pages\/3\/revisions"}],"predecessor-version":[{"id":3928,"href":"https:\/\/www.sanmiguel.com\/pt\/wp-json\/wp\/v2\/pages\/3\/revisions\/3928"}],"wp:featuredmedia":[{"embeddable":true,"href":"https:\/\/www.sanmiguel.com\/pt\/wp-json\/wp\/v2\/media\/2690"}],"wp:attachment":[{"href":"https:\/\/www.sanmiguel.com\/pt\/wp-json\/wp\/v2\/media?parent=3"}],"curies":[{"name":"wp","href":"https:\/\/api.w.org\/{rel}","templated":true}]}}