{"id":1170,"date":"2021-01-20T10:50:05","date_gmt":"2021-01-20T10:50:05","guid":{"rendered":"http:\/\/awspre.sanmiguel.es\/pt\/?page_id=1170"},"modified":"2024-06-25T16:50:15","modified_gmt":"2024-06-25T16:50:15","slug":"faq","status":"publish","type":"page","link":"https:\/\/www.sanmiguel.com\/pt\/faq\/","title":{"rendered":"Perguntas frequentes sobre Cervezas San Miguel | FAQ"},"content":{"rendered":"\n<h2 class=\"wp-block-heading\" id=\"top-5-preguntas\">AS 5 QUEST\u00d5ES PRINCIPAIS<\/h2>\n\n\n\n<div class=\"wp-block-group toggle\"><div class=\"wp-block-group__inner-container is-layout-flow wp-block-group-is-layout-flow\">\n<p itemprop=\"name\"><strong>O QUE S\u00c3O PINCODES?<\/strong><\/p>\n<p itemscope=\"\" itemprop=\"acceptedAnswer\" itemtype=\"https:\/\/schema.org\/Answer\"><span itemprop=\"text\">Os c\u00f3digos PIN s\u00e3o c\u00f3digos alfanum\u00e9ricos de 14 d\u00edgitos, que voc\u00ea encontra no verso dos r\u00f3tulos das golas das cervejas San Miguel. Voc\u00ea pode trocar esses c\u00f3digos por participa\u00e7\u00f5es em nossas promo\u00e7\u00f5es: <strong>saiba como participar de promo\u00e7\u00f5es aqui.<\/strong><\/span><\/p>\n<\/div><\/div>\n\n\n\n<div class=\"wp-block-group toggle\"><div class=\"wp-block-group__inner-container is-layout-flow wp-block-group-is-layout-flow\">\n<p itemprop=\"name\"><strong>SAN MIGUEL 0,0, \u00c9 TOTALMENTE LIVRE DE \u00c1LCOOL?<\/strong><\/p>\n<p itemscope=\"\" itemprop=\"acceptedAnswer\" itemtype=\"https:\/\/schema.org\/Answer\"><span itemprop=\"text\">De acordo com a legisla\u00e7\u00e3o espanhola, considera-se cerveja sem \u00e1lcool os produtos com teor alco\u00f3lico inferior a 1%. No entanto, a nossa cerveja San Miguel 0,0% \u00e9 um produto n\u00e3o alco\u00f3lico em que o \u00e1lcool 0,0% \u00e9 garantido.<\/span><\/p>\n<\/div><\/div>\n\n\n\n<div class=\"wp-block-group toggle\"><div class=\"wp-block-group__inner-container is-layout-flow wp-block-group-is-layout-flow\">\n<p itemprop=\"name\"><strong>QUAIS S\u00c3O OS INGREDIENTES DE CADA UMA DE NOSSAS CERVEJAS?<\/strong><\/p>\n<p itemscope=\"\" itemprop=\"acceptedAnswer\" itemtype=\"https:\/\/schema.org\/Answer\"><span itemprop=\"text\">Para conhecer os ingredientes de cada uma das variedades da nossa gama San Miguel, <a href=\"https:\/\/www.sanmiguel.com\/pt\/cervejas\/\" target=\"_blank\" rel=\"noreferrer noopener\">clique aqu<\/a>i e selecione a que mais lhe interessa. Depois de ter selecionado a sua cerveja, clique em \u00abInforma\u00e7\u00f5es Alimentares\u00bb e poder\u00e1 descobrir ao pormenor todas as suas caracter\u00edsticas.<\/span><\/p>\n<\/div><\/div>\n\n\n\n<div style=\"height:50px\" aria-hidden=\"true\" class=\"wp-block-spacer\"><\/div>\n\n\n\n<h2 class=\"wp-block-heading\" id=\"promociones-y-pincodes\">PROMO\u00c7\u00d5ES E PINCODES<\/h2>\n\n\n\n<div class=\"wp-block-group toggle\"><div class=\"wp-block-group__inner-container is-layout-flow wp-block-group-is-layout-flow\">\n<p itemprop=\"name\" id=\"question-34\"><strong>O QUE S\u00c3O PINCODES?<\/strong><\/p>\n<p itemscope=\"\" itemprop=\"acceptedAnswer\" itemtype=\"https:\/\/schema.org\/Answer\"><span itemprop=\"text\">Os c\u00f3digos PIN s\u00e3o c\u00f3digos alfanum\u00e9ricos de 14 d\u00edgitos, que voc\u00ea encontra no verso dos r\u00f3tulos das golas das cervejas San Miguel. Voc\u00ea pode trocar esses c\u00f3digos por participa\u00e7\u00f5es em nossas promo\u00e7\u00f5es: <strong>saiba como participar de promo\u00e7\u00f5es aqui.<\/strong><\/span><\/p>\n<\/div><\/div>\n\n\n\n<div class=\"wp-block-group toggle\"><div class=\"wp-block-group__inner-container is-layout-flow wp-block-group-is-layout-flow\">\n<p itemprop=\"name\" id=\"question-35\"><strong>ONDE POSSO ENCONTRAR OS PINCODES?<\/strong><\/p>\n<p itemscope=\"\" itemprop=\"acceptedAnswer\" itemtype=\"https:\/\/schema.org\/Answer\"><span itemprop=\"text\">Encontre-os removendo o r\u00f3tulo do gargalo das garrafas de nossas cervejas, no verso.<\/span><\/p>\n<\/div><\/div>\n\n\n\n<div class=\"wp-block-group toggle\"><div class=\"wp-block-group__inner-container is-layout-flow wp-block-group-is-layout-flow\">\n<p itemprop=\"name\" id=\"question-36\"><strong>TODAS AS CERVEJAS DE SAN MIGUEL T\u00caM UM PINCODE?<\/strong><\/p>\n<p itemscope=\"\" itemprop=\"acceptedAnswer\" itemtype=\"https:\/\/schema.org\/Answer\"><span itemprop=\"text\">Pode encontrar pin\u00e7as nas garrafas de 20cl, 25cl e 33cl destas variedades: San Miguel Especial, San Miguel Radler, San Miguel Sem Gl\u00faten, Magna de San Miguel, Magna Roja 0,0 de San Miguel, San Miguel 0,0 Ma\u00e7\u00e3 e San Miguel 0,0.<\/span><\/p>\n<\/div><\/div>\n\n\n\n<div class=\"wp-block-group toggle\"><div class=\"wp-block-group__inner-container is-layout-flow wp-block-group-is-layout-flow\">\n<p itemprop=\"name\" id=\"question-37\"><strong>EM QUE BARES E RESTAURANTES POSSO ENCONTRAR FRASCOS COM PINCODE?<\/strong><\/p>\n<p itemscope=\"\" itemprop=\"acceptedAnswer\" itemtype=\"https:\/\/schema.org\/Answer\"><span itemprop=\"text\">Em todos os estabelecimentos que possuam alguma das refer\u00eancias de San Miguel mencionadas na se\u00e7\u00e3o anterior.<\/span><\/p>\n<\/div><\/div>\n\n\n\n<div class=\"wp-block-group toggle\"><div class=\"wp-block-group__inner-container is-layout-flow wp-block-group-is-layout-flow\">\n<p itemprop=\"name\" id=\"question-38\"><strong>COMO OS PINCODES S\u00c3O RESGATADOS?<\/strong><\/p>\n<p itemscope=\"\" itemprop=\"acceptedAnswer\" itemtype=\"https:\/\/schema.org\/Answer\"><span itemprop=\"text\"><strong>Participar de promo\u00e7\u00f5es<\/strong> \u00e9 muito f\u00e1cil. Cadastre-se ou acesse a \u00c1rea Privada do site San Miguel com seu e-mail, no \u00edcone \u00abAcessar\u00bb que voc\u00ea ver\u00e1 no menu.<br><br>Se a promo\u00e7\u00e3o em que deseja participar for de um bar ou restaurante, poder\u00e1 aceder \u00e0 mesma e trocar directamente os seus c\u00f3digos PIN por participa\u00e7\u00f5es (1 c\u00f3digo PIN = 1 participa\u00e7\u00e3o). <br><br>Para o resto das promo\u00e7\u00f5es, voc\u00ea encontrar\u00e1 a se\u00e7\u00e3o Carteira. Cada Pincode que voc\u00ea insere em sua carteira San Miguel concede um ponto, e cada ponto equivale a uma participa\u00e7\u00e3o.<\/span><\/p>\n<\/div><\/div>\n\n\n\n<div class=\"wp-block-group toggle\"><div class=\"wp-block-group__inner-container is-layout-flow wp-block-group-is-layout-flow\">\n<p itemprop=\"name\" id=\"question-39\"><strong>QUE PROMO\u00c7\u00d5ES EST\u00c3O ATUALMENTE ATIVAS?<\/strong><\/p>\n<p itemscope=\"\" itemprop=\"acceptedAnswer\" itemtype=\"https:\/\/schema.org\/Answer\"><span itemprop=\"text\">Poder\u00e1 encontrar as nossas promo\u00e7\u00f5es activas navegando nas sec\u00e7\u00f5es da web, neste landing e acedendo \u00e0 \u00c1rea Privada, no \u00edcone de registo no menu superior. Voc\u00ea pode obter experi\u00eancias, artigos exclusivos e muito mais.<\/span><\/p>\n<\/div><\/div>\n\n\n\n<div class=\"wp-block-group toggle\"><div class=\"wp-block-group__inner-container is-layout-flow wp-block-group-is-layout-flow\">\n<p itemprop=\"name\" id=\"question-40\"><strong>OS PINCODES EXPIRAM?<\/strong><\/p>\n<p itemscope=\"\" itemprop=\"acceptedAnswer\" itemtype=\"https:\/\/schema.org\/Answer\"><span itemprop=\"text\">Assim que seus c\u00f3digos PIN forem validados, eles ser\u00e3o convertidos em pontos que voc\u00ea pode usar por nove meses. Voc\u00ea pode validar at\u00e9 3 c\u00f3digos PIN para cada promo\u00e7\u00e3o por dia. Lembre-se de que s\u00e3o pessoais e intransfer\u00edveis.<\/span><\/p>\n<\/div><\/div>\n\n\n\n<div class=\"wp-block-group toggle\"><div class=\"wp-block-group__inner-container is-layout-flow wp-block-group-is-layout-flow\">\n<p itemprop=\"name\" id=\"question-40\"><strong>E SE EU TIVER PINCODES E N\u00c3O ESTAR INTERESSADO EM NENHUMA PROMO\u00c7\u00c3O ATIVA?<\/strong><\/p>\n<p itemscope=\"\" itemprop=\"acceptedAnswer\" itemtype=\"https:\/\/schema.org\/Answer\"><span itemprop=\"text\">Para isso, temos a bolsa. Se n\u00e3o est\u00e1 interessado em nenhuma das promo\u00e7\u00f5es que est\u00e3o ativas, pode guardar os seus c\u00f3digos PIN na carteira e pode sempre resgat\u00e1-los em promo\u00e7\u00f5es que requeiram pontos e o incentivo \u00e9 mais interessante para si.<\/span><\/p>\n<\/div><\/div>\n\n\n\n<div style=\"height:50px\" aria-hidden=\"true\" class=\"wp-block-spacer\"><\/div>\n\n\n\n<h2 class=\"wp-block-heading\" id=\"informacion\">EM FORMA\u00c7\u00c3O<\/h2>\n\n\n\n<div class=\"wp-block-group toggle\"><div class=\"wp-block-group__inner-container is-layout-flow wp-block-group-is-layout-flow\">\n<p itemprop=\"name\" id=\"question-9\"><strong>O QUE \u00c9 O ENDERE\u00c7O \u200b\u200bDE CORREIO DE MAHOU SAN MIGUEL?<\/strong><\/p>\n<p itemscope=\"\" itemprop=\"acceptedAnswer\" itemtype=\"https:\/\/schema.org\/Answer\"><span itemprop=\"text\">O endere\u00e7o postal de nossa sede corporativa \u00e9:<br>Mahou San Miguel<br>C \/ Tit\u00e1n, 15 28045. Madrid<\/span><\/p>\n<\/div><\/div>\n\n\n\n<div class=\"wp-block-group toggle\"><div class=\"wp-block-group__inner-container is-layout-flow wp-block-group-is-layout-flow\">\n<p itemprop=\"name\" id=\"question-11\"><strong>ONDE EST\u00c1 A SEDE DE SAN MIGUEL?<\/strong><\/p>\n<p itemscope=\"\" itemprop=\"acceptedAnswer\" itemtype=\"https:\/\/schema.org\/Answer\"><span itemprop=\"text\">El domicilio social de Cervezas San Miguel S.L.U., una de las sociedades de Mahou S.A. dedicadas a la actividad productiva, se sit\u00faa en M\u00e1laga (Carretera del Aeroclub, n\u00ba 1).<br>La sede corporativa de Mahou San Miguel se ubica en Madrid, en la Calle T<br><br>\nA sede social de Cervezas San Miguel S.L.U., uma das empresas Mahou S.A. dedicado \u00e0 atividade produtiva, est\u00e1 localizado em M\u00e1laga (Carretera del Aeroclub, n\u00ba 1).<br>A sede corporativa da Mahou San Miguel est\u00e1 localizada em Madrid, na Calle Tit\u00e1n, 15.<\/span><\/p>\n<\/div><\/div>\n\n\n\n<div style=\"height:50px\" aria-hidden=\"true\" class=\"wp-block-spacer\"><\/div>\n\n\n\n<h2 class=\"wp-block-heading\" id=\"historia-cerveza-san-miguel\">HIST\u00d3RIA DA CERVEJA DE S\u00c3O MIGUEL<\/h2>\n\n\n\n<div class=\"wp-block-group toggle\"><div class=\"wp-block-group__inner-container is-layout-flow wp-block-group-is-layout-flow\">\n<p itemprop=\"name\" id=\"question-13\"><strong>QUAL A ORIGEM DA CERVEJA SAN MIGUEL?<\/strong><\/p>\n<p itemscope=\"\" itemprop=\"acceptedAnswer\" itemtype=\"https:\/\/schema.org\/Answer\"><span itemprop=\"text\">A origem de San Miguel nos conta de um nascimento marcado pela preocupa\u00e7\u00e3o cervejeira dos fundadores, de origem espanhola, que decidiram se estabelecer em Manila em 1890. Depois de viajar meio mundo como mercadores e exploradores, decidiram trazer cerveja para a \u00c1sia, que j\u00e1 come\u00e7ava a triunfar entre os europeus. Para chegar l\u00e1, eles exploraram o ambiente para encontrar os melhores ingredientes e criar a primeira cerveja do Sudeste Asi\u00e1tico.<br><br>\nUma vez assentada, a preocupa\u00e7\u00e3o levou San Miguel a compartilhar seu sabor por toda a \u00c1sia, tentando se adaptar aos gostos de cada regi\u00e3o.<br><br>\nEssa mesma empresa cervejeira trouxe San Miguel para a Espanha em 1957, uma verdadeira revolu\u00e7\u00e3o no mundo da cerveja. Movida por uma preocupa\u00e7\u00e3o cervejeira em busca da qualidade com os melhores ingredientes, a San Miguel opta por criar a primeira cerveja Especial (na \u00e9poca a Espanha era um pa\u00eds onde a cerveja era de qualidade e sabor irregulares).<br><br>\nJ\u00e1 radicada na Espanha, a inquieta\u00e7\u00e3o de San Miguel, como aconteceu na \u00c1sia, a incentiva a se espalhar pela Europa e \u00c1frica; sempre com o objetivo de compartilhar e apreciar a qualidade e o sabor da sua cerveja.<\/span><\/p>\n<\/div><\/div>\n\n\n\n<div class=\"wp-block-group toggle\"><div class=\"wp-block-group__inner-container is-layout-flow wp-block-group-is-layout-flow\">\n<p itemprop=\"name\" id=\"question-14\"><strong>A GARRAFA DE SAN MIGUEL, \u00c9 A MESMA EM TODO O MUNDO?<\/strong><\/p>\n<p itemscope=\"\" itemprop=\"acceptedAnswer\" itemtype=\"https:\/\/schema.org\/Answer\"><span itemprop=\"text\">A garrafa San Miguel que se comercializa na Europa e no Norte de \u00c1frica pertence \u00e0s Cervezas San Miguel, sendo portanto igual nesta zona. Por\u00e9m, no resto do mundo, voc\u00ea pode encontrar outra cerveja com a mesma denomina\u00e7\u00e3o que, no entanto, n\u00e3o pertence a Mahou San Miguel.<\/span><\/p>\n<\/div><\/div>\n\n\n\n<div style=\"height:50px\" aria-hidden=\"true\" class=\"wp-block-spacer\"><\/div>\n\n\n\n<h2 class=\"wp-block-heading\" id=\"elaboracion-ingredientes-nuestras-cervezas\">PREPARA\u00c7\u00c3O E INGREDIENTES DE NOSSAS CERVEJAS<\/h2>\n\n\n\n<div class=\"wp-block-group toggle\"><div class=\"wp-block-group__inner-container is-layout-flow wp-block-group-is-layout-flow\">\n<p itemprop=\"name\" id=\"question-15\"><strong>COMO \u00c9 FEITA A CERVEJA?<\/strong><\/p>\n<p itemscope=\"\" itemprop=\"acceptedAnswer\" itemtype=\"https:\/\/schema.org\/Answer\"><span itemprop=\"text\">Tudo come\u00e7a com <strong>moagem <\/strong>e <strong>tritura\u00e7\u00e3o<\/strong>. O cereal \u00e9 mo\u00eddo, misturado com \u00e1gua e o resultado \u00e9 aquecido a diferentes temperaturas para se obter um mosto rico em a\u00e7\u00facares, prote\u00ednas, amino\u00e1cidos, sais minerais e outros elementos que servir\u00e3o de alimento para a levedura e influenciar\u00e3o as caracter\u00edsticas do produto final.<br><br>\nDepois de filtrado, o mosto \u00e9 mantido em fervura por um tempo. Este processo contribui para a sua clarifica\u00e7\u00e3o e esteriliza\u00e7\u00e3o, e \u00e9 o momento em que se adiciona o l\u00fapulo, do qual depender\u00e1 o amargor e, em grande medida, o aroma da nossa cerveja.<br><br>\n\u00c9 ent\u00e3o que se atinge uma das fases mais importantes do processo: a <strong>fermenta\u00e7\u00e3o<\/strong>. Nesse momento, a levedura converte os a\u00e7\u00facares do mosto em \u00e1lcool e di\u00f3xido de carbono e seus processos metab\u00f3licos geram compostos arom\u00e1ticos que v\u00e3o determinar o perfil organol\u00e9ptico da cerveja final.<br><br>\nTerminada a fermenta\u00e7\u00e3o, inicia-se a <strong>matura\u00e7\u00e3o ou adega<\/strong>, que consiste em manter a cerveja gelada durante algum tempo para que os aromas acabem de evoluir e a cerveja fique arredondada. O l\u00edquido final,<strong> em alguns casos, \u00e9 filtrado<\/strong> para se obter uma cerveja totalmente transparente, que chamamos de brilhante.<br><br>\nPor fim, ficar\u00e1 a <strong>embalagem<\/strong>, no formato escolhido, e estar\u00e1 pronta para ser enviada ao consumidor, que se encarregar\u00e1 de apreci\u00e1-la.<\/span><\/p>\n<\/div><\/div>\n\n\n\n<div class=\"wp-block-group toggle\"><div class=\"wp-block-group__inner-container is-layout-flow wp-block-group-is-layout-flow\">\n<p itemprop=\"name\" id=\"question-16\"><strong>QUAIS S\u00c3O OS INGREDIENTES DE CADA UMA DE NOSSAS CERVEJAS?<\/strong><\/p>\n<p itemscope=\"\" itemprop=\"acceptedAnswer\" itemtype=\"https:\/\/schema.org\/Answer\"><span itemprop=\"text\">Para conhecer os ingredientes de cada uma das variedades da nossa gama San Miguel, <a href=\"https:\/\/www.sanmiguel.com\/pt\/cervejas\/\">clique aqui<\/a> e selecione a que mais lhe interessa. Depois de ter selecionado a sua cerveja, clique em \u00abInforma\u00e7\u00f5es Alimentares\u00bb e poder\u00e1 descobrir ao pormenor todas as suas caracter\u00edsticas.<\/span><\/p>\n<\/div><\/div>\n\n\n\n<div class=\"wp-block-group toggle\"><div class=\"wp-block-group__inner-container is-layout-flow wp-block-group-is-layout-flow\">\n<p itemprop=\"name\" id=\"question-17\"><strong>COMO EMPARELHAR A CERVEJA?<\/strong><\/p>\n<p itemscope=\"\" itemprop=\"acceptedAnswer\" itemtype=\"https:\/\/schema.org\/Answer\"><span itemprop=\"text\">Para saber a combina\u00e7\u00e3o perfeita com cada uma de nossas cervejas, <a href=\"https:\/\/www.sanmiguel.com\/pt\/cervejas\/\">clique aqui<\/a> e selecione a que mais lhe interessa. Depois de selecionar sua cerveja, na parte inferior voc\u00ea encontrar\u00e1 a se\u00e7\u00e3o \u00abEmparelhamentos\u00bb, onde poder\u00e1 encontrar todos os detalhes e recomenda\u00e7\u00f5es.<\/span><\/p>\n<\/div><\/div>\n\n\n\n<div class=\"wp-block-group toggle\"><div class=\"wp-block-group__inner-container is-layout-flow wp-block-group-is-layout-flow\">\n<p itemprop=\"name\" id=\"question-18\"><strong>SAN MIGUEL 0,0, \u00c9 TOTALMENTE LIVRE DE \u00c1LCOOL?<\/strong><\/p>\n<p itemscope=\"\" itemprop=\"acceptedAnswer\" itemtype=\"https:\/\/schema.org\/Answer\"><span itemprop=\"text\">De acordo com a legisla\u00e7\u00e3o espanhola, considera-se cerveja sem \u00e1lcool os produtos com teor alco\u00f3lico inferior a 1%. No entanto, a nossa cerveja San Miguel 0,0% \u00e9 um produto n\u00e3o alco\u00f3lico em que o \u00e1lcool 0,0% \u00e9 garantido.<\/span><\/p>\n<\/div><\/div>\n\n\n\n<div class=\"wp-block-group toggle\"><div class=\"wp-block-group__inner-container is-layout-flow wp-block-group-is-layout-flow\">\n<p itemprop=\"name\" id=\"question-19\"><strong>SAN MIGUEL \u00c9 ADEQUADO PARA VEGANOS?<\/strong><\/p>\n<p itemscope=\"\" itemprop=\"acceptedAnswer\" itemtype=\"https:\/\/schema.org\/Answer\"><span itemprop=\"text\">Nossos produtos n\u00e3o cont\u00eam ingredientes de origem animal e n\u00e3o s\u00e3o utilizados em nenhum momento do processo de fabrica\u00e7\u00e3o.<\/span><\/p>\n<\/div><\/div>\n\n\n\n<div class=\"wp-block-group toggle\"><div class=\"wp-block-group__inner-container is-layout-flow wp-block-group-is-layout-flow\">\n<p itemprop=\"name\" id=\"question-20\"><strong>SAN MIGUEL \u00c9 ADEQUADO PARA CELIACS?<\/strong><\/p>\n<p itemscope=\"\" itemprop=\"acceptedAnswer\" itemtype=\"https:\/\/schema.org\/Answer\"><span itemprop=\"text\">Nossa variedade sem gl\u00faten \u00e9 adequada para intolerantes ao gl\u00faten.<\/span><\/p>\n<\/div><\/div>\n\n\n\n<div class=\"wp-block-group toggle\"><div class=\"wp-block-group__inner-container is-layout-flow wp-block-group-is-layout-flow\">\n<p itemprop=\"name\" id=\"question-21\"><strong>S\u00c3O MIGUEL CONT\u00c9M INGREDIENTES DE ORIGEM ANIMAL?<\/strong><\/p>\n<p itemscope=\"\" itemprop=\"acceptedAnswer\" itemtype=\"https:\/\/schema.org\/Answer\"><span itemprop=\"text\">Nenhum dos produtos da Mahou San Miguel cont\u00e9m mat\u00e9rias-primas ou ingredientes geneticamente modificados.<\/span><\/p>\n<\/div><\/div>\n\n\n\n<div class=\"wp-block-group toggle\"><div class=\"wp-block-group__inner-container is-layout-flow wp-block-group-is-layout-flow\">\n<p itemprop=\"name\" id=\"question-22\"><strong>S\u00c3O MIGUEL CONT\u00c9M LACTOSE?<\/strong><\/p>\n<p itemscope=\"\" itemprop=\"acceptedAnswer\" itemtype=\"https:\/\/schema.org\/Answer\"><span itemprop=\"text\">Garantimos que a gama de cervejas San Miguel n\u00e3o cont\u00e9m nenhum ingrediente de origem l\u00e1ctea que contenha lactose ou prote\u00edna do leite. O al\u00e9rgeno presente \u00e9 apenas o gl\u00faten do malte de cevada, que \u00e9 destacado conforme estabelecido pela legisla\u00e7\u00e3o europeia de rotulagem na lista de ingredientes.<\/span><\/p>\n<\/div><\/div>\n\n\n\n<div class=\"wp-block-group toggle\"><div class=\"wp-block-group__inner-container is-layout-flow wp-block-group-is-layout-flow\">\n<p itemprop=\"name\" id=\"question-23\"><strong>SAN MIGUEL SEM GL\u00daTEN, VOC\u00ca N\u00c3O TOMA NADA DE GL\u00daTEN?<\/strong><\/p>\n<p itemscope=\"\" itemprop=\"acceptedAnswer\" itemtype=\"https:\/\/schema.org\/Answer\"><span itemprop=\"text\">De acordo com o regulamento de implementa\u00e7\u00e3o (UE) 828\/2014 sobre os requisitos para a transmiss\u00e3o de informa\u00e7\u00f5es aos consumidores sobre a aus\u00eancia ou presen\u00e7a reduzida de gl\u00faten nos alimentos, um alimento adequado para cel\u00edacos \u00e9 aquele que n\u00e3o cont\u00e9m maiores quantidades de gl\u00faten a 20ppm (mg \/ Kg). O departamento de I + D + i da Mahou San Miguel desenvolveu uma t\u00e9cnica de ponta para obter um produto adequado para pessoas com doen\u00e7a cel\u00edaca sem perder as propriedades organol\u00e9pticas desta cerveja e garantindo uma quantidade inferior a 10ppm em nossos produtos de a linha \u201cSem gl\u00faten\u201d. \u201d. A verifica\u00e7\u00e3o \u00e9 realizada atrav\u00e9s de organismos de certifica\u00e7\u00e3o credenciados pela ENAC de acordo com os crit\u00e9rios definidos na norma UNE: EN 45011: 98 Al\u00e9m disso, na nossa rotulagem encontra-se o s\u00edmbolo do espig\u00e3o barrado (ELS), certifica\u00e7\u00e3o europeia para gl\u00faten &#8211; alimentos gratuitos.<\/span><\/p>\n<\/div><\/div>\n\n\n\n<div class=\"wp-block-group toggle\"><div class=\"wp-block-group__inner-container is-layout-flow wp-block-group-is-layout-flow\">\n<p itemprop=\"name\" id=\"question-24\"><strong>QUANTAS CALORIAS A CERVEJA TEM?<\/strong><\/p>\n<p itemscope=\"\" itemprop=\"acceptedAnswer\" itemtype=\"https:\/\/schema.org\/Answer\"><span itemprop=\"text\">Para conhecer os ingredientes de cada uma das variedades de nossas cervejas San Miguel, <a href=\"https:\/\/www.sanmiguel.com\/pt\/cervejas\/\" target=\"_blank\" rel=\"noreferrer noopener\">clique aqui<\/a> e selecione a que mais lhe interessa. Depois de ter selecionado a sua cerveja, clique em \u00abInforma\u00e7\u00f5es Alimentares\u00bb e poder\u00e1 descobrir ao pormenor todas as suas caracter\u00edsticas.<\/span><\/p>\n<\/div><\/div>\n","protected":false},"excerpt":{"rendered":"<p>AS 5 QUEST\u00d5ES PRINCIPAIS O QUE S\u00c3O PINCODES? Os c\u00f3digos PIN s\u00e3o c\u00f3digos alfanum\u00e9ricos de 14 d\u00edgitos, que voc\u00ea encontra no verso dos r\u00f3tulos das golas das cervejas San Miguel. Voc\u00ea pode trocar esses c\u00f3digos por participa\u00e7\u00f5es em nossas promo\u00e7\u00f5es: saiba como participar de promo\u00e7\u00f5es aqui. SAN MIGUEL 0,0, \u00c9 TOTALMENTE LIVRE DE \u00c1LCOOL? De [&hellip;]<\/p>\n","protected":false},"author":1,"featured_media":2152,"parent":0,"menu_order":0,"comment_status":"closed","ping_status":"closed","template":"page-faqs-int.php","meta":{"_acf_changed":false,"footnotes":""},"class_list":["post-1170","page","type-page","status-publish","has-post-thumbnail","hentry"],"acf":[],"_links":{"self":[{"href":"https:\/\/www.sanmiguel.com\/pt\/wp-json\/wp\/v2\/pages\/1170","targetHints":{"allow":["GET"]}}],"collection":[{"href":"https:\/\/www.sanmiguel.com\/pt\/wp-json\/wp\/v2\/pages"}],"about":[{"href":"https:\/\/www.sanmiguel.com\/pt\/wp-json\/wp\/v2\/types\/page"}],"author":[{"embeddable":true,"href":"https:\/\/www.sanmiguel.com\/pt\/wp-json\/wp\/v2\/users\/1"}],"replies":[{"embeddable":true,"href":"https:\/\/www.sanmiguel.com\/pt\/wp-json\/wp\/v2\/comments?post=1170"}],"version-history":[{"count":15,"href":"https:\/\/www.sanmiguel.com\/pt\/wp-json\/wp\/v2\/pages\/1170\/revisions"}],"predecessor-version":[{"id":4041,"href":"https:\/\/www.sanmiguel.com\/pt\/wp-json\/wp\/v2\/pages\/1170\/revisions\/4041"}],"wp:featuredmedia":[{"embeddable":true,"href":"https:\/\/www.sanmiguel.com\/pt\/wp-json\/wp\/v2\/media\/2152"}],"wp:attachment":[{"href":"https:\/\/www.sanmiguel.com\/pt\/wp-json\/wp\/v2\/media?parent=1170"}],"curies":[{"name":"wp","href":"https:\/\/api.w.org\/{rel}","templated":true}]}}