{"id":1124,"date":"2021-01-19T16:29:51","date_gmt":"2021-01-19T16:29:51","guid":{"rendered":"http:\/\/awspre.sanmiguel.es\/pt\/?page_id=1124"},"modified":"2022-03-16T12:34:38","modified_gmt":"2022-03-16T12:34:38","slug":"aviso-legal","status":"publish","type":"page","link":"https:\/\/www.sanmiguel.com\/pt\/aviso-legal\/","title":{"rendered":"Aviso legal"},"content":{"rendered":"\n<p>O propriet\u00e1rio deste site \u00e9 MAHOU, S.A. (doravante MAHOU) com C.I.F. A-28078202 e sede social em c \/ Tit\u00e1n 15 em Madrid.<\/p>\n\n\n\n<p>O conte\u00fado deste site inclui mensagens publicit\u00e1rias e \u00e9 dirigido a maiores de 18 anos. MAHOU recomenda o consumo respons\u00e1vel. Se voc\u00ea tiver alguma d\u00favida, escreva para n\u00f3s aqui.<\/p>\n\n\n\n<p>O acesso e utiliza\u00e7\u00e3o do mesmo \u00e9 gratuito e implica a aceita\u00e7\u00e3o por parte do utilizador das Condi\u00e7\u00f5es Legais MAHOU.<\/p>\n","protected":false},"excerpt":{"rendered":"<p>O propriet\u00e1rio deste site \u00e9 MAHOU, S.A. (doravante MAHOU) com C.I.F. A-28078202 e sede social em c \/ Tit\u00e1n 15 em Madrid. O conte\u00fado deste site inclui mensagens publicit\u00e1rias e \u00e9 dirigido a maiores de 18 anos. MAHOU recomenda o consumo respons\u00e1vel. Se voc\u00ea tiver alguma d\u00favida, escreva para n\u00f3s aqui. O acesso e utiliza\u00e7\u00e3o [&hellip;]<\/p>\n","protected":false},"author":1,"featured_media":2690,"parent":0,"menu_order":0,"comment_status":"closed","ping_status":"closed","template":"page-text.php","meta":{"_acf_changed":false,"footnotes":""},"class_list":["post-1124","page","type-page","status-publish","has-post-thumbnail","hentry"],"acf":[],"_links":{"self":[{"href":"https:\/\/www.sanmiguel.com\/pt\/wp-json\/wp\/v2\/pages\/1124","targetHints":{"allow":["GET"]}}],"collection":[{"href":"https:\/\/www.sanmiguel.com\/pt\/wp-json\/wp\/v2\/pages"}],"about":[{"href":"https:\/\/www.sanmiguel.com\/pt\/wp-json\/wp\/v2\/types\/page"}],"author":[{"embeddable":true,"href":"https:\/\/www.sanmiguel.com\/pt\/wp-json\/wp\/v2\/users\/1"}],"replies":[{"embeddable":true,"href":"https:\/\/www.sanmiguel.com\/pt\/wp-json\/wp\/v2\/comments?post=1124"}],"version-history":[{"count":2,"href":"https:\/\/www.sanmiguel.com\/pt\/wp-json\/wp\/v2\/pages\/1124\/revisions"}],"predecessor-version":[{"id":3925,"href":"https:\/\/www.sanmiguel.com\/pt\/wp-json\/wp\/v2\/pages\/1124\/revisions\/3925"}],"wp:featuredmedia":[{"embeddable":true,"href":"https:\/\/www.sanmiguel.com\/pt\/wp-json\/wp\/v2\/media\/2690"}],"wp:attachment":[{"href":"https:\/\/www.sanmiguel.com\/pt\/wp-json\/wp\/v2\/media?parent=1124"}],"curies":[{"name":"wp","href":"https:\/\/api.w.org\/{rel}","templated":true}]}}