{"id":3910,"date":"2026-04-07T12:08:10","date_gmt":"2026-04-07T12:08:10","guid":{"rendered":"https:\/\/www.sanmiguel.com\/it\/?page_id=3910"},"modified":"2026-04-15T15:15:54","modified_gmt":"2026-04-15T15:15:54","slug":"il-sapore-di-unestate-spagnola-non-importa-quando","status":"publish","type":"page","link":"https:\/\/www.sanmiguel.com\/it\/il-sapore-di-unestate-spagnola-non-importa-quando\/","title":{"rendered":"Il sapore di unestate spagnola non importa quando"},"content":{"rendered":"\n<div class=\"content-text-spanish-summer\">\n\t<div class=\"container-text-spanish-summer container\">\n\t\t<p>L\u2019estate spagnola \u00e8 pi\u00f9 di un luogo o di un momento: \u00e8 uno stato d\u2019animo.<\/p>\n\t\t<p>\u00c8 fatta di calore, spontaneit\u00e0 e gioia. I momenti migliori sono quelli che non avevi pianificato. Perch\u00e9 l\u2019estate spagnola non appartiene a un periodo o a un posto preciso: \u00e8 un mood che ti porti dentro, un atteggiamento che ti accompagna. E la vivi davvero quando resti sempre aperto a nuove esperienze.<\/p>\n\t\t<p>Sono persone irrequiete e curiose, che non si accontentano mai dell\u2019ordinario. Quelle che continuano a ballare anche quando la musica finisce. Persone plasmate da tutto ci\u00f2 che hanno vissuto. Come San Miguel, sempre attratte da ci\u00f2 che verr\u00e0, sempre pronte a fare un passo in pi\u00f9.<\/p>\n\t\t<p>San Miguel rappresenta proprio questo spirito. Un modo per ricordare che l\u2019estate spagnola non \u00e8 un luogo in cui andare, ma qualcosa che scegli di vivere.<\/p>\n\t\t<div class=\"content-img-logo-seeker\">\n\t\t\t<picture>\n\t\t\t\t<img alt=\"bg-img-text\" src=\"\/it\/wp-content\/uploads\/sites\/8\/2026\/04\/spanish_summer_no_matter_when_it.png\">\n\t\t\t<\/picture>\n\t\t<\/div>\n\t<\/div>\n<\/div>\n\n\n\r\n  <div class=\"bloque-titulo  \">\n    <div class=\"container-fluid p-0 \">\n      <div class=\"row no-gutters\">\n        <div class=\"bloque-titulo-seccion\">\n          <h1 class=\"titulo\">Scopri l&#8217;estate spagnola<\/h1>\n        <\/div>\n      <\/div>\n    <\/div>\n  <\/div>\n\n\n\n  <style>.row.hero-slide-unique {min-height: 80vh;}@media(max-width:578px) {.row.hero-slide-unique {min-height:0;}}<\/style>\n  <div id=\"hero\" class=\"a container-fluid p-0 viewplay  section-nueva-imagen \">\n    <div class=\"row no-gutters \">\n      <div class=\"hero-swiper-container swiper-container\">\n        <div class=\"swiper-wrapper\">\n                                  <div class=\"swiper-slide hero-slide style1\">\n                                                <div class=\"hero--img-wrapper imagen1 \">\n                                        <img alt=\"\" data-fetch=\"1\" class=\"hero--img\" srcset=\"https:\/\/www.sanmiguel.com\/it\/wp-content\/uploads\/sites\/8\/2021\/01\/new_sanmiguel_image_special-412x0-c-default.webp 412w,https:\/\/www.sanmiguel.com\/it\/wp-content\/uploads\/sites\/8\/2021\/01\/new_sanmiguel_image_special-751x0-c-default.webp 751w,https:\/\/www.sanmiguel.com\/it\/wp-content\/uploads\/sites\/8\/2021\/01\/new_sanmiguel_image_special-1536x0-c-default.webp 1536w,https:\/\/www.sanmiguel.com\/it\/wp-content\/uploads\/sites\/8\/2021\/01\/new_sanmiguel_image_special-1920x0-c-default.webp 1920w\" sizes=\"(max-width: 500px) 412px, (min-width: 501px) and (max-width: 1366px) 751px, (min-width: 1367px) 1367px\" src=\"https:\/\/www.sanmiguel.com\/it\/wp-content\/uploads\/sites\/8\/2021\/01\/new_sanmiguel_image_special-1536x0-c-default.webp\" fetchpriority=\"high\" \/>\n                                                                                                  <\/div>\n                                            <div class=\"hero--contenido  crema_oscuro\"  >\n                \n                                                                            <h2 class=\"hero--hastag\">La nuova immagine di San Miguel \u00e8 qui.<\/h2>\n                                                      \n\n                                                  \n                \n                \n                <div class=\"hero-buttons\">\n                                                <\/div>\n              <\/div>\n              <style>\n                @media screen and (max-width: 375px) {\n                    .boton2 {\n                       margin-top: 20px;\n                    }\n                }\n                @media screen and (width: 360px) {\n                    .boton2 {\n                       margin-top: 0px;\n                    }\n                }\n                @media screen and (min-width: 769px) and (max-width: 1340px) {\n                    .boton2 {\n                      margin-top: 20px;\n                    }\n                }\n              <\/style>\n                                                              \n                          <\/div>\n                  <\/div>\n        <div class=\"hero-pagination\"><\/div>\n        <div class=\"hero-prev swiper-button-prev\" aria-disabled=\"true\"><\/div>\n        <div class=\"hero-next swiper-button-next\" aria-disabled=\"true\"><\/div>\n      <\/div>\n    <\/div>\n  <\/div>\n<link rel=\"stylesheet\" href=\"\/wp-content\/themes\/sm2020\/assets\/js\/fancybox\/jquery.fancybox.min.css\" type=\"text\/css\" media=\"screen\">\n<script type=\"text\/javascript\" src=\"\/wp-content\/themes\/sm2020\/assets\/js\/fancybox\/jquery.fancybox.min.js\"><\/script>\n\n\n\n<style>\n.content-text-spanish-summer{position:relative;padding-top:65px;padding-bottom:65px;background-color:#13322B}.content-text-spanish-summer .container-text-spanish-summer{z-index:1;position:relative;max-width:968px;text-align:center}.content-text-spanish-summer .container-text-spanish-summer h1,.content-text-spanish-summer .container-text-spanish-summer h2,.content-text-spanish-summer .container-text-spanish-summer h3,.content-text-spanish-summer .container-text-spanish-summer p{color:#E8E1D5}.content-text-spanish-summer .container-text-spanish-summer .title{font-family:\"WorkSansBold\",sans-serif;font-size:2rem;text-transform:uppercase;margin-bottom:50px}.content-text-spanish-summer .container-text-spanish-summer p{font-size:1.25rem;line-height:28px}.content-text-spanish-summer .container-text-spanish-summer .content-img-logo-seeker{margin-top:55px}.content-text-spanish-summer .container-text-spanish-summer .content-img-logo-seeker picture img{width:300px;height:auto}#hero.section-nueva-imagen .hero-slide .hero--contenido{padding-top:4.5rem;padding-bottom:4.5rem}#hero.section-nueva-imagen .hero-slide .hero--contenido a,#hero.section-nueva-imagen .hero-slide .hero--contenido h1,#hero.section-nueva-imagen .hero-slide .hero--contenido h2,#hero.section-nueva-imagen .hero-slide .hero--contenido h3,#hero.section-nueva-imagen .hero-slide .hero--contenido h4,#hero.section-nueva-imagen .hero-slide .hero--contenido p{color:#13322B}#hero.section-nueva-imagen .hero-slide .hero--contenido h2.hero--hastag{font-size:3rem;line-height:48px;margin-bottom:35px}#hero.section-nueva-imagen .hero-slide .hero--contenido .hero-buttons a.hero--btn.btn{background-color:#13322B;color:#D7CBB7}#hero .hero-slide .hero--img-wrapper .hero--img{-o-object-position:center 75%;object-position:center 75%}#hero.section-nueva-imagen .hero-slide:not(.noflex){min-height:380px}#hero.section-nueva-imagen .hero-slide:not(.noflex) img.hero--img{max-height:unset;height:380px}@media (min-width:576px){#hero.section-nueva-imagen .hero-slide:not(.noflex) img.hero--img{height:450px}}@media (min-width:768px){#hero.section-nueva-imagen .hero-slide:not(.noflex) img.hero--img{height:100%}}@media (min-width:1200px){#hero.section-nueva-imagen .hero-slide:not(.noflex){min-height:670px}}@media (min-width:1800px){#hero.section-nueva-imagen .hero-slide:not(.noflex){min-height:750px}}\n<\/style>\n","protected":false},"excerpt":{"rendered":"<p>L\u2019estate spagnola \u00e8 pi\u00f9 di un luogo o di un momento: \u00e8 uno stato d\u2019animo. \u00c8 fatta di calore, spontaneit\u00e0 e gioia. I momenti migliori sono quelli che non avevi pianificato. Perch\u00e9 l\u2019estate spagnola non appartiene a un periodo o a un posto preciso: \u00e8 un mood che ti porti dentro, un atteggiamento che ti [&hellip;]<\/p>\n","protected":false},"author":1,"featured_media":0,"parent":0,"menu_order":0,"comment_status":"closed","ping_status":"closed","template":"","meta":[],"acf":[],"yoast_head":"<!-- This site is optimized with the Yoast SEO plugin v19.12 - https:\/\/yoast.com\/wordpress\/plugins\/seo\/ -->\n<title>Il sapore di unestate spagnola non importa quando | Cervezas San Miguel | IT<\/title>\n<meta name=\"description\" content=\"Scopri il sapore dell\u2019estate spagnola con San Miguel e vivi momenti spontanei, sole e convivialit\u00e0 tutto l\u2019anno.\" \/>\n<meta name=\"robots\" content=\"index, follow, max-snippet:-1, max-image-preview:large, max-video-preview:-1\" \/>\n<link rel=\"canonical\" href=\"https:\/\/www.sanmiguel.com\/it\/il-sapore-di-unestate-spagnola-non-importa-quando\/\" \/>\n<meta property=\"og:locale\" content=\"es_ES\" \/>\n<meta property=\"og:type\" content=\"article\" \/>\n<meta property=\"og:title\" content=\"Il sapore di unestate spagnola non importa quando | Cervezas San Miguel | IT\" \/>\n<meta property=\"og:description\" content=\"Scopri il sapore dell\u2019estate spagnola con San Miguel e vivi momenti spontanei, sole e convivialit\u00e0 tutto l\u2019anno.\" \/>\n<meta property=\"og:url\" content=\"https:\/\/www.sanmiguel.com\/it\/il-sapore-di-unestate-spagnola-non-importa-quando\/\" \/>\n<meta property=\"og:site_name\" content=\"Cervezas San Miguel | IT\" \/>\n<meta property=\"article:modified_time\" content=\"2026-04-15T15:15:54+00:00\" \/>\n<meta name=\"twitter:card\" content=\"summary_large_image\" \/>\n<meta name=\"twitter:label1\" content=\"Tiempo de lectura\" \/>\n\t<meta name=\"twitter:data1\" content=\"1 minuto\" \/>\n<script type=\"application\/ld+json\" class=\"yoast-schema-graph\">{\"@context\":\"https:\/\/schema.org\",\"@graph\":[{\"@type\":\"WebPage\",\"@id\":\"https:\/\/www.sanmiguel.com\/it\/il-sapore-di-unestate-spagnola-non-importa-quando\/\",\"url\":\"https:\/\/www.sanmiguel.com\/it\/il-sapore-di-unestate-spagnola-non-importa-quando\/\",\"name\":\"Il sapore di unestate spagnola non importa quando | Cervezas San Miguel | IT\",\"isPartOf\":{\"@id\":\"https:\/\/www.sanmiguel.com\/it\/#website\"},\"datePublished\":\"2026-04-07T12:08:10+00:00\",\"dateModified\":\"2026-04-15T15:15:54+00:00\",\"description\":\"Scopri il sapore dell\u2019estate spagnola con San Miguel e vivi momenti spontanei, sole e convivialit\u00e0 tutto l\u2019anno.\",\"breadcrumb\":{\"@id\":\"https:\/\/www.sanmiguel.com\/it\/il-sapore-di-unestate-spagnola-non-importa-quando\/#breadcrumb\"},\"inLanguage\":\"es\",\"potentialAction\":[{\"@type\":\"ReadAction\",\"target\":[\"https:\/\/www.sanmiguel.com\/it\/il-sapore-di-unestate-spagnola-non-importa-quando\/\"]}]},{\"@type\":\"BreadcrumbList\",\"@id\":\"https:\/\/www.sanmiguel.com\/it\/il-sapore-di-unestate-spagnola-non-importa-quando\/#breadcrumb\",\"itemListElement\":[{\"@type\":\"ListItem\",\"position\":1,\"name\":\"Portada\",\"item\":\"https:\/\/www.sanmiguel.com\/it\/\"},{\"@type\":\"ListItem\",\"position\":2,\"name\":\"Il sapore di unestate spagnola non importa quando\"}]},{\"@type\":\"WebSite\",\"@id\":\"https:\/\/www.sanmiguel.com\/it\/#website\",\"url\":\"https:\/\/www.sanmiguel.com\/it\/\",\"name\":\"Cervezas San Miguel | IT\",\"description\":\"Bienvenidos Cerveceros Inquietos\",\"potentialAction\":[{\"@type\":\"SearchAction\",\"target\":{\"@type\":\"EntryPoint\",\"urlTemplate\":\"https:\/\/www.sanmiguel.com\/it\/?s={search_term_string}\"},\"query-input\":\"required name=search_term_string\"}],\"inLanguage\":\"es\"}]}<\/script>\n<!-- \/ Yoast SEO plugin. -->","yoast_head_json":{"title":"Il sapore di unestate spagnola non importa quando | Cervezas San Miguel | IT","description":"Scopri il sapore dell\u2019estate spagnola con San Miguel e vivi momenti spontanei, sole e convivialit\u00e0 tutto l\u2019anno.","robots":{"index":"index","follow":"follow","max-snippet":"max-snippet:-1","max-image-preview":"max-image-preview:large","max-video-preview":"max-video-preview:-1"},"canonical":"https:\/\/www.sanmiguel.com\/it\/il-sapore-di-unestate-spagnola-non-importa-quando\/","og_locale":"es_ES","og_type":"article","og_title":"Il sapore di unestate spagnola non importa quando | Cervezas San Miguel | IT","og_description":"Scopri il sapore dell\u2019estate spagnola con San Miguel e vivi momenti spontanei, sole e convivialit\u00e0 tutto l\u2019anno.","og_url":"https:\/\/www.sanmiguel.com\/it\/il-sapore-di-unestate-spagnola-non-importa-quando\/","og_site_name":"Cervezas San Miguel | IT","article_modified_time":"2026-04-15T15:15:54+00:00","twitter_card":"summary_large_image","twitter_misc":{"Tiempo de lectura":"1 minuto"},"schema":{"@context":"https:\/\/schema.org","@graph":[{"@type":"WebPage","@id":"https:\/\/www.sanmiguel.com\/it\/il-sapore-di-unestate-spagnola-non-importa-quando\/","url":"https:\/\/www.sanmiguel.com\/it\/il-sapore-di-unestate-spagnola-non-importa-quando\/","name":"Il sapore di unestate spagnola non importa quando | Cervezas San Miguel | IT","isPartOf":{"@id":"https:\/\/www.sanmiguel.com\/it\/#website"},"datePublished":"2026-04-07T12:08:10+00:00","dateModified":"2026-04-15T15:15:54+00:00","description":"Scopri il sapore dell\u2019estate spagnola con San Miguel e vivi momenti spontanei, sole e convivialit\u00e0 tutto l\u2019anno.","breadcrumb":{"@id":"https:\/\/www.sanmiguel.com\/it\/il-sapore-di-unestate-spagnola-non-importa-quando\/#breadcrumb"},"inLanguage":"es","potentialAction":[{"@type":"ReadAction","target":["https:\/\/www.sanmiguel.com\/it\/il-sapore-di-unestate-spagnola-non-importa-quando\/"]}]},{"@type":"BreadcrumbList","@id":"https:\/\/www.sanmiguel.com\/it\/il-sapore-di-unestate-spagnola-non-importa-quando\/#breadcrumb","itemListElement":[{"@type":"ListItem","position":1,"name":"Portada","item":"https:\/\/www.sanmiguel.com\/it\/"},{"@type":"ListItem","position":2,"name":"Il sapore di unestate spagnola non importa quando"}]},{"@type":"WebSite","@id":"https:\/\/www.sanmiguel.com\/it\/#website","url":"https:\/\/www.sanmiguel.com\/it\/","name":"Cervezas San Miguel | IT","description":"Bienvenidos Cerveceros Inquietos","potentialAction":[{"@type":"SearchAction","target":{"@type":"EntryPoint","urlTemplate":"https:\/\/www.sanmiguel.com\/it\/?s={search_term_string}"},"query-input":"required name=search_term_string"}],"inLanguage":"es"}]}},"_links":{"self":[{"href":"https:\/\/www.sanmiguel.com\/it\/wp-json\/wp\/v2\/pages\/3910"}],"collection":[{"href":"https:\/\/www.sanmiguel.com\/it\/wp-json\/wp\/v2\/pages"}],"about":[{"href":"https:\/\/www.sanmiguel.com\/it\/wp-json\/wp\/v2\/types\/page"}],"author":[{"embeddable":true,"href":"https:\/\/www.sanmiguel.com\/it\/wp-json\/wp\/v2\/users\/1"}],"replies":[{"embeddable":true,"href":"https:\/\/www.sanmiguel.com\/it\/wp-json\/wp\/v2\/comments?post=3910"}],"version-history":[{"count":27,"href":"https:\/\/www.sanmiguel.com\/it\/wp-json\/wp\/v2\/pages\/3910\/revisions"}],"predecessor-version":[{"id":4018,"href":"https:\/\/www.sanmiguel.com\/it\/wp-json\/wp\/v2\/pages\/3910\/revisions\/4018"}],"wp:attachment":[{"href":"https:\/\/www.sanmiguel.com\/it\/wp-json\/wp\/v2\/media?parent=3910"}],"curies":[{"name":"wp","href":"https:\/\/api.w.org\/{rel}","templated":true}]}}