{"id":1170,"date":"2021-01-20T10:50:05","date_gmt":"2021-01-20T10:50:05","guid":{"rendered":"http:\/\/awspre.sanmiguel.es\/it\/?page_id=1170"},"modified":"2024-06-25T17:10:35","modified_gmt":"2024-06-25T17:10:35","slug":"faq","status":"publish","type":"page","link":"https:\/\/www.sanmiguel.com\/it\/faq\/","title":{"rendered":"Domande frequenti su Cervezas San Miguel | FAQ"},"content":{"rendered":"\n<h2 class=\"wp-block-heading\" id=\"top-5-preguntas\">5 DOMANDE PRINCIPALI<\/h2>\n\n\n\n<div class=\"wp-block-group toggle\"><div class=\"wp-block-group__inner-container is-layout-flow wp-block-group-is-layout-flow\">\n<p itemprop=\"name\"><strong>SAN MIGUEL 0.0 \u00c8 COMPLETAMENTE SENZA ALCOL?<\/strong><\/p>\n<p itemscope=\"\" itemprop=\"acceptedAnswer\" itemtype=\"https:\/\/schema.org\/Answer\"><span itemprop=\"text\">Secondo la legislazione spagnola, la birra analcolica \u00e8 quella che ha una gradazione alcolica inferiore all&#8217;1%. Tuttavia, la nostra birra San Miguel 0,0% \u00e8 un prodotto analcolico con una garanzia di 0,0% di alcol.<\/span><\/p>\n<\/div><\/div>\n\n\n\n<div class=\"wp-block-group toggle\"><div class=\"wp-block-group__inner-container is-layout-flow wp-block-group-is-layout-flow\">\n<p itemprop=\"name\"><strong>QUALI SONO GLI INGREDIENTI DI OGNI NOSTRA BIRRA?<\/strong><\/p>\n<p itemscope=\"\" itemprop=\"acceptedAnswer\" itemtype=\"https:\/\/schema.org\/Answer\"><span itemprop=\"text\">Per conoscere gli ingredienti di ciascuna delle variet\u00e0 della nostra gamma San Miguel, clicca qui e seleziona quella che ti interessa di pi\u00f9. Una volta selezionata la tua birra, clicca su \u00abInformazioni alimentari\u00bb e potrai scoprire, nel dettaglio, tutte le sue caratteristiche.<\/span><\/p>\n<\/div><\/div>\n\n\n\n<h2 class=\"wp-block-heading\" id=\"top-5-preguntas\">INFORMAZIONE<\/h2>\n\n\n\n<div class=\"wp-block-group toggle\"><div class=\"wp-block-group__inner-container is-layout-flow wp-block-group-is-layout-flow\">\n<p itemprop=\"name\"><strong>SAN MIGUEL 0,0, \u00c8 COMPLETAMENTE SENZA ALCOL?<\/strong><\/p>\n<p itemscope=\"\" itemprop=\"acceptedAnswer\" itemtype=\"https:\/\/schema.org\/Answer\"><span itemprop=\"text\">Secondo la legislazione spagnola, la birra analcolica \u00e8 considerata quei prodotti che hanno una gradazione alcolica inferiore all&#8217;1%. Tuttavia, la nostra birra San Miguel 0,0% \u00e8 un prodotto analcolico in cui \u00e8 garantito lo 0,0% di alcol.<\/span><\/p>\n<\/div><\/div>\n\n\n\n<div class=\"wp-block-group toggle\"><div class=\"wp-block-group__inner-container is-layout-flow wp-block-group-is-layout-flow\">\n<p itemprop=\"name\"><strong>QUALI SONO GLI INGREDIENTI DI OGNI NOSTRA BIRRA?<\/strong><\/p>\n<p itemscope=\"\" itemprop=\"acceptedAnswer\" itemtype=\"https:\/\/schema.org\/Answer\"><span itemprop=\"text\">Per conoscere gli ingredienti di ciascuna delle variet\u00e0 della nostra gamma San Miguel, clicca qui e seleziona quella che ti interessa di pi\u00f9. Una volta selezionata la tua birra, clicca su \u00abInformazioni Alimentari\u00bb e potrai scoprirne dettagliatamente tutte le caratteristiche.<\/span><\/p>\n<\/div><\/div>\n\n\n\n<div class=\"wp-block-group toggle\"><div class=\"wp-block-group__inner-container is-layout-flow wp-block-group-is-layout-flow\">\n<p itemprop=\"name\" id=\"question-8\"><strong>COSA DEVO FARE PER LAVORARE PRESSO MAHOU SAN MIGUEL?<\/strong><\/p>\n<p itemscope=\"\" itemprop=\"acceptedAnswer\" itemtype=\"https:\/\/schema.org\/Answer\"><span itemprop=\"text\">Se vuoi lavorare in Mahou San Miguel, puoi registrarti direttamente nelle offerte pubblicate sui diversi canali, oppure inserire il tuo Curriculum sulla nostra piattaforma per l\u2019impiego: <a href=\"https:\/\/www.mahou-sanmiguel.com\/es-es\/trabajar-mahou-sanmiguel\">https:\/\/www.mahou-sanmiguel.com\/es-es\/trabajar-mahou-sanmiguel<\/a><\/span><\/p>\n<\/div><\/div>\n\n\n\n<div class=\"wp-block-group toggle\"><div class=\"wp-block-group__inner-container is-layout-flow wp-block-group-is-layout-flow\">\n<p itemprop=\"name\" id=\"question-9\"><strong>QUAL \u00c8 L\u2019INDIRIZZO POSTALE DELLA MAHOU SAN MIGUEL?<\/strong><\/p>\n<p itemscope=\"\" itemprop=\"acceptedAnswer\" itemtype=\"https:\/\/schema.org\/Answer\"><span itemprop=\"text\">La direcci\u00f3n postal de nuestra sede corporativa es:<br>Mahou San Miguel<br>C\/ Tit\u00e1n, 15 28045. Madrid<\/span><\/p>\n<\/div><\/div>\n\n\n\n<div class=\"wp-block-group toggle\"><div class=\"wp-block-group__inner-container is-layout-flow wp-block-group-is-layout-flow\">\n<p itemprop=\"name\" id=\"question-11\"><strong>DOVE SI TROVA LA SEDE DI SAN MIGUEL?<\/strong><\/p>\n<p itemscope=\"\" itemprop=\"acceptedAnswer\" itemtype=\"https:\/\/schema.org\/Answer\"><span itemprop=\"text\">El domicilio social de Cervezas San Miguel S.L.U., una de las sociedades de Mahou S.A. dedicadas a la actividad productiva, se sit\u00faa en M\u00e1laga (Carretera del Aeroclub, n\u00ba 1).<br><br>\nLa sede legale di Cervezas San Miguel S.L.U., una delle societ\u00e0 Mahou S.A. dedicato all&#8217;attivit\u00e0 produttiva, si trova a Malaga (Carretera del Aeroclub, n\u00ba 1).<br>La sede aziendale di Mahou San Miguel si trova a Madrid, in Calle Tit\u00e1n, 15.<\/span><\/p>\n<\/div><\/div>\n\n\n\n<div style=\"height:50px\" aria-hidden=\"true\" class=\"wp-block-spacer\"><\/div>\n\n\n\n<h2 class=\"wp-block-heading\" id=\"historia-cerveza-san-miguel\">STORIA DELLA BIRRA SAN MIGUEL<\/h2>\n\n\n\n<div class=\"wp-block-group toggle\"><div class=\"wp-block-group__inner-container is-layout-flow wp-block-group-is-layout-flow\">\n<p itemprop=\"name\" id=\"question-13\"><strong>QUAL \u00c8 L&#8217;ORIGINE DELLA BIRRA SAN MIGUEL?<\/strong><\/p>\n<p itemscope=\"\" itemprop=\"acceptedAnswer\" itemtype=\"https:\/\/schema.org\/Answer\"><span itemprop=\"text\">L&#8217;origine di San Miguel ci racconta di una nascita segnata dalla preoccupazione birraria dei fondatori, di origine spagnola, che decisero di stabilirsi a Manila nel 1890. Dopo aver girato mezzo mondo come mercanti ed esploratori, decisero di portare la birra in Asia, che gi\u00e0 cominciava a trionfare tra gli europei. Per farcela, hanno esplorato l&#8217;ambiente per trovare i migliori ingredienti e creare la prima birra nel sud-est asiatico. Una volta risolta, la preoccupazione ha portato San Miguel a condividere il suo sapore in tutta l&#8217;Asia, cercando di adattarsi ai gusti di ogni zona.<br>\nQuella stessa preoccupazione birraria port\u00f2 San Miguel in Spagna nel 1957, una vera rivoluzione nel mondo della birra. Spinto da un&#8217;azienda birraria alla ricerca della qualit\u00e0 con i migliori ingredienti, San Miguel sceglie di creare la prima birra Especial (a quel tempo la Spagna era un paese dove la birra era di qualit\u00e0 e sapore irregolari).<br>\nGi\u00e0 stabilita in Spagna, l&#8217;inquietudine di San Miguel, come \u00e8 accaduto in Asia, la incoraggia a diffondersi in tutta Europa e in Africa; sempre per condividere e assaporare la qualit\u00e0 e il sapore della tua birra.<\/span><\/p>\n<\/div><\/div>\n\n\n\n<div class=\"wp-block-group toggle\"><div class=\"wp-block-group__inner-container is-layout-flow wp-block-group-is-layout-flow\">\n<p itemprop=\"name\" id=\"question-14\"><strong>LA BOTTIGLIA SAN MIGUEL, \u00c8 UGUALE IN TUTTO IL MONDO?<\/strong><\/p>\n<p itemscope=\"\" itemprop=\"acceptedAnswer\" itemtype=\"https:\/\/schema.org\/Answer\"><span itemprop=\"text\">La bottiglia San Miguel che viene commercializzata in Europa e Nord Africa appartiene a Cervezas San Miguel, e quindi \u00e8 la stessa in questa zona. Tuttavia, nel resto del mondo, \u00e8 possibile trovare un&#8217;altra birra con la stessa denominazione che, tuttavia, non appartiene a Mahou San Miguel.<\/span><\/p>\n<\/div><\/div>\n\n\n\n<div style=\"height:50px\" aria-hidden=\"true\" class=\"wp-block-spacer\"><\/div>\n\n\n\n<h2 class=\"wp-block-heading\" id=\"elaboracion-ingredientes-nuestras-cervezas\">PREPARAZIONE E INGREDIENTI DELLE NOSTRE BIRRE<\/h2>\n\n\n\n<div class=\"wp-block-group toggle\"><div class=\"wp-block-group__inner-container is-layout-flow wp-block-group-is-layout-flow\">\n<p itemprop=\"name\" id=\"question-15\"><strong>COME SI FA LA BIRRA?<\/strong><\/p>\n<p itemscope=\"\" itemprop=\"acceptedAnswer\" itemtype=\"https:\/\/schema.org\/Answer\"><span itemprop=\"text\">Tutto inizia con la <strong>macinatura <\/strong>e il <strong>pur\u00e8<\/strong>. Il cereale viene macinato, mescolato con acqua e il risultato viene riscaldato a diverse temperature per ottenere un mosto ricco di zuccheri, proteine, aminoacidi, sali minerali e altri elementi che serviranno da alimento per il lievito e influenzeranno le caratteristiche del prodotto .finale. Una volta che il mosto \u00e8 stato filtrato, viene tenuto a bollire per un po&#8217;. Questo processo contribuisce alla sua chiarificazione e la sterilizza, ed \u00e8 il momento in cui viene aggiunto il luppolo, da cui dipender\u00e0 l&#8217;amaro e, in larga misura, l&#8217;aroma della nostra birra. \u00c8 allora che si raggiunge una delle fasi pi\u00f9 importanti del processo: la <strong>fermentazione<\/strong>. In questo momento il lievito converte gli zuccheri del mosto in alcol e anidride carbonica ei suoi processi metabolici generano composti aromatici che determineranno il profilo organolettico della birra finale. Una volta terminata la fermentazione, inizia la <strong>maturazione o cantina<\/strong>, che consiste nel mantenere la birra fredda per un po&#8217; di tempo in modo che gli aromi finiscano di evolversi e la birra diventi rotonda. Il liquido finale, <strong>in alcuni casi, viene filtrato<\/strong> per ottenere una birra completamente trasparente, che chiamiamo brillante. Finalmente, quedar\u00e1 el <strong>envasado<\/strong>, en el formato escogido, y estar\u00e1 lista para hacerla llegar al consumidor, encargado de disfrutarla. Infine, la confezione verr\u00e0 <strong>lasciata<\/strong>, nel formato prescelto, e sar\u00e0 pronta per essere inviata al consumatore, che ne usufruir\u00e0.<\/span><\/p>\n<\/div><\/div>\n\n\n\n<div class=\"wp-block-group toggle\"><div class=\"wp-block-group__inner-container is-layout-flow wp-block-group-is-layout-flow\">\n<p itemprop=\"name\" id=\"question-16\"><strong>QUALI SONO GLI INGREDIENTI DI OGNI NOSTRA BIRRA?<\/strong><\/p>\n<p itemscope=\"\" itemprop=\"acceptedAnswer\" itemtype=\"https:\/\/schema.org\/Answer\"><span itemprop=\"text\">Per conoscere gli ingredienti di ciascuna delle variet\u00e0 della nostra gamma San Miguel, <a href=\"https:\/\/www.sanmiguel.com\/it\/birre\/\" target=\"_blank\" rel=\"noreferrer noopener\">clicca qui<\/a> e seleziona quella che ti interessa di pi\u00f9. Una volta selezionata la tua birra, clicca su \u00abInformazioni Alimentari\u00bb e potrai scoprirne tutte le caratteristiche nel dettaglio.<\/span><\/p>\n<\/div><\/div>\n\n\n\n<div class=\"wp-block-group toggle\"><div class=\"wp-block-group__inner-container is-layout-flow wp-block-group-is-layout-flow\">\n<p itemprop=\"name\" id=\"question-17\"><strong>COME ABBINARE LA BIRRA?<\/strong><\/p>\n<p itemscope=\"\" itemprop=\"acceptedAnswer\" itemtype=\"https:\/\/schema.org\/Answer\"><span itemprop=\"text\">Per scoprire l&#8217;abbinamento perfetto con ciascuna delle nostre birre, <a href=\"https:\/\/www.sanmiguel.com\/it\/birre\/\">clicca qui<\/a> e seleziona quella che pi\u00f9 ti interessa. Una volta selezionata la tua birra, in fondo troverai la sezione \u00abAbbinamenti\u00bb, dove potrai trovare tutti i dettagli e i consigli.<\/span><\/p>\n<\/div><\/div>\n\n\n\n<div class=\"wp-block-group toggle\"><div class=\"wp-block-group__inner-container is-layout-flow wp-block-group-is-layout-flow\">\n<p itemprop=\"name\" id=\"question-18\"><strong>SAN MIGUEL 0,0, \u00c8 COMPLETAMENTE SENZA ALCOL?<\/strong><\/p>\n<p itemscope=\"\" itemprop=\"acceptedAnswer\" itemtype=\"https:\/\/schema.org\/Answer\"><span itemprop=\"text\">Secondo la legislazione spagnola, la birra analcolica \u00e8 considerata quei prodotti che hanno una gradazione alcolica inferiore all&#8217;1%. Tuttavia, la nostra birra San Miguel 0,0% \u00e8 un prodotto analcolico in cui \u00e8 garantito lo 0,0% di alcol.<\/span><\/p>\n<\/div><\/div>\n\n\n\n<div class=\"wp-block-group toggle\"><div class=\"wp-block-group__inner-container is-layout-flow wp-block-group-is-layout-flow\">\n<p itemprop=\"name\" id=\"question-19\"><strong>SAN MIGUEL \u00c8 ADATTO AI VEGANI?<\/strong><\/p>\n<p itemscope=\"\" itemprop=\"acceptedAnswer\" itemtype=\"https:\/\/schema.org\/Answer\"><span itemprop=\"text\">I nostri prodotti non contengono ingredienti di origine animale e non vengono utilizzati in nessun momento del processo di fabbricazione.<\/span><\/p>\n<\/div><\/div>\n\n\n\n<div class=\"wp-block-group toggle\"><div class=\"wp-block-group__inner-container is-layout-flow wp-block-group-is-layout-flow\">\n<p itemprop=\"name\" id=\"question-20\"><strong>SAN MIGUEL E&#8217; ADATTO AI CELIACI?<\/strong><\/p>\n<p itemscope=\"\" itemprop=\"acceptedAnswer\" itemtype=\"https:\/\/schema.org\/Answer\"><span itemprop=\"text\">La nostra variet\u00e0 Gluten Free \u00e8 adatta agli intolleranti al glutine.<\/span><\/p>\n<\/div><\/div>\n\n\n\n<div class=\"wp-block-group toggle\"><div class=\"wp-block-group__inner-container is-layout-flow wp-block-group-is-layout-flow\">\n<p itemprop=\"name\" id=\"question-21\"><strong>SAN MIGUEL CONTIENE INGREDIENTI DI ORIGINE ANIMALE?<\/strong><\/p>\n<p itemscope=\"\" itemprop=\"acceptedAnswer\" itemtype=\"https:\/\/schema.org\/Answer\"><span itemprop=\"text\">Nessuno dei prodotti Mahou San Miguel contiene materie prime o ingredienti geneticamente modificati.<\/span><\/p>\n<\/div><\/div>\n\n\n\n<div class=\"wp-block-group toggle\"><div class=\"wp-block-group__inner-container is-layout-flow wp-block-group-is-layout-flow\">\n<p itemprop=\"name\" id=\"question-22\"><strong>SAN MIGUEL CONTIENE LATTOSIO?<\/strong><\/p>\n<p itemscope=\"\" itemprop=\"acceptedAnswer\" itemtype=\"https:\/\/schema.org\/Answer\"><span itemprop=\"text\">Garantiamo che la gamma di birre San Miguel non contiene alcun ingrediente di origine casearia che contenga lattosio o proteine \u200b\u200bdel latte. L&#8217;allergene presente \u00e8 solo il glutine da malto d&#8217;orzo, che viene evidenziato come stabilito dalla normativa europea in materia di etichettatura nell&#8217;elenco degli ingredienti.<\/span><\/p>\n<\/div><\/div>\n\n\n\n<div class=\"wp-block-group toggle\"><div class=\"wp-block-group__inner-container is-layout-flow wp-block-group-is-layout-flow\">\n<p itemprop=\"name\" id=\"question-23\"><strong>SAN MIGUEL SENZA GLUTINE, NON PRENDI NULLA DI GLUTINE?<\/strong><\/p>\n<p itemscope=\"\" itemprop=\"acceptedAnswer\" itemtype=\"https:\/\/schema.org\/Answer\"><span itemprop=\"text\">Secondo il regolamento attuativo (UE) 828\/2014 relativo alle prescrizioni per la trasmissione delle informazioni ai consumatori circa l&#8217;assenza o la ridotta presenza di glutine negli alimenti, un alimento adatto ai celiaci \u00e8 un alimento che non contenga quantit\u00e0 di glutine superiori a 20ppm (mg \/ Kg). Il reparto R+D+i di Mahou San Miguel ha sviluppato una tecnica all&#8217;avanguardia per ottenere un prodotto adatto alle persone celiache senza perdere le propriet\u00e0 organolettiche di questa birra e garantendo una quantit\u00e0 inferiore a 10ppm nei nostri prodotti da la linea \u201cGluten Free\u201d.\u201d. La verifica viene effettuata tramite enti di certificazione accreditati dall&#8217;ENAC secondo i criteri previsti dalla norma UNE: EN 45011:98 Inoltre nella nostra etichettatura potete trovare il simbolo della spiga barrata (ELS), certificazione europea per il glutine -cibi liberi.<\/span><\/p>\n<\/div><\/div>\n\n\n\n<div class=\"wp-block-group toggle\"><div class=\"wp-block-group__inner-container is-layout-flow wp-block-group-is-layout-flow\">\n<p itemprop=\"name\" id=\"question-24\"><strong>QUANTE CALORIE HA LA BIRRA?<\/strong><\/p>\n<p itemscope=\"\" itemprop=\"acceptedAnswer\" itemtype=\"https:\/\/schema.org\/Answer\"><span itemprop=\"text\">Per conoscere gli ingredienti di ciascuna delle variet\u00e0 delle nostre birre San Miguel, <a href=\"https:\/\/www.sanmiguel.com\/it\/birre\/\" target=\"_blank\" rel=\"noreferrer noopener\">clicca qui<\/a> e seleziona quella che ti interessa di pi\u00f9. Una volta selezionata la tua birra, clicca su \u00abInformazioni Alimentari\u00bb e potrai scoprirne tutte le caratteristiche nel dettaglio.<\/span><\/p>\n<\/div><\/div>\n","protected":false},"excerpt":{"rendered":"<p>5 DOMANDE PRINCIPALI SAN MIGUEL 0.0 \u00c8 COMPLETAMENTE SENZA ALCOL? Secondo la legislazione spagnola, la birra analcolica \u00e8 quella che ha una gradazione alcolica inferiore all&#8217;1%. Tuttavia, la nostra birra San Miguel 0,0% \u00e8 un prodotto analcolico con una garanzia di 0,0% di alcol. QUALI SONO GLI INGREDIENTI DI OGNI NOSTRA BIRRA? Per conoscere gli [&hellip;]<\/p>\n","protected":false},"author":1,"featured_media":2152,"parent":0,"menu_order":0,"comment_status":"closed","ping_status":"closed","template":"page-faqs-int.php","meta":{"_acf_changed":false,"footnotes":""},"class_list":["post-1170","page","type-page","status-publish","has-post-thumbnail","hentry"],"acf":[],"yoast_head":"<!-- This site is optimized with the Yoast SEO plugin v27.4 - https:\/\/yoast.com\/product\/yoast-seo-wordpress\/ -->\n<title>Domande Frequenti | Cervezas San Miguel | IT<\/title>\n<meta name=\"description\" content=\"Trova le risposte alle tue domande su Cervezas San Miguel. Scoprite tutto sulle nostre birre e sulla loro storia nelle nostre FAQ - visitateci subito!\" \/>\n<meta name=\"robots\" content=\"index, follow, max-snippet:-1, max-image-preview:large, max-video-preview:-1\" \/>\n<link rel=\"canonical\" href=\"https:\/\/www.sanmiguel.com\/it\/faq\/\" \/>\n<meta property=\"og:locale\" content=\"es_ES\" \/>\n<meta property=\"og:type\" content=\"article\" \/>\n<meta property=\"og:title\" content=\"Domande Frequenti | Cervezas San Miguel | IT\" \/>\n<meta property=\"og:description\" content=\"Trova le risposte alle tue domande su Cervezas San Miguel. Scoprite tutto sulle nostre birre e sulla loro storia nelle nostre FAQ - visitateci subito!\" \/>\n<meta property=\"og:url\" content=\"https:\/\/www.sanmiguel.com\/it\/faq\/\" \/>\n<meta property=\"og:site_name\" content=\"Cervezas San Miguel | IT\" \/>\n<meta property=\"article:modified_time\" content=\"2024-06-25T17:10:35+00:00\" \/>\n<meta property=\"og:image\" content=\"https:\/\/www.sanmiguel.com\/it\/wp-content\/uploads\/sites\/8\/2021\/02\/ezgif-1-e3451d7bb99c.gif\" \/>\n\t<meta property=\"og:image:width\" content=\"384\" \/>\n\t<meta property=\"og:image:height\" content=\"216\" \/>\n\t<meta property=\"og:image:type\" content=\"image\/gif\" \/>\n<meta name=\"twitter:card\" content=\"summary_large_image\" \/>\n<meta name=\"twitter:label1\" content=\"Tiempo de lectura\" \/>\n\t<meta name=\"twitter:data1\" content=\"6 minutos\" \/>\n<script type=\"application\/ld+json\" class=\"yoast-schema-graph\">{\"@context\":\"https:\\\/\\\/schema.org\",\"@graph\":[{\"@type\":\"WebPage\",\"@id\":\"https:\\\/\\\/www.sanmiguel.com\\\/it\\\/faq\\\/\",\"url\":\"https:\\\/\\\/www.sanmiguel.com\\\/it\\\/faq\\\/\",\"name\":\"Domande Frequenti | Cervezas San Miguel | IT\",\"isPartOf\":{\"@id\":\"https:\\\/\\\/www.sanmiguel.com\\\/it\\\/#website\"},\"primaryImageOfPage\":{\"@id\":\"https:\\\/\\\/www.sanmiguel.com\\\/it\\\/faq\\\/#primaryimage\"},\"image\":{\"@id\":\"https:\\\/\\\/www.sanmiguel.com\\\/it\\\/faq\\\/#primaryimage\"},\"thumbnailUrl\":\"https:\\\/\\\/www.sanmiguel.com\\\/it\\\/wp-content\\\/uploads\\\/sites\\\/8\\\/2021\\\/02\\\/ezgif-1-e3451d7bb99c.gif\",\"datePublished\":\"2021-01-20T10:50:05+00:00\",\"dateModified\":\"2024-06-25T17:10:35+00:00\",\"description\":\"Trova le risposte alle tue domande su Cervezas San Miguel. Scoprite tutto sulle nostre birre e sulla loro storia nelle nostre FAQ - visitateci subito!\",\"breadcrumb\":{\"@id\":\"https:\\\/\\\/www.sanmiguel.com\\\/it\\\/faq\\\/#breadcrumb\"},\"inLanguage\":\"es\",\"potentialAction\":[{\"@type\":\"ReadAction\",\"target\":[\"https:\\\/\\\/www.sanmiguel.com\\\/it\\\/faq\\\/\"]}]},{\"@type\":\"ImageObject\",\"inLanguage\":\"es\",\"@id\":\"https:\\\/\\\/www.sanmiguel.com\\\/it\\\/faq\\\/#primaryimage\",\"url\":\"https:\\\/\\\/www.sanmiguel.com\\\/it\\\/wp-content\\\/uploads\\\/sites\\\/8\\\/2021\\\/02\\\/ezgif-1-e3451d7bb99c.gif\",\"contentUrl\":\"https:\\\/\\\/www.sanmiguel.com\\\/it\\\/wp-content\\\/uploads\\\/sites\\\/8\\\/2021\\\/02\\\/ezgif-1-e3451d7bb99c.gif\",\"width\":384,\"height\":216},{\"@type\":\"BreadcrumbList\",\"@id\":\"https:\\\/\\\/www.sanmiguel.com\\\/it\\\/faq\\\/#breadcrumb\",\"itemListElement\":[{\"@type\":\"ListItem\",\"position\":1,\"name\":\"Portada\",\"item\":\"https:\\\/\\\/www.sanmiguel.com\\\/it\\\/\"},{\"@type\":\"ListItem\",\"position\":2,\"name\":\"Domande frequenti su Cervezas San Miguel | FAQ\"}]},{\"@type\":\"WebSite\",\"@id\":\"https:\\\/\\\/www.sanmiguel.com\\\/it\\\/#website\",\"url\":\"https:\\\/\\\/www.sanmiguel.com\\\/it\\\/\",\"name\":\"Cervezas San Miguel | IT\",\"description\":\"Bienvenidos Cerveceros Inquietos\",\"potentialAction\":[{\"@type\":\"SearchAction\",\"target\":{\"@type\":\"EntryPoint\",\"urlTemplate\":\"https:\\\/\\\/www.sanmiguel.com\\\/it\\\/?s={search_term_string}\"},\"query-input\":{\"@type\":\"PropertyValueSpecification\",\"valueRequired\":true,\"valueName\":\"search_term_string\"}}],\"inLanguage\":\"es\"}]}<\/script>\n<!-- \/ Yoast SEO plugin. -->","yoast_head_json":{"title":"Domande Frequenti | Cervezas San Miguel | IT","description":"Trova le risposte alle tue domande su Cervezas San Miguel. Scoprite tutto sulle nostre birre e sulla loro storia nelle nostre FAQ - visitateci subito!","robots":{"index":"index","follow":"follow","max-snippet":"max-snippet:-1","max-image-preview":"max-image-preview:large","max-video-preview":"max-video-preview:-1"},"canonical":"https:\/\/www.sanmiguel.com\/it\/faq\/","og_locale":"es_ES","og_type":"article","og_title":"Domande Frequenti | Cervezas San Miguel | IT","og_description":"Trova le risposte alle tue domande su Cervezas San Miguel. Scoprite tutto sulle nostre birre e sulla loro storia nelle nostre FAQ - visitateci subito!","og_url":"https:\/\/www.sanmiguel.com\/it\/faq\/","og_site_name":"Cervezas San Miguel | IT","article_modified_time":"2024-06-25T17:10:35+00:00","og_image":[{"url":"https:\/\/www.sanmiguel.com\/it\/wp-content\/uploads\/sites\/8\/2021\/02\/ezgif-1-e3451d7bb99c.gif","width":384,"height":216,"type":"image\/gif"}],"twitter_card":"summary_large_image","twitter_misc":{"Tiempo de lectura":"6 minutos"},"schema":{"@context":"https:\/\/schema.org","@graph":[{"@type":"WebPage","@id":"https:\/\/www.sanmiguel.com\/it\/faq\/","url":"https:\/\/www.sanmiguel.com\/it\/faq\/","name":"Domande Frequenti | Cervezas San Miguel | IT","isPartOf":{"@id":"https:\/\/www.sanmiguel.com\/it\/#website"},"primaryImageOfPage":{"@id":"https:\/\/www.sanmiguel.com\/it\/faq\/#primaryimage"},"image":{"@id":"https:\/\/www.sanmiguel.com\/it\/faq\/#primaryimage"},"thumbnailUrl":"https:\/\/www.sanmiguel.com\/it\/wp-content\/uploads\/sites\/8\/2021\/02\/ezgif-1-e3451d7bb99c.gif","datePublished":"2021-01-20T10:50:05+00:00","dateModified":"2024-06-25T17:10:35+00:00","description":"Trova le risposte alle tue domande su Cervezas San Miguel. Scoprite tutto sulle nostre birre e sulla loro storia nelle nostre FAQ - visitateci subito!","breadcrumb":{"@id":"https:\/\/www.sanmiguel.com\/it\/faq\/#breadcrumb"},"inLanguage":"es","potentialAction":[{"@type":"ReadAction","target":["https:\/\/www.sanmiguel.com\/it\/faq\/"]}]},{"@type":"ImageObject","inLanguage":"es","@id":"https:\/\/www.sanmiguel.com\/it\/faq\/#primaryimage","url":"https:\/\/www.sanmiguel.com\/it\/wp-content\/uploads\/sites\/8\/2021\/02\/ezgif-1-e3451d7bb99c.gif","contentUrl":"https:\/\/www.sanmiguel.com\/it\/wp-content\/uploads\/sites\/8\/2021\/02\/ezgif-1-e3451d7bb99c.gif","width":384,"height":216},{"@type":"BreadcrumbList","@id":"https:\/\/www.sanmiguel.com\/it\/faq\/#breadcrumb","itemListElement":[{"@type":"ListItem","position":1,"name":"Portada","item":"https:\/\/www.sanmiguel.com\/it\/"},{"@type":"ListItem","position":2,"name":"Domande frequenti su Cervezas San Miguel | FAQ"}]},{"@type":"WebSite","@id":"https:\/\/www.sanmiguel.com\/it\/#website","url":"https:\/\/www.sanmiguel.com\/it\/","name":"Cervezas San Miguel | IT","description":"Bienvenidos Cerveceros Inquietos","potentialAction":[{"@type":"SearchAction","target":{"@type":"EntryPoint","urlTemplate":"https:\/\/www.sanmiguel.com\/it\/?s={search_term_string}"},"query-input":{"@type":"PropertyValueSpecification","valueRequired":true,"valueName":"search_term_string"}}],"inLanguage":"es"}]}},"_links":{"self":[{"href":"https:\/\/www.sanmiguel.com\/it\/wp-json\/wp\/v2\/pages\/1170","targetHints":{"allow":["GET"]}}],"collection":[{"href":"https:\/\/www.sanmiguel.com\/it\/wp-json\/wp\/v2\/pages"}],"about":[{"href":"https:\/\/www.sanmiguel.com\/it\/wp-json\/wp\/v2\/types\/page"}],"author":[{"embeddable":true,"href":"https:\/\/www.sanmiguel.com\/it\/wp-json\/wp\/v2\/users\/1"}],"replies":[{"embeddable":true,"href":"https:\/\/www.sanmiguel.com\/it\/wp-json\/wp\/v2\/comments?post=1170"}],"version-history":[{"count":19,"href":"https:\/\/www.sanmiguel.com\/it\/wp-json\/wp\/v2\/pages\/1170\/revisions"}],"predecessor-version":[{"id":3765,"href":"https:\/\/www.sanmiguel.com\/it\/wp-json\/wp\/v2\/pages\/1170\/revisions\/3765"}],"wp:featuredmedia":[{"embeddable":true,"href":"https:\/\/www.sanmiguel.com\/it\/wp-json\/wp\/v2\/media\/2152"}],"wp:attachment":[{"href":"https:\/\/www.sanmiguel.com\/it\/wp-json\/wp\/v2\/media?parent=1170"}],"curies":[{"name":"wp","href":"https:\/\/api.w.org\/{rel}","templated":true}]}}