{"id":912,"date":"2021-01-12T17:22:51","date_gmt":"2021-01-12T17:22:51","guid":{"rendered":"http:\/\/www.sanmiguel.com\/es\/?page_id=912"},"modified":"2024-09-03T11:38:17","modified_gmt":"2024-09-03T11:38:17","slug":"malaga-cf","status":"publish","type":"page","link":"https:\/\/www.sanmiguel.com\/es\/ocio\/futbol\/malaga-cf\/","title":{"rendered":"M\u00e1laga Club de F\u00fatbol"},"content":{"rendered":"\n<script type=\"text\/javascript\">\njQuery(document).ready(function( $ ){\n$('.page-id-912 #newsletter .newsletter--info-wrapper .newsletter--titulo-wrapper .newsletter--titulo').html('Descubre todos nuestros productos y brinda por los que se atreven a seguir ah\u00ed.<br><br><span>Orgullosamente malague\u00f1os.<\/span>');\n\t$('.page-id-912 #newsletter .newsletter--info-wrapper .newsletter--btn-wrapper').html('<a class=\"btn btn-verde\" target=\"_blank\" href=\"https:\/\/www.mahou-sanmiguel.com\/tienda\/marcas\/cervezas-san-miguel?utm_source=san-miguel&#038;utm_medium=web&#038;utm_campaign=malaga-cf\" rel=\"noopener\">DESCUBRIR<span class=\"icono icon-flecha_btn\"><\/span><\/a>');\n});\n<\/script>\n","protected":false},"excerpt":{"rendered":"","protected":false},"author":1,"featured_media":921,"parent":483,"menu_order":0,"comment_status":"closed","ping_status":"closed","template":"page-equipo-futbol.php","meta":{"_acf_changed":false,"inline_featured_image":false,"footnotes":""},"class_list":["post-912","page","type-page","status-publish","has-post-thumbnail","hentry"],"acf":[],"yoast_head":"<!-- This site is optimized with the Yoast SEO plugin v27.4 - https:\/\/yoast.com\/product\/yoast-seo-wordpress\/ -->\n<title>M\u00e1laga CF y San Miguel | Cervezas San Miguel | ES<\/title>\n<meta name=\"description\" content=\"Hace m\u00e1s de 50 a\u00f1os que el viaje de San Miguel se detuvo en M\u00e1laga, uno de esos destinos que marca para siempre.\" \/>\n<meta name=\"robots\" content=\"index, follow, max-snippet:-1, max-image-preview:large, max-video-preview:-1\" \/>\n<link rel=\"canonical\" href=\"https:\/\/www.sanmiguel.com\/es\/ocio\/futbol\/malaga-cf\/\" \/>\n<meta property=\"og:locale\" content=\"es_ES\" \/>\n<meta property=\"og:type\" content=\"article\" \/>\n<meta property=\"og:title\" content=\"M\u00e1laga CF y San Miguel | Cervezas San Miguel | ES\" \/>\n<meta property=\"og:description\" content=\"Hace m\u00e1s de 50 a\u00f1os que el viaje de San Miguel se detuvo en M\u00e1laga, uno de esos destinos que marca para siempre.\" \/>\n<meta property=\"og:url\" content=\"https:\/\/www.sanmiguel.com\/es\/ocio\/futbol\/malaga-cf\/\" \/>\n<meta property=\"og:site_name\" content=\"Cervezas San Miguel | ES\" \/>\n<meta property=\"article:modified_time\" content=\"2024-09-03T11:38:17+00:00\" \/>\n<meta property=\"og:image\" content=\"https:\/\/www.sanmiguel.com\/es\/wp-content\/uploads\/sites\/2\/2021\/01\/hero-malaga.png\" \/>\n\t<meta property=\"og:image:width\" content=\"1178\" \/>\n\t<meta property=\"og:image:height\" content=\"584\" \/>\n\t<meta property=\"og:image:type\" content=\"image\/png\" \/>\n<meta name=\"twitter:card\" content=\"summary_large_image\" \/>\n<meta name=\"twitter:label1\" content=\"Tiempo de lectura\" \/>\n\t<meta name=\"twitter:data1\" content=\"1 minuto\" \/>\n<script type=\"application\/ld+json\" class=\"yoast-schema-graph\">{\"@context\":\"https:\\\/\\\/schema.org\",\"@graph\":[{\"@type\":\"WebPage\",\"@id\":\"https:\\\/\\\/www.sanmiguel.com\\\/es\\\/ocio\\\/futbol\\\/malaga-cf\\\/\",\"url\":\"https:\\\/\\\/www.sanmiguel.com\\\/es\\\/ocio\\\/futbol\\\/malaga-cf\\\/\",\"name\":\"M\u00e1laga CF y San Miguel | Cervezas San Miguel | ES\",\"isPartOf\":{\"@id\":\"https:\\\/\\\/www.sanmiguel.com\\\/es\\\/#website\"},\"primaryImageOfPage\":{\"@id\":\"https:\\\/\\\/www.sanmiguel.com\\\/es\\\/ocio\\\/futbol\\\/malaga-cf\\\/#primaryimage\"},\"image\":{\"@id\":\"https:\\\/\\\/www.sanmiguel.com\\\/es\\\/ocio\\\/futbol\\\/malaga-cf\\\/#primaryimage\"},\"thumbnailUrl\":\"https:\\\/\\\/www.sanmiguel.com\\\/es\\\/wp-content\\\/uploads\\\/sites\\\/2\\\/2021\\\/01\\\/hero-malaga.png\",\"datePublished\":\"2021-01-12T17:22:51+00:00\",\"dateModified\":\"2024-09-03T11:38:17+00:00\",\"description\":\"Hace m\u00e1s de 50 a\u00f1os que el viaje de San Miguel se detuvo en M\u00e1laga, uno de esos destinos que marca para siempre.\",\"breadcrumb\":{\"@id\":\"https:\\\/\\\/www.sanmiguel.com\\\/es\\\/ocio\\\/futbol\\\/malaga-cf\\\/#breadcrumb\"},\"inLanguage\":\"es\",\"potentialAction\":[{\"@type\":\"ReadAction\",\"target\":[\"https:\\\/\\\/www.sanmiguel.com\\\/es\\\/ocio\\\/futbol\\\/malaga-cf\\\/\"]}]},{\"@type\":\"ImageObject\",\"inLanguage\":\"es\",\"@id\":\"https:\\\/\\\/www.sanmiguel.com\\\/es\\\/ocio\\\/futbol\\\/malaga-cf\\\/#primaryimage\",\"url\":\"https:\\\/\\\/www.sanmiguel.com\\\/es\\\/wp-content\\\/uploads\\\/sites\\\/2\\\/2021\\\/01\\\/hero-malaga.png\",\"contentUrl\":\"https:\\\/\\\/www.sanmiguel.com\\\/es\\\/wp-content\\\/uploads\\\/sites\\\/2\\\/2021\\\/01\\\/hero-malaga.png\",\"width\":1178,\"height\":584},{\"@type\":\"BreadcrumbList\",\"@id\":\"https:\\\/\\\/www.sanmiguel.com\\\/es\\\/ocio\\\/futbol\\\/malaga-cf\\\/#breadcrumb\",\"itemListElement\":[{\"@type\":\"ListItem\",\"position\":1,\"name\":\"Portada\",\"item\":\"https:\\\/\\\/www.sanmiguel.com\\\/es\\\/\"},{\"@type\":\"ListItem\",\"position\":2,\"name\":\"Ocio\",\"item\":\"https:\\\/\\\/www.sanmiguel.com\\\/es\\\/ocio\\\/\"},{\"@type\":\"ListItem\",\"position\":3,\"name\":\"Ocio F\u00fatbol\",\"item\":\"https:\\\/\\\/www.sanmiguel.com\\\/es\\\/ocio\\\/futbol\\\/\"},{\"@type\":\"ListItem\",\"position\":4,\"name\":\"M\u00e1laga Club de F\u00fatbol\"}]},{\"@type\":\"WebSite\",\"@id\":\"https:\\\/\\\/www.sanmiguel.com\\\/es\\\/#website\",\"url\":\"https:\\\/\\\/www.sanmiguel.com\\\/es\\\/\",\"name\":\"Cervezas San Miguel | ES\",\"description\":\"Bienvenidos Cerveceros Inquietos\",\"publisher\":{\"@id\":\"https:\\\/\\\/www.sanmiguel.com\\\/es\\\/#organization\"},\"potentialAction\":[{\"@type\":\"SearchAction\",\"target\":{\"@type\":\"EntryPoint\",\"urlTemplate\":\"https:\\\/\\\/www.sanmiguel.com\\\/es\\\/?s={search_term_string}\"},\"query-input\":{\"@type\":\"PropertyValueSpecification\",\"valueRequired\":true,\"valueName\":\"search_term_string\"}}],\"inLanguage\":\"es\"},{\"@type\":\"Organization\",\"@id\":\"https:\\\/\\\/www.sanmiguel.com\\\/es\\\/#organization\",\"name\":\"Cervezas San Miguel\",\"url\":\"https:\\\/\\\/www.sanmiguel.com\\\/es\\\/\",\"logo\":{\"@type\":\"ImageObject\",\"inLanguage\":\"es\",\"@id\":\"https:\\\/\\\/www.sanmiguel.com\\\/es\\\/#\\\/schema\\\/logo\\\/image\\\/\",\"url\":\"https:\\\/\\\/www.sanmiguel.com\\\/es\\\/wp-content\\\/uploads\\\/sites\\\/2\\\/2022\\\/06\\\/cervezas-san-miguel-logo.jpg\",\"contentUrl\":\"https:\\\/\\\/www.sanmiguel.com\\\/es\\\/wp-content\\\/uploads\\\/sites\\\/2\\\/2022\\\/06\\\/cervezas-san-miguel-logo.jpg\",\"width\":400,\"height\":400,\"caption\":\"Cervezas San Miguel\"},\"image\":{\"@id\":\"https:\\\/\\\/www.sanmiguel.com\\\/es\\\/#\\\/schema\\\/logo\\\/image\\\/\"}}]}<\/script>\n<!-- \/ Yoast SEO plugin. -->","yoast_head_json":{"title":"M\u00e1laga CF y San Miguel | Cervezas San Miguel | ES","description":"Hace m\u00e1s de 50 a\u00f1os que el viaje de San Miguel se detuvo en M\u00e1laga, uno de esos destinos que marca para siempre.","robots":{"index":"index","follow":"follow","max-snippet":"max-snippet:-1","max-image-preview":"max-image-preview:large","max-video-preview":"max-video-preview:-1"},"canonical":"https:\/\/www.sanmiguel.com\/es\/ocio\/futbol\/malaga-cf\/","og_locale":"es_ES","og_type":"article","og_title":"M\u00e1laga CF y San Miguel | Cervezas San Miguel | ES","og_description":"Hace m\u00e1s de 50 a\u00f1os que el viaje de San Miguel se detuvo en M\u00e1laga, uno de esos destinos que marca para siempre.","og_url":"https:\/\/www.sanmiguel.com\/es\/ocio\/futbol\/malaga-cf\/","og_site_name":"Cervezas San Miguel | ES","article_modified_time":"2024-09-03T11:38:17+00:00","og_image":[{"width":1178,"height":584,"url":"https:\/\/www.sanmiguel.com\/es\/wp-content\/uploads\/sites\/2\/2021\/01\/hero-malaga.png","type":"image\/png"}],"twitter_card":"summary_large_image","twitter_misc":{"Tiempo de lectura":"1 minuto"},"schema":{"@context":"https:\/\/schema.org","@graph":[{"@type":"WebPage","@id":"https:\/\/www.sanmiguel.com\/es\/ocio\/futbol\/malaga-cf\/","url":"https:\/\/www.sanmiguel.com\/es\/ocio\/futbol\/malaga-cf\/","name":"M\u00e1laga CF y San Miguel | Cervezas San Miguel | ES","isPartOf":{"@id":"https:\/\/www.sanmiguel.com\/es\/#website"},"primaryImageOfPage":{"@id":"https:\/\/www.sanmiguel.com\/es\/ocio\/futbol\/malaga-cf\/#primaryimage"},"image":{"@id":"https:\/\/www.sanmiguel.com\/es\/ocio\/futbol\/malaga-cf\/#primaryimage"},"thumbnailUrl":"https:\/\/www.sanmiguel.com\/es\/wp-content\/uploads\/sites\/2\/2021\/01\/hero-malaga.png","datePublished":"2021-01-12T17:22:51+00:00","dateModified":"2024-09-03T11:38:17+00:00","description":"Hace m\u00e1s de 50 a\u00f1os que el viaje de San Miguel se detuvo en M\u00e1laga, uno de esos destinos que marca para siempre.","breadcrumb":{"@id":"https:\/\/www.sanmiguel.com\/es\/ocio\/futbol\/malaga-cf\/#breadcrumb"},"inLanguage":"es","potentialAction":[{"@type":"ReadAction","target":["https:\/\/www.sanmiguel.com\/es\/ocio\/futbol\/malaga-cf\/"]}]},{"@type":"ImageObject","inLanguage":"es","@id":"https:\/\/www.sanmiguel.com\/es\/ocio\/futbol\/malaga-cf\/#primaryimage","url":"https:\/\/www.sanmiguel.com\/es\/wp-content\/uploads\/sites\/2\/2021\/01\/hero-malaga.png","contentUrl":"https:\/\/www.sanmiguel.com\/es\/wp-content\/uploads\/sites\/2\/2021\/01\/hero-malaga.png","width":1178,"height":584},{"@type":"BreadcrumbList","@id":"https:\/\/www.sanmiguel.com\/es\/ocio\/futbol\/malaga-cf\/#breadcrumb","itemListElement":[{"@type":"ListItem","position":1,"name":"Portada","item":"https:\/\/www.sanmiguel.com\/es\/"},{"@type":"ListItem","position":2,"name":"Ocio","item":"https:\/\/www.sanmiguel.com\/es\/ocio\/"},{"@type":"ListItem","position":3,"name":"Ocio F\u00fatbol","item":"https:\/\/www.sanmiguel.com\/es\/ocio\/futbol\/"},{"@type":"ListItem","position":4,"name":"M\u00e1laga Club de F\u00fatbol"}]},{"@type":"WebSite","@id":"https:\/\/www.sanmiguel.com\/es\/#website","url":"https:\/\/www.sanmiguel.com\/es\/","name":"Cervezas San Miguel | ES","description":"Bienvenidos Cerveceros Inquietos","publisher":{"@id":"https:\/\/www.sanmiguel.com\/es\/#organization"},"potentialAction":[{"@type":"SearchAction","target":{"@type":"EntryPoint","urlTemplate":"https:\/\/www.sanmiguel.com\/es\/?s={search_term_string}"},"query-input":{"@type":"PropertyValueSpecification","valueRequired":true,"valueName":"search_term_string"}}],"inLanguage":"es"},{"@type":"Organization","@id":"https:\/\/www.sanmiguel.com\/es\/#organization","name":"Cervezas San Miguel","url":"https:\/\/www.sanmiguel.com\/es\/","logo":{"@type":"ImageObject","inLanguage":"es","@id":"https:\/\/www.sanmiguel.com\/es\/#\/schema\/logo\/image\/","url":"https:\/\/www.sanmiguel.com\/es\/wp-content\/uploads\/sites\/2\/2022\/06\/cervezas-san-miguel-logo.jpg","contentUrl":"https:\/\/www.sanmiguel.com\/es\/wp-content\/uploads\/sites\/2\/2022\/06\/cervezas-san-miguel-logo.jpg","width":400,"height":400,"caption":"Cervezas San Miguel"},"image":{"@id":"https:\/\/www.sanmiguel.com\/es\/#\/schema\/logo\/image\/"}}]}},"_links":{"self":[{"href":"https:\/\/www.sanmiguel.com\/es\/wp-json\/wp\/v2\/pages\/912","targetHints":{"allow":["GET"]}}],"collection":[{"href":"https:\/\/www.sanmiguel.com\/es\/wp-json\/wp\/v2\/pages"}],"about":[{"href":"https:\/\/www.sanmiguel.com\/es\/wp-json\/wp\/v2\/types\/page"}],"author":[{"embeddable":true,"href":"https:\/\/www.sanmiguel.com\/es\/wp-json\/wp\/v2\/users\/1"}],"replies":[{"embeddable":true,"href":"https:\/\/www.sanmiguel.com\/es\/wp-json\/wp\/v2\/comments?post=912"}],"version-history":[{"count":57,"href":"https:\/\/www.sanmiguel.com\/es\/wp-json\/wp\/v2\/pages\/912\/revisions"}],"predecessor-version":[{"id":22334,"href":"https:\/\/www.sanmiguel.com\/es\/wp-json\/wp\/v2\/pages\/912\/revisions\/22334"}],"up":[{"embeddable":true,"href":"https:\/\/www.sanmiguel.com\/es\/wp-json\/wp\/v2\/pages\/483"}],"wp:featuredmedia":[{"embeddable":true,"href":"https:\/\/www.sanmiguel.com\/es\/wp-json\/wp\/v2\/media\/921"}],"wp:attachment":[{"href":"https:\/\/www.sanmiguel.com\/es\/wp-json\/wp\/v2\/media?parent=912"}],"curies":[{"name":"wp","href":"https:\/\/api.w.org\/{rel}","templated":true}]}}