{"id":8658,"date":"2022-06-21T09:34:51","date_gmt":"2022-06-21T09:34:51","guid":{"rendered":"https:\/\/www.sanmiguel.com\/es\/?page_id=8658"},"modified":"2024-09-02T15:19:50","modified_gmt":"2024-09-02T15:19:50","slug":"osasuna","status":"publish","type":"page","link":"https:\/\/www.sanmiguel.com\/es\/ocio\/futbol\/osasuna\/","title":{"rendered":"Club Atl\u00e9tico Osasuna"},"content":{"rendered":"\n  <style>.row.hero-slide-unique {min-height: 80vh;}@media(max-width:578px) {.row.hero-slide-unique {min-height:0;}}<\/style>\n  <div id=\"hero\" class=\"a container-fluid p-0 viewplay \">\n    <div class=\"row no-gutters \">\n      <div class=\"hero-swiper-container swiper-container\">\n        <div class=\"swiper-wrapper\">\n                                  <div class=\"swiper-slide hero-slide style1\">\n                                                <div class=\"hero--img-wrapper imagen1 \">\n                                        <img alt=\"Club Atl\u00e9tico Osasuna, lo nuestro tiene historia\" data-fetch=\"1\" class=\"hero--img\" srcset=\"https:\/\/www.sanmiguel.com\/es\/wp-content\/uploads\/sites\/2\/2022\/08\/hero_osasuna_RAIN-412x0-c-default.webp 412w,https:\/\/www.sanmiguel.com\/es\/wp-content\/uploads\/sites\/2\/2022\/08\/hero_osasuna_RAIN-751x0-c-default.webp 751w,https:\/\/www.sanmiguel.com\/es\/wp-content\/uploads\/sites\/2\/2022\/08\/hero_osasuna_RAIN-1536x0-c-default.webp 1536w,https:\/\/www.sanmiguel.com\/es\/wp-content\/uploads\/sites\/2\/2022\/08\/hero_osasuna_RAIN-1920x0-c-default.webp 1920w\" sizes=\"(max-width: 500px) 412px, (min-width: 501px) and (max-width: 1366px) 751px, (min-width: 1367px) 1367px\" src=\"https:\/\/www.sanmiguel.com\/es\/wp-content\/uploads\/sites\/2\/2022\/08\/hero_osasuna_RAIN-1536x0-c-default.webp\" fetchpriority=\"high\" \/>\n                                                                                                  <\/div>\n                                            <div class=\"hero--contenido  verde_claro\"  >\n                \n                                                                            <h2 class=\"hero--hastag\">San Miguel y C.A. Osasuna <\/h2>\n                                                      \n\n                                                                                                                          <h1 class=\"hero--titulo\" >Club Atl\u00e9tico Osasuna, lo nuestro tiene historia<\/h1>\n                                                                            \n                                  <div class=\"hero--texto\"><p>Hace cien a\u00f1os un grupo de pamploneses se uni\u00f3 para impedir que el f\u00fatbol desapareciera de este lugar. Porque el fr\u00edo nunca ha sido excusa para abandonar el viaje, Cervezas San Miguel siempre ha querido acompa\u00f1aros. Porque en lugar de estrellas preferimos tocar tierra. <\/p>\n<\/div>\n                \n                \n                <div class=\"hero-buttons\">\n                                                <\/div>\n              <\/div>\n              <style>\n                @media screen and (max-width: 375px) {\n                    .boton2 {\n                       margin-top: 20px;\n                    }\n                }\n                @media screen and (width: 360px) {\n                    .boton2 {\n                       margin-top: 0px;\n                    }\n                }\n                @media screen and (min-width: 769px) and (max-width: 1340px) {\n                    .boton2 {\n                      margin-top: 20px;\n                    }\n                }\n              <\/style>\n                                                              \n                          <\/div>\n                  <\/div>\n        <div class=\"hero-pagination\"><\/div>\n        <div class=\"hero-prev swiper-button-prev\" aria-disabled=\"true\"><\/div>\n        <div class=\"hero-next swiper-button-next\" aria-disabled=\"true\"><\/div>\n      <\/div>\n    <\/div>\n  <\/div>\n<link rel=\"stylesheet\" href=\"\/wp-content\/themes\/sm2020\/assets\/js\/fancybox\/jquery.fancybox.min.css\" type=\"text\/css\" media=\"screen\">\n<script type=\"text\/javascript\" src=\"\/wp-content\/themes\/sm2020\/assets\/js\/fancybox\/jquery.fancybox.min.js\"><\/script>\n\n\n\r\n<div id=\"home-bloque-2\" class=\"container-fluid p-0 \">\n            <div class=\"row no-gutters\">\n            <div class=\"home-bloque-2--titulo col-xl-12  col-md-12\tcol-lg-12 col-sm-12 \">\n                <h2 class=\"titulo\">Descubre todo sobre el club<\/h2>\n            <\/div>\n        <\/div>\n            <div class=\"row no-gutters\">\n        <div class=\"home-bloque-2--contenido col-xl-12  col-md-12\tcol-lg-12 col-sm-12\">\n            <div class=\"home-bloque-2--swiper-container swiper-container\">\n                <div class=\"swiper-wrapper\">\n                                            <div class=\"swiper-slide marron-claro\">\n                            <div class=\"home-bloque-2--tarjeta h-100 marron-claro\">\n                                                                    <img class=\"d-block home-bloque-2--tarjeta-img\" src=\"https:\/\/www.sanmiguel.com\/es\/wp-content\/uploads\/sites\/2\/2021\/01\/pelota-1.png\" alt=\"Experiencias en El Sadar\">\n                                    <h3 class=\"home-bloque-2--tarjeta-titulo\">\n\n                                                                                                                                    <a href=\"https:\/\/www.sanmiguel.com\/es\/ocio\/futbol\/osasuna\/experiencias-el-sadar\/\" title=\"Experiencias en El Sadar\">\n                                                                                                                            Experiencias en El Sadar\n                                        <\/a>                                    <\/h3>\n                                                                        <p class=\"home-bloque-2--tarjeta-texto\">Disfruta de eventos exclusivos en el estadio del Club Atl\u00e9tico Osasuna. \u00a1Solo para aut\u00e9nticos fans! <\/p>\n                                                                                                                                                                                                                                                    <\/div>\n                        <\/div>\n                                    <\/div>\n                <div class=\"bloque-2-prev swiper-button-prev\"><\/div>\n                <div class=\"bloque-2-next swiper-button-next\"><\/div>\n            <\/div>\n        <\/div>\n    <\/div>\n<\/div>\n\n\n\r\n  <div class=\"bloque-titulo color_fondo_verde \">\n    <div class=\"container-fluid p-0 \">\n      <div class=\"row no-gutters\">\n        <div class=\"bloque-titulo-seccion\">\n          <h2 class=\"titulo\">Promociones<\/h2>\n        <\/div>\n      <\/div>\n    <\/div>\n  <\/div>\n\n\n<div class=\"container-fluid p-0 promociones \">\n    <div class=\"row no-gutters\">\n        <div class=\"promociones-swiper-container swiper-container\">\n            <div class=\"swiper-wrapper---\">\n                                    <div class=\"swiper-slide promociones-slide\">\n                                                    <div class=\"promociones--img-wrapper\">\n                                <img class=\"promociones--img\" alt=\"Cervezas San Miguel te invita a ver a tu CA Osasuna en El Sadar esta temporada\" srcset=\"https:\/\/www.sanmiguel.com\/es\/wp-content\/uploads\/sites\/2\/2024\/09\/SM_SADAR_1VUELTA-412x0-c-default.webp 412w,https:\/\/www.sanmiguel.com\/es\/wp-content\/uploads\/sites\/2\/2024\/09\/SM_SADAR_1VUELTA-820x546-c-default.webp 751w,https:\/\/www.sanmiguel.com\/es\/wp-content\/uploads\/sites\/2\/2024\/09\/SM_SADAR_1VUELTA-600x335-c-default.webp 1367w\" sizes=\"(max-width: 500px) 412px, (min-width: 501px) and (max-width: 1366px) 751px, (min-width: 1367px) 1367px\" src=\"https:\/\/www.sanmiguel.com\/es\/wp-content\/uploads\/sites\/2\/2024\/09\/SM_SADAR_1VUELTA-1152x550-c-default.webp\" loading=\"lazy\" \/>\n                            <\/div>\n                                                <div class=\"promociones--contenido  \" style=\"order:1;\">\n                                                            <p class=\"promociones--sobretitulo\">Por los que se atreven a animar a todo pulm\u00f3n en El Sadar<\/p>\n                                                        <p class=\"promociones--titulo\">Cervezas San Miguel te invita a ver a tu CA Osasuna en El Sadar esta temporada<\/p>\n                                                            <p  class=\"promociones--texto\">Atreverse es algo reservado a los valientes de esp\u00edritu, una cualidad innata que empuja a superar tus l\u00edmites. Si t\u00fa tambi\u00e9n te atreves con todo participa en el sorteo de entradas para ver a tu @caosasuna en El Sadar durante esta temporada.<\/p>\n                                                                                                                            <a href=\"https:\/\/www.instagram.com\/p\/CxEMCSCA1mx\/#advertiser\" class=\"btn promociones--btn\" title=\"Participar\">Participar<span class=\"icono icon-flecha_btn\"><\/span><\/a>\n                                                                                                                        <\/div>\n                                            <\/div>\n                            <\/div>\n            <div class=\"swiper-pagination\"><\/div>\n        <\/div>\n    <\/div>  \n<\/div> \n\n\n\n<style>\n.bloque-titulo, .promociones { display: none; }\n<\/style>\n","protected":false},"excerpt":{"rendered":"","protected":false},"author":1,"featured_media":0,"parent":483,"menu_order":0,"comment_status":"closed","ping_status":"closed","template":"","meta":[],"acf":[],"yoast_head":"<!-- This site is optimized with the Yoast SEO plugin v19.12 - https:\/\/yoast.com\/wordpress\/plugins\/seo\/ -->\n<title>Club Atl\u00e9tico Osasuna | Cervezas San Miguel | ES<\/title>\n<meta name=\"description\" content=\"Descubre la historia del Club Atl\u00e9tico Osasuna y su pasi\u00f3n inquebrantable. Sum\u00e9rgete en lo nuestro y conoce m\u00e1s sobre este club emblem\u00e1tico.\" \/>\n<meta name=\"robots\" content=\"index, follow, max-snippet:-1, max-image-preview:large, max-video-preview:-1\" \/>\n<link rel=\"canonical\" href=\"https:\/\/www.sanmiguel.com\/es\/ocio\/futbol\/osasuna\/\" \/>\n<meta property=\"og:locale\" content=\"es_ES\" \/>\n<meta property=\"og:type\" content=\"article\" \/>\n<meta property=\"og:title\" content=\"Club Atl\u00e9tico Osasuna | Cervezas San Miguel | ES\" \/>\n<meta property=\"og:description\" content=\"Descubre la historia del Club Atl\u00e9tico Osasuna y su pasi\u00f3n inquebrantable. Sum\u00e9rgete en lo nuestro y conoce m\u00e1s sobre este club emblem\u00e1tico.\" \/>\n<meta property=\"og:url\" content=\"https:\/\/www.sanmiguel.com\/es\/ocio\/futbol\/osasuna\/\" \/>\n<meta property=\"og:site_name\" content=\"Cervezas San Miguel | ES\" \/>\n<meta property=\"article:modified_time\" content=\"2024-09-02T15:19:50+00:00\" \/>\n<meta name=\"twitter:card\" content=\"summary_large_image\" \/>\n<meta name=\"twitter:label1\" content=\"Tiempo de lectura\" \/>\n\t<meta name=\"twitter:data1\" content=\"1 minuto\" \/>\n<script type=\"application\/ld+json\" class=\"yoast-schema-graph\">{\"@context\":\"https:\/\/schema.org\",\"@graph\":[{\"@type\":\"WebPage\",\"@id\":\"https:\/\/www.sanmiguel.com\/es\/ocio\/futbol\/osasuna\/\",\"url\":\"https:\/\/www.sanmiguel.com\/es\/ocio\/futbol\/osasuna\/\",\"name\":\"Club Atl\u00e9tico Osasuna | Cervezas San Miguel | ES\",\"isPartOf\":{\"@id\":\"https:\/\/www.sanmiguel.com\/es\/#website\"},\"datePublished\":\"2022-06-21T09:34:51+00:00\",\"dateModified\":\"2024-09-02T15:19:50+00:00\",\"description\":\"Descubre la historia del Club Atl\u00e9tico Osasuna y su pasi\u00f3n inquebrantable. Sum\u00e9rgete en lo nuestro y conoce m\u00e1s sobre este club emblem\u00e1tico.\",\"breadcrumb\":{\"@id\":\"https:\/\/www.sanmiguel.com\/es\/ocio\/futbol\/osasuna\/#breadcrumb\"},\"inLanguage\":\"es\",\"potentialAction\":[{\"@type\":\"ReadAction\",\"target\":[\"https:\/\/www.sanmiguel.com\/es\/ocio\/futbol\/osasuna\/\"]}]},{\"@type\":\"BreadcrumbList\",\"@id\":\"https:\/\/www.sanmiguel.com\/es\/ocio\/futbol\/osasuna\/#breadcrumb\",\"itemListElement\":[{\"@type\":\"ListItem\",\"position\":1,\"name\":\"Portada\",\"item\":\"https:\/\/www.sanmiguel.com\/es\/\"},{\"@type\":\"ListItem\",\"position\":2,\"name\":\"Ocio\",\"item\":\"https:\/\/www.sanmiguel.com\/es\/ocio\/\"},{\"@type\":\"ListItem\",\"position\":3,\"name\":\"Ocio F\u00fatbol\",\"item\":\"https:\/\/www.sanmiguel.com\/es\/ocio\/futbol\/\"},{\"@type\":\"ListItem\",\"position\":4,\"name\":\"Club Atl\u00e9tico Osasuna\"}]},{\"@type\":\"WebSite\",\"@id\":\"https:\/\/www.sanmiguel.com\/es\/#website\",\"url\":\"https:\/\/www.sanmiguel.com\/es\/\",\"name\":\"Cervezas San Miguel | ES\",\"description\":\"Bienvenidos Cerveceros Inquietos\",\"publisher\":{\"@id\":\"https:\/\/www.sanmiguel.com\/es\/#organization\"},\"potentialAction\":[{\"@type\":\"SearchAction\",\"target\":{\"@type\":\"EntryPoint\",\"urlTemplate\":\"https:\/\/www.sanmiguel.com\/es\/?s={search_term_string}\"},\"query-input\":\"required name=search_term_string\"}],\"inLanguage\":\"es\"},{\"@type\":\"Organization\",\"@id\":\"https:\/\/www.sanmiguel.com\/es\/#organization\",\"name\":\"Cervezas San Miguel\",\"url\":\"https:\/\/www.sanmiguel.com\/es\/\",\"logo\":{\"@type\":\"ImageObject\",\"inLanguage\":\"es\",\"@id\":\"https:\/\/www.sanmiguel.com\/es\/#\/schema\/logo\/image\/\",\"url\":\"https:\/\/www.sanmiguel.com\/es\/wp-content\/uploads\/sites\/2\/2022\/06\/cervezas-san-miguel-logo.jpg\",\"contentUrl\":\"https:\/\/www.sanmiguel.com\/es\/wp-content\/uploads\/sites\/2\/2022\/06\/cervezas-san-miguel-logo.jpg\",\"width\":400,\"height\":400,\"caption\":\"Cervezas San Miguel\"},\"image\":{\"@id\":\"https:\/\/www.sanmiguel.com\/es\/#\/schema\/logo\/image\/\"}}]}<\/script>\n<!-- \/ Yoast SEO plugin. -->","yoast_head_json":{"title":"Club Atl\u00e9tico Osasuna | Cervezas San Miguel | ES","description":"Descubre la historia del Club Atl\u00e9tico Osasuna y su pasi\u00f3n inquebrantable. Sum\u00e9rgete en lo nuestro y conoce m\u00e1s sobre este club emblem\u00e1tico.","robots":{"index":"index","follow":"follow","max-snippet":"max-snippet:-1","max-image-preview":"max-image-preview:large","max-video-preview":"max-video-preview:-1"},"canonical":"https:\/\/www.sanmiguel.com\/es\/ocio\/futbol\/osasuna\/","og_locale":"es_ES","og_type":"article","og_title":"Club Atl\u00e9tico Osasuna | Cervezas San Miguel | ES","og_description":"Descubre la historia del Club Atl\u00e9tico Osasuna y su pasi\u00f3n inquebrantable. Sum\u00e9rgete en lo nuestro y conoce m\u00e1s sobre este club emblem\u00e1tico.","og_url":"https:\/\/www.sanmiguel.com\/es\/ocio\/futbol\/osasuna\/","og_site_name":"Cervezas San Miguel | ES","article_modified_time":"2024-09-02T15:19:50+00:00","twitter_card":"summary_large_image","twitter_misc":{"Tiempo de lectura":"1 minuto"},"schema":{"@context":"https:\/\/schema.org","@graph":[{"@type":"WebPage","@id":"https:\/\/www.sanmiguel.com\/es\/ocio\/futbol\/osasuna\/","url":"https:\/\/www.sanmiguel.com\/es\/ocio\/futbol\/osasuna\/","name":"Club Atl\u00e9tico Osasuna | Cervezas San Miguel | ES","isPartOf":{"@id":"https:\/\/www.sanmiguel.com\/es\/#website"},"datePublished":"2022-06-21T09:34:51+00:00","dateModified":"2024-09-02T15:19:50+00:00","description":"Descubre la historia del Club Atl\u00e9tico Osasuna y su pasi\u00f3n inquebrantable. Sum\u00e9rgete en lo nuestro y conoce m\u00e1s sobre este club emblem\u00e1tico.","breadcrumb":{"@id":"https:\/\/www.sanmiguel.com\/es\/ocio\/futbol\/osasuna\/#breadcrumb"},"inLanguage":"es","potentialAction":[{"@type":"ReadAction","target":["https:\/\/www.sanmiguel.com\/es\/ocio\/futbol\/osasuna\/"]}]},{"@type":"BreadcrumbList","@id":"https:\/\/www.sanmiguel.com\/es\/ocio\/futbol\/osasuna\/#breadcrumb","itemListElement":[{"@type":"ListItem","position":1,"name":"Portada","item":"https:\/\/www.sanmiguel.com\/es\/"},{"@type":"ListItem","position":2,"name":"Ocio","item":"https:\/\/www.sanmiguel.com\/es\/ocio\/"},{"@type":"ListItem","position":3,"name":"Ocio F\u00fatbol","item":"https:\/\/www.sanmiguel.com\/es\/ocio\/futbol\/"},{"@type":"ListItem","position":4,"name":"Club Atl\u00e9tico Osasuna"}]},{"@type":"WebSite","@id":"https:\/\/www.sanmiguel.com\/es\/#website","url":"https:\/\/www.sanmiguel.com\/es\/","name":"Cervezas San Miguel | ES","description":"Bienvenidos Cerveceros Inquietos","publisher":{"@id":"https:\/\/www.sanmiguel.com\/es\/#organization"},"potentialAction":[{"@type":"SearchAction","target":{"@type":"EntryPoint","urlTemplate":"https:\/\/www.sanmiguel.com\/es\/?s={search_term_string}"},"query-input":"required name=search_term_string"}],"inLanguage":"es"},{"@type":"Organization","@id":"https:\/\/www.sanmiguel.com\/es\/#organization","name":"Cervezas San Miguel","url":"https:\/\/www.sanmiguel.com\/es\/","logo":{"@type":"ImageObject","inLanguage":"es","@id":"https:\/\/www.sanmiguel.com\/es\/#\/schema\/logo\/image\/","url":"https:\/\/www.sanmiguel.com\/es\/wp-content\/uploads\/sites\/2\/2022\/06\/cervezas-san-miguel-logo.jpg","contentUrl":"https:\/\/www.sanmiguel.com\/es\/wp-content\/uploads\/sites\/2\/2022\/06\/cervezas-san-miguel-logo.jpg","width":400,"height":400,"caption":"Cervezas San Miguel"},"image":{"@id":"https:\/\/www.sanmiguel.com\/es\/#\/schema\/logo\/image\/"}}]}},"_links":{"self":[{"href":"https:\/\/www.sanmiguel.com\/es\/wp-json\/wp\/v2\/pages\/8658"}],"collection":[{"href":"https:\/\/www.sanmiguel.com\/es\/wp-json\/wp\/v2\/pages"}],"about":[{"href":"https:\/\/www.sanmiguel.com\/es\/wp-json\/wp\/v2\/types\/page"}],"author":[{"embeddable":true,"href":"https:\/\/www.sanmiguel.com\/es\/wp-json\/wp\/v2\/users\/1"}],"replies":[{"embeddable":true,"href":"https:\/\/www.sanmiguel.com\/es\/wp-json\/wp\/v2\/comments?post=8658"}],"version-history":[{"count":122,"href":"https:\/\/www.sanmiguel.com\/es\/wp-json\/wp\/v2\/pages\/8658\/revisions"}],"predecessor-version":[{"id":22331,"href":"https:\/\/www.sanmiguel.com\/es\/wp-json\/wp\/v2\/pages\/8658\/revisions\/22331"}],"up":[{"embeddable":true,"href":"https:\/\/www.sanmiguel.com\/es\/wp-json\/wp\/v2\/pages\/483"}],"wp:attachment":[{"href":"https:\/\/www.sanmiguel.com\/es\/wp-json\/wp\/v2\/media?parent=8658"}],"curies":[{"name":"wp","href":"https:\/\/api.w.org\/{rel}","templated":true}]}}