{"id":483,"date":"2020-11-24T08:57:19","date_gmt":"2020-11-24T08:57:19","guid":{"rendered":"http:\/\/www.sanmiguel.com\/es\/?page_id=483"},"modified":"2026-03-16T10:09:27","modified_gmt":"2026-03-16T10:09:27","slug":"futbol","status":"publish","type":"page","link":"https:\/\/www.sanmiguel.com\/es\/ocio\/futbol\/","title":{"rendered":"Ocio F\u00fatbol"},"content":{"rendered":"\r\n\t<div id=\"bloque-dng\" class=\"container-fluid p-0\">\n\t\t\t\t\t<div class=\"row no-gutters\">\n\t\t\t\t<div class=\"bloque-dng--titulo col-xl-12  col-md-12\tcol-lg-12 col-sm-12 \">\n\t\t\t\t\t<p class=\"titulo\">Para acompa\u00f1ar los partidos<\/p>\n\t\t\t\t<\/div>\n\t\t\t<\/div>\n\t\t\t\t<div class=\"row no-gutters\">\n\t\t\t<div class=\"bloque-dng--contenido add swiper-container\">\n\t\t\t\t<div class=\"swiper-wrapper\">\n\t\t\t\t\t\t\t\t\t\t\t\t\t\t\t\t\t\n\t\t\t\t\t\t\t\t\t\t\t\t\t<div class=\"bloque-dng--cerveza swiper-slide opened \" style=\"background-image: url(https:\/\/www.sanmiguel.com\/es\/wp-content\/uploads\/sites\/2\/2024\/03\/2000X1334-agegate-1000x0-c-default.webp)\">\n\t\t\t\t\t\t\t\t<div class=\"bloque-dng--botella\" style=\"background-color: #0a0a0a\">\n\t\t\t\t\t\t\t\t\t<img decoding=\"async\" srcset=\"https:\/\/www.sanmiguel.com\/es\/wp-content\/uploads\/sites\/2\/2024\/03\/HEADER-MAGNA-160x368-c-default.webp 412w,https:\/\/www.sanmiguel.com\/es\/wp-content\/uploads\/sites\/2\/2024\/03\/HEADER-MAGNA-228x523-c-default.webp 1366w,https:\/\/www.sanmiguel.com\/es\/wp-content\/uploads\/sites\/2\/2024\/03\/HEADER-MAGNA-319x733-c-default.webp 1367w\" sizes=\"(max-width: 500px) 412px, (min-width: 501px) and (max-width: 1366px) 751px, (min-width: 1367px) 1367px\" src=\"https:\/\/www.sanmiguel.com\/es\/wp-content\/uploads\/sites\/2\/2024\/03\/HEADER-MAGNA-228x523-c-default.webp\" class=\"bloque-dng--botella-img img-fluid mx-0\" alt=\"as\" loading=\"lazy\" \/>\n\t\t\t\t\t\t\t\t\t\t\t\t\t\t\t\t\t<\/div>\n\t\t\t\t\t\t\t\t<div class=\"bloque-dng--informacion-wrapper\">\n\t\t\t\t\t\t\t\t\t<div class=\"bloque-dng--informacion claro\">\n\t\t\t\t\t\t\t\t\t\t\t\t\t\t\t\t\t\t\t\t\t<p class=\"bloque-dng--informacion-titulo\">as<\/p>\n\t\t\t\t\t\t\t\t\t\t\t\t\t\t\t\t\t\t\t\t\t\t\t\t\t\t\t\t\t\t\t<p class=\"bloque-dng--informacion-texto\">as<\/p>\n\t\t\t\t\t\t\t\t\t\t\t\t\t\t\t\t\t\t\t\t\t\t\t\t\t\t\t\t\t\t<a href=\"https:\/\/www.sanmiguel.com\/es\/ocio\/nieve\/yetis\/ana-brito\/\" class=\"a bloque-dng--informacion-btn btn btn-claro\" title=\"as\">as<span class=\"icono icon-flecha_btn\"><\/span>\n\t\t\t\t\t\t\t\t\t\t<\/a>\n\t\t\t\t\t\t\t\t\t\t\t\t\t\t\t\t\t\t\t<\/div>\n\t\t\t\t\t\t\t\t<\/div>\n\t\t\t\t\t\t\t<\/div>\n\t\t\t\t\t\t\t\t\t\t\t\t\t\t\t\t\t\t\t\t\t\t\t\n\t\t\t\t\t\t\t\t\t\t\t\t\t<div class=\"bloque-dng--cerveza swiper-slide  \" style=\"background-image: url(https:\/\/www.sanmiguel.com\/es\/wp-content\/uploads\/sites\/2\/2021\/01\/HEADER-MAGNA-1000x0-c-default.webp)\">\n\t\t\t\t\t\t\t\t<div class=\"bloque-dng--botella\" style=\"background-color: #1c1c1c\">\n\t\t\t\t\t\t\t\t\t<img decoding=\"async\" srcset=\"https:\/\/www.sanmiguel.com\/es\/wp-content\/uploads\/sites\/2\/2024\/02\/104-160x368-c-default.webp 412w,https:\/\/www.sanmiguel.com\/es\/wp-content\/uploads\/sites\/2\/2024\/02\/104-228x523-c-default.webp 1366w,https:\/\/www.sanmiguel.com\/es\/wp-content\/uploads\/sites\/2\/2024\/02\/104-319x733-c-default.webp 1367w\" sizes=\"(max-width: 500px) 412px, (min-width: 501px) and (max-width: 1366px) 751px, (min-width: 1367px) 1367px\" src=\"https:\/\/www.sanmiguel.com\/es\/wp-content\/uploads\/sites\/2\/2024\/02\/104-228x523-c-default.webp\" class=\"bloque-dng--botella-img img-fluid mx-0\" alt=\"as\" loading=\"lazy\" \/>\n\t\t\t\t\t\t\t\t\t\t\t\t\t\t\t\t\t<\/div>\n\t\t\t\t\t\t\t\t<div class=\"bloque-dng--informacion-wrapper\">\n\t\t\t\t\t\t\t\t\t<div class=\"bloque-dng--informacion claro\">\n\t\t\t\t\t\t\t\t\t\t\t\t\t\t\t\t\t\t\t\t\t<p class=\"bloque-dng--informacion-titulo\">as<\/p>\n\t\t\t\t\t\t\t\t\t\t\t\t\t\t\t\t\t\t\t\t\t\t\t\t\t\t\t\t\t\t\t<p class=\"bloque-dng--informacion-texto\">as<\/p>\n\t\t\t\t\t\t\t\t\t\t\t\t\t\t\t\t\t\t\t\t\t\t\t\t\t\t\t\t\t\t<a href=\"https:\/\/www.sanmiguel.com\/es\/cervezas\/san-miguel-magna-golden-lager\/\" class=\"a bloque-dng--informacion-btn btn btn-claro\" title=\"as\">as<span class=\"icono icon-flecha_btn\"><\/span>\n\t\t\t\t\t\t\t\t\t\t<\/a>\n\t\t\t\t\t\t\t\t\t\t\t\t\t\t\t\t\t\t\t<\/div>\n\t\t\t\t\t\t\t\t<\/div>\n\t\t\t\t\t\t\t<\/div>\n\t\t\t\t\t\t\t\t\t\t\t\t\t\t\t<\/div>\n\t\t\t\t<div class=\"bloque-dng-prev swiper-button-prev\"><\/div>\n\t\t\t\t<div class=\"bloque-dng-next swiper-button-next\"><\/div>\n\t\t\t<\/div>\n\t\t<\/div>\n\t<\/div>\n","protected":false},"excerpt":{"rendered":"","protected":false},"author":1,"featured_media":484,"parent":422,"menu_order":0,"comment_status":"closed","ping_status":"closed","template":"page-ocio-futbol.php","meta":{"_acf_changed":false,"inline_featured_image":false,"footnotes":""},"class_list":["post-483","page","type-page","status-publish","has-post-thumbnail","hentry"],"acf":[],"yoast_head":"<!-- This site is optimized with the Yoast SEO plugin v27.4 - https:\/\/yoast.com\/product\/yoast-seo-wordpress\/ -->\n<title>F\u00fatbol, siempre con la afici\u00f3n | Cervezas San Miguel | ES<\/title>\n<meta name=\"description\" content=\"Cervezas San Miguel y el f\u00fatbol tienen una historia conjunta. Descubre la historia de los clubes de f\u00fatbol Athletic, M\u00e1laga y Osasuna.\" \/>\n<meta name=\"robots\" content=\"index, follow, max-snippet:-1, max-image-preview:large, max-video-preview:-1\" \/>\n<link rel=\"canonical\" href=\"https:\/\/www.sanmiguel.com\/es\/ocio\/futbol\/\" \/>\n<meta property=\"og:locale\" content=\"es_ES\" \/>\n<meta property=\"og:type\" content=\"article\" \/>\n<meta property=\"og:title\" content=\"F\u00fatbol, siempre con la afici\u00f3n | Cervezas San Miguel | ES\" \/>\n<meta property=\"og:description\" content=\"Cervezas San Miguel y el f\u00fatbol tienen una historia conjunta. Descubre la historia de los clubes de f\u00fatbol Athletic, M\u00e1laga y Osasuna.\" \/>\n<meta property=\"og:url\" content=\"https:\/\/www.sanmiguel.com\/es\/ocio\/futbol\/\" \/>\n<meta property=\"og:site_name\" content=\"Cervezas San Miguel | ES\" \/>\n<meta property=\"article:modified_time\" content=\"2026-03-16T10:09:27+00:00\" \/>\n<meta property=\"og:image\" content=\"https:\/\/www.sanmiguel.com\/es\/wp-content\/uploads\/sites\/2\/2020\/11\/hero-ocio-futbol.png\" \/>\n\t<meta property=\"og:image:width\" content=\"1178\" \/>\n\t<meta property=\"og:image:height\" content=\"584\" \/>\n\t<meta property=\"og:image:type\" content=\"image\/png\" \/>\n<meta name=\"twitter:card\" content=\"summary_large_image\" \/>\n<script type=\"application\/ld+json\" class=\"yoast-schema-graph\">{\"@context\":\"https:\\\/\\\/schema.org\",\"@graph\":[{\"@type\":\"WebPage\",\"@id\":\"https:\\\/\\\/www.sanmiguel.com\\\/es\\\/ocio\\\/futbol\\\/\",\"url\":\"https:\\\/\\\/www.sanmiguel.com\\\/es\\\/ocio\\\/futbol\\\/\",\"name\":\"F\u00fatbol, siempre con la afici\u00f3n | Cervezas San Miguel | ES\",\"isPartOf\":{\"@id\":\"https:\\\/\\\/www.sanmiguel.com\\\/es\\\/#website\"},\"primaryImageOfPage\":{\"@id\":\"https:\\\/\\\/www.sanmiguel.com\\\/es\\\/ocio\\\/futbol\\\/#primaryimage\"},\"image\":{\"@id\":\"https:\\\/\\\/www.sanmiguel.com\\\/es\\\/ocio\\\/futbol\\\/#primaryimage\"},\"thumbnailUrl\":\"https:\\\/\\\/www.sanmiguel.com\\\/es\\\/wp-content\\\/uploads\\\/sites\\\/2\\\/2020\\\/11\\\/hero-ocio-futbol.png\",\"datePublished\":\"2020-11-24T08:57:19+00:00\",\"dateModified\":\"2026-03-16T10:09:27+00:00\",\"description\":\"Cervezas San Miguel y el f\u00fatbol tienen una historia conjunta. Descubre la historia de los clubes de f\u00fatbol Athletic, M\u00e1laga y Osasuna.\",\"breadcrumb\":{\"@id\":\"https:\\\/\\\/www.sanmiguel.com\\\/es\\\/ocio\\\/futbol\\\/#breadcrumb\"},\"inLanguage\":\"es\",\"potentialAction\":[{\"@type\":\"ReadAction\",\"target\":[\"https:\\\/\\\/www.sanmiguel.com\\\/es\\\/ocio\\\/futbol\\\/\"]}]},{\"@type\":\"ImageObject\",\"inLanguage\":\"es\",\"@id\":\"https:\\\/\\\/www.sanmiguel.com\\\/es\\\/ocio\\\/futbol\\\/#primaryimage\",\"url\":\"https:\\\/\\\/www.sanmiguel.com\\\/es\\\/wp-content\\\/uploads\\\/sites\\\/2\\\/2020\\\/11\\\/hero-ocio-futbol.png\",\"contentUrl\":\"https:\\\/\\\/www.sanmiguel.com\\\/es\\\/wp-content\\\/uploads\\\/sites\\\/2\\\/2020\\\/11\\\/hero-ocio-futbol.png\",\"width\":1178,\"height\":584},{\"@type\":\"BreadcrumbList\",\"@id\":\"https:\\\/\\\/www.sanmiguel.com\\\/es\\\/ocio\\\/futbol\\\/#breadcrumb\",\"itemListElement\":[{\"@type\":\"ListItem\",\"position\":1,\"name\":\"Portada\",\"item\":\"https:\\\/\\\/www.sanmiguel.com\\\/es\\\/\"},{\"@type\":\"ListItem\",\"position\":2,\"name\":\"Ocio\",\"item\":\"https:\\\/\\\/www.sanmiguel.com\\\/es\\\/ocio\\\/\"},{\"@type\":\"ListItem\",\"position\":3,\"name\":\"Ocio F\u00fatbol\"}]},{\"@type\":\"WebSite\",\"@id\":\"https:\\\/\\\/www.sanmiguel.com\\\/es\\\/#website\",\"url\":\"https:\\\/\\\/www.sanmiguel.com\\\/es\\\/\",\"name\":\"Cervezas San Miguel | ES\",\"description\":\"Bienvenidos Cerveceros Inquietos\",\"publisher\":{\"@id\":\"https:\\\/\\\/www.sanmiguel.com\\\/es\\\/#organization\"},\"potentialAction\":[{\"@type\":\"SearchAction\",\"target\":{\"@type\":\"EntryPoint\",\"urlTemplate\":\"https:\\\/\\\/www.sanmiguel.com\\\/es\\\/?s={search_term_string}\"},\"query-input\":{\"@type\":\"PropertyValueSpecification\",\"valueRequired\":true,\"valueName\":\"search_term_string\"}}],\"inLanguage\":\"es\"},{\"@type\":\"Organization\",\"@id\":\"https:\\\/\\\/www.sanmiguel.com\\\/es\\\/#organization\",\"name\":\"Cervezas San Miguel\",\"url\":\"https:\\\/\\\/www.sanmiguel.com\\\/es\\\/\",\"logo\":{\"@type\":\"ImageObject\",\"inLanguage\":\"es\",\"@id\":\"https:\\\/\\\/www.sanmiguel.com\\\/es\\\/#\\\/schema\\\/logo\\\/image\\\/\",\"url\":\"https:\\\/\\\/www.sanmiguel.com\\\/es\\\/wp-content\\\/uploads\\\/sites\\\/2\\\/2022\\\/06\\\/cervezas-san-miguel-logo.jpg\",\"contentUrl\":\"https:\\\/\\\/www.sanmiguel.com\\\/es\\\/wp-content\\\/uploads\\\/sites\\\/2\\\/2022\\\/06\\\/cervezas-san-miguel-logo.jpg\",\"width\":400,\"height\":400,\"caption\":\"Cervezas San Miguel\"},\"image\":{\"@id\":\"https:\\\/\\\/www.sanmiguel.com\\\/es\\\/#\\\/schema\\\/logo\\\/image\\\/\"}}]}<\/script>\n<!-- \/ Yoast SEO plugin. -->","yoast_head_json":{"title":"F\u00fatbol, siempre con la afici\u00f3n | Cervezas San Miguel | ES","description":"Cervezas San Miguel y el f\u00fatbol tienen una historia conjunta. Descubre la historia de los clubes de f\u00fatbol Athletic, M\u00e1laga y Osasuna.","robots":{"index":"index","follow":"follow","max-snippet":"max-snippet:-1","max-image-preview":"max-image-preview:large","max-video-preview":"max-video-preview:-1"},"canonical":"https:\/\/www.sanmiguel.com\/es\/ocio\/futbol\/","og_locale":"es_ES","og_type":"article","og_title":"F\u00fatbol, siempre con la afici\u00f3n | Cervezas San Miguel | ES","og_description":"Cervezas San Miguel y el f\u00fatbol tienen una historia conjunta. Descubre la historia de los clubes de f\u00fatbol Athletic, M\u00e1laga y Osasuna.","og_url":"https:\/\/www.sanmiguel.com\/es\/ocio\/futbol\/","og_site_name":"Cervezas San Miguel | ES","article_modified_time":"2026-03-16T10:09:27+00:00","og_image":[{"width":1178,"height":584,"url":"https:\/\/www.sanmiguel.com\/es\/wp-content\/uploads\/sites\/2\/2020\/11\/hero-ocio-futbol.png","type":"image\/png"}],"twitter_card":"summary_large_image","schema":{"@context":"https:\/\/schema.org","@graph":[{"@type":"WebPage","@id":"https:\/\/www.sanmiguel.com\/es\/ocio\/futbol\/","url":"https:\/\/www.sanmiguel.com\/es\/ocio\/futbol\/","name":"F\u00fatbol, siempre con la afici\u00f3n | Cervezas San Miguel | ES","isPartOf":{"@id":"https:\/\/www.sanmiguel.com\/es\/#website"},"primaryImageOfPage":{"@id":"https:\/\/www.sanmiguel.com\/es\/ocio\/futbol\/#primaryimage"},"image":{"@id":"https:\/\/www.sanmiguel.com\/es\/ocio\/futbol\/#primaryimage"},"thumbnailUrl":"https:\/\/www.sanmiguel.com\/es\/wp-content\/uploads\/sites\/2\/2020\/11\/hero-ocio-futbol.png","datePublished":"2020-11-24T08:57:19+00:00","dateModified":"2026-03-16T10:09:27+00:00","description":"Cervezas San Miguel y el f\u00fatbol tienen una historia conjunta. Descubre la historia de los clubes de f\u00fatbol Athletic, M\u00e1laga y Osasuna.","breadcrumb":{"@id":"https:\/\/www.sanmiguel.com\/es\/ocio\/futbol\/#breadcrumb"},"inLanguage":"es","potentialAction":[{"@type":"ReadAction","target":["https:\/\/www.sanmiguel.com\/es\/ocio\/futbol\/"]}]},{"@type":"ImageObject","inLanguage":"es","@id":"https:\/\/www.sanmiguel.com\/es\/ocio\/futbol\/#primaryimage","url":"https:\/\/www.sanmiguel.com\/es\/wp-content\/uploads\/sites\/2\/2020\/11\/hero-ocio-futbol.png","contentUrl":"https:\/\/www.sanmiguel.com\/es\/wp-content\/uploads\/sites\/2\/2020\/11\/hero-ocio-futbol.png","width":1178,"height":584},{"@type":"BreadcrumbList","@id":"https:\/\/www.sanmiguel.com\/es\/ocio\/futbol\/#breadcrumb","itemListElement":[{"@type":"ListItem","position":1,"name":"Portada","item":"https:\/\/www.sanmiguel.com\/es\/"},{"@type":"ListItem","position":2,"name":"Ocio","item":"https:\/\/www.sanmiguel.com\/es\/ocio\/"},{"@type":"ListItem","position":3,"name":"Ocio F\u00fatbol"}]},{"@type":"WebSite","@id":"https:\/\/www.sanmiguel.com\/es\/#website","url":"https:\/\/www.sanmiguel.com\/es\/","name":"Cervezas San Miguel | ES","description":"Bienvenidos Cerveceros Inquietos","publisher":{"@id":"https:\/\/www.sanmiguel.com\/es\/#organization"},"potentialAction":[{"@type":"SearchAction","target":{"@type":"EntryPoint","urlTemplate":"https:\/\/www.sanmiguel.com\/es\/?s={search_term_string}"},"query-input":{"@type":"PropertyValueSpecification","valueRequired":true,"valueName":"search_term_string"}}],"inLanguage":"es"},{"@type":"Organization","@id":"https:\/\/www.sanmiguel.com\/es\/#organization","name":"Cervezas San Miguel","url":"https:\/\/www.sanmiguel.com\/es\/","logo":{"@type":"ImageObject","inLanguage":"es","@id":"https:\/\/www.sanmiguel.com\/es\/#\/schema\/logo\/image\/","url":"https:\/\/www.sanmiguel.com\/es\/wp-content\/uploads\/sites\/2\/2022\/06\/cervezas-san-miguel-logo.jpg","contentUrl":"https:\/\/www.sanmiguel.com\/es\/wp-content\/uploads\/sites\/2\/2022\/06\/cervezas-san-miguel-logo.jpg","width":400,"height":400,"caption":"Cervezas San Miguel"},"image":{"@id":"https:\/\/www.sanmiguel.com\/es\/#\/schema\/logo\/image\/"}}]}},"_links":{"self":[{"href":"https:\/\/www.sanmiguel.com\/es\/wp-json\/wp\/v2\/pages\/483","targetHints":{"allow":["GET"]}}],"collection":[{"href":"https:\/\/www.sanmiguel.com\/es\/wp-json\/wp\/v2\/pages"}],"about":[{"href":"https:\/\/www.sanmiguel.com\/es\/wp-json\/wp\/v2\/types\/page"}],"author":[{"embeddable":true,"href":"https:\/\/www.sanmiguel.com\/es\/wp-json\/wp\/v2\/users\/1"}],"replies":[{"embeddable":true,"href":"https:\/\/www.sanmiguel.com\/es\/wp-json\/wp\/v2\/comments?post=483"}],"version-history":[{"count":17,"href":"https:\/\/www.sanmiguel.com\/es\/wp-json\/wp\/v2\/pages\/483\/revisions"}],"predecessor-version":[{"id":28351,"href":"https:\/\/www.sanmiguel.com\/es\/wp-json\/wp\/v2\/pages\/483\/revisions\/28351"}],"up":[{"embeddable":true,"href":"https:\/\/www.sanmiguel.com\/es\/wp-json\/wp\/v2\/pages\/422"}],"wp:featuredmedia":[{"embeddable":true,"href":"https:\/\/www.sanmiguel.com\/es\/wp-json\/wp\/v2\/media\/484"}],"wp:attachment":[{"href":"https:\/\/www.sanmiguel.com\/es\/wp-json\/wp\/v2\/media?parent=483"}],"curies":[{"name":"wp","href":"https:\/\/api.w.org\/{rel}","templated":true}]}}