{"id":27953,"date":"2026-03-05T08:57:08","date_gmt":"2026-03-05T08:57:08","guid":{"rendered":"https:\/\/www.sanmiguel.com\/es\/?page_id=27953"},"modified":"2026-03-16T08:15:10","modified_gmt":"2026-03-16T08:15:10","slug":"espiritu-seeker","status":"publish","type":"page","link":"https:\/\/www.sanmiguel.com\/es\/espiritu-seeker\/","title":{"rendered":"Esp\u00edritu Seeker"},"content":{"rendered":"\n<div class=\"content-text-espiritu-seeker\">\n\t<div class=\"content-bg-img\">\n\t\t<picture>\n\t\t\t<img decoding=\"async\" alt=\"bg-img-text\" src=\"\/wp-content\/uploads\/sites\/2\/2026\/03\/bg-seeker-text.webp\">\n\t\t<\/picture>\n\t<\/div>\n\t<div class=\"container-text-espiritu-seeker container\">\n\t\t<h1 class=\"title\">y t\u00fa, \u00bftambi\u00e9n eres seeker?<\/h1>\n\t\t<p>Los seekers son aquellos que hacen de su vida una aventura \u00fanica. Que prefieren la inquietud a la costumbre. Son aquellos que no se conforman con vivir, sino con sentirse vivos.<\/p>\n\t\t<p>Los seekers son quienes siguen bailando aunque la m\u00fasica deje de sonar. Son personas con mundo que al verlos sientes que son interesantes con una mirada llena de historias por contar.<\/p>\n\t\t<p>Los seekers, como San Miguel, siempre van un paso m\u00e1s all\u00e1.<\/p>\n\t\t<p>Este es el Espir\u00edtu Seeker que, por muchas veces que se intente explicar, solo lo entender\u00e1s si alg\u00fan d\u00eda decides vivirlo.<\/p>\n\t\t<div class=\"content-img-logo-seeker\">\n\t\t\t<picture>\n\t\t\t\t<img decoding=\"async\" alt=\"bg-img-text\" src=\"\/wp-content\/uploads\/sites\/2\/2026\/03\/logo-espiritu-seeker.png\">\n\t\t\t<\/picture>\n\t\t<\/div>\n\t<\/div>\n<\/div>\n\n\n\r\n  <div class=\"bloque-titulo  \">\n    <div class=\"container-fluid p-0 \">\n      <div class=\"row no-gutters\">\n        <div class=\"bloque-titulo-seccion\">\n          <h2 class=\"titulo\">Descubre tu Esp\u00edritu Seeker<\/h2>\n        <\/div>\n      <\/div>\n    <\/div>\n  <\/div>\n\n\n\n  <style>.row.hero-slide-unique {min-height: 80vh;}@media(max-width:578px) {.row.hero-slide-unique {min-height:0;}}<\/style>\n  <div id=\"hero\" class=\"a container-fluid p-0 viewplay  section-nueva-imagen \">\n    <div class=\"row no-gutters \">\n      <div class=\"hero-swiper-container swiper-container\">\n        <div class=\"swiper-wrapper\">\n                                  <div class=\"swiper-slide hero-slide style1\">\n                                                <div class=\"hero--img-wrapper imagen1 \">\n                                        <img decoding=\"async\" alt=\"\" data-fetch=\"1\" class=\"hero--img\" srcset=\"https:\/\/www.sanmiguel.com\/es\/wp-content\/uploads\/sites\/2\/2026\/03\/botella_nueva_imagen-412x0-c-default.webp 412w,https:\/\/www.sanmiguel.com\/es\/wp-content\/uploads\/sites\/2\/2026\/03\/botella_nueva_imagen-751x0-c-default.webp 751w,https:\/\/www.sanmiguel.com\/es\/wp-content\/uploads\/sites\/2\/2026\/03\/botella_nueva_imagen-1536x0-c-default.webp 1536w,https:\/\/www.sanmiguel.com\/es\/wp-content\/uploads\/sites\/2\/2026\/03\/botella_nueva_imagen-1920x0-c-default.webp 1920w\" sizes=\"(max-width: 500px) 412px, (min-width: 501px) and (max-width: 1366px) 751px, (min-width: 1367px) 1367px\" src=\"https:\/\/www.sanmiguel.com\/es\/wp-content\/uploads\/sites\/2\/2026\/03\/botella_nueva_imagen-1536x0-c-default.webp\" fetchpriority=\"high\" \/>\n                                                                                                  <\/div>\n                                            <div class=\"hero--contenido  marron_san_miguel\"   style=\"background-color:#d7cbb7\" >\n                \n                                                                            <h2 class=\"hero--hastag\">La nueva imagen de San Miguel ya est\u00e1 aqu\u00ed.<\/h2>\n                                                      \n\n                                                  \n                                  <div class=\"hero--texto\"><p>Desc\u00fabrela en nuestra tienda y elige tu formato favorito.<\/p>\n<\/div>\n                \n                \n                <div class=\"hero-buttons\">\n                                                                                              <a href=\"https:\/\/www.mahou-sanmiguel.com\/tienda\/marcas\/cervezas-san-miguel\/producto?utm_source=web&#038;utm_medium=video&#038;utm_campaign=es_sanmiguel_espirituseeker_2026_03&#038;utm_term=marca&#038;utm_source_platform=webgains&#038;utm_creative_format=cta&#038;utm_marketing_tactic=compra\" target=_blank class=\"btn hero--btn\" title=\"Comprar\">Comprar<span class=\"icono icon-flecha_btn\"><\/span>\n                    <\/a>\n                                                                  <\/div>\n              <\/div>\n              <style>\n                @media screen and (max-width: 375px) {\n                    .boton2 {\n                       margin-top: 20px;\n                    }\n                }\n                @media screen and (width: 360px) {\n                    .boton2 {\n                       margin-top: 0px;\n                    }\n                }\n                @media screen and (min-width: 769px) and (max-width: 1340px) {\n                    .boton2 {\n                      margin-top: 20px;\n                    }\n                }\n              <\/style>\n                                                              \n                          <\/div>\n                  <\/div>\n        <div class=\"hero-pagination\"><\/div>\n        <div class=\"hero-prev swiper-button-prev\" aria-disabled=\"true\"><\/div>\n        <div class=\"hero-next swiper-button-next\" aria-disabled=\"true\"><\/div>\n      <\/div>\n    <\/div>\n  <\/div>\n<link rel=\"stylesheet\" href=\"\/wp-content\/themes\/sm2020\/assets\/js\/fancybox\/jquery.fancybox.min.css\" type=\"text\/css\" media=\"screen\">\n<script type=\"text\/javascript\" src=\"\/wp-content\/themes\/sm2020\/assets\/js\/fancybox\/jquery.fancybox.min.js\"><\/script>\n\n\n\n<div class=\"content-gallery\">\n\t<div class=\"container-gallery\">\n\t\t<div class=\"content-img\">\n\t\t\t<picture>\n\t\t\t\t<img decoding=\"async\" src=\"\/wp-content\/uploads\/sites\/2\/2026\/03\/seeker_1.webp\" alt=\"seeker_1.webp\">\n\t\t\t<\/picture>\n\t\t<\/div>\n\t\t<div class=\"content-img\">\n\t\t\t<picture>\n\t\t\t\t<img decoding=\"async\" src=\"\/wp-content\/uploads\/sites\/2\/2026\/03\/seeker_2.webp\" alt=\"seeker_2.webp\">\n\t\t\t<\/picture>\n\t\t<\/div>\n\t\t<div class=\"content-img\">\n\t\t\t<picture>\n\t\t\t\t<img decoding=\"async\" src=\"\/wp-content\/uploads\/sites\/2\/2026\/03\/seeker_3.webp\" alt=\"seeker_3.webp\">\n\t\t\t<\/picture>\n\t\t<\/div>\n\t\t<div class=\"content-img\">\n\t\t\t<picture>\n\t\t\t\t<img decoding=\"async\" src=\"\/wp-content\/uploads\/sites\/2\/2026\/03\/seeker_4.webp\" alt=\"seeker_4.webp\">\n\t\t\t<\/picture>\n\t\t<\/div>\n\t\t<div class=\"content-img\">\n\t\t\t<picture>\n\t\t\t\t<img decoding=\"async\" src=\"\/wp-content\/uploads\/sites\/2\/2026\/03\/seeker_5.webp\" alt=\"seeker_5.webp\">\n\t\t\t<\/picture>\n\t\t<\/div>\n\t\t<div class=\"content-img\">\n\t\t\t<picture>\n\t\t\t\t<img decoding=\"async\" src=\"\/wp-content\/uploads\/sites\/2\/2026\/03\/seeker_6.webp\" alt=\"seeker_6.webp\">\n\t\t\t<\/picture>\n\t\t<\/div>\n\t\t<div class=\"content-img\">\n\t\t\t<picture>\n\t\t\t\t<img decoding=\"async\" src=\"\/wp-content\/uploads\/sites\/2\/2026\/03\/seeker_7.webp\" alt=\"seeker_7.webp\">\n\t\t\t<\/picture>\n\t\t<\/div>\n\t\t<div class=\"content-img\">\n\t\t\t<picture>\n\t\t\t\t<img decoding=\"async\" src=\"\/wp-content\/uploads\/sites\/2\/2026\/03\/seeker_8.webp\" alt=\"seeker_8.webp\">\n\t\t\t<\/picture>\n\t\t<\/div>\n\t\t<div class=\"content-img\">\n\t\t\t<picture>\n\t\t\t\t<img decoding=\"async\" src=\"\/wp-content\/uploads\/sites\/2\/2026\/03\/seeker_9.webp\" alt=\"seeker_9.webp\">\n\t\t\t<\/picture>\n\t\t<\/div>\n\t\t<div class=\"content-img\">\n\t\t\t<picture>\n\t\t\t\t<img decoding=\"async\" src=\"\/wp-content\/uploads\/sites\/2\/2026\/03\/seeker_10.webp\" alt=\"seeker_10.webp\">\n\t\t\t<\/picture>\n\t\t<\/div>\n\t<\/div>\n<\/div>\n\n\n\n<style>\n.content-text-espiritu-seeker{position:relative;padding-top:65px;padding-bottom:65px}.content-text-espiritu-seeker .content-bg-img{height:100%;width:100%;position:absolute;top:0;left:0}.content-text-espiritu-seeker .content-bg-img picture img{-webkit-filter:brightness(0.92);filter:brightness(0.92);height:100%;width:100%;-o-object-fit:cover;object-fit:cover;-o-object-position:top center;object-position:top center}.content-text-espiritu-seeker .container-text-espiritu-seeker{z-index:1;position:relative;max-width:968px;text-align:center}.content-text-espiritu-seeker .container-text-espiritu-seeker h1,.content-text-espiritu-seeker .container-text-espiritu-seeker h2,.content-text-espiritu-seeker .container-text-espiritu-seeker h3,.content-text-espiritu-seeker .container-text-espiritu-seeker p{color:#E8E1D5}.content-text-espiritu-seeker .container-text-espiritu-seeker .title{font-family:\"WorkSansBold\",sans-serif;font-size:2rem;text-transform:uppercase;margin-bottom:50px}.content-text-espiritu-seeker .container-text-espiritu-seeker p{font-size:1.25rem;line-height:28px}.content-text-espiritu-seeker .container-text-espiritu-seeker .content-img-logo-seeker{margin-top:55px}.content-text-espiritu-seeker .container-text-espiritu-seeker .content-img-logo-seeker picture img{width:300px;height:auto}#hero.section-nueva-imagen .hero-slide .hero--contenido{padding-top:4.5rem;padding-bottom:4.5rem}#hero.section-nueva-imagen .hero-slide .hero--contenido a,#hero.section-nueva-imagen .hero-slide .hero--contenido h1,#hero.section-nueva-imagen .hero-slide .hero--contenido h2,#hero.section-nueva-imagen .hero-slide .hero--contenido h3,#hero.section-nueva-imagen .hero-slide .hero--contenido h4,#hero.section-nueva-imagen .hero-slide .hero--contenido p{color:#13322B}#hero.section-nueva-imagen .hero-slide .hero--contenido h2.hero--hastag{font-size:3rem;line-height:48px;margin-bottom:35px}#hero.section-nueva-imagen .hero-slide .hero--contenido .hero-buttons a.hero--btn.btn{background-color:#13322B;color:#D7CBB7}.content-gallery{padding:40px 4.9rem}.content-gallery .container-gallery{display:-ms-grid;display:grid;-ms-grid-columns:1fr 20px 1fr 20px 1fr 20px 1fr;grid-template-columns:repeat(4,1fr);grid-auto-rows:180px;grid-auto-flow:dense;gap:20px}@media (max-width:992px){.content-gallery .container-gallery{-ms-grid-columns:(1fr)[2];grid-template-columns:repeat(2,1fr);grid-auto-rows:160px}}@media (max-width:576px){.content-gallery .container-gallery{-ms-grid-columns:1fr;grid-template-columns:1fr}}.content-gallery .container-gallery .content-img{width:100%;height:100%;overflow:hidden}@media (max-width:576px){.content-gallery .container-gallery .content-img{grid-column:auto!important;grid-row:auto!important}}.content-gallery .container-gallery .content-img img,.content-gallery .container-gallery .content-img picture{width:100%;height:100%;display:block}.content-gallery .container-gallery .content-img img{-o-object-fit:cover;object-fit:cover}.content-gallery .container-gallery .content-img:nth-child(2),.content-gallery .container-gallery .content-img:nth-child(4),.content-gallery .container-gallery .content-img:nth-child(7),.content-gallery .container-gallery .content-img:nth-child(9){-ms-grid-row-span:2;grid-row:span 2}.content-gallery .container-gallery .content-img:nth-child(3),.content-gallery .container-gallery .content-img:nth-child(6),.content-gallery .container-gallery .content-img:nth-child(8){-ms-grid-row-span:3;grid-row:span 3}\n<\/style>\n\n\n\n<p><\/p>\n","protected":false},"excerpt":{"rendered":"<p>y t\u00fa, \u00bftambi\u00e9n eres seeker? Los seekers son aquellos que hacen de su vida una aventura \u00fanica. Que prefieren la inquietud a la costumbre. Son aquellos que no se conforman con vivir, sino con sentirse vivos. Los seekers son quienes siguen bailando aunque la m\u00fasica deje de sonar. Son personas con mundo que al verlos [&hellip;]<\/p>\n","protected":false},"author":1,"featured_media":28137,"parent":0,"menu_order":0,"comment_status":"closed","ping_status":"closed","template":"","meta":{"_acf_changed":false,"inline_featured_image":false,"footnotes":""},"class_list":["post-27953","page","type-page","status-publish","has-post-thumbnail","hentry"],"acf":[],"yoast_head":"<!-- This site is optimized with the Yoast SEO plugin v27.4 - https:\/\/yoast.com\/product\/yoast-seo-wordpress\/ -->\n<title>Esp\u00edritu Seeker | Cervezas San Miguel | ES<\/title>\n<meta name=\"robots\" content=\"index, follow, max-snippet:-1, max-image-preview:large, max-video-preview:-1\" \/>\n<link rel=\"canonical\" href=\"https:\/\/www.sanmiguel.com\/es\/espiritu-seeker\/\" \/>\n<meta property=\"og:locale\" content=\"es_ES\" \/>\n<meta property=\"og:type\" content=\"article\" \/>\n<meta property=\"og:title\" content=\"Esp\u00edritu Seeker | Cervezas San Miguel | ES\" \/>\n<meta property=\"og:description\" content=\"y t\u00fa, \u00bftambi\u00e9n eres seeker? Los seekers son aquellos que hacen de su vida una aventura \u00fanica. Que prefieren la inquietud a la costumbre. Son aquellos que no se conforman con vivir, sino con sentirse vivos. Los seekers son quienes siguen bailando aunque la m\u00fasica deje de sonar. Son personas con mundo que al verlos [&hellip;]\" \/>\n<meta property=\"og:url\" content=\"https:\/\/www.sanmiguel.com\/es\/espiritu-seeker\/\" \/>\n<meta property=\"og:site_name\" content=\"Cervezas San Miguel | ES\" \/>\n<meta property=\"article:modified_time\" content=\"2026-03-16T08:15:10+00:00\" \/>\n<meta property=\"og:image\" content=\"https:\/\/www.sanmiguel.com\/es\/wp-content\/uploads\/sites\/2\/2026\/03\/cabecera_seeker.webp\" \/>\n\t<meta property=\"og:image:width\" content=\"1920\" \/>\n\t<meta property=\"og:image:height\" content=\"1281\" \/>\n\t<meta property=\"og:image:type\" content=\"image\/webp\" \/>\n<meta name=\"twitter:card\" content=\"summary_large_image\" \/>\n<meta name=\"twitter:label1\" content=\"Tiempo de lectura\" \/>\n\t<meta name=\"twitter:data1\" content=\"4 minutos\" \/>\n<script type=\"application\/ld+json\" class=\"yoast-schema-graph\">{\"@context\":\"https:\\\/\\\/schema.org\",\"@graph\":[{\"@type\":\"WebPage\",\"@id\":\"https:\\\/\\\/www.sanmiguel.com\\\/es\\\/espiritu-seeker\\\/\",\"url\":\"https:\\\/\\\/www.sanmiguel.com\\\/es\\\/espiritu-seeker\\\/\",\"name\":\"Esp\u00edritu Seeker | Cervezas San Miguel | ES\",\"isPartOf\":{\"@id\":\"https:\\\/\\\/www.sanmiguel.com\\\/es\\\/#website\"},\"primaryImageOfPage\":{\"@id\":\"https:\\\/\\\/www.sanmiguel.com\\\/es\\\/espiritu-seeker\\\/#primaryimage\"},\"image\":{\"@id\":\"https:\\\/\\\/www.sanmiguel.com\\\/es\\\/espiritu-seeker\\\/#primaryimage\"},\"thumbnailUrl\":\"https:\\\/\\\/www.sanmiguel.com\\\/es\\\/wp-content\\\/uploads\\\/sites\\\/2\\\/2026\\\/03\\\/cabecera_seeker.webp\",\"datePublished\":\"2026-03-05T08:57:08+00:00\",\"dateModified\":\"2026-03-16T08:15:10+00:00\",\"breadcrumb\":{\"@id\":\"https:\\\/\\\/www.sanmiguel.com\\\/es\\\/espiritu-seeker\\\/#breadcrumb\"},\"inLanguage\":\"es\",\"potentialAction\":[{\"@type\":\"ReadAction\",\"target\":[\"https:\\\/\\\/www.sanmiguel.com\\\/es\\\/espiritu-seeker\\\/\"]}]},{\"@type\":\"ImageObject\",\"inLanguage\":\"es\",\"@id\":\"https:\\\/\\\/www.sanmiguel.com\\\/es\\\/espiritu-seeker\\\/#primaryimage\",\"url\":\"https:\\\/\\\/www.sanmiguel.com\\\/es\\\/wp-content\\\/uploads\\\/sites\\\/2\\\/2026\\\/03\\\/cabecera_seeker.webp\",\"contentUrl\":\"https:\\\/\\\/www.sanmiguel.com\\\/es\\\/wp-content\\\/uploads\\\/sites\\\/2\\\/2026\\\/03\\\/cabecera_seeker.webp\",\"width\":1920,\"height\":1281,\"caption\":\"cabecera_seeker\"},{\"@type\":\"BreadcrumbList\",\"@id\":\"https:\\\/\\\/www.sanmiguel.com\\\/es\\\/espiritu-seeker\\\/#breadcrumb\",\"itemListElement\":[{\"@type\":\"ListItem\",\"position\":1,\"name\":\"Portada\",\"item\":\"https:\\\/\\\/www.sanmiguel.com\\\/es\\\/\"},{\"@type\":\"ListItem\",\"position\":2,\"name\":\"Esp\u00edritu Seeker\"}]},{\"@type\":\"WebSite\",\"@id\":\"https:\\\/\\\/www.sanmiguel.com\\\/es\\\/#website\",\"url\":\"https:\\\/\\\/www.sanmiguel.com\\\/es\\\/\",\"name\":\"Cervezas San Miguel | ES\",\"description\":\"Bienvenidos Cerveceros Inquietos\",\"publisher\":{\"@id\":\"https:\\\/\\\/www.sanmiguel.com\\\/es\\\/#organization\"},\"potentialAction\":[{\"@type\":\"SearchAction\",\"target\":{\"@type\":\"EntryPoint\",\"urlTemplate\":\"https:\\\/\\\/www.sanmiguel.com\\\/es\\\/?s={search_term_string}\"},\"query-input\":{\"@type\":\"PropertyValueSpecification\",\"valueRequired\":true,\"valueName\":\"search_term_string\"}}],\"inLanguage\":\"es\"},{\"@type\":\"Organization\",\"@id\":\"https:\\\/\\\/www.sanmiguel.com\\\/es\\\/#organization\",\"name\":\"Cervezas San Miguel\",\"url\":\"https:\\\/\\\/www.sanmiguel.com\\\/es\\\/\",\"logo\":{\"@type\":\"ImageObject\",\"inLanguage\":\"es\",\"@id\":\"https:\\\/\\\/www.sanmiguel.com\\\/es\\\/#\\\/schema\\\/logo\\\/image\\\/\",\"url\":\"https:\\\/\\\/www.sanmiguel.com\\\/es\\\/wp-content\\\/uploads\\\/sites\\\/2\\\/2022\\\/06\\\/cervezas-san-miguel-logo.jpg\",\"contentUrl\":\"https:\\\/\\\/www.sanmiguel.com\\\/es\\\/wp-content\\\/uploads\\\/sites\\\/2\\\/2022\\\/06\\\/cervezas-san-miguel-logo.jpg\",\"width\":400,\"height\":400,\"caption\":\"Cervezas San Miguel\"},\"image\":{\"@id\":\"https:\\\/\\\/www.sanmiguel.com\\\/es\\\/#\\\/schema\\\/logo\\\/image\\\/\"}}]}<\/script>\n<!-- \/ Yoast SEO plugin. -->","yoast_head_json":{"title":"Esp\u00edritu Seeker | Cervezas San Miguel | ES","robots":{"index":"index","follow":"follow","max-snippet":"max-snippet:-1","max-image-preview":"max-image-preview:large","max-video-preview":"max-video-preview:-1"},"canonical":"https:\/\/www.sanmiguel.com\/es\/espiritu-seeker\/","og_locale":"es_ES","og_type":"article","og_title":"Esp\u00edritu Seeker | Cervezas San Miguel | ES","og_description":"y t\u00fa, \u00bftambi\u00e9n eres seeker? Los seekers son aquellos que hacen de su vida una aventura \u00fanica. Que prefieren la inquietud a la costumbre. Son aquellos que no se conforman con vivir, sino con sentirse vivos. Los seekers son quienes siguen bailando aunque la m\u00fasica deje de sonar. Son personas con mundo que al verlos [&hellip;]","og_url":"https:\/\/www.sanmiguel.com\/es\/espiritu-seeker\/","og_site_name":"Cervezas San Miguel | ES","article_modified_time":"2026-03-16T08:15:10+00:00","og_image":[{"width":1920,"height":1281,"url":"https:\/\/www.sanmiguel.com\/es\/wp-content\/uploads\/sites\/2\/2026\/03\/cabecera_seeker.webp","type":"image\/webp"}],"twitter_card":"summary_large_image","twitter_misc":{"Tiempo de lectura":"4 minutos"},"schema":{"@context":"https:\/\/schema.org","@graph":[{"@type":"WebPage","@id":"https:\/\/www.sanmiguel.com\/es\/espiritu-seeker\/","url":"https:\/\/www.sanmiguel.com\/es\/espiritu-seeker\/","name":"Esp\u00edritu Seeker | Cervezas San Miguel | ES","isPartOf":{"@id":"https:\/\/www.sanmiguel.com\/es\/#website"},"primaryImageOfPage":{"@id":"https:\/\/www.sanmiguel.com\/es\/espiritu-seeker\/#primaryimage"},"image":{"@id":"https:\/\/www.sanmiguel.com\/es\/espiritu-seeker\/#primaryimage"},"thumbnailUrl":"https:\/\/www.sanmiguel.com\/es\/wp-content\/uploads\/sites\/2\/2026\/03\/cabecera_seeker.webp","datePublished":"2026-03-05T08:57:08+00:00","dateModified":"2026-03-16T08:15:10+00:00","breadcrumb":{"@id":"https:\/\/www.sanmiguel.com\/es\/espiritu-seeker\/#breadcrumb"},"inLanguage":"es","potentialAction":[{"@type":"ReadAction","target":["https:\/\/www.sanmiguel.com\/es\/espiritu-seeker\/"]}]},{"@type":"ImageObject","inLanguage":"es","@id":"https:\/\/www.sanmiguel.com\/es\/espiritu-seeker\/#primaryimage","url":"https:\/\/www.sanmiguel.com\/es\/wp-content\/uploads\/sites\/2\/2026\/03\/cabecera_seeker.webp","contentUrl":"https:\/\/www.sanmiguel.com\/es\/wp-content\/uploads\/sites\/2\/2026\/03\/cabecera_seeker.webp","width":1920,"height":1281,"caption":"cabecera_seeker"},{"@type":"BreadcrumbList","@id":"https:\/\/www.sanmiguel.com\/es\/espiritu-seeker\/#breadcrumb","itemListElement":[{"@type":"ListItem","position":1,"name":"Portada","item":"https:\/\/www.sanmiguel.com\/es\/"},{"@type":"ListItem","position":2,"name":"Esp\u00edritu Seeker"}]},{"@type":"WebSite","@id":"https:\/\/www.sanmiguel.com\/es\/#website","url":"https:\/\/www.sanmiguel.com\/es\/","name":"Cervezas San Miguel | ES","description":"Bienvenidos Cerveceros Inquietos","publisher":{"@id":"https:\/\/www.sanmiguel.com\/es\/#organization"},"potentialAction":[{"@type":"SearchAction","target":{"@type":"EntryPoint","urlTemplate":"https:\/\/www.sanmiguel.com\/es\/?s={search_term_string}"},"query-input":{"@type":"PropertyValueSpecification","valueRequired":true,"valueName":"search_term_string"}}],"inLanguage":"es"},{"@type":"Organization","@id":"https:\/\/www.sanmiguel.com\/es\/#organization","name":"Cervezas San Miguel","url":"https:\/\/www.sanmiguel.com\/es\/","logo":{"@type":"ImageObject","inLanguage":"es","@id":"https:\/\/www.sanmiguel.com\/es\/#\/schema\/logo\/image\/","url":"https:\/\/www.sanmiguel.com\/es\/wp-content\/uploads\/sites\/2\/2022\/06\/cervezas-san-miguel-logo.jpg","contentUrl":"https:\/\/www.sanmiguel.com\/es\/wp-content\/uploads\/sites\/2\/2022\/06\/cervezas-san-miguel-logo.jpg","width":400,"height":400,"caption":"Cervezas San Miguel"},"image":{"@id":"https:\/\/www.sanmiguel.com\/es\/#\/schema\/logo\/image\/"}}]}},"_links":{"self":[{"href":"https:\/\/www.sanmiguel.com\/es\/wp-json\/wp\/v2\/pages\/27953","targetHints":{"allow":["GET"]}}],"collection":[{"href":"https:\/\/www.sanmiguel.com\/es\/wp-json\/wp\/v2\/pages"}],"about":[{"href":"https:\/\/www.sanmiguel.com\/es\/wp-json\/wp\/v2\/types\/page"}],"author":[{"embeddable":true,"href":"https:\/\/www.sanmiguel.com\/es\/wp-json\/wp\/v2\/users\/1"}],"replies":[{"embeddable":true,"href":"https:\/\/www.sanmiguel.com\/es\/wp-json\/wp\/v2\/comments?post=27953"}],"version-history":[{"count":119,"href":"https:\/\/www.sanmiguel.com\/es\/wp-json\/wp\/v2\/pages\/27953\/revisions"}],"predecessor-version":[{"id":28448,"href":"https:\/\/www.sanmiguel.com\/es\/wp-json\/wp\/v2\/pages\/27953\/revisions\/28448"}],"wp:featuredmedia":[{"embeddable":true,"href":"https:\/\/www.sanmiguel.com\/es\/wp-json\/wp\/v2\/media\/28137"}],"wp:attachment":[{"href":"https:\/\/www.sanmiguel.com\/es\/wp-json\/wp\/v2\/media?parent=27953"}],"curies":[{"name":"wp","href":"https:\/\/api.w.org\/{rel}","templated":true}]}}