{"id":27857,"date":"2026-02-24T08:05:19","date_gmt":"2026-02-24T08:05:19","guid":{"rendered":"https:\/\/www.sanmiguel.com\/es\/?page_id=27857"},"modified":"2026-03-11T10:44:04","modified_gmt":"2026-03-11T10:44:04","slug":"nuestras-fabricas","status":"publish","type":"page","link":"https:\/\/www.sanmiguel.com\/es\/historia\/nuestras-fabricas\/","title":{"rendered":"Nuestras f\u00e1bricas"},"content":{"rendered":"\n  <style>.row.hero-slide-unique {min-height: 80vh;}@media(max-width:578px) {.row.hero-slide-unique {min-height:0;}}<\/style>\n  <div id=\"hero\" class=\"a container-fluid p-0 viewplay \">\n    <div class=\"row no-gutters \">\n      <div class=\"hero-swiper-container swiper-container\">\n        <div class=\"swiper-wrapper\">\n                                  <div class=\"swiper-slide hero-slide style\">\n                                                <div class=\"hero--img-wrapper imagen1 \">\n                                        <img decoding=\"async\" alt=\"Nuestras f\u00e1bricas. Donde se crea tu cerveza favorita.\" data-fetch=\"1\" class=\"hero--img\" srcset=\"https:\/\/www.sanmiguel.com\/es\/wp-content\/uploads\/sites\/2\/2026\/02\/sm-fabricas-cab-412x0-c-default.webp 412w,https:\/\/www.sanmiguel.com\/es\/wp-content\/uploads\/sites\/2\/2026\/02\/sm-fabricas-cab-751x0-c-default.webp 751w,https:\/\/www.sanmiguel.com\/es\/wp-content\/uploads\/sites\/2\/2026\/02\/sm-fabricas-cab-1536x0-c-default.webp 1536w,https:\/\/www.sanmiguel.com\/es\/wp-content\/uploads\/sites\/2\/2026\/02\/sm-fabricas-cab-1920x0-c-default.webp 1920w\" sizes=\"(max-width: 500px) 412px, (min-width: 501px) and (max-width: 1366px) 751px, (min-width: 1367px) 1367px\" src=\"https:\/\/www.sanmiguel.com\/es\/wp-content\/uploads\/sites\/2\/2026\/02\/sm-fabricas-cab-1536x0-c-default.webp\" fetchpriority=\"high\" \/>\n                                                                                                  <\/div>\n                                            <div class=\"hero--contenido  verde\"  >\n                \n                \n\n                                                                                                                          <h1 class=\"hero--titulo\" style=\"color:\">Nuestras f\u00e1bricas. Donde se crea tu cerveza favorita.<\/h1>\n                                                                            \n                                  <div class=\"hero--texto\"><p>La historia de San Miguel en Espa\u00f1a se dibuja en el mapa en 3 lugares distintos con un mismo esp\u00edritu: el de una cerveza que crece con su entorno y evoluciona sin perder su esencia.\u00a0<\/p>\n<\/div>\n                \n                \n                <div class=\"hero-buttons\">\n                                                <\/div>\n              <\/div>\n              <style>\n                @media screen and (max-width: 375px) {\n                    .boton2 {\n                       margin-top: 20px;\n                    }\n                }\n                @media screen and (width: 360px) {\n                    .boton2 {\n                       margin-top: 0px;\n                    }\n                }\n                @media screen and (min-width: 769px) and (max-width: 1340px) {\n                    .boton2 {\n                      margin-top: 20px;\n                    }\n                }\n              <\/style>\n                                                              \n                          <\/div>\n                  <\/div>\n        <div class=\"hero-pagination\"><\/div>\n        <div class=\"hero-prev swiper-button-prev\" aria-disabled=\"true\"><\/div>\n        <div class=\"hero-next swiper-button-next\" aria-disabled=\"true\"><\/div>\n      <\/div>\n    <\/div>\n  <\/div>\n<link rel=\"stylesheet\" href=\"\/wp-content\/themes\/sm2020\/assets\/js\/fancybox\/jquery.fancybox.min.css\" type=\"text\/css\" media=\"screen\">\n<script type=\"text\/javascript\" src=\"\/wp-content\/themes\/sm2020\/assets\/js\/fancybox\/jquery.fancybox.min.js\"><\/script>\n\n\n\n<style>\n#hero .hero-slide .hero--img-wrapper { min-height: 600px; background-position: center center;}\n#hero .hero-slide .hero--img-wrapper .hero--img { object-position: center; }\n<\/style>\n\n\n\n<div class=\"bloque-titulo \" style=\"background-color: #868B57;\">\n  <div class=\"container-fluid p-0 \"> <div class=\"row no-gutters\">\n      <div class=\"bloque-titulo-seccion\">\n        <h2 class=\"titulo\">Nuestras f\u00e1bricas<\/h2>\n      <\/div>\n    <\/div>\n  <\/div>\n<\/div>\n\n<div class=\"container-fluid p-0 nuestras-fabricas\" style=\"background-color: #13322B;\">\n  <div class=\"row no-gutters\">\n    <div class=\"col-8\">\n      <img decoding=\"async\" src=\"https:\/\/www.sanmiguel.com\/es\/wp-content\/uploads\/sites\/2\/2026\/02\/mapa-fabricas.png\" alt=\"Mapa de f\u00e1bricas de San Miguel\">\n    <\/div>\n    <div class=\"col-4\">\n      <p>Desde 1957, el mapa de San Miguel en Espa\u00f1a traza un recorrido de expansi\u00f3n y progreso:<\/p>\n      <p><strong>Lleida,<\/strong> nuestro origen.<\/p>\n      <p><strong>M\u00e1laga,<\/strong> el crecimiento.<\/p>\n      <p><strong>Burgos,<\/strong> la innovaci\u00f3n.<\/p>\n      <p>Tres f\u00e1bricas que reflejan la esencia de nuestra historia cervecera.<\/p>\n    <\/div>\n  <\/div>\n<\/div>\n\n<style>\n  .nuestras-fabricas .row { align-items: center;}\n  .nuestras-fabricas .col-8 { text-align: center; padding: 3rem;}\n  .nuestras-fabricas .col-8 img { width: 100%; height: auto; max-width: 1064px;  }\n  .nuestras-fabricas .col-4 {color: #E8E1D5; font-size: calc(15px + 5 * ((100vw - 360px) \/ 1640)); line-height: calc(20px + 8 * ((100vw - 360px) \/ 1640)); padding: 2.5rem;}\n\n\n  @media (max-width: 768px) {\n    .nuestras-fabricas .col-8 { width: 100%; max-width: 100%; flex: 100%; padding: 2.5rem;}\n    .nuestras-fabricas .col-4 { width: 100%; max-width: 100%; flex: 100%; padding: 2.5rem;}\n  }\n<\/style>\n\n\n\n<div class=\"bloque-titulo-fabrica \" style=\"background-color: #A88A65;\">\n  <div class=\"container-fluid p-0 \"> <div class=\"row no-gutters\">\n      <div class=\"bloque-titulo-seccion\">\n        <h2 class=\"titulo\"><strong>Lleida<\/strong> (1957). El origen de San Miguel en Espa\u00f1a.<\/h2>\n        <h3>Las aguas del r\u00edo Segre, el esp\u00edritu emprendedor de su gente y su cultura forman parte esencial de la historia de San Miguel.\u200b\u202f&nbsp;<\/h3>\n      <\/div>\n    <\/div>\n  <\/div>\n<\/div>\n\n<div class=\"container-fluid p-0 nuestras-fabricas-item\" style=\"background-color: #D7CBB7;\">\n  <div class=\"row no-gutters\">\n    <div class=\"col-8\">\n      <div>\n        <p>La primera f\u00e1brica de San Miguel en Espa\u00f1a naci\u00f3 gracias a la colaboraci\u00f3n entre los t\u00e9cnicos que llegaron desde Filipinas, atra\u00eddos por la calidad del agua del r\u00edo Segre, y los leridanos. Juntos levantaron este primer centro de producci\u00f3n con una extensi\u00f3n de 160.000 m2 y, comenzaron a elaborar cerveza San Miguel en nuestro pa\u00eds.&nbsp;<\/p>\n        <p>Los maestros cerveceros que participaron en el proyecto eran antiguos alumnos de los institutos tecnol\u00f3gicos de Nancy, Chicago, Birmingham, Berl\u00edn o M\u00fanich, formados en la f\u00e1brica de San Miguel de Manila.\u200b<\/p>\n        <p>En marzo de 1957 se realiz\u00f3 la primera cocci\u00f3n y, dos meses despu\u00e9s, el 11 de mayo, coincidiendo con la Fiesta Mayor de Lleida, salieron al mercado los primeros envases de San Miguel.<\/p>\n        <p>Desde entonces, San Miguel ha mantenido un v\u00ednculo especial con Lleida, apoyando tanto los grandes eventos como las peque\u00f1as competiciones deportivas locales.<\/p>\n      <\/div>\n    <\/div>\n    <div class=\"col-4\">\n      <img decoding=\"async\" src=\"https:\/\/www.sanmiguel.com\/es\/wp-content\/uploads\/sites\/2\/2026\/02\/fabrica-lleida.jpg\" alt=\"F\u00e1brica de San Miguel en Lleida\">\n    <\/div>\n  <\/div>\n<\/div>\n\n<div class=\"bloque-titulo-fabrica \" style=\"background-color: #A88A65;\">\n  <div class=\"container-fluid p-0 \"> <div class=\"row no-gutters\">\n      <div class=\"bloque-titulo-seccion\">\n        <h2 class=\"titulo\"><strong>M\u00e1laga<\/strong> (1966). El crecimiento de San Miguel en Espa\u00f1a. <\/h2>\n        <h3>La costa del sol, un hito en la expansi\u00f3n de San Miguel.&nbsp;<\/h3>\n      <\/div>\n    <\/div>\n  <\/div>\n<\/div>\n\n<div class=\"container-fluid p-0 nuestras-fabricas-item nuestras-fabricas-item-impar\" style=\"background-color: #D7CBB7;\">\n  <div class=\"row no-gutters\">\n    <div class=\"col-8\">\n      <div>\n        <p>En pleno proceso de crecimiento y con la intenci\u00f3n de llevar la cerveza San Miguel a nuevos horizontes, se inaugur\u00f3 en M\u00e1laga la segunda f\u00e1brica de San Miguel en Espa\u00f1a con una extensi\u00f3n de 57.000 m2.<\/p>\n        <p>Su objetivo era posicionarse en una ciudad que se preve\u00eda como uno de los destinos tur\u00edsticos m\u00e1s importantes de los pr\u00f3ximos a\u00f1os, y poder servir cerveza a toda la costa, adem\u00e1s de dar la bienvenida a los visitantes.<\/p>\n        <p>Para levantar esta nueva f\u00e1brica, se volvi\u00f3 a contar con la colaboraci\u00f3n de ingenieros procedentes de Filipinas, combinando su experiencia con el talento local.<\/p>\n        <p>En sus primeros a\u00f1os, la f\u00e1brica produjo 20 millones de litros al a\u00f1o. Hoy, su capacidad alcanza hasta 200 millones de litros.<\/p>\n      <\/div>\n    <\/div>\n    <div class=\"col-4\">\n      <img decoding=\"async\" src=\"https:\/\/www.sanmiguel.com\/es\/wp-content\/uploads\/sites\/2\/2026\/02\/fabrica-malaga.jpg\" alt=\"F\u00e1brica de San Miguel en M\u00e1laga\">\n    <\/div>\n  <\/div>\n<\/div>\n\n<div class=\"bloque-titulo-fabrica \" style=\"background-color: #A88A65;\">\n  <div class=\"container-fluid p-0 \"> <div class=\"row no-gutters\">\n      <div class=\"bloque-titulo-seccion\">\n        <h2 class=\"titulo\"><strong>Burgos<\/strong> (1970). La innovaci\u00f3n y la tecnolog\u00eda llegan para ser parte de San Miguel.<\/h2>\n        <h3>La f\u00e1brica que llev\u00f3 la producci\u00f3n a otro nivel.&nbsp;<\/h3>\n      <\/div>\n    <\/div>\n  <\/div>\n<\/div>\n\n<div class=\"container-fluid p-0 nuestras-fabricas-item\" style=\"background-color: #D7CBB7;\">\n  <div class=\"row no-gutters\">\n    <div class=\"col-8\">\n      <div>\n        <p>En 1965, la Compa\u00f1\u00eda Hispano Holandesa de Cervezas comenz\u00f3 a planificar una nueva f\u00e1brica en Burgos, incorporando tecnolog\u00edas innovadoras para la \u00e9poca. Fue la primera en Espa\u00f1a en implantar tanques de fermentaci\u00f3n y guarda cil\u00edndrica que se limpiaban autom\u00e1ticamente, mientras que las dem\u00e1s f\u00e1bricas del pa\u00eds utilizaban tanques horizontales y limpieza manual.<\/p>\n        <p>Estas innovaciones llamaron la atenci\u00f3n de San Miguel y, en 1970, adquiri\u00f3 la f\u00e1brica que elaboraba la cerveza Gulder, convirti\u00e9ndola en su tercer centro de producci\u00f3n en Espa\u00f1a con una extensi\u00f3n de 68.000 m2.<\/p>\n      <\/div>\n    <\/div>\n    <div class=\"col-4\">\n      <img decoding=\"async\" src=\"https:\/\/www.sanmiguel.com\/es\/wp-content\/uploads\/sites\/2\/2026\/02\/fabrica-burgos.jpg\" alt=\"F\u00e1brica de San Miguel en Burgos\">\n    <\/div>\n  <\/div>\n<\/div>\n\n<style>\n  .bloque-titulo-fabrica h2 { font-family: \"WorkSansFont\"; padding-bottom: 1rem}\n  .bloque-titulo-fabrica h2 strong { font-family: \"WorkSansBold\"; }\n  .bloque-titulo-fabrica h3 { font-family: \"WorkSansFont\"; font-size: 1.5rem; line-height: 1.5; padding-left: 4.9rem;  padding-right: 4.9rem; padding-bottom: 3rem}\n  .nuestras-fabricas-item .row {     align-items: stretch;}\n  .nuestras-fabricas-item .col-8 { padding-left: 4.9rem; padding-right: 4.9rem; padding-top: 3rem; padding-bottom: 3rem; display: flex; align-items: center;}\n  .nuestras-fabricas-item .col-8 p { font-size: calc(15px + 5 * ((100vw - 360px) \/ 1640)); line-height: calc(20px + 8 * ((100vw - 360px) \/ 1640)); color: #13322B; }\n  .nuestras-fabricas-item .col-4  img {width: 100%; height: 100%; object-fit: cover; }\n\n\n  .nuestras-fabricas-item-impar .col-8 { order: 1;}\n  .nuestras-fabricas-item-impar .col-4 { order: 0;}\n\n  @media (max-width: 768px) {\n    .bloque-titulo-fabrica h3 { padding-left:  2.5rem;  padding-right:  2.5rem; padding-bottom:  2.5rem}\n    .nuestras-fabricas-item .col-8 { width: 100%; max-width: 100%; flex: 100%; padding: 2.5rem;}\n    .nuestras-fabricas-item .col-4 { width: 100%; max-width: 100%; flex: 100%; padding: 0;}\n    .nuestras-fabricas-item-impar .col-8 { order: 0;}\n    .nuestras-fabricas-item-impar .col-4 { order: 1;}\n  }\n<\/style>\n","protected":false},"excerpt":{"rendered":"<p>Nuestras f\u00e1bricas Desde 1957, el mapa de San Miguel en Espa\u00f1a traza un recorrido de expansi\u00f3n y progreso: Lleida, nuestro origen. M\u00e1laga, el crecimiento. Burgos, la innovaci\u00f3n. Tres f\u00e1bricas que reflejan la esencia de nuestra historia cervecera. Lleida (1957). El origen de San Miguel en Espa\u00f1a. Las aguas del r\u00edo Segre, el esp\u00edritu emprendedor de [&hellip;]<\/p>\n","protected":false},"author":1,"featured_media":0,"parent":22129,"menu_order":0,"comment_status":"closed","ping_status":"closed","template":"","meta":{"_acf_changed":false,"inline_featured_image":false,"footnotes":""},"class_list":["post-27857","page","type-page","status-publish","hentry"],"acf":[],"yoast_head":"<!-- This site is optimized with the Yoast SEO plugin v27.4 - https:\/\/yoast.com\/product\/yoast-seo-wordpress\/ -->\n<title>Nuestras f\u00e1bricas | Cervezas San Miguel | ES<\/title>\n<meta name=\"description\" content=\"Descubre las f\u00e1bricas de Cervezas San Miguel en Lleida, M\u00e1laga y Burgos y conoce su historia, tradici\u00f3n e innovaci\u00f3n en cada proceso de elaboraci\u00f3n propia.\" \/>\n<meta name=\"robots\" content=\"index, follow, max-snippet:-1, max-image-preview:large, max-video-preview:-1\" \/>\n<link rel=\"canonical\" href=\"https:\/\/www.sanmiguel.com\/es\/historia\/nuestras-fabricas\/\" \/>\n<meta property=\"og:locale\" content=\"es_ES\" \/>\n<meta property=\"og:type\" content=\"article\" \/>\n<meta property=\"og:title\" content=\"Nuestras f\u00e1bricas | Cervezas San Miguel | ES\" \/>\n<meta property=\"og:description\" content=\"Descubre las f\u00e1bricas de Cervezas San Miguel en Lleida, M\u00e1laga y Burgos y conoce su historia, tradici\u00f3n e innovaci\u00f3n en cada proceso de elaboraci\u00f3n propia.\" \/>\n<meta property=\"og:url\" content=\"https:\/\/www.sanmiguel.com\/es\/historia\/nuestras-fabricas\/\" \/>\n<meta property=\"og:site_name\" content=\"Cervezas San Miguel | ES\" \/>\n<meta property=\"article:modified_time\" content=\"2026-03-11T10:44:04+00:00\" \/>\n<meta property=\"og:image\" content=\"https:\/\/www.sanmiguel.com\/es\/wp-content\/uploads\/sites\/2\/2026\/02\/mapa-fabricas.png\" \/>\n<meta name=\"twitter:card\" content=\"summary_large_image\" \/>\n<meta name=\"twitter:label1\" content=\"Tiempo de lectura\" \/>\n\t<meta name=\"twitter:data1\" content=\"4 minutos\" \/>\n<script type=\"application\/ld+json\" class=\"yoast-schema-graph\">{\"@context\":\"https:\\\/\\\/schema.org\",\"@graph\":[{\"@type\":\"WebPage\",\"@id\":\"https:\\\/\\\/www.sanmiguel.com\\\/es\\\/historia\\\/nuestras-fabricas\\\/\",\"url\":\"https:\\\/\\\/www.sanmiguel.com\\\/es\\\/historia\\\/nuestras-fabricas\\\/\",\"name\":\"Nuestras f\u00e1bricas | Cervezas San Miguel | ES\",\"isPartOf\":{\"@id\":\"https:\\\/\\\/www.sanmiguel.com\\\/es\\\/#website\"},\"primaryImageOfPage\":{\"@id\":\"https:\\\/\\\/www.sanmiguel.com\\\/es\\\/historia\\\/nuestras-fabricas\\\/#primaryimage\"},\"image\":{\"@id\":\"https:\\\/\\\/www.sanmiguel.com\\\/es\\\/historia\\\/nuestras-fabricas\\\/#primaryimage\"},\"thumbnailUrl\":\"https:\\\/\\\/www.sanmiguel.com\\\/es\\\/wp-content\\\/uploads\\\/sites\\\/2\\\/2026\\\/02\\\/mapa-fabricas.png\",\"datePublished\":\"2026-02-24T08:05:19+00:00\",\"dateModified\":\"2026-03-11T10:44:04+00:00\",\"description\":\"Descubre las f\u00e1bricas de Cervezas San Miguel en Lleida, M\u00e1laga y Burgos y conoce su historia, tradici\u00f3n e innovaci\u00f3n en cada proceso de elaboraci\u00f3n propia.\",\"breadcrumb\":{\"@id\":\"https:\\\/\\\/www.sanmiguel.com\\\/es\\\/historia\\\/nuestras-fabricas\\\/#breadcrumb\"},\"inLanguage\":\"es\",\"potentialAction\":[{\"@type\":\"ReadAction\",\"target\":[\"https:\\\/\\\/www.sanmiguel.com\\\/es\\\/historia\\\/nuestras-fabricas\\\/\"]}]},{\"@type\":\"ImageObject\",\"inLanguage\":\"es\",\"@id\":\"https:\\\/\\\/www.sanmiguel.com\\\/es\\\/historia\\\/nuestras-fabricas\\\/#primaryimage\",\"url\":\"https:\\\/\\\/www.sanmiguel.com\\\/es\\\/wp-content\\\/uploads\\\/sites\\\/2\\\/2026\\\/02\\\/mapa-fabricas.png\",\"contentUrl\":\"https:\\\/\\\/www.sanmiguel.com\\\/es\\\/wp-content\\\/uploads\\\/sites\\\/2\\\/2026\\\/02\\\/mapa-fabricas.png\",\"width\":1064,\"height\":730},{\"@type\":\"BreadcrumbList\",\"@id\":\"https:\\\/\\\/www.sanmiguel.com\\\/es\\\/historia\\\/nuestras-fabricas\\\/#breadcrumb\",\"itemListElement\":[{\"@type\":\"ListItem\",\"position\":1,\"name\":\"Portada\",\"item\":\"https:\\\/\\\/www.sanmiguel.com\\\/es\\\/\"},{\"@type\":\"ListItem\",\"position\":2,\"name\":\"Historia 2024\",\"item\":\"https:\\\/\\\/www.sanmiguel.com\\\/es\\\/historia\\\/\"},{\"@type\":\"ListItem\",\"position\":3,\"name\":\"Nuestras f\u00e1bricas\"}]},{\"@type\":\"WebSite\",\"@id\":\"https:\\\/\\\/www.sanmiguel.com\\\/es\\\/#website\",\"url\":\"https:\\\/\\\/www.sanmiguel.com\\\/es\\\/\",\"name\":\"Cervezas San Miguel | ES\",\"description\":\"Bienvenidos Cerveceros Inquietos\",\"publisher\":{\"@id\":\"https:\\\/\\\/www.sanmiguel.com\\\/es\\\/#organization\"},\"potentialAction\":[{\"@type\":\"SearchAction\",\"target\":{\"@type\":\"EntryPoint\",\"urlTemplate\":\"https:\\\/\\\/www.sanmiguel.com\\\/es\\\/?s={search_term_string}\"},\"query-input\":{\"@type\":\"PropertyValueSpecification\",\"valueRequired\":true,\"valueName\":\"search_term_string\"}}],\"inLanguage\":\"es\"},{\"@type\":\"Organization\",\"@id\":\"https:\\\/\\\/www.sanmiguel.com\\\/es\\\/#organization\",\"name\":\"Cervezas San Miguel\",\"url\":\"https:\\\/\\\/www.sanmiguel.com\\\/es\\\/\",\"logo\":{\"@type\":\"ImageObject\",\"inLanguage\":\"es\",\"@id\":\"https:\\\/\\\/www.sanmiguel.com\\\/es\\\/#\\\/schema\\\/logo\\\/image\\\/\",\"url\":\"https:\\\/\\\/www.sanmiguel.com\\\/es\\\/wp-content\\\/uploads\\\/sites\\\/2\\\/2022\\\/06\\\/cervezas-san-miguel-logo.jpg\",\"contentUrl\":\"https:\\\/\\\/www.sanmiguel.com\\\/es\\\/wp-content\\\/uploads\\\/sites\\\/2\\\/2022\\\/06\\\/cervezas-san-miguel-logo.jpg\",\"width\":400,\"height\":400,\"caption\":\"Cervezas San Miguel\"},\"image\":{\"@id\":\"https:\\\/\\\/www.sanmiguel.com\\\/es\\\/#\\\/schema\\\/logo\\\/image\\\/\"}}]}<\/script>\n<!-- \/ Yoast SEO plugin. -->","yoast_head_json":{"title":"Nuestras f\u00e1bricas | Cervezas San Miguel | ES","description":"Descubre las f\u00e1bricas de Cervezas San Miguel en Lleida, M\u00e1laga y Burgos y conoce su historia, tradici\u00f3n e innovaci\u00f3n en cada proceso de elaboraci\u00f3n propia.","robots":{"index":"index","follow":"follow","max-snippet":"max-snippet:-1","max-image-preview":"max-image-preview:large","max-video-preview":"max-video-preview:-1"},"canonical":"https:\/\/www.sanmiguel.com\/es\/historia\/nuestras-fabricas\/","og_locale":"es_ES","og_type":"article","og_title":"Nuestras f\u00e1bricas | Cervezas San Miguel | ES","og_description":"Descubre las f\u00e1bricas de Cervezas San Miguel en Lleida, M\u00e1laga y Burgos y conoce su historia, tradici\u00f3n e innovaci\u00f3n en cada proceso de elaboraci\u00f3n propia.","og_url":"https:\/\/www.sanmiguel.com\/es\/historia\/nuestras-fabricas\/","og_site_name":"Cervezas San Miguel | ES","article_modified_time":"2026-03-11T10:44:04+00:00","og_image":[{"url":"https:\/\/www.sanmiguel.com\/es\/wp-content\/uploads\/sites\/2\/2026\/02\/mapa-fabricas.png","type":"","width":"","height":""}],"twitter_card":"summary_large_image","twitter_misc":{"Tiempo de lectura":"4 minutos"},"schema":{"@context":"https:\/\/schema.org","@graph":[{"@type":"WebPage","@id":"https:\/\/www.sanmiguel.com\/es\/historia\/nuestras-fabricas\/","url":"https:\/\/www.sanmiguel.com\/es\/historia\/nuestras-fabricas\/","name":"Nuestras f\u00e1bricas | Cervezas San Miguel | ES","isPartOf":{"@id":"https:\/\/www.sanmiguel.com\/es\/#website"},"primaryImageOfPage":{"@id":"https:\/\/www.sanmiguel.com\/es\/historia\/nuestras-fabricas\/#primaryimage"},"image":{"@id":"https:\/\/www.sanmiguel.com\/es\/historia\/nuestras-fabricas\/#primaryimage"},"thumbnailUrl":"https:\/\/www.sanmiguel.com\/es\/wp-content\/uploads\/sites\/2\/2026\/02\/mapa-fabricas.png","datePublished":"2026-02-24T08:05:19+00:00","dateModified":"2026-03-11T10:44:04+00:00","description":"Descubre las f\u00e1bricas de Cervezas San Miguel en Lleida, M\u00e1laga y Burgos y conoce su historia, tradici\u00f3n e innovaci\u00f3n en cada proceso de elaboraci\u00f3n propia.","breadcrumb":{"@id":"https:\/\/www.sanmiguel.com\/es\/historia\/nuestras-fabricas\/#breadcrumb"},"inLanguage":"es","potentialAction":[{"@type":"ReadAction","target":["https:\/\/www.sanmiguel.com\/es\/historia\/nuestras-fabricas\/"]}]},{"@type":"ImageObject","inLanguage":"es","@id":"https:\/\/www.sanmiguel.com\/es\/historia\/nuestras-fabricas\/#primaryimage","url":"https:\/\/www.sanmiguel.com\/es\/wp-content\/uploads\/sites\/2\/2026\/02\/mapa-fabricas.png","contentUrl":"https:\/\/www.sanmiguel.com\/es\/wp-content\/uploads\/sites\/2\/2026\/02\/mapa-fabricas.png","width":1064,"height":730},{"@type":"BreadcrumbList","@id":"https:\/\/www.sanmiguel.com\/es\/historia\/nuestras-fabricas\/#breadcrumb","itemListElement":[{"@type":"ListItem","position":1,"name":"Portada","item":"https:\/\/www.sanmiguel.com\/es\/"},{"@type":"ListItem","position":2,"name":"Historia 2024","item":"https:\/\/www.sanmiguel.com\/es\/historia\/"},{"@type":"ListItem","position":3,"name":"Nuestras f\u00e1bricas"}]},{"@type":"WebSite","@id":"https:\/\/www.sanmiguel.com\/es\/#website","url":"https:\/\/www.sanmiguel.com\/es\/","name":"Cervezas San Miguel | ES","description":"Bienvenidos Cerveceros Inquietos","publisher":{"@id":"https:\/\/www.sanmiguel.com\/es\/#organization"},"potentialAction":[{"@type":"SearchAction","target":{"@type":"EntryPoint","urlTemplate":"https:\/\/www.sanmiguel.com\/es\/?s={search_term_string}"},"query-input":{"@type":"PropertyValueSpecification","valueRequired":true,"valueName":"search_term_string"}}],"inLanguage":"es"},{"@type":"Organization","@id":"https:\/\/www.sanmiguel.com\/es\/#organization","name":"Cervezas San Miguel","url":"https:\/\/www.sanmiguel.com\/es\/","logo":{"@type":"ImageObject","inLanguage":"es","@id":"https:\/\/www.sanmiguel.com\/es\/#\/schema\/logo\/image\/","url":"https:\/\/www.sanmiguel.com\/es\/wp-content\/uploads\/sites\/2\/2022\/06\/cervezas-san-miguel-logo.jpg","contentUrl":"https:\/\/www.sanmiguel.com\/es\/wp-content\/uploads\/sites\/2\/2022\/06\/cervezas-san-miguel-logo.jpg","width":400,"height":400,"caption":"Cervezas San Miguel"},"image":{"@id":"https:\/\/www.sanmiguel.com\/es\/#\/schema\/logo\/image\/"}}]}},"_links":{"self":[{"href":"https:\/\/www.sanmiguel.com\/es\/wp-json\/wp\/v2\/pages\/27857","targetHints":{"allow":["GET"]}}],"collection":[{"href":"https:\/\/www.sanmiguel.com\/es\/wp-json\/wp\/v2\/pages"}],"about":[{"href":"https:\/\/www.sanmiguel.com\/es\/wp-json\/wp\/v2\/types\/page"}],"author":[{"embeddable":true,"href":"https:\/\/www.sanmiguel.com\/es\/wp-json\/wp\/v2\/users\/1"}],"replies":[{"embeddable":true,"href":"https:\/\/www.sanmiguel.com\/es\/wp-json\/wp\/v2\/comments?post=27857"}],"version-history":[{"count":31,"href":"https:\/\/www.sanmiguel.com\/es\/wp-json\/wp\/v2\/pages\/27857\/revisions"}],"predecessor-version":[{"id":27950,"href":"https:\/\/www.sanmiguel.com\/es\/wp-json\/wp\/v2\/pages\/27857\/revisions\/27950"}],"up":[{"embeddable":true,"href":"https:\/\/www.sanmiguel.com\/es\/wp-json\/wp\/v2\/pages\/22129"}],"wp:attachment":[{"href":"https:\/\/www.sanmiguel.com\/es\/wp-json\/wp\/v2\/media?parent=27857"}],"curies":[{"name":"wp","href":"https:\/\/api.w.org\/{rel}","templated":true}]}}