{"id":27124,"date":"2025-11-18T07:13:39","date_gmt":"2025-11-18T07:13:39","guid":{"rendered":"https:\/\/www.sanmiguel.com\/es\/?page_id=27124"},"modified":"2025-12-22T07:18:08","modified_gmt":"2025-12-22T07:18:08","slug":"san-miguel-00-manzana","status":"publish","type":"page","link":"https:\/\/www.sanmiguel.com\/es\/historia\/cervezas\/otras-cervezas\/san-miguel-00-manzana\/","title":{"rendered":"San Miguel 0,0 Manzana"},"content":{"rendered":"\n<div class=\"historia-ficha\">\n    <div class=\"row no-gutters\">\n        <div class=\"historia-ficha-info\">\n            <h2>2015<\/h2>\n            <h1>San Miguel 0,0 Manzana: un recuerdo refrescante<\/h1>\n\n            <div class=\"historia-cuerpo\">\n                <p>En 2015 lanzamos San Miguel 0,0 Manzana, una cerveza sin alcohol que destac\u00f3 por su car\u00e1cter innovador dentro de las 0,0. Disponible tanto en Espa\u00f1a como en Guinea, se convirti\u00f3 en una opci\u00f3n muy apreciada por quienes buscaban una bebida ligera, afrutada y diferente. <\/p>\r\n<p>Esta cerveza se caracterizaba por su color p\u00e1lido y brillante, coronado por una espuma cremosa y consistente. Su personalidad ven\u00eda marcada por un intenso aroma a manzana verde fresca y un sabor equilibrado en el que se combinaban la acidez natural de la fruta y un delicado toque de malta. El resultado era una bebida f\u00e1cil de disfrutar, desenfadada y perfecta para refrescarse en cualquier momento del d\u00eda.<\/p>\r\n\r\n<p>Aunque en 2025 dejamos de producirla, si echas de menos su frescura, tenemos la sustituta ideal: <a href=\"https:\/\/www.sanmiguel.com\/es\/cervezas\/san-miguel-00-radler\/\" title=\"San Miguel 0,0 Radler\">San Miguel 0,0 Radler<\/a>. Una aut\u00e9ntica cerveza 0,0 con zumo natural de lim\u00f3n, que combina notas c\u00edtricas y ligeramente amargas, ofreciendo una experiencia suave, refrescante e igual de desenfadada, perfecta para quienes buscan la misma sensaci\u00f3n refrescante que hac\u00eda tan especial a San Miguel 0,0 Manzana. <\/p>\n            <\/div>\n        <\/div>\n\n        <div class=\"historia-ficha-img\">\n            <a class=\"enlace\" data-fancybox href=\"https:\/\/www.sanmiguel.com\/es\/wp-content\/uploads\/sites\/2\/2025\/11\/sanmiguel-00-manzana-378x568-c-default.webp\"  title=\"Ver San Miguel 0,0 Manzana: un recuerdo refrescante\">\n                <img decoding=\"async\" alt=\"San&#x20;Miguel&#x20;0,0&#x20;Manzana&#x3A;&#x20;un&#x20;recuerdo&#x20;refrescante\" srcset=\"https:\/\/www.sanmiguel.com\/es\/wp-content\/uploads\/sites\/2\/2025\/11\/sanmiguel-00-manzana-332x497-c-default.webp 412w,https:\/\/www.sanmiguel.com\/es\/wp-content\/uploads\/sites\/2\/2025\/11\/sanmiguel-00-manzana-378x568-c-default.webp 751w,https:\/\/www.sanmiguel.com\/es\/wp-content\/uploads\/sites\/2\/2025\/11\/sanmiguel-00-manzana-378x568-c-default.webp 1367w\" sizes=\"(max-width: 500px) 412px, (min-width: 501px) and (max-width: 1366px) 751px, (min-width: 1367px) 1367px\" src=\"https:\/\/www.sanmiguel.com\/es\/wp-content\/uploads\/sites\/2\/2025\/11\/sanmiguel-00-manzana-378x568-c-default.webp\" loading=\"lazy\" class=\"img-fluid\"\/>\n            <\/a>\n        <\/div>\n\n\n    <\/div>\n<\/div>","protected":false},"excerpt":{"rendered":"","protected":false},"author":1,"featured_media":0,"parent":22231,"menu_order":0,"comment_status":"closed","ping_status":"closed","template":"page-historia-ficha-cervezas-otras.php","meta":{"_acf_changed":false,"inline_featured_image":false,"footnotes":""},"class_list":["post-27124","page","type-page","status-publish","hentry"],"acf":[],"yoast_head":"<!-- This site is optimized with the Yoast SEO plugin v27.4 - https:\/\/yoast.com\/product\/yoast-seo-wordpress\/ -->\n<title>San Miguel 0,0 Manzana | Cervezas San Miguel | ES<\/title>\n<meta name=\"description\" content=\"Conoce la historia de San Miguel 0,0 Manzana, la cerveza sin alcohol que conquist\u00f3 a quienes buscaban algo diferente.\" \/>\n<meta name=\"robots\" content=\"index, follow, max-snippet:-1, max-image-preview:large, max-video-preview:-1\" \/>\n<link rel=\"canonical\" href=\"https:\/\/www.sanmiguel.com\/es\/historia\/cervezas\/otras-cervezas\/san-miguel-00-manzana\/\" \/>\n<meta property=\"og:locale\" content=\"es_ES\" \/>\n<meta property=\"og:type\" content=\"article\" \/>\n<meta property=\"og:title\" content=\"San Miguel 0,0 Manzana | Cervezas San Miguel | ES\" \/>\n<meta property=\"og:description\" content=\"Conoce la historia de San Miguel 0,0 Manzana, la cerveza sin alcohol que conquist\u00f3 a quienes buscaban algo diferente.\" \/>\n<meta property=\"og:url\" content=\"https:\/\/www.sanmiguel.com\/es\/historia\/cervezas\/otras-cervezas\/san-miguel-00-manzana\/\" \/>\n<meta property=\"og:site_name\" content=\"Cervezas San Miguel | ES\" \/>\n<meta property=\"article:modified_time\" content=\"2025-12-22T07:18:08+00:00\" \/>\n<meta name=\"twitter:card\" content=\"summary_large_image\" \/>\n<script type=\"application\/ld+json\" class=\"yoast-schema-graph\">{\"@context\":\"https:\\\/\\\/schema.org\",\"@graph\":[{\"@type\":\"WebPage\",\"@id\":\"https:\\\/\\\/www.sanmiguel.com\\\/es\\\/historia\\\/cervezas\\\/otras-cervezas\\\/san-miguel-00-manzana\\\/\",\"url\":\"https:\\\/\\\/www.sanmiguel.com\\\/es\\\/historia\\\/cervezas\\\/otras-cervezas\\\/san-miguel-00-manzana\\\/\",\"name\":\"San Miguel 0,0 Manzana | Cervezas San Miguel | ES\",\"isPartOf\":{\"@id\":\"https:\\\/\\\/www.sanmiguel.com\\\/es\\\/#website\"},\"datePublished\":\"2025-11-18T07:13:39+00:00\",\"dateModified\":\"2025-12-22T07:18:08+00:00\",\"description\":\"Conoce la historia de San Miguel 0,0 Manzana, la cerveza sin alcohol que conquist\u00f3 a quienes buscaban algo diferente.\",\"breadcrumb\":{\"@id\":\"https:\\\/\\\/www.sanmiguel.com\\\/es\\\/historia\\\/cervezas\\\/otras-cervezas\\\/san-miguel-00-manzana\\\/#breadcrumb\"},\"inLanguage\":\"es\",\"potentialAction\":[{\"@type\":\"ReadAction\",\"target\":[\"https:\\\/\\\/www.sanmiguel.com\\\/es\\\/historia\\\/cervezas\\\/otras-cervezas\\\/san-miguel-00-manzana\\\/\"]}]},{\"@type\":\"BreadcrumbList\",\"@id\":\"https:\\\/\\\/www.sanmiguel.com\\\/es\\\/historia\\\/cervezas\\\/otras-cervezas\\\/san-miguel-00-manzana\\\/#breadcrumb\",\"itemListElement\":[{\"@type\":\"ListItem\",\"position\":1,\"name\":\"Portada\",\"item\":\"https:\\\/\\\/www.sanmiguel.com\\\/es\\\/\"},{\"@type\":\"ListItem\",\"position\":2,\"name\":\"Historia 2024\",\"item\":\"https:\\\/\\\/www.sanmiguel.com\\\/es\\\/historia\\\/\"},{\"@type\":\"ListItem\",\"position\":3,\"name\":\"Cervezas\",\"item\":\"https:\\\/\\\/www.sanmiguel.com\\\/es\\\/historia\\\/cervezas\\\/\"},{\"@type\":\"ListItem\",\"position\":4,\"name\":\"Otras Cervezas\",\"item\":\"https:\\\/\\\/www.sanmiguel.com\\\/es\\\/historia\\\/cervezas\\\/otras-cervezas\\\/\"},{\"@type\":\"ListItem\",\"position\":5,\"name\":\"San Miguel 0,0 Manzana\"}]},{\"@type\":\"WebSite\",\"@id\":\"https:\\\/\\\/www.sanmiguel.com\\\/es\\\/#website\",\"url\":\"https:\\\/\\\/www.sanmiguel.com\\\/es\\\/\",\"name\":\"Cervezas San Miguel | ES\",\"description\":\"Bienvenidos Cerveceros Inquietos\",\"publisher\":{\"@id\":\"https:\\\/\\\/www.sanmiguel.com\\\/es\\\/#organization\"},\"potentialAction\":[{\"@type\":\"SearchAction\",\"target\":{\"@type\":\"EntryPoint\",\"urlTemplate\":\"https:\\\/\\\/www.sanmiguel.com\\\/es\\\/?s={search_term_string}\"},\"query-input\":{\"@type\":\"PropertyValueSpecification\",\"valueRequired\":true,\"valueName\":\"search_term_string\"}}],\"inLanguage\":\"es\"},{\"@type\":\"Organization\",\"@id\":\"https:\\\/\\\/www.sanmiguel.com\\\/es\\\/#organization\",\"name\":\"Cervezas San Miguel\",\"url\":\"https:\\\/\\\/www.sanmiguel.com\\\/es\\\/\",\"logo\":{\"@type\":\"ImageObject\",\"inLanguage\":\"es\",\"@id\":\"https:\\\/\\\/www.sanmiguel.com\\\/es\\\/#\\\/schema\\\/logo\\\/image\\\/\",\"url\":\"https:\\\/\\\/www.sanmiguel.com\\\/es\\\/wp-content\\\/uploads\\\/sites\\\/2\\\/2022\\\/06\\\/cervezas-san-miguel-logo.jpg\",\"contentUrl\":\"https:\\\/\\\/www.sanmiguel.com\\\/es\\\/wp-content\\\/uploads\\\/sites\\\/2\\\/2022\\\/06\\\/cervezas-san-miguel-logo.jpg\",\"width\":400,\"height\":400,\"caption\":\"Cervezas San Miguel\"},\"image\":{\"@id\":\"https:\\\/\\\/www.sanmiguel.com\\\/es\\\/#\\\/schema\\\/logo\\\/image\\\/\"}}]}<\/script>\n<!-- \/ Yoast SEO plugin. -->","yoast_head_json":{"title":"San Miguel 0,0 Manzana | Cervezas San Miguel | ES","description":"Conoce la historia de San Miguel 0,0 Manzana, la cerveza sin alcohol que conquist\u00f3 a quienes buscaban algo diferente.","robots":{"index":"index","follow":"follow","max-snippet":"max-snippet:-1","max-image-preview":"max-image-preview:large","max-video-preview":"max-video-preview:-1"},"canonical":"https:\/\/www.sanmiguel.com\/es\/historia\/cervezas\/otras-cervezas\/san-miguel-00-manzana\/","og_locale":"es_ES","og_type":"article","og_title":"San Miguel 0,0 Manzana | Cervezas San Miguel | ES","og_description":"Conoce la historia de San Miguel 0,0 Manzana, la cerveza sin alcohol que conquist\u00f3 a quienes buscaban algo diferente.","og_url":"https:\/\/www.sanmiguel.com\/es\/historia\/cervezas\/otras-cervezas\/san-miguel-00-manzana\/","og_site_name":"Cervezas San Miguel | ES","article_modified_time":"2025-12-22T07:18:08+00:00","twitter_card":"summary_large_image","schema":{"@context":"https:\/\/schema.org","@graph":[{"@type":"WebPage","@id":"https:\/\/www.sanmiguel.com\/es\/historia\/cervezas\/otras-cervezas\/san-miguel-00-manzana\/","url":"https:\/\/www.sanmiguel.com\/es\/historia\/cervezas\/otras-cervezas\/san-miguel-00-manzana\/","name":"San Miguel 0,0 Manzana | Cervezas San Miguel | ES","isPartOf":{"@id":"https:\/\/www.sanmiguel.com\/es\/#website"},"datePublished":"2025-11-18T07:13:39+00:00","dateModified":"2025-12-22T07:18:08+00:00","description":"Conoce la historia de San Miguel 0,0 Manzana, la cerveza sin alcohol que conquist\u00f3 a quienes buscaban algo diferente.","breadcrumb":{"@id":"https:\/\/www.sanmiguel.com\/es\/historia\/cervezas\/otras-cervezas\/san-miguel-00-manzana\/#breadcrumb"},"inLanguage":"es","potentialAction":[{"@type":"ReadAction","target":["https:\/\/www.sanmiguel.com\/es\/historia\/cervezas\/otras-cervezas\/san-miguel-00-manzana\/"]}]},{"@type":"BreadcrumbList","@id":"https:\/\/www.sanmiguel.com\/es\/historia\/cervezas\/otras-cervezas\/san-miguel-00-manzana\/#breadcrumb","itemListElement":[{"@type":"ListItem","position":1,"name":"Portada","item":"https:\/\/www.sanmiguel.com\/es\/"},{"@type":"ListItem","position":2,"name":"Historia 2024","item":"https:\/\/www.sanmiguel.com\/es\/historia\/"},{"@type":"ListItem","position":3,"name":"Cervezas","item":"https:\/\/www.sanmiguel.com\/es\/historia\/cervezas\/"},{"@type":"ListItem","position":4,"name":"Otras Cervezas","item":"https:\/\/www.sanmiguel.com\/es\/historia\/cervezas\/otras-cervezas\/"},{"@type":"ListItem","position":5,"name":"San Miguel 0,0 Manzana"}]},{"@type":"WebSite","@id":"https:\/\/www.sanmiguel.com\/es\/#website","url":"https:\/\/www.sanmiguel.com\/es\/","name":"Cervezas San Miguel | ES","description":"Bienvenidos Cerveceros Inquietos","publisher":{"@id":"https:\/\/www.sanmiguel.com\/es\/#organization"},"potentialAction":[{"@type":"SearchAction","target":{"@type":"EntryPoint","urlTemplate":"https:\/\/www.sanmiguel.com\/es\/?s={search_term_string}"},"query-input":{"@type":"PropertyValueSpecification","valueRequired":true,"valueName":"search_term_string"}}],"inLanguage":"es"},{"@type":"Organization","@id":"https:\/\/www.sanmiguel.com\/es\/#organization","name":"Cervezas San Miguel","url":"https:\/\/www.sanmiguel.com\/es\/","logo":{"@type":"ImageObject","inLanguage":"es","@id":"https:\/\/www.sanmiguel.com\/es\/#\/schema\/logo\/image\/","url":"https:\/\/www.sanmiguel.com\/es\/wp-content\/uploads\/sites\/2\/2022\/06\/cervezas-san-miguel-logo.jpg","contentUrl":"https:\/\/www.sanmiguel.com\/es\/wp-content\/uploads\/sites\/2\/2022\/06\/cervezas-san-miguel-logo.jpg","width":400,"height":400,"caption":"Cervezas San Miguel"},"image":{"@id":"https:\/\/www.sanmiguel.com\/es\/#\/schema\/logo\/image\/"}}]}},"_links":{"self":[{"href":"https:\/\/www.sanmiguel.com\/es\/wp-json\/wp\/v2\/pages\/27124","targetHints":{"allow":["GET"]}}],"collection":[{"href":"https:\/\/www.sanmiguel.com\/es\/wp-json\/wp\/v2\/pages"}],"about":[{"href":"https:\/\/www.sanmiguel.com\/es\/wp-json\/wp\/v2\/types\/page"}],"author":[{"embeddable":true,"href":"https:\/\/www.sanmiguel.com\/es\/wp-json\/wp\/v2\/users\/1"}],"replies":[{"embeddable":true,"href":"https:\/\/www.sanmiguel.com\/es\/wp-json\/wp\/v2\/comments?post=27124"}],"version-history":[{"count":18,"href":"https:\/\/www.sanmiguel.com\/es\/wp-json\/wp\/v2\/pages\/27124\/revisions"}],"predecessor-version":[{"id":27155,"href":"https:\/\/www.sanmiguel.com\/es\/wp-json\/wp\/v2\/pages\/27124\/revisions\/27155"}],"up":[{"embeddable":true,"href":"https:\/\/www.sanmiguel.com\/es\/wp-json\/wp\/v2\/pages\/22231"}],"wp:attachment":[{"href":"https:\/\/www.sanmiguel.com\/es\/wp-json\/wp\/v2\/media?parent=27124"}],"curies":[{"name":"wp","href":"https:\/\/api.w.org\/{rel}","templated":true}]}}