{"id":23586,"date":"2024-11-21T15:49:51","date_gmt":"2024-11-21T15:49:51","guid":{"rendered":"https:\/\/www.sanmiguel.com\/es\/?page_id=23586"},"modified":"2025-12-22T07:18:22","modified_gmt":"2025-12-22T07:18:22","slug":"futbol","status":"publish","type":"page","link":"https:\/\/www.sanmiguel.com\/es\/historia\/deporte\/futbol\/","title":{"rendered":"San Miguel y el f\u00fatbol"},"content":{"rendered":"\r\n  <div class=\"bloque-titulo  \">\n    <div class=\"container-fluid p-0 \">\n      <div class=\"row no-gutters\">\n        <div class=\"bloque-titulo-seccion\">\n          <h1 class=\"titulo\">San Miguel y el f\u00fatbol<\/h1>\n        <\/div>\n      <\/div>\n    <\/div>\n  <\/div>\n\n\n\n<style>\n\t.galerialightbox-block {\n\t\tposition: relative;\n\t\twidth: 100%;\n\t\theight: 100%;\n\t\tpadding-left: 4.9rem;\n\t\tpadding-right: 4.9rem;\n\t\tmargin-bottom: 4.9rem;\n\t}\n\t.galerialightbox-grid {\n\t\tdisplay: grid;\n\t\tgrid-template-columns: repeat(4, 1fr);\n\t\tgrid-gap: 40px;\n\t}\n\t.galerialightbox-item {\n\t\tposition: relative;\n\t\twidth: 100%;\n\t\theight: 100%;\n\t\toverflow: hidden;\n\t\tbackground: #d7cbb7;\n\t}\n\t.galerialightbox-img {\n\t\taspect-ratio: 4 \/ 5;\n\t\toverflow: hidden;\n\t\tposition: relative;\n\t}\n\t.galerialightbox-img img.poster {\n\t\twidth: 100%;\n\t\theight: 100%;\n\t\tobject-fit: cover;\n\t}\n\t.galerialightbox-item a.enlace {\n\t\tposition: absolute;\n\t\ttop: 0;\n\t\tright: 0;\n\t\tbottom: 0;\n\t\tleft: 0;\n\t\tz-index: 2;\n\t}\n\t.galerialightbox-content {\n\t\tpadding: 2rem;\n\t}\n\t.galerialightbox-content h3.galeria-ano {\n\t\tfont-size: calc(15px + 5*((100vw - 360px) \/ 1640));\n\t\tline-height: calc(20px + 8*((100vw - 360px) \/ 1640));\n\t\tcolor: #13322b;\n\t\tmargin: 10px 0 0;\n\t}\n\t.galerialightbox-content h3.galeria-titulo {\n\t\tfont-size: calc(20px + 5*((100vw - 360px) \/ 1640));\n\t\tline-height: calc(20px + 8*((100vw - 360px) \/ 1640));\n\t\tcolor: #13322b;\n\t\tmargin: 0;\n\t\tfont-family: \"WorkSansBold\", sans-serif;\n\t\ttext-transform: uppercase;\n\t}\n\t.galerialightbox-text {\n\t\tline-height: 1.4;\n\t\tmargin-top: 10px;\n\t}\n\n\t.galerialightbox-text .read-more {\n\t\ttext-transform: none;\n\t\ttext-decoration: underline;\n\t}\n\n\t.enlace-post {\n\t\ttext-transform: none;\n\t}\n\t.enlace-post:hover {\n\t\tcursor: pointer;\n\t\tcolor: #13322B;\n\t\ttext-decoration: none;\n\t}\n\n\t@media(max-width: 1024px) {\n\t\t.galerialightbox-grid {\n\t\t\tgrid-template-columns: repeat(3, 1fr);\n\t\t}\n\t}\n\n\t@media(max-width: 768px) {\n\t\t.galerialightbox-block {\n\t\t\tpadding-left:2.5rem;\n\t\t\tpadding-right:2.5rem;\n\t\t\tmargin-bottom:2.5rem;\n\t\t}\n\t\t.galerialightbox-grid {\n\t\t\tgrid-template-columns:repeat(2, 1fr);\n\t\t}\n\t}\n\n\t@media(max-width: 480px) {\n\t\t.galerialightbox-grid {\n\t\t\tgrid-template-columns:repeat(1, 1fr);\n\t\t}\n\t}\n<\/style>\n\n<div class=\"galerialightbox-block\">\n\t<div class=\"galerialightbox-grid\">\n\t\t\t\t\t<div class=\"galerialightbox-item\">\n\t\t\t\t<div class=\"galerialightbox-img\">\n\t\t\t\t\t\t\t\t\t\t\t<a class=\"enlace\" data-fancybox href=\"https:\/\/www.sanmiguel.com\/es\/wp-content\/uploads\/sites\/2\/2024\/11\/futbol-playa-2-full-872x1168-c-default.webp\" title=\"Ver F\u00fatbol playa\"><\/a>\n\t\t\t\t\t\t\t\t\t\t<img decoding=\"async\" class=\"poster\" srcset=\"https:\/\/www.sanmiguel.com\/es\/wp-content\/uploads\/sites\/2\/2024\/11\/futbol-playa-2-full-330x442-c-default.webp 412w,https:\/\/www.sanmiguel.com\/es\/wp-content\/uploads\/sites\/2\/2024\/11\/futbol-playa-2-full-765x1025-c-default.webp 751w,https:\/\/www.sanmiguel.com\/es\/wp-content\/uploads\/sites\/2\/2024\/11\/futbol-playa-2-full-872x1168-c-default.webp 1367w\" sizes=\"(max-width: 500px) 412px, (min-width: 501px) and (max-width: 1366px) 751px, (min-width: 1367px) 1367px\" src=\"https:\/\/www.sanmiguel.com\/es\/wp-content\/uploads\/sites\/2\/2024\/11\/futbol-playa-2-full-765x1025-c-default.webp\" alt=\"F\u00fatbol playa\" loading=\"lazy\"\/>\n\t\t\t\t<\/div>\n\n\t\t\t\t<div class=\"galerialightbox-content\">\n\t\t\t\t\t<h3 class=\"galeria-ano\">1960<\/h3>\n\t\t\t\t\t<h3 class=\"galeria-titulo\">F\u00fatbol playa<\/h3>\n\t\t\t\t\t\t\t\t\t\t\t<div class=\"galerialightbox-text\">Los guipuzcoanos se disputaban el mejor sitio de la barandilla o del voladizo de la Playa de Zarautz para no perderse detalle de las jugadas maestras del tradicional partido de f\u00fatbol playa que se celebra en Guip\u00fazcoa desde hace m\u00e1s de 70 a\u00f1os. Nosotros estuvimos presentes en la competici\u00f3n en los 60, la mejor excusa del mundo para poder disfrutar de la fant\u00e1stica gastronom\u00eda vasca con una San Miguel.<\/div>\n\t\t\t\t\t\t\t\t\t<\/div>\n\n\t\t\t<\/div>\n\t\t\t\t\t<div class=\"galerialightbox-item\">\n\t\t\t\t<div class=\"galerialightbox-img\">\n\t\t\t\t\t\t\t\t\t\t\t<a class=\"enlace\" data-fancybox href=\"https:\/\/www.sanmiguel.com\/es\/wp-content\/uploads\/sites\/2\/2024\/11\/torneo-costa-del-sol-2-full-scaled-872x1168-c-default.webp\" title=\"Ver Torneo costa del sol\"><\/a>\n\t\t\t\t\t\t\t\t\t\t<img decoding=\"async\" class=\"poster\" srcset=\"https:\/\/www.sanmiguel.com\/es\/wp-content\/uploads\/sites\/2\/2024\/11\/torneo-costa-del-sol-2-full-scaled-330x442-c-default.webp 412w,https:\/\/www.sanmiguel.com\/es\/wp-content\/uploads\/sites\/2\/2024\/11\/torneo-costa-del-sol-2-full-scaled-765x1025-c-default.webp 751w,https:\/\/www.sanmiguel.com\/es\/wp-content\/uploads\/sites\/2\/2024\/11\/torneo-costa-del-sol-2-full-scaled-872x1168-c-default.webp 1367w\" sizes=\"(max-width: 500px) 412px, (min-width: 501px) and (max-width: 1366px) 751px, (min-width: 1367px) 1367px\" src=\"https:\/\/www.sanmiguel.com\/es\/wp-content\/uploads\/sites\/2\/2024\/11\/torneo-costa-del-sol-2-full-scaled-765x1025-c-default.webp\" alt=\"Torneo costa del sol\" loading=\"lazy\"\/>\n\t\t\t\t<\/div>\n\n\t\t\t\t<div class=\"galerialightbox-content\">\n\t\t\t\t\t<h3 class=\"galeria-ano\">1966<\/h3>\n\t\t\t\t\t<h3 class=\"galeria-titulo\">Torneo costa del sol<\/h3>\n\t\t\t\t\t\t\t\t\t\t\t<div class=\"galerialightbox-text\">Con la apertura de nuestra f\u00e1brica de M\u00e1laga en 1966 comenzamos a estar presentes tambi\u00e9n en los eventos deportivos que celebraba la ciudad. Ese mismo a\u00f1o patrocinamos por primera vez el VI Torneo Internacional de la Costal del Sol con el que entablar\u00edamos una larga relaci\u00f3n de apoyo. Ese a\u00f1o, vivimos una final emocionante en la que el Tottenham se proclam\u00f3 ganador con un resultado de 2-1 contra el Benfica.<\/div>\n\t\t\t\t\t\t\t\t\t<\/div>\n\n\t\t\t<\/div>\n\t\t\t\t\t<div class=\"galerialightbox-item\">\n\t\t\t\t<div class=\"galerialightbox-img\">\n\t\t\t\t\t\t\t\t\t\t\t<a class=\"enlace\" data-fancybox href=\"https:\/\/www.sanmiguel.com\/es\/wp-content\/uploads\/sites\/2\/2024\/11\/valencia-cf-full-scaled-872x1168-c-default.webp\" title=\"Ver Almanaque deportivo\"><\/a>\n\t\t\t\t\t\t\t\t\t\t<img decoding=\"async\" class=\"poster\" srcset=\"https:\/\/www.sanmiguel.com\/es\/wp-content\/uploads\/sites\/2\/2024\/11\/valencia-cf-full-scaled-330x442-c-default.webp 412w,https:\/\/www.sanmiguel.com\/es\/wp-content\/uploads\/sites\/2\/2024\/11\/valencia-cf-full-scaled-765x1025-c-default.webp 751w,https:\/\/www.sanmiguel.com\/es\/wp-content\/uploads\/sites\/2\/2024\/11\/valencia-cf-full-scaled-872x1168-c-default.webp 1367w\" sizes=\"(max-width: 500px) 412px, (min-width: 501px) and (max-width: 1366px) 751px, (min-width: 1367px) 1367px\" src=\"https:\/\/www.sanmiguel.com\/es\/wp-content\/uploads\/sites\/2\/2024\/11\/valencia-cf-full-scaled-765x1025-c-default.webp\" alt=\"Almanaque deportivo\" loading=\"lazy\"\/>\n\t\t\t\t<\/div>\n\n\t\t\t\t<div class=\"galerialightbox-content\">\n\t\t\t\t\t<h3 class=\"galeria-ano\">1971<\/h3>\n\t\t\t\t\t<h3 class=\"galeria-titulo\">Almanaque deportivo<\/h3>\n\t\t\t\t\t\t\t\t\t\t\t<div class=\"galerialightbox-text\">Ahora est\u00e1 internet y es m\u00e1s f\u00e1cil estar al tanto, pero en los a\u00f1os 70 hab\u00eda que ingeni\u00e1rselas de otra manera. En San Miguel sacamos este almanaque deportivo en el que los seguidores del Valencia Club de F\u00fatbol pod\u00edan tener controlados todos los duelos futbol\u00edsticos del su equipo y calcular los puntos que quedaban por ganar a medida que iba avanzando la competici\u00f3n.<\/div>\n\t\t\t\t\t\t\t\t\t<\/div>\n\n\t\t\t<\/div>\n\t\t\t\t\t<div class=\"galerialightbox-item\">\n\t\t\t\t<div class=\"galerialightbox-img\">\n\t\t\t\t\t\t\t\t\t\t\t<a class=\"enlace\" data-fancybox href=\"https:\/\/www.sanmiguel.com\/es\/wp-content\/uploads\/sites\/2\/2024\/11\/campeonato-de-futbol-plata-full-scaled-872x1168-c-default.webp\" title=\"Ver Campeonato de F\u00fatbol Playa\"><\/a>\n\t\t\t\t\t\t\t\t\t\t<img decoding=\"async\" class=\"poster\" srcset=\"https:\/\/www.sanmiguel.com\/es\/wp-content\/uploads\/sites\/2\/2024\/11\/campeonato-de-futbol-plata-full-scaled-330x442-c-default.webp 412w,https:\/\/www.sanmiguel.com\/es\/wp-content\/uploads\/sites\/2\/2024\/11\/campeonato-de-futbol-plata-full-scaled-765x1025-c-default.webp 751w,https:\/\/www.sanmiguel.com\/es\/wp-content\/uploads\/sites\/2\/2024\/11\/campeonato-de-futbol-plata-full-scaled-872x1168-c-default.webp 1367w\" sizes=\"(max-width: 500px) 412px, (min-width: 501px) and (max-width: 1366px) 751px, (min-width: 1367px) 1367px\" src=\"https:\/\/www.sanmiguel.com\/es\/wp-content\/uploads\/sites\/2\/2024\/11\/campeonato-de-futbol-plata-full-scaled-765x1025-c-default.webp\" alt=\"Campeonato de F\u00fatbol Playa\" loading=\"lazy\"\/>\n\t\t\t\t<\/div>\n\n\t\t\t\t<div class=\"galerialightbox-content\">\n\t\t\t\t\t<h3 class=\"galeria-ano\">1994<\/h3>\n\t\t\t\t\t<h3 class=\"galeria-titulo\">Campeonato de F\u00fatbol Playa<\/h3>\n\t\t\t\t\t\t\t\t\t\t\t<div class=\"galerialightbox-text\">La monta\u00f1a, la playa, las aguas bravas, all\u00e1 donde hubiese una aventura por disfrutar estaba San Miguel. En 1994 patrocinamos el Campeonato de F\u00fatbol de la Playa de Las Canteras, en las Islas Canarias, donde colocamos una enorme lata gigante. Ese a\u00f1o, el equipo cubano se llev\u00f3 la copa de los campeones y San Miguel celebr\u00f3 con ellos su \u00e9xito.<\/div>\n\t\t\t\t\t\t\t\t\t<\/div>\n\n\t\t\t<\/div>\n\t\t\t\t\t<div class=\"galerialightbox-item\">\n\t\t\t\t<div class=\"galerialightbox-img\">\n\t\t\t\t\t\t\t\t\t\t\t<a class=\"enlace\" data-fancybox href=\"https:\/\/www.sanmiguel.com\/es\/wp-content\/uploads\/sites\/2\/2024\/11\/athletic-club-de-bilbao-full-872x1168-c-default.webp\" title=\"Ver ATHLETIC CLUB DE BILBAO\"><\/a>\n\t\t\t\t\t\t\t\t\t\t<img decoding=\"async\" class=\"poster\" srcset=\"https:\/\/www.sanmiguel.com\/es\/wp-content\/uploads\/sites\/2\/2024\/11\/athletic-club-de-bilbao-full-330x442-c-default.webp 412w,https:\/\/www.sanmiguel.com\/es\/wp-content\/uploads\/sites\/2\/2024\/11\/athletic-club-de-bilbao-full-765x1025-c-default.webp 751w,https:\/\/www.sanmiguel.com\/es\/wp-content\/uploads\/sites\/2\/2024\/11\/athletic-club-de-bilbao-full-872x1168-c-default.webp 1367w\" sizes=\"(max-width: 500px) 412px, (min-width: 501px) and (max-width: 1366px) 751px, (min-width: 1367px) 1367px\" src=\"https:\/\/www.sanmiguel.com\/es\/wp-content\/uploads\/sites\/2\/2024\/11\/athletic-club-de-bilbao-full-765x1025-c-default.webp\" alt=\"ATHLETIC CLUB DE BILBAO\" loading=\"lazy\"\/>\n\t\t\t\t<\/div>\n\n\t\t\t\t<div class=\"galerialightbox-content\">\n\t\t\t\t\t<h3 class=\"galeria-ano\">2015<\/h3>\n\t\t\t\t\t<h3 class=\"galeria-titulo\">ATHLETIC CLUB DE BILBAO<\/h3>\n\t\t\t\t\t\t\t\t\t\t\t<div class=\"galerialightbox-text\">Desde 2009 somos patrocinadores del Athletic Club de Bilbao. Les acompa\u00f1amos en cada nuevo reto, vivimos juntos cada partido y saltamos del asiento en todos los penaltis. Es un orgullo apoyar a los leones y celebrar cada alegr\u00eda que nos dan. A veces por un gol, otras por el regreso al campo de un jugador formado en la cantera. En la imagen, el cartel de bienvenida que hicimos a Kepa Arrizabalaga cuando volvi\u00f3 a llevar nuestra camiseta en 2015. \u00a1El f\u00fatbol es f\u00fatbol y con San Miguel sabe mejor cada partido!<\/div>\n\t\t\t\t\t\t\t\t\t<\/div>\n\n\t\t\t<\/div>\n\t\t\t<\/div>\n<\/div>\n","protected":false},"excerpt":{"rendered":"","protected":false},"author":1,"featured_media":0,"parent":22741,"menu_order":0,"comment_status":"closed","ping_status":"closed","template":"page-historia-deportes.php","meta":{"_acf_changed":false,"inline_featured_image":false,"footnotes":""},"class_list":["post-23586","page","type-page","status-publish","hentry"],"acf":[],"yoast_head":"<!-- This site is optimized with the Yoast SEO plugin v27.4 - https:\/\/yoast.com\/product\/yoast-seo-wordpress\/ -->\n<title>San Miguel y el f\u00fatbol | Cervezas San Miguel | ES<\/title>\n<meta name=\"description\" content=\"Tenemos pasi\u00f3n por el deporte. Son muchas las emociones que sentimos formando parte de las competiciones y disciplinas del mundo del f\u00fatbol.\" \/>\n<meta name=\"robots\" content=\"index, follow, max-snippet:-1, max-image-preview:large, max-video-preview:-1\" \/>\n<link rel=\"canonical\" href=\"https:\/\/www.sanmiguel.com\/es\/historia\/deporte\/futbol\/\" \/>\n<meta property=\"og:locale\" content=\"es_ES\" \/>\n<meta property=\"og:type\" content=\"article\" \/>\n<meta property=\"og:title\" content=\"San Miguel y el f\u00fatbol | Cervezas San Miguel | ES\" \/>\n<meta property=\"og:description\" content=\"Tenemos pasi\u00f3n por el deporte. Son muchas las emociones que sentimos formando parte de las competiciones y disciplinas del mundo del f\u00fatbol.\" \/>\n<meta property=\"og:url\" content=\"https:\/\/www.sanmiguel.com\/es\/historia\/deporte\/futbol\/\" \/>\n<meta property=\"og:site_name\" content=\"Cervezas San Miguel | ES\" \/>\n<meta property=\"article:modified_time\" content=\"2025-12-22T07:18:22+00:00\" \/>\n<meta name=\"twitter:card\" content=\"summary_large_image\" \/>\n<script type=\"application\/ld+json\" class=\"yoast-schema-graph\">{\"@context\":\"https:\\\/\\\/schema.org\",\"@graph\":[{\"@type\":\"WebPage\",\"@id\":\"https:\\\/\\\/www.sanmiguel.com\\\/es\\\/historia\\\/deporte\\\/futbol\\\/\",\"url\":\"https:\\\/\\\/www.sanmiguel.com\\\/es\\\/historia\\\/deporte\\\/futbol\\\/\",\"name\":\"San Miguel y el f\u00fatbol | Cervezas San Miguel | ES\",\"isPartOf\":{\"@id\":\"https:\\\/\\\/www.sanmiguel.com\\\/es\\\/#website\"},\"datePublished\":\"2024-11-21T15:49:51+00:00\",\"dateModified\":\"2025-12-22T07:18:22+00:00\",\"description\":\"Tenemos pasi\u00f3n por el deporte. Son muchas las emociones que sentimos formando parte de las competiciones y disciplinas del mundo del f\u00fatbol.\",\"breadcrumb\":{\"@id\":\"https:\\\/\\\/www.sanmiguel.com\\\/es\\\/historia\\\/deporte\\\/futbol\\\/#breadcrumb\"},\"inLanguage\":\"es\",\"potentialAction\":[{\"@type\":\"ReadAction\",\"target\":[\"https:\\\/\\\/www.sanmiguel.com\\\/es\\\/historia\\\/deporte\\\/futbol\\\/\"]}]},{\"@type\":\"BreadcrumbList\",\"@id\":\"https:\\\/\\\/www.sanmiguel.com\\\/es\\\/historia\\\/deporte\\\/futbol\\\/#breadcrumb\",\"itemListElement\":[{\"@type\":\"ListItem\",\"position\":1,\"name\":\"Portada\",\"item\":\"https:\\\/\\\/www.sanmiguel.com\\\/es\\\/\"},{\"@type\":\"ListItem\",\"position\":2,\"name\":\"Historia 2024\",\"item\":\"https:\\\/\\\/www.sanmiguel.com\\\/es\\\/historia\\\/\"},{\"@type\":\"ListItem\",\"position\":3,\"name\":\"Deporte\",\"item\":\"https:\\\/\\\/www.sanmiguel.com\\\/es\\\/historia\\\/deporte\\\/\"},{\"@type\":\"ListItem\",\"position\":4,\"name\":\"San Miguel y el f\u00fatbol\"}]},{\"@type\":\"WebSite\",\"@id\":\"https:\\\/\\\/www.sanmiguel.com\\\/es\\\/#website\",\"url\":\"https:\\\/\\\/www.sanmiguel.com\\\/es\\\/\",\"name\":\"Cervezas San Miguel | ES\",\"description\":\"Bienvenidos Cerveceros Inquietos\",\"publisher\":{\"@id\":\"https:\\\/\\\/www.sanmiguel.com\\\/es\\\/#organization\"},\"potentialAction\":[{\"@type\":\"SearchAction\",\"target\":{\"@type\":\"EntryPoint\",\"urlTemplate\":\"https:\\\/\\\/www.sanmiguel.com\\\/es\\\/?s={search_term_string}\"},\"query-input\":{\"@type\":\"PropertyValueSpecification\",\"valueRequired\":true,\"valueName\":\"search_term_string\"}}],\"inLanguage\":\"es\"},{\"@type\":\"Organization\",\"@id\":\"https:\\\/\\\/www.sanmiguel.com\\\/es\\\/#organization\",\"name\":\"Cervezas San Miguel\",\"url\":\"https:\\\/\\\/www.sanmiguel.com\\\/es\\\/\",\"logo\":{\"@type\":\"ImageObject\",\"inLanguage\":\"es\",\"@id\":\"https:\\\/\\\/www.sanmiguel.com\\\/es\\\/#\\\/schema\\\/logo\\\/image\\\/\",\"url\":\"https:\\\/\\\/www.sanmiguel.com\\\/es\\\/wp-content\\\/uploads\\\/sites\\\/2\\\/2022\\\/06\\\/cervezas-san-miguel-logo.jpg\",\"contentUrl\":\"https:\\\/\\\/www.sanmiguel.com\\\/es\\\/wp-content\\\/uploads\\\/sites\\\/2\\\/2022\\\/06\\\/cervezas-san-miguel-logo.jpg\",\"width\":400,\"height\":400,\"caption\":\"Cervezas San Miguel\"},\"image\":{\"@id\":\"https:\\\/\\\/www.sanmiguel.com\\\/es\\\/#\\\/schema\\\/logo\\\/image\\\/\"}}]}<\/script>\n<!-- \/ Yoast SEO plugin. -->","yoast_head_json":{"title":"San Miguel y el f\u00fatbol | Cervezas San Miguel | ES","description":"Tenemos pasi\u00f3n por el deporte. Son muchas las emociones que sentimos formando parte de las competiciones y disciplinas del mundo del f\u00fatbol.","robots":{"index":"index","follow":"follow","max-snippet":"max-snippet:-1","max-image-preview":"max-image-preview:large","max-video-preview":"max-video-preview:-1"},"canonical":"https:\/\/www.sanmiguel.com\/es\/historia\/deporte\/futbol\/","og_locale":"es_ES","og_type":"article","og_title":"San Miguel y el f\u00fatbol | Cervezas San Miguel | ES","og_description":"Tenemos pasi\u00f3n por el deporte. Son muchas las emociones que sentimos formando parte de las competiciones y disciplinas del mundo del f\u00fatbol.","og_url":"https:\/\/www.sanmiguel.com\/es\/historia\/deporte\/futbol\/","og_site_name":"Cervezas San Miguel | ES","article_modified_time":"2025-12-22T07:18:22+00:00","twitter_card":"summary_large_image","schema":{"@context":"https:\/\/schema.org","@graph":[{"@type":"WebPage","@id":"https:\/\/www.sanmiguel.com\/es\/historia\/deporte\/futbol\/","url":"https:\/\/www.sanmiguel.com\/es\/historia\/deporte\/futbol\/","name":"San Miguel y el f\u00fatbol | Cervezas San Miguel | ES","isPartOf":{"@id":"https:\/\/www.sanmiguel.com\/es\/#website"},"datePublished":"2024-11-21T15:49:51+00:00","dateModified":"2025-12-22T07:18:22+00:00","description":"Tenemos pasi\u00f3n por el deporte. Son muchas las emociones que sentimos formando parte de las competiciones y disciplinas del mundo del f\u00fatbol.","breadcrumb":{"@id":"https:\/\/www.sanmiguel.com\/es\/historia\/deporte\/futbol\/#breadcrumb"},"inLanguage":"es","potentialAction":[{"@type":"ReadAction","target":["https:\/\/www.sanmiguel.com\/es\/historia\/deporte\/futbol\/"]}]},{"@type":"BreadcrumbList","@id":"https:\/\/www.sanmiguel.com\/es\/historia\/deporte\/futbol\/#breadcrumb","itemListElement":[{"@type":"ListItem","position":1,"name":"Portada","item":"https:\/\/www.sanmiguel.com\/es\/"},{"@type":"ListItem","position":2,"name":"Historia 2024","item":"https:\/\/www.sanmiguel.com\/es\/historia\/"},{"@type":"ListItem","position":3,"name":"Deporte","item":"https:\/\/www.sanmiguel.com\/es\/historia\/deporte\/"},{"@type":"ListItem","position":4,"name":"San Miguel y el f\u00fatbol"}]},{"@type":"WebSite","@id":"https:\/\/www.sanmiguel.com\/es\/#website","url":"https:\/\/www.sanmiguel.com\/es\/","name":"Cervezas San Miguel | ES","description":"Bienvenidos Cerveceros Inquietos","publisher":{"@id":"https:\/\/www.sanmiguel.com\/es\/#organization"},"potentialAction":[{"@type":"SearchAction","target":{"@type":"EntryPoint","urlTemplate":"https:\/\/www.sanmiguel.com\/es\/?s={search_term_string}"},"query-input":{"@type":"PropertyValueSpecification","valueRequired":true,"valueName":"search_term_string"}}],"inLanguage":"es"},{"@type":"Organization","@id":"https:\/\/www.sanmiguel.com\/es\/#organization","name":"Cervezas San Miguel","url":"https:\/\/www.sanmiguel.com\/es\/","logo":{"@type":"ImageObject","inLanguage":"es","@id":"https:\/\/www.sanmiguel.com\/es\/#\/schema\/logo\/image\/","url":"https:\/\/www.sanmiguel.com\/es\/wp-content\/uploads\/sites\/2\/2022\/06\/cervezas-san-miguel-logo.jpg","contentUrl":"https:\/\/www.sanmiguel.com\/es\/wp-content\/uploads\/sites\/2\/2022\/06\/cervezas-san-miguel-logo.jpg","width":400,"height":400,"caption":"Cervezas San Miguel"},"image":{"@id":"https:\/\/www.sanmiguel.com\/es\/#\/schema\/logo\/image\/"}}]}},"_links":{"self":[{"href":"https:\/\/www.sanmiguel.com\/es\/wp-json\/wp\/v2\/pages\/23586","targetHints":{"allow":["GET"]}}],"collection":[{"href":"https:\/\/www.sanmiguel.com\/es\/wp-json\/wp\/v2\/pages"}],"about":[{"href":"https:\/\/www.sanmiguel.com\/es\/wp-json\/wp\/v2\/types\/page"}],"author":[{"embeddable":true,"href":"https:\/\/www.sanmiguel.com\/es\/wp-json\/wp\/v2\/users\/1"}],"replies":[{"embeddable":true,"href":"https:\/\/www.sanmiguel.com\/es\/wp-json\/wp\/v2\/comments?post=23586"}],"version-history":[{"count":8,"href":"https:\/\/www.sanmiguel.com\/es\/wp-json\/wp\/v2\/pages\/23586\/revisions"}],"predecessor-version":[{"id":23737,"href":"https:\/\/www.sanmiguel.com\/es\/wp-json\/wp\/v2\/pages\/23586\/revisions\/23737"}],"up":[{"embeddable":true,"href":"https:\/\/www.sanmiguel.com\/es\/wp-json\/wp\/v2\/pages\/22741"}],"wp:attachment":[{"href":"https:\/\/www.sanmiguel.com\/es\/wp-json\/wp\/v2\/media?parent=23586"}],"curies":[{"name":"wp","href":"https:\/\/api.w.org\/{rel}","templated":true}]}}