{"id":23564,"date":"2024-11-21T15:24:00","date_gmt":"2024-11-21T15:24:00","guid":{"rendered":"https:\/\/www.sanmiguel.com\/es\/?page_id=23564"},"modified":"2025-12-22T07:17:48","modified_gmt":"2025-12-22T07:17:48","slug":"cartel-san-miguel-1991","status":"publish","type":"page","link":"https:\/\/www.sanmiguel.com\/es\/historia\/anuncios\/carteles\/cartel-san-miguel-1991\/","title":{"rendered":"Cartel San Miguel 1991"},"content":{"rendered":"\n<div class=\"historia-ficha\">\n    <div class=\"row no-gutters\">\n        <div class=\"historia-ficha-info\">\n            <h2><\/h2>\n            <h1>Cartel San Miguel 1991<\/h1>\n\n            <div class=\"historia-cuerpo\">\n                Cuando dec\u00edamos que San Miguel se pod\u00eda beber en cualquier lugar, no brome\u00e1bamos. Lisboa, Z\u00fcrich y Par\u00eds son los escenarios de este cartel en el que demostr\u00e1bamos que nuestro car\u00e1cter internacional no era impostado, de hecho lucimos nuestros mensajes en 3 idiomas. Coincidiendo con esta publicidad nos convertimos en l\u00edder en exportaci\u00f3n en Espa\u00f1a, de ah\u00ed la frase \u201cLa cerveza especial de aqu\u00ed que m\u00e1s se bebe en Europa\u201d. Segu\u00edamos trabajando por llegar m\u00e1s lejos, pero ya entonces los estudiantes espa\u00f1oles del programa Erasmus, creado en 1987, pod\u00edan sentirse en casa al entrar en un bar y pedir su San Miguel.\n            <\/div>\n        <\/div>\n\n        <div class=\"historia-ficha-img\">\n            <a class=\"enlace\" data-fancybox href=\"https:\/\/www.sanmiguel.com\/es\/wp-content\/uploads\/sites\/2\/2024\/09\/1991-full-scaled-378x568-c-default.webp\"  title=\"Ver Cartel San Miguel 1991\">\n                <img alt=\"Cartel&#x20;San&#x20;Miguel&#x20;1991\" srcset=\"https:\/\/www.sanmiguel.com\/es\/wp-content\/uploads\/sites\/2\/2024\/09\/1991-full-scaled-332x497-c-default.webp 412w,https:\/\/www.sanmiguel.com\/es\/wp-content\/uploads\/sites\/2\/2024\/09\/1991-full-scaled-378x568-c-default.webp 751w,https:\/\/www.sanmiguel.com\/es\/wp-content\/uploads\/sites\/2\/2024\/09\/1991-full-scaled-378x568-c-default.webp 1367w\" sizes=\"(max-width: 500px) 412px, (min-width: 501px) and (max-width: 1366px) 751px, (min-width: 1367px) 1367px\" src=\"https:\/\/www.sanmiguel.com\/es\/wp-content\/uploads\/sites\/2\/2024\/09\/1991-full-scaled-378x568-c-default.webp\" loading=\"lazy\" class=\"img-fluid\"\/>\n            <\/a>\n        <\/div>\n\n\n    <\/div>\n<\/div>","protected":false},"excerpt":{"rendered":"","protected":false},"author":1,"featured_media":0,"parent":22489,"menu_order":0,"comment_status":"closed","ping_status":"closed","template":"page-historia-anuncios-item-cartel.php","meta":[],"acf":[],"yoast_head":"<!-- This site is optimized with the Yoast SEO plugin v19.12 - https:\/\/yoast.com\/wordpress\/plugins\/seo\/ -->\n<title>Cartel San Miguel 1991 | Cervezas San Miguel | ES<\/title>\n<meta name=\"description\" content=\"Cuando dec\u00edamos que San Miguel se pod\u00eda beber en cualquier lugar, no brome\u00e1bamos. Lisboa, Z\u00fcrich y Par\u00eds son los escenarios de este cartel.\" \/>\n<meta name=\"robots\" content=\"index, follow, max-snippet:-1, max-image-preview:large, max-video-preview:-1\" \/>\n<link rel=\"canonical\" href=\"https:\/\/www.sanmiguel.com\/es\/historia\/anuncios\/carteles\/cartel-san-miguel-1991\/\" \/>\n<meta property=\"og:locale\" content=\"es_ES\" \/>\n<meta property=\"og:type\" content=\"article\" \/>\n<meta property=\"og:title\" content=\"Cartel San Miguel 1991 | Cervezas San Miguel | ES\" \/>\n<meta property=\"og:description\" content=\"Cuando dec\u00edamos que San Miguel se pod\u00eda beber en cualquier lugar, no brome\u00e1bamos. Lisboa, Z\u00fcrich y Par\u00eds son los escenarios de este cartel.\" \/>\n<meta property=\"og:url\" content=\"https:\/\/www.sanmiguel.com\/es\/historia\/anuncios\/carteles\/cartel-san-miguel-1991\/\" \/>\n<meta property=\"og:site_name\" content=\"Cervezas San Miguel | ES\" \/>\n<meta property=\"article:modified_time\" content=\"2025-12-22T07:17:48+00:00\" \/>\n<meta name=\"twitter:card\" content=\"summary_large_image\" \/>\n<script type=\"application\/ld+json\" class=\"yoast-schema-graph\">{\"@context\":\"https:\/\/schema.org\",\"@graph\":[{\"@type\":\"WebPage\",\"@id\":\"https:\/\/www.sanmiguel.com\/es\/historia\/anuncios\/carteles\/cartel-san-miguel-1991\/\",\"url\":\"https:\/\/www.sanmiguel.com\/es\/historia\/anuncios\/carteles\/cartel-san-miguel-1991\/\",\"name\":\"Cartel San Miguel 1991 | Cervezas San Miguel | ES\",\"isPartOf\":{\"@id\":\"https:\/\/www.sanmiguel.com\/es\/#website\"},\"datePublished\":\"2024-11-21T15:24:00+00:00\",\"dateModified\":\"2025-12-22T07:17:48+00:00\",\"description\":\"Cuando dec\u00edamos que San Miguel se pod\u00eda beber en cualquier lugar, no brome\u00e1bamos. Lisboa, Z\u00fcrich y Par\u00eds son los escenarios de este cartel.\",\"breadcrumb\":{\"@id\":\"https:\/\/www.sanmiguel.com\/es\/historia\/anuncios\/carteles\/cartel-san-miguel-1991\/#breadcrumb\"},\"inLanguage\":\"es\",\"potentialAction\":[{\"@type\":\"ReadAction\",\"target\":[\"https:\/\/www.sanmiguel.com\/es\/historia\/anuncios\/carteles\/cartel-san-miguel-1991\/\"]}]},{\"@type\":\"BreadcrumbList\",\"@id\":\"https:\/\/www.sanmiguel.com\/es\/historia\/anuncios\/carteles\/cartel-san-miguel-1991\/#breadcrumb\",\"itemListElement\":[{\"@type\":\"ListItem\",\"position\":1,\"name\":\"Portada\",\"item\":\"https:\/\/www.sanmiguel.com\/es\/\"},{\"@type\":\"ListItem\",\"position\":2,\"name\":\"Historia 2024\",\"item\":\"https:\/\/www.sanmiguel.com\/es\/historia\/\"},{\"@type\":\"ListItem\",\"position\":3,\"name\":\"Anuncios\",\"item\":\"https:\/\/www.sanmiguel.com\/es\/historia\/anuncios\/\"},{\"@type\":\"ListItem\",\"position\":4,\"name\":\"Carteles\",\"item\":\"https:\/\/www.sanmiguel.com\/es\/historia\/anuncios\/carteles\/\"},{\"@type\":\"ListItem\",\"position\":5,\"name\":\"Cartel San Miguel 1991\"}]},{\"@type\":\"WebSite\",\"@id\":\"https:\/\/www.sanmiguel.com\/es\/#website\",\"url\":\"https:\/\/www.sanmiguel.com\/es\/\",\"name\":\"Cervezas San Miguel | ES\",\"description\":\"Bienvenidos Cerveceros Inquietos\",\"publisher\":{\"@id\":\"https:\/\/www.sanmiguel.com\/es\/#organization\"},\"potentialAction\":[{\"@type\":\"SearchAction\",\"target\":{\"@type\":\"EntryPoint\",\"urlTemplate\":\"https:\/\/www.sanmiguel.com\/es\/?s={search_term_string}\"},\"query-input\":\"required name=search_term_string\"}],\"inLanguage\":\"es\"},{\"@type\":\"Organization\",\"@id\":\"https:\/\/www.sanmiguel.com\/es\/#organization\",\"name\":\"Cervezas San Miguel\",\"url\":\"https:\/\/www.sanmiguel.com\/es\/\",\"logo\":{\"@type\":\"ImageObject\",\"inLanguage\":\"es\",\"@id\":\"https:\/\/www.sanmiguel.com\/es\/#\/schema\/logo\/image\/\",\"url\":\"https:\/\/www.sanmiguel.com\/es\/wp-content\/uploads\/sites\/2\/2022\/06\/cervezas-san-miguel-logo.jpg\",\"contentUrl\":\"https:\/\/www.sanmiguel.com\/es\/wp-content\/uploads\/sites\/2\/2022\/06\/cervezas-san-miguel-logo.jpg\",\"width\":400,\"height\":400,\"caption\":\"Cervezas San Miguel\"},\"image\":{\"@id\":\"https:\/\/www.sanmiguel.com\/es\/#\/schema\/logo\/image\/\"}}]}<\/script>\n<!-- \/ Yoast SEO plugin. -->","yoast_head_json":{"title":"Cartel San Miguel 1991 | Cervezas San Miguel | ES","description":"Cuando dec\u00edamos que San Miguel se pod\u00eda beber en cualquier lugar, no brome\u00e1bamos. Lisboa, Z\u00fcrich y Par\u00eds son los escenarios de este cartel.","robots":{"index":"index","follow":"follow","max-snippet":"max-snippet:-1","max-image-preview":"max-image-preview:large","max-video-preview":"max-video-preview:-1"},"canonical":"https:\/\/www.sanmiguel.com\/es\/historia\/anuncios\/carteles\/cartel-san-miguel-1991\/","og_locale":"es_ES","og_type":"article","og_title":"Cartel San Miguel 1991 | Cervezas San Miguel | ES","og_description":"Cuando dec\u00edamos que San Miguel se pod\u00eda beber en cualquier lugar, no brome\u00e1bamos. Lisboa, Z\u00fcrich y Par\u00eds son los escenarios de este cartel.","og_url":"https:\/\/www.sanmiguel.com\/es\/historia\/anuncios\/carteles\/cartel-san-miguel-1991\/","og_site_name":"Cervezas San Miguel | ES","article_modified_time":"2025-12-22T07:17:48+00:00","twitter_card":"summary_large_image","schema":{"@context":"https:\/\/schema.org","@graph":[{"@type":"WebPage","@id":"https:\/\/www.sanmiguel.com\/es\/historia\/anuncios\/carteles\/cartel-san-miguel-1991\/","url":"https:\/\/www.sanmiguel.com\/es\/historia\/anuncios\/carteles\/cartel-san-miguel-1991\/","name":"Cartel San Miguel 1991 | Cervezas San Miguel | ES","isPartOf":{"@id":"https:\/\/www.sanmiguel.com\/es\/#website"},"datePublished":"2024-11-21T15:24:00+00:00","dateModified":"2025-12-22T07:17:48+00:00","description":"Cuando dec\u00edamos que San Miguel se pod\u00eda beber en cualquier lugar, no brome\u00e1bamos. Lisboa, Z\u00fcrich y Par\u00eds son los escenarios de este cartel.","breadcrumb":{"@id":"https:\/\/www.sanmiguel.com\/es\/historia\/anuncios\/carteles\/cartel-san-miguel-1991\/#breadcrumb"},"inLanguage":"es","potentialAction":[{"@type":"ReadAction","target":["https:\/\/www.sanmiguel.com\/es\/historia\/anuncios\/carteles\/cartel-san-miguel-1991\/"]}]},{"@type":"BreadcrumbList","@id":"https:\/\/www.sanmiguel.com\/es\/historia\/anuncios\/carteles\/cartel-san-miguel-1991\/#breadcrumb","itemListElement":[{"@type":"ListItem","position":1,"name":"Portada","item":"https:\/\/www.sanmiguel.com\/es\/"},{"@type":"ListItem","position":2,"name":"Historia 2024","item":"https:\/\/www.sanmiguel.com\/es\/historia\/"},{"@type":"ListItem","position":3,"name":"Anuncios","item":"https:\/\/www.sanmiguel.com\/es\/historia\/anuncios\/"},{"@type":"ListItem","position":4,"name":"Carteles","item":"https:\/\/www.sanmiguel.com\/es\/historia\/anuncios\/carteles\/"},{"@type":"ListItem","position":5,"name":"Cartel San Miguel 1991"}]},{"@type":"WebSite","@id":"https:\/\/www.sanmiguel.com\/es\/#website","url":"https:\/\/www.sanmiguel.com\/es\/","name":"Cervezas San Miguel | ES","description":"Bienvenidos Cerveceros Inquietos","publisher":{"@id":"https:\/\/www.sanmiguel.com\/es\/#organization"},"potentialAction":[{"@type":"SearchAction","target":{"@type":"EntryPoint","urlTemplate":"https:\/\/www.sanmiguel.com\/es\/?s={search_term_string}"},"query-input":"required name=search_term_string"}],"inLanguage":"es"},{"@type":"Organization","@id":"https:\/\/www.sanmiguel.com\/es\/#organization","name":"Cervezas San Miguel","url":"https:\/\/www.sanmiguel.com\/es\/","logo":{"@type":"ImageObject","inLanguage":"es","@id":"https:\/\/www.sanmiguel.com\/es\/#\/schema\/logo\/image\/","url":"https:\/\/www.sanmiguel.com\/es\/wp-content\/uploads\/sites\/2\/2022\/06\/cervezas-san-miguel-logo.jpg","contentUrl":"https:\/\/www.sanmiguel.com\/es\/wp-content\/uploads\/sites\/2\/2022\/06\/cervezas-san-miguel-logo.jpg","width":400,"height":400,"caption":"Cervezas San Miguel"},"image":{"@id":"https:\/\/www.sanmiguel.com\/es\/#\/schema\/logo\/image\/"}}]}},"_links":{"self":[{"href":"https:\/\/www.sanmiguel.com\/es\/wp-json\/wp\/v2\/pages\/23564"}],"collection":[{"href":"https:\/\/www.sanmiguel.com\/es\/wp-json\/wp\/v2\/pages"}],"about":[{"href":"https:\/\/www.sanmiguel.com\/es\/wp-json\/wp\/v2\/types\/page"}],"author":[{"embeddable":true,"href":"https:\/\/www.sanmiguel.com\/es\/wp-json\/wp\/v2\/users\/1"}],"replies":[{"embeddable":true,"href":"https:\/\/www.sanmiguel.com\/es\/wp-json\/wp\/v2\/comments?post=23564"}],"version-history":[{"count":5,"href":"https:\/\/www.sanmiguel.com\/es\/wp-json\/wp\/v2\/pages\/23564\/revisions"}],"predecessor-version":[{"id":23922,"href":"https:\/\/www.sanmiguel.com\/es\/wp-json\/wp\/v2\/pages\/23564\/revisions\/23922"}],"up":[{"embeddable":true,"href":"https:\/\/www.sanmiguel.com\/es\/wp-json\/wp\/v2\/pages\/22489"}],"wp:attachment":[{"href":"https:\/\/www.sanmiguel.com\/es\/wp-json\/wp\/v2\/media?parent=23564"}],"curies":[{"name":"wp","href":"https:\/\/api.w.org\/{rel}","templated":true}]}}