{"id":23533,"date":"2024-11-21T12:24:59","date_gmt":"2024-11-21T12:24:59","guid":{"rendered":"https:\/\/www.sanmiguel.com\/es\/?page_id=23533"},"modified":"2025-12-22T07:17:50","modified_gmt":"2025-12-22T07:17:50","slug":"100-ingredientes-naturales","status":"publish","type":"page","link":"https:\/\/www.sanmiguel.com\/es\/historia\/anuncios\/prensa\/100-ingredientes-naturales\/","title":{"rendered":"100 ingredientes naturales"},"content":{"rendered":"\n<div class=\"historia-ficha\">\n    <div class=\"row no-gutters\">\n        <div class=\"historia-ficha-info\">\n            <h2>2016<\/h2>\n            <h1>100 ingredientes naturales<\/h1>\n\n            <div class=\"historia-cuerpo\">\n                Hasta 2016 todas las bebidas isot\u00f3nicas ten\u00edan sabores artificiales. Apostando por todos los que quieren cuidarse sin renunciar a lo que les gusta, nuestra San Miguel 0,0% innova con una nueva cerveza: San Miguel 0,0% Isot\u00f3nica. Es la primera cerveza isot\u00f3nica para hidratarse con ingredientes 100% naturales. \u00a1Un nuevo hito, una alegr\u00eda para los que se toman tan en serio el deporte como el sabor!\n            <\/div>\n        <\/div>\n\n        <div class=\"historia-ficha-img\">\n            <a class=\"enlace\" data-fancybox href=\"https:\/\/www.sanmiguel.com\/es\/wp-content\/uploads\/sites\/2\/2024\/09\/2016-378x568-c-default.webp\"  title=\"Ver 100 ingredientes naturales\">\n                <img decoding=\"async\" alt=\"100&#x20;ingredientes&#x20;naturales\" srcset=\"https:\/\/www.sanmiguel.com\/es\/wp-content\/uploads\/sites\/2\/2024\/09\/2016-332x497-c-default.webp 412w,https:\/\/www.sanmiguel.com\/es\/wp-content\/uploads\/sites\/2\/2024\/09\/2016-378x568-c-default.webp 751w,https:\/\/www.sanmiguel.com\/es\/wp-content\/uploads\/sites\/2\/2024\/09\/2016-378x568-c-default.webp 1367w\" sizes=\"(max-width: 500px) 412px, (min-width: 501px) and (max-width: 1366px) 751px, (min-width: 1367px) 1367px\" src=\"https:\/\/www.sanmiguel.com\/es\/wp-content\/uploads\/sites\/2\/2024\/09\/2016-378x568-c-default.webp\" loading=\"lazy\" class=\"img-fluid\"\/>\n            <\/a>\n        <\/div>\n\n\n    <\/div>\n<\/div>","protected":false},"excerpt":{"rendered":"","protected":false},"author":1,"featured_media":0,"parent":22527,"menu_order":0,"comment_status":"closed","ping_status":"closed","template":"page-historia-anuncios-item-prensa.php","meta":{"_acf_changed":false,"inline_featured_image":false,"footnotes":""},"class_list":["post-23533","page","type-page","status-publish","hentry"],"acf":[],"yoast_head":"<!-- This site is optimized with the Yoast SEO plugin v27.4 - https:\/\/yoast.com\/product\/yoast-seo-wordpress\/ -->\n<title>100 ingredientes naturales | Cervezas San Miguel | ES<\/title>\n<meta name=\"description\" content=\"Hasta 2016 todas las bebidas isot\u00f3nicas ten\u00edan sabores artificiales. Nnuestra San Miguel 0,0% innova con: San Miguel 0,0% Isot\u00f3nica.\" \/>\n<meta name=\"robots\" content=\"index, follow, max-snippet:-1, max-image-preview:large, max-video-preview:-1\" \/>\n<link rel=\"canonical\" href=\"https:\/\/www.sanmiguel.com\/es\/historia\/anuncios\/prensa\/100-ingredientes-naturales\/\" \/>\n<meta property=\"og:locale\" content=\"es_ES\" \/>\n<meta property=\"og:type\" content=\"article\" \/>\n<meta property=\"og:title\" content=\"100 ingredientes naturales | Cervezas San Miguel | ES\" \/>\n<meta property=\"og:description\" content=\"Hasta 2016 todas las bebidas isot\u00f3nicas ten\u00edan sabores artificiales. Nnuestra San Miguel 0,0% innova con: San Miguel 0,0% Isot\u00f3nica.\" \/>\n<meta property=\"og:url\" content=\"https:\/\/www.sanmiguel.com\/es\/historia\/anuncios\/prensa\/100-ingredientes-naturales\/\" \/>\n<meta property=\"og:site_name\" content=\"Cervezas San Miguel | ES\" \/>\n<meta property=\"article:modified_time\" content=\"2025-12-22T07:17:50+00:00\" \/>\n<meta name=\"twitter:card\" content=\"summary_large_image\" \/>\n<script type=\"application\/ld+json\" class=\"yoast-schema-graph\">{\"@context\":\"https:\\\/\\\/schema.org\",\"@graph\":[{\"@type\":\"WebPage\",\"@id\":\"https:\\\/\\\/www.sanmiguel.com\\\/es\\\/historia\\\/anuncios\\\/prensa\\\/100-ingredientes-naturales\\\/\",\"url\":\"https:\\\/\\\/www.sanmiguel.com\\\/es\\\/historia\\\/anuncios\\\/prensa\\\/100-ingredientes-naturales\\\/\",\"name\":\"100 ingredientes naturales | Cervezas San Miguel | ES\",\"isPartOf\":{\"@id\":\"https:\\\/\\\/www.sanmiguel.com\\\/es\\\/#website\"},\"datePublished\":\"2024-11-21T12:24:59+00:00\",\"dateModified\":\"2025-12-22T07:17:50+00:00\",\"description\":\"Hasta 2016 todas las bebidas isot\u00f3nicas ten\u00edan sabores artificiales. Nnuestra San Miguel 0,0% innova con: San Miguel 0,0% Isot\u00f3nica.\",\"breadcrumb\":{\"@id\":\"https:\\\/\\\/www.sanmiguel.com\\\/es\\\/historia\\\/anuncios\\\/prensa\\\/100-ingredientes-naturales\\\/#breadcrumb\"},\"inLanguage\":\"es\",\"potentialAction\":[{\"@type\":\"ReadAction\",\"target\":[\"https:\\\/\\\/www.sanmiguel.com\\\/es\\\/historia\\\/anuncios\\\/prensa\\\/100-ingredientes-naturales\\\/\"]}]},{\"@type\":\"BreadcrumbList\",\"@id\":\"https:\\\/\\\/www.sanmiguel.com\\\/es\\\/historia\\\/anuncios\\\/prensa\\\/100-ingredientes-naturales\\\/#breadcrumb\",\"itemListElement\":[{\"@type\":\"ListItem\",\"position\":1,\"name\":\"Portada\",\"item\":\"https:\\\/\\\/www.sanmiguel.com\\\/es\\\/\"},{\"@type\":\"ListItem\",\"position\":2,\"name\":\"Historia 2024\",\"item\":\"https:\\\/\\\/www.sanmiguel.com\\\/es\\\/historia\\\/\"},{\"@type\":\"ListItem\",\"position\":3,\"name\":\"Anuncios\",\"item\":\"https:\\\/\\\/www.sanmiguel.com\\\/es\\\/historia\\\/anuncios\\\/\"},{\"@type\":\"ListItem\",\"position\":4,\"name\":\"Prensa\",\"item\":\"https:\\\/\\\/www.sanmiguel.com\\\/es\\\/historia\\\/anuncios\\\/prensa\\\/\"},{\"@type\":\"ListItem\",\"position\":5,\"name\":\"100 ingredientes naturales\"}]},{\"@type\":\"WebSite\",\"@id\":\"https:\\\/\\\/www.sanmiguel.com\\\/es\\\/#website\",\"url\":\"https:\\\/\\\/www.sanmiguel.com\\\/es\\\/\",\"name\":\"Cervezas San Miguel | ES\",\"description\":\"Bienvenidos Cerveceros Inquietos\",\"publisher\":{\"@id\":\"https:\\\/\\\/www.sanmiguel.com\\\/es\\\/#organization\"},\"potentialAction\":[{\"@type\":\"SearchAction\",\"target\":{\"@type\":\"EntryPoint\",\"urlTemplate\":\"https:\\\/\\\/www.sanmiguel.com\\\/es\\\/?s={search_term_string}\"},\"query-input\":{\"@type\":\"PropertyValueSpecification\",\"valueRequired\":true,\"valueName\":\"search_term_string\"}}],\"inLanguage\":\"es\"},{\"@type\":\"Organization\",\"@id\":\"https:\\\/\\\/www.sanmiguel.com\\\/es\\\/#organization\",\"name\":\"Cervezas San Miguel\",\"url\":\"https:\\\/\\\/www.sanmiguel.com\\\/es\\\/\",\"logo\":{\"@type\":\"ImageObject\",\"inLanguage\":\"es\",\"@id\":\"https:\\\/\\\/www.sanmiguel.com\\\/es\\\/#\\\/schema\\\/logo\\\/image\\\/\",\"url\":\"https:\\\/\\\/www.sanmiguel.com\\\/es\\\/wp-content\\\/uploads\\\/sites\\\/2\\\/2022\\\/06\\\/cervezas-san-miguel-logo.jpg\",\"contentUrl\":\"https:\\\/\\\/www.sanmiguel.com\\\/es\\\/wp-content\\\/uploads\\\/sites\\\/2\\\/2022\\\/06\\\/cervezas-san-miguel-logo.jpg\",\"width\":400,\"height\":400,\"caption\":\"Cervezas San Miguel\"},\"image\":{\"@id\":\"https:\\\/\\\/www.sanmiguel.com\\\/es\\\/#\\\/schema\\\/logo\\\/image\\\/\"}}]}<\/script>\n<!-- \/ Yoast SEO plugin. -->","yoast_head_json":{"title":"100 ingredientes naturales | Cervezas San Miguel | ES","description":"Hasta 2016 todas las bebidas isot\u00f3nicas ten\u00edan sabores artificiales. Nnuestra San Miguel 0,0% innova con: San Miguel 0,0% Isot\u00f3nica.","robots":{"index":"index","follow":"follow","max-snippet":"max-snippet:-1","max-image-preview":"max-image-preview:large","max-video-preview":"max-video-preview:-1"},"canonical":"https:\/\/www.sanmiguel.com\/es\/historia\/anuncios\/prensa\/100-ingredientes-naturales\/","og_locale":"es_ES","og_type":"article","og_title":"100 ingredientes naturales | Cervezas San Miguel | ES","og_description":"Hasta 2016 todas las bebidas isot\u00f3nicas ten\u00edan sabores artificiales. Nnuestra San Miguel 0,0% innova con: San Miguel 0,0% Isot\u00f3nica.","og_url":"https:\/\/www.sanmiguel.com\/es\/historia\/anuncios\/prensa\/100-ingredientes-naturales\/","og_site_name":"Cervezas San Miguel | ES","article_modified_time":"2025-12-22T07:17:50+00:00","twitter_card":"summary_large_image","schema":{"@context":"https:\/\/schema.org","@graph":[{"@type":"WebPage","@id":"https:\/\/www.sanmiguel.com\/es\/historia\/anuncios\/prensa\/100-ingredientes-naturales\/","url":"https:\/\/www.sanmiguel.com\/es\/historia\/anuncios\/prensa\/100-ingredientes-naturales\/","name":"100 ingredientes naturales | Cervezas San Miguel | ES","isPartOf":{"@id":"https:\/\/www.sanmiguel.com\/es\/#website"},"datePublished":"2024-11-21T12:24:59+00:00","dateModified":"2025-12-22T07:17:50+00:00","description":"Hasta 2016 todas las bebidas isot\u00f3nicas ten\u00edan sabores artificiales. Nnuestra San Miguel 0,0% innova con: San Miguel 0,0% Isot\u00f3nica.","breadcrumb":{"@id":"https:\/\/www.sanmiguel.com\/es\/historia\/anuncios\/prensa\/100-ingredientes-naturales\/#breadcrumb"},"inLanguage":"es","potentialAction":[{"@type":"ReadAction","target":["https:\/\/www.sanmiguel.com\/es\/historia\/anuncios\/prensa\/100-ingredientes-naturales\/"]}]},{"@type":"BreadcrumbList","@id":"https:\/\/www.sanmiguel.com\/es\/historia\/anuncios\/prensa\/100-ingredientes-naturales\/#breadcrumb","itemListElement":[{"@type":"ListItem","position":1,"name":"Portada","item":"https:\/\/www.sanmiguel.com\/es\/"},{"@type":"ListItem","position":2,"name":"Historia 2024","item":"https:\/\/www.sanmiguel.com\/es\/historia\/"},{"@type":"ListItem","position":3,"name":"Anuncios","item":"https:\/\/www.sanmiguel.com\/es\/historia\/anuncios\/"},{"@type":"ListItem","position":4,"name":"Prensa","item":"https:\/\/www.sanmiguel.com\/es\/historia\/anuncios\/prensa\/"},{"@type":"ListItem","position":5,"name":"100 ingredientes naturales"}]},{"@type":"WebSite","@id":"https:\/\/www.sanmiguel.com\/es\/#website","url":"https:\/\/www.sanmiguel.com\/es\/","name":"Cervezas San Miguel | ES","description":"Bienvenidos Cerveceros Inquietos","publisher":{"@id":"https:\/\/www.sanmiguel.com\/es\/#organization"},"potentialAction":[{"@type":"SearchAction","target":{"@type":"EntryPoint","urlTemplate":"https:\/\/www.sanmiguel.com\/es\/?s={search_term_string}"},"query-input":{"@type":"PropertyValueSpecification","valueRequired":true,"valueName":"search_term_string"}}],"inLanguage":"es"},{"@type":"Organization","@id":"https:\/\/www.sanmiguel.com\/es\/#organization","name":"Cervezas San Miguel","url":"https:\/\/www.sanmiguel.com\/es\/","logo":{"@type":"ImageObject","inLanguage":"es","@id":"https:\/\/www.sanmiguel.com\/es\/#\/schema\/logo\/image\/","url":"https:\/\/www.sanmiguel.com\/es\/wp-content\/uploads\/sites\/2\/2022\/06\/cervezas-san-miguel-logo.jpg","contentUrl":"https:\/\/www.sanmiguel.com\/es\/wp-content\/uploads\/sites\/2\/2022\/06\/cervezas-san-miguel-logo.jpg","width":400,"height":400,"caption":"Cervezas San Miguel"},"image":{"@id":"https:\/\/www.sanmiguel.com\/es\/#\/schema\/logo\/image\/"}}]}},"_links":{"self":[{"href":"https:\/\/www.sanmiguel.com\/es\/wp-json\/wp\/v2\/pages\/23533","targetHints":{"allow":["GET"]}}],"collection":[{"href":"https:\/\/www.sanmiguel.com\/es\/wp-json\/wp\/v2\/pages"}],"about":[{"href":"https:\/\/www.sanmiguel.com\/es\/wp-json\/wp\/v2\/types\/page"}],"author":[{"embeddable":true,"href":"https:\/\/www.sanmiguel.com\/es\/wp-json\/wp\/v2\/users\/1"}],"replies":[{"embeddable":true,"href":"https:\/\/www.sanmiguel.com\/es\/wp-json\/wp\/v2\/comments?post=23533"}],"version-history":[{"count":3,"href":"https:\/\/www.sanmiguel.com\/es\/wp-json\/wp\/v2\/pages\/23533\/revisions"}],"predecessor-version":[{"id":23536,"href":"https:\/\/www.sanmiguel.com\/es\/wp-json\/wp\/v2\/pages\/23533\/revisions\/23536"}],"up":[{"embeddable":true,"href":"https:\/\/www.sanmiguel.com\/es\/wp-json\/wp\/v2\/pages\/22527"}],"wp:attachment":[{"href":"https:\/\/www.sanmiguel.com\/es\/wp-json\/wp\/v2\/media?parent=23533"}],"curies":[{"name":"wp","href":"https:\/\/api.w.org\/{rel}","templated":true}]}}