{"id":23516,"date":"2024-11-21T12:18:25","date_gmt":"2024-11-21T12:18:25","guid":{"rendered":"https:\/\/www.sanmiguel.com\/es\/?page_id=23516"},"modified":"2026-02-25T15:59:49","modified_gmt":"2026-02-25T15:59:49","slug":"donde-va-triunfa","status":"publish","type":"page","link":"https:\/\/www.sanmiguel.com\/es\/historia\/anuncios\/prensa\/donde-va-triunfa\/","title":{"rendered":"Donde va, triunfa anuncio prensa"},"content":{"rendered":"\n<div class=\"historia-ficha\">\n    <div class=\"row no-gutters\">\n        <div class=\"historia-ficha-info\">\n            <h2>1994<\/h2>\n            <h1>Donde va, triunfa 1994<\/h1>\n\n            <div class=\"historia-cuerpo\">\n                \u201cDonde va, triunfa\u201d, la frase que encabez\u00f3 esta publicidad de 1994, sigue siendo recordada por muchos a d\u00eda de hoy. Como San Miguel, que entonces ya era l\u00edder de exportaci\u00f3n, esta campa\u00f1a trascender\u00eda cualquier frontera y se convertir\u00eda en una de las publicidades m\u00e1s famosas de nuestra historia. El anuncio gr\u00e1ficamente es una oda de sensaciones. El color, las burbujas, la esponjosa espuma captada en el momento justo antes del escalofr\u00edo del primer sorbo. \u00bfVerdad que te apetece ahora una San Miguel?\n            <\/div>\n        <\/div>\n\n        <div class=\"historia-ficha-img\">\n            <a class=\"enlace\" data-fancybox href=\"https:\/\/www.sanmiguel.com\/es\/wp-content\/uploads\/sites\/2\/2024\/09\/1994-scaled-378x568-c-default.webp\"  title=\"Ver Donde va, triunfa 1994\">\n                <img alt=\"Donde&#x20;va,&#x20;triunfa&#x20;1994\" srcset=\"https:\/\/www.sanmiguel.com\/es\/wp-content\/uploads\/sites\/2\/2024\/09\/1994-scaled-332x497-c-default.webp 412w,https:\/\/www.sanmiguel.com\/es\/wp-content\/uploads\/sites\/2\/2024\/09\/1994-scaled-378x568-c-default.webp 751w,https:\/\/www.sanmiguel.com\/es\/wp-content\/uploads\/sites\/2\/2024\/09\/1994-scaled-378x568-c-default.webp 1367w\" sizes=\"(max-width: 500px) 412px, (min-width: 501px) and (max-width: 1366px) 751px, (min-width: 1367px) 1367px\" src=\"https:\/\/www.sanmiguel.com\/es\/wp-content\/uploads\/sites\/2\/2024\/09\/1994-scaled-378x568-c-default.webp\" loading=\"lazy\" class=\"img-fluid\"\/>\n            <\/a>\n        <\/div>\n\n\n    <\/div>\n<\/div>","protected":false},"excerpt":{"rendered":"","protected":false},"author":1,"featured_media":0,"parent":22527,"menu_order":0,"comment_status":"closed","ping_status":"closed","template":"page-historia-anuncios-item-prensa.php","meta":[],"acf":[],"yoast_head":"<!-- This site is optimized with the Yoast SEO plugin v19.12 - https:\/\/yoast.com\/wordpress\/plugins\/seo\/ -->\n<title>Donde va, triunfa anuncio prensa | Cervezas San Miguel | ES<\/title>\n<meta name=\"description\" content=\"\u201cDonde va, triunfa\u201d, la frase que encabez\u00f3 esta publicidad de 1994, sigue siendo recordada por muchos a d\u00eda de hoy.\" \/>\n<meta name=\"robots\" content=\"index, follow, max-snippet:-1, max-image-preview:large, max-video-preview:-1\" \/>\n<link rel=\"canonical\" href=\"https:\/\/www.sanmiguel.com\/es\/historia\/anuncios\/prensa\/donde-va-triunfa\/\" \/>\n<meta property=\"og:locale\" content=\"es_ES\" \/>\n<meta property=\"og:type\" content=\"article\" \/>\n<meta property=\"og:title\" content=\"Donde va, triunfa anuncio prensa | Cervezas San Miguel | ES\" \/>\n<meta property=\"og:description\" content=\"\u201cDonde va, triunfa\u201d, la frase que encabez\u00f3 esta publicidad de 1994, sigue siendo recordada por muchos a d\u00eda de hoy.\" \/>\n<meta property=\"og:url\" content=\"https:\/\/www.sanmiguel.com\/es\/historia\/anuncios\/prensa\/donde-va-triunfa\/\" \/>\n<meta property=\"og:site_name\" content=\"Cervezas San Miguel | ES\" \/>\n<meta property=\"article:modified_time\" content=\"2026-02-25T15:59:49+00:00\" \/>\n<meta name=\"twitter:card\" content=\"summary_large_image\" \/>\n<script type=\"application\/ld+json\" class=\"yoast-schema-graph\">{\"@context\":\"https:\/\/schema.org\",\"@graph\":[{\"@type\":\"WebPage\",\"@id\":\"https:\/\/www.sanmiguel.com\/es\/historia\/anuncios\/prensa\/donde-va-triunfa\/\",\"url\":\"https:\/\/www.sanmiguel.com\/es\/historia\/anuncios\/prensa\/donde-va-triunfa\/\",\"name\":\"Donde va, triunfa anuncio prensa | Cervezas San Miguel | ES\",\"isPartOf\":{\"@id\":\"https:\/\/www.sanmiguel.com\/es\/#website\"},\"datePublished\":\"2024-11-21T12:18:25+00:00\",\"dateModified\":\"2026-02-25T15:59:49+00:00\",\"description\":\"\u201cDonde va, triunfa\u201d, la frase que encabez\u00f3 esta publicidad de 1994, sigue siendo recordada por muchos a d\u00eda de hoy.\",\"breadcrumb\":{\"@id\":\"https:\/\/www.sanmiguel.com\/es\/historia\/anuncios\/prensa\/donde-va-triunfa\/#breadcrumb\"},\"inLanguage\":\"es\",\"potentialAction\":[{\"@type\":\"ReadAction\",\"target\":[\"https:\/\/www.sanmiguel.com\/es\/historia\/anuncios\/prensa\/donde-va-triunfa\/\"]}]},{\"@type\":\"BreadcrumbList\",\"@id\":\"https:\/\/www.sanmiguel.com\/es\/historia\/anuncios\/prensa\/donde-va-triunfa\/#breadcrumb\",\"itemListElement\":[{\"@type\":\"ListItem\",\"position\":1,\"name\":\"Portada\",\"item\":\"https:\/\/www.sanmiguel.com\/es\/\"},{\"@type\":\"ListItem\",\"position\":2,\"name\":\"Historia 2024\",\"item\":\"https:\/\/www.sanmiguel.com\/es\/historia\/\"},{\"@type\":\"ListItem\",\"position\":3,\"name\":\"Anuncios\",\"item\":\"https:\/\/www.sanmiguel.com\/es\/historia\/anuncios\/\"},{\"@type\":\"ListItem\",\"position\":4,\"name\":\"Prensa\",\"item\":\"https:\/\/www.sanmiguel.com\/es\/historia\/anuncios\/prensa\/\"},{\"@type\":\"ListItem\",\"position\":5,\"name\":\"Donde va, triunfa anuncio prensa\"}]},{\"@type\":\"WebSite\",\"@id\":\"https:\/\/www.sanmiguel.com\/es\/#website\",\"url\":\"https:\/\/www.sanmiguel.com\/es\/\",\"name\":\"Cervezas San Miguel | ES\",\"description\":\"Bienvenidos Cerveceros Inquietos\",\"publisher\":{\"@id\":\"https:\/\/www.sanmiguel.com\/es\/#organization\"},\"potentialAction\":[{\"@type\":\"SearchAction\",\"target\":{\"@type\":\"EntryPoint\",\"urlTemplate\":\"https:\/\/www.sanmiguel.com\/es\/?s={search_term_string}\"},\"query-input\":\"required name=search_term_string\"}],\"inLanguage\":\"es\"},{\"@type\":\"Organization\",\"@id\":\"https:\/\/www.sanmiguel.com\/es\/#organization\",\"name\":\"Cervezas San Miguel\",\"url\":\"https:\/\/www.sanmiguel.com\/es\/\",\"logo\":{\"@type\":\"ImageObject\",\"inLanguage\":\"es\",\"@id\":\"https:\/\/www.sanmiguel.com\/es\/#\/schema\/logo\/image\/\",\"url\":\"https:\/\/www.sanmiguel.com\/es\/wp-content\/uploads\/sites\/2\/2022\/06\/cervezas-san-miguel-logo.jpg\",\"contentUrl\":\"https:\/\/www.sanmiguel.com\/es\/wp-content\/uploads\/sites\/2\/2022\/06\/cervezas-san-miguel-logo.jpg\",\"width\":400,\"height\":400,\"caption\":\"Cervezas San Miguel\"},\"image\":{\"@id\":\"https:\/\/www.sanmiguel.com\/es\/#\/schema\/logo\/image\/\"}}]}<\/script>\n<!-- \/ Yoast SEO plugin. -->","yoast_head_json":{"title":"Donde va, triunfa anuncio prensa | Cervezas San Miguel | ES","description":"\u201cDonde va, triunfa\u201d, la frase que encabez\u00f3 esta publicidad de 1994, sigue siendo recordada por muchos a d\u00eda de hoy.","robots":{"index":"index","follow":"follow","max-snippet":"max-snippet:-1","max-image-preview":"max-image-preview:large","max-video-preview":"max-video-preview:-1"},"canonical":"https:\/\/www.sanmiguel.com\/es\/historia\/anuncios\/prensa\/donde-va-triunfa\/","og_locale":"es_ES","og_type":"article","og_title":"Donde va, triunfa anuncio prensa | Cervezas San Miguel | ES","og_description":"\u201cDonde va, triunfa\u201d, la frase que encabez\u00f3 esta publicidad de 1994, sigue siendo recordada por muchos a d\u00eda de hoy.","og_url":"https:\/\/www.sanmiguel.com\/es\/historia\/anuncios\/prensa\/donde-va-triunfa\/","og_site_name":"Cervezas San Miguel | ES","article_modified_time":"2026-02-25T15:59:49+00:00","twitter_card":"summary_large_image","schema":{"@context":"https:\/\/schema.org","@graph":[{"@type":"WebPage","@id":"https:\/\/www.sanmiguel.com\/es\/historia\/anuncios\/prensa\/donde-va-triunfa\/","url":"https:\/\/www.sanmiguel.com\/es\/historia\/anuncios\/prensa\/donde-va-triunfa\/","name":"Donde va, triunfa anuncio prensa | Cervezas San Miguel | ES","isPartOf":{"@id":"https:\/\/www.sanmiguel.com\/es\/#website"},"datePublished":"2024-11-21T12:18:25+00:00","dateModified":"2026-02-25T15:59:49+00:00","description":"\u201cDonde va, triunfa\u201d, la frase que encabez\u00f3 esta publicidad de 1994, sigue siendo recordada por muchos a d\u00eda de hoy.","breadcrumb":{"@id":"https:\/\/www.sanmiguel.com\/es\/historia\/anuncios\/prensa\/donde-va-triunfa\/#breadcrumb"},"inLanguage":"es","potentialAction":[{"@type":"ReadAction","target":["https:\/\/www.sanmiguel.com\/es\/historia\/anuncios\/prensa\/donde-va-triunfa\/"]}]},{"@type":"BreadcrumbList","@id":"https:\/\/www.sanmiguel.com\/es\/historia\/anuncios\/prensa\/donde-va-triunfa\/#breadcrumb","itemListElement":[{"@type":"ListItem","position":1,"name":"Portada","item":"https:\/\/www.sanmiguel.com\/es\/"},{"@type":"ListItem","position":2,"name":"Historia 2024","item":"https:\/\/www.sanmiguel.com\/es\/historia\/"},{"@type":"ListItem","position":3,"name":"Anuncios","item":"https:\/\/www.sanmiguel.com\/es\/historia\/anuncios\/"},{"@type":"ListItem","position":4,"name":"Prensa","item":"https:\/\/www.sanmiguel.com\/es\/historia\/anuncios\/prensa\/"},{"@type":"ListItem","position":5,"name":"Donde va, triunfa anuncio prensa"}]},{"@type":"WebSite","@id":"https:\/\/www.sanmiguel.com\/es\/#website","url":"https:\/\/www.sanmiguel.com\/es\/","name":"Cervezas San Miguel | ES","description":"Bienvenidos Cerveceros Inquietos","publisher":{"@id":"https:\/\/www.sanmiguel.com\/es\/#organization"},"potentialAction":[{"@type":"SearchAction","target":{"@type":"EntryPoint","urlTemplate":"https:\/\/www.sanmiguel.com\/es\/?s={search_term_string}"},"query-input":"required name=search_term_string"}],"inLanguage":"es"},{"@type":"Organization","@id":"https:\/\/www.sanmiguel.com\/es\/#organization","name":"Cervezas San Miguel","url":"https:\/\/www.sanmiguel.com\/es\/","logo":{"@type":"ImageObject","inLanguage":"es","@id":"https:\/\/www.sanmiguel.com\/es\/#\/schema\/logo\/image\/","url":"https:\/\/www.sanmiguel.com\/es\/wp-content\/uploads\/sites\/2\/2022\/06\/cervezas-san-miguel-logo.jpg","contentUrl":"https:\/\/www.sanmiguel.com\/es\/wp-content\/uploads\/sites\/2\/2022\/06\/cervezas-san-miguel-logo.jpg","width":400,"height":400,"caption":"Cervezas San Miguel"},"image":{"@id":"https:\/\/www.sanmiguel.com\/es\/#\/schema\/logo\/image\/"}}]}},"_links":{"self":[{"href":"https:\/\/www.sanmiguel.com\/es\/wp-json\/wp\/v2\/pages\/23516"}],"collection":[{"href":"https:\/\/www.sanmiguel.com\/es\/wp-json\/wp\/v2\/pages"}],"about":[{"href":"https:\/\/www.sanmiguel.com\/es\/wp-json\/wp\/v2\/types\/page"}],"author":[{"embeddable":true,"href":"https:\/\/www.sanmiguel.com\/es\/wp-json\/wp\/v2\/users\/1"}],"replies":[{"embeddable":true,"href":"https:\/\/www.sanmiguel.com\/es\/wp-json\/wp\/v2\/comments?post=23516"}],"version-history":[{"count":6,"href":"https:\/\/www.sanmiguel.com\/es\/wp-json\/wp\/v2\/pages\/23516\/revisions"}],"predecessor-version":[{"id":27923,"href":"https:\/\/www.sanmiguel.com\/es\/wp-json\/wp\/v2\/pages\/23516\/revisions\/27923"}],"up":[{"embeddable":true,"href":"https:\/\/www.sanmiguel.com\/es\/wp-json\/wp\/v2\/pages\/22527"}],"wp:attachment":[{"href":"https:\/\/www.sanmiguel.com\/es\/wp-json\/wp\/v2\/media?parent=23516"}],"curies":[{"name":"wp","href":"https:\/\/api.w.org\/{rel}","templated":true}]}}