{"id":23446,"date":"2024-11-21T11:32:36","date_gmt":"2024-11-21T11:32:36","guid":{"rendered":"https:\/\/www.sanmiguel.com\/es\/?page_id=23446"},"modified":"2025-12-22T07:17:55","modified_gmt":"2025-12-22T07:17:55","slug":"dame-una-cerveza-radio","status":"publish","type":"page","link":"https:\/\/www.sanmiguel.com\/es\/historia\/anuncios\/radio\/dame-una-cerveza-radio\/","title":{"rendered":"Dame una cerveza"},"content":{"rendered":"\n<div class=\"historia-ficha\">\n    <div class=\"row no-gutters\">\n        <div class=\"historia-ficha-info\">\n            <h2>1964<\/h2>\n            <h1>Dame una cerveza<\/h1>\n\n            <div class=\"historia-cuerpo\">\n                \u00a1Busc\u00e1bamos nuevas formas para llegar a los amantes de la cerveza y volvimos a innovar! Sab\u00edamos que cuando una melod\u00eda te gusta no hay manera de quit\u00e1rtela de la cabeza, as\u00ed que nos pusimos manos a la obra y compusimos nuestra propia canci\u00f3n original. Las bases, con instrumentalizaci\u00f3n tropical y xil\u00f3fonos, combinaban con ritmos de sur. \u201cDame una cerveza fr\u00eda y especial, con dos dedos de espuma y que sea natural\u201d, reza el estrilbillo. \u00a1Todo un ejemplo de fusi\u00f3n!\n            <\/div>\n        <\/div>\n\n        <div class=\"historia-ficha-img\">\n            <div class=\"radio-file\">\n\t\t\t\t<audio controls preload=\"metadata\">\n                    <source src=\"https:\/\/www.sanmiguel.com\/es\/wp-content\/uploads\/sites\/2\/2024\/09\/dame-una-cerveza.mp3\" type=\"audio\/mpeg\">\n                    Your browser does not support the audio element.\n                <\/audio>\n            <\/div>\n        <\/div>\n\n\n    <\/div>\n<\/div>","protected":false},"excerpt":{"rendered":"","protected":false},"author":1,"featured_media":0,"parent":22553,"menu_order":0,"comment_status":"closed","ping_status":"closed","template":"page-historia-anuncios-item-radio.php","meta":{"_acf_changed":false,"inline_featured_image":false,"footnotes":""},"class_list":["post-23446","page","type-page","status-publish","hentry"],"acf":[],"yoast_head":"<!-- This site is optimized with the Yoast SEO plugin v27.4 - https:\/\/yoast.com\/product\/yoast-seo-wordpress\/ -->\n<title>Dame una cerveza | Cervezas San Miguel | ES<\/title>\n<meta name=\"description\" content=\"Sab\u00edamos que cuando una melod\u00eda te gusta no hay manera de quit\u00e1rtela de la cabeza, as\u00ed que compusimos nuestra propia canci\u00f3n original.\" \/>\n<meta name=\"robots\" content=\"index, follow, max-snippet:-1, max-image-preview:large, max-video-preview:-1\" \/>\n<link rel=\"canonical\" href=\"https:\/\/www.sanmiguel.com\/es\/historia\/anuncios\/radio\/dame-una-cerveza-radio\/\" \/>\n<meta property=\"og:locale\" content=\"es_ES\" \/>\n<meta property=\"og:type\" content=\"article\" \/>\n<meta property=\"og:title\" content=\"Dame una cerveza | Cervezas San Miguel | ES\" \/>\n<meta property=\"og:description\" content=\"Sab\u00edamos que cuando una melod\u00eda te gusta no hay manera de quit\u00e1rtela de la cabeza, as\u00ed que compusimos nuestra propia canci\u00f3n original.\" \/>\n<meta property=\"og:url\" content=\"https:\/\/www.sanmiguel.com\/es\/historia\/anuncios\/radio\/dame-una-cerveza-radio\/\" \/>\n<meta property=\"og:site_name\" content=\"Cervezas San Miguel | ES\" \/>\n<meta property=\"article:modified_time\" content=\"2025-12-22T07:17:55+00:00\" \/>\n<meta name=\"twitter:card\" content=\"summary_large_image\" \/>\n<script type=\"application\/ld+json\" class=\"yoast-schema-graph\">{\"@context\":\"https:\\\/\\\/schema.org\",\"@graph\":[{\"@type\":\"WebPage\",\"@id\":\"https:\\\/\\\/www.sanmiguel.com\\\/es\\\/historia\\\/anuncios\\\/radio\\\/dame-una-cerveza-radio\\\/\",\"url\":\"https:\\\/\\\/www.sanmiguel.com\\\/es\\\/historia\\\/anuncios\\\/radio\\\/dame-una-cerveza-radio\\\/\",\"name\":\"Dame una cerveza | Cervezas San Miguel | ES\",\"isPartOf\":{\"@id\":\"https:\\\/\\\/www.sanmiguel.com\\\/es\\\/#website\"},\"datePublished\":\"2024-11-21T11:32:36+00:00\",\"dateModified\":\"2025-12-22T07:17:55+00:00\",\"description\":\"Sab\u00edamos que cuando una melod\u00eda te gusta no hay manera de quit\u00e1rtela de la cabeza, as\u00ed que compusimos nuestra propia canci\u00f3n original.\",\"breadcrumb\":{\"@id\":\"https:\\\/\\\/www.sanmiguel.com\\\/es\\\/historia\\\/anuncios\\\/radio\\\/dame-una-cerveza-radio\\\/#breadcrumb\"},\"inLanguage\":\"es\",\"potentialAction\":[{\"@type\":\"ReadAction\",\"target\":[\"https:\\\/\\\/www.sanmiguel.com\\\/es\\\/historia\\\/anuncios\\\/radio\\\/dame-una-cerveza-radio\\\/\"]}]},{\"@type\":\"BreadcrumbList\",\"@id\":\"https:\\\/\\\/www.sanmiguel.com\\\/es\\\/historia\\\/anuncios\\\/radio\\\/dame-una-cerveza-radio\\\/#breadcrumb\",\"itemListElement\":[{\"@type\":\"ListItem\",\"position\":1,\"name\":\"Portada\",\"item\":\"https:\\\/\\\/www.sanmiguel.com\\\/es\\\/\"},{\"@type\":\"ListItem\",\"position\":2,\"name\":\"Historia 2024\",\"item\":\"https:\\\/\\\/www.sanmiguel.com\\\/es\\\/historia\\\/\"},{\"@type\":\"ListItem\",\"position\":3,\"name\":\"Anuncios\",\"item\":\"https:\\\/\\\/www.sanmiguel.com\\\/es\\\/historia\\\/anuncios\\\/\"},{\"@type\":\"ListItem\",\"position\":4,\"name\":\"Radio\",\"item\":\"https:\\\/\\\/www.sanmiguel.com\\\/es\\\/historia\\\/anuncios\\\/radio\\\/\"},{\"@type\":\"ListItem\",\"position\":5,\"name\":\"Dame una cerveza\"}]},{\"@type\":\"WebSite\",\"@id\":\"https:\\\/\\\/www.sanmiguel.com\\\/es\\\/#website\",\"url\":\"https:\\\/\\\/www.sanmiguel.com\\\/es\\\/\",\"name\":\"Cervezas San Miguel | ES\",\"description\":\"Bienvenidos Cerveceros Inquietos\",\"publisher\":{\"@id\":\"https:\\\/\\\/www.sanmiguel.com\\\/es\\\/#organization\"},\"potentialAction\":[{\"@type\":\"SearchAction\",\"target\":{\"@type\":\"EntryPoint\",\"urlTemplate\":\"https:\\\/\\\/www.sanmiguel.com\\\/es\\\/?s={search_term_string}\"},\"query-input\":{\"@type\":\"PropertyValueSpecification\",\"valueRequired\":true,\"valueName\":\"search_term_string\"}}],\"inLanguage\":\"es\"},{\"@type\":\"Organization\",\"@id\":\"https:\\\/\\\/www.sanmiguel.com\\\/es\\\/#organization\",\"name\":\"Cervezas San Miguel\",\"url\":\"https:\\\/\\\/www.sanmiguel.com\\\/es\\\/\",\"logo\":{\"@type\":\"ImageObject\",\"inLanguage\":\"es\",\"@id\":\"https:\\\/\\\/www.sanmiguel.com\\\/es\\\/#\\\/schema\\\/logo\\\/image\\\/\",\"url\":\"https:\\\/\\\/www.sanmiguel.com\\\/es\\\/wp-content\\\/uploads\\\/sites\\\/2\\\/2022\\\/06\\\/cervezas-san-miguel-logo.jpg\",\"contentUrl\":\"https:\\\/\\\/www.sanmiguel.com\\\/es\\\/wp-content\\\/uploads\\\/sites\\\/2\\\/2022\\\/06\\\/cervezas-san-miguel-logo.jpg\",\"width\":400,\"height\":400,\"caption\":\"Cervezas San Miguel\"},\"image\":{\"@id\":\"https:\\\/\\\/www.sanmiguel.com\\\/es\\\/#\\\/schema\\\/logo\\\/image\\\/\"}}]}<\/script>\n<!-- \/ Yoast SEO plugin. -->","yoast_head_json":{"title":"Dame una cerveza | Cervezas San Miguel | ES","description":"Sab\u00edamos que cuando una melod\u00eda te gusta no hay manera de quit\u00e1rtela de la cabeza, as\u00ed que compusimos nuestra propia canci\u00f3n original.","robots":{"index":"index","follow":"follow","max-snippet":"max-snippet:-1","max-image-preview":"max-image-preview:large","max-video-preview":"max-video-preview:-1"},"canonical":"https:\/\/www.sanmiguel.com\/es\/historia\/anuncios\/radio\/dame-una-cerveza-radio\/","og_locale":"es_ES","og_type":"article","og_title":"Dame una cerveza | Cervezas San Miguel | ES","og_description":"Sab\u00edamos que cuando una melod\u00eda te gusta no hay manera de quit\u00e1rtela de la cabeza, as\u00ed que compusimos nuestra propia canci\u00f3n original.","og_url":"https:\/\/www.sanmiguel.com\/es\/historia\/anuncios\/radio\/dame-una-cerveza-radio\/","og_site_name":"Cervezas San Miguel | ES","article_modified_time":"2025-12-22T07:17:55+00:00","twitter_card":"summary_large_image","schema":{"@context":"https:\/\/schema.org","@graph":[{"@type":"WebPage","@id":"https:\/\/www.sanmiguel.com\/es\/historia\/anuncios\/radio\/dame-una-cerveza-radio\/","url":"https:\/\/www.sanmiguel.com\/es\/historia\/anuncios\/radio\/dame-una-cerveza-radio\/","name":"Dame una cerveza | Cervezas San Miguel | ES","isPartOf":{"@id":"https:\/\/www.sanmiguel.com\/es\/#website"},"datePublished":"2024-11-21T11:32:36+00:00","dateModified":"2025-12-22T07:17:55+00:00","description":"Sab\u00edamos que cuando una melod\u00eda te gusta no hay manera de quit\u00e1rtela de la cabeza, as\u00ed que compusimos nuestra propia canci\u00f3n original.","breadcrumb":{"@id":"https:\/\/www.sanmiguel.com\/es\/historia\/anuncios\/radio\/dame-una-cerveza-radio\/#breadcrumb"},"inLanguage":"es","potentialAction":[{"@type":"ReadAction","target":["https:\/\/www.sanmiguel.com\/es\/historia\/anuncios\/radio\/dame-una-cerveza-radio\/"]}]},{"@type":"BreadcrumbList","@id":"https:\/\/www.sanmiguel.com\/es\/historia\/anuncios\/radio\/dame-una-cerveza-radio\/#breadcrumb","itemListElement":[{"@type":"ListItem","position":1,"name":"Portada","item":"https:\/\/www.sanmiguel.com\/es\/"},{"@type":"ListItem","position":2,"name":"Historia 2024","item":"https:\/\/www.sanmiguel.com\/es\/historia\/"},{"@type":"ListItem","position":3,"name":"Anuncios","item":"https:\/\/www.sanmiguel.com\/es\/historia\/anuncios\/"},{"@type":"ListItem","position":4,"name":"Radio","item":"https:\/\/www.sanmiguel.com\/es\/historia\/anuncios\/radio\/"},{"@type":"ListItem","position":5,"name":"Dame una cerveza"}]},{"@type":"WebSite","@id":"https:\/\/www.sanmiguel.com\/es\/#website","url":"https:\/\/www.sanmiguel.com\/es\/","name":"Cervezas San Miguel | ES","description":"Bienvenidos Cerveceros Inquietos","publisher":{"@id":"https:\/\/www.sanmiguel.com\/es\/#organization"},"potentialAction":[{"@type":"SearchAction","target":{"@type":"EntryPoint","urlTemplate":"https:\/\/www.sanmiguel.com\/es\/?s={search_term_string}"},"query-input":{"@type":"PropertyValueSpecification","valueRequired":true,"valueName":"search_term_string"}}],"inLanguage":"es"},{"@type":"Organization","@id":"https:\/\/www.sanmiguel.com\/es\/#organization","name":"Cervezas San Miguel","url":"https:\/\/www.sanmiguel.com\/es\/","logo":{"@type":"ImageObject","inLanguage":"es","@id":"https:\/\/www.sanmiguel.com\/es\/#\/schema\/logo\/image\/","url":"https:\/\/www.sanmiguel.com\/es\/wp-content\/uploads\/sites\/2\/2022\/06\/cervezas-san-miguel-logo.jpg","contentUrl":"https:\/\/www.sanmiguel.com\/es\/wp-content\/uploads\/sites\/2\/2022\/06\/cervezas-san-miguel-logo.jpg","width":400,"height":400,"caption":"Cervezas San Miguel"},"image":{"@id":"https:\/\/www.sanmiguel.com\/es\/#\/schema\/logo\/image\/"}}]}},"_links":{"self":[{"href":"https:\/\/www.sanmiguel.com\/es\/wp-json\/wp\/v2\/pages\/23446","targetHints":{"allow":["GET"]}}],"collection":[{"href":"https:\/\/www.sanmiguel.com\/es\/wp-json\/wp\/v2\/pages"}],"about":[{"href":"https:\/\/www.sanmiguel.com\/es\/wp-json\/wp\/v2\/types\/page"}],"author":[{"embeddable":true,"href":"https:\/\/www.sanmiguel.com\/es\/wp-json\/wp\/v2\/users\/1"}],"replies":[{"embeddable":true,"href":"https:\/\/www.sanmiguel.com\/es\/wp-json\/wp\/v2\/comments?post=23446"}],"version-history":[{"count":3,"href":"https:\/\/www.sanmiguel.com\/es\/wp-json\/wp\/v2\/pages\/23446\/revisions"}],"predecessor-version":[{"id":23449,"href":"https:\/\/www.sanmiguel.com\/es\/wp-json\/wp\/v2\/pages\/23446\/revisions\/23449"}],"up":[{"embeddable":true,"href":"https:\/\/www.sanmiguel.com\/es\/wp-json\/wp\/v2\/pages\/22553"}],"wp:attachment":[{"href":"https:\/\/www.sanmiguel.com\/es\/wp-json\/wp\/v2\/media?parent=23446"}],"curies":[{"name":"wp","href":"https:\/\/api.w.org\/{rel}","templated":true}]}}