{"id":23416,"date":"2024-11-20T16:19:49","date_gmt":"2024-11-20T16:19:49","guid":{"rendered":"https:\/\/www.sanmiguel.com\/es\/?page_id=23416"},"modified":"2025-12-22T07:18:02","modified_gmt":"2025-12-22T07:18:02","slug":"y-lo-mejor-esta-por-llegar","status":"publish","type":"page","link":"https:\/\/www.sanmiguel.com\/es\/historia\/anuncios\/television\/y-lo-mejor-esta-por-llegar\/","title":{"rendered":"Y lo mejor est\u00e1 por llegar"},"content":{"rendered":"\n<div class=\"historia-ficha\">\n    <div class=\"row no-gutters\">\n        <div class=\"historia-ficha-info\">\n            <h2>2015<\/h2>\n            <h1>Y lo mejor est\u00e1 por llegar<\/h1>\n\n            <div class=\"historia-cuerpo\">\n                En 2015 cumplimos 125 a\u00f1os. Para celebrar una fecha tan especial contamos la historia de nuestra San Miguel en \u201cY lo mejor est\u00e1 por llegar\u201d, un spot dirigido por el cineasta J.A. Bayona. El anuncio fue grabado en Espa\u00f1a y Tailandia, donde el director pudo contar con el mismo equipo de producci\u00f3n con el que rod\u00f3 la pel\u00edcula \u201cLo Imposible\u201d. \u00a1Dale al play para descubrir a los aventureros y los viajes que convirtieron a San Miguel en la cerveza m\u00e1s internacional!\n            <\/div>\n        <\/div>\n\n        <div class=\"historia-ficha-img\">\n            <div class=\"videomodalsingle-img\">\n                <a class=\"enlace\" data-fancybox=\"\" href=\"https:\/\/youtu.be\/S193Q8evoUE\" target=\"\" title=\"Ver Fama Mundial\"><\/a>\n                <img decoding=\"async\" alt=\"Y lo mejor est\u00e1 por llegar\" srcset=\"https:\/\/www.sanmiguel.com\/es\/wp-content\/uploads\/sites\/2\/2024\/09\/a177298c-327a-4247-a6d6-ee081f938568-00002-332x249-c-default.webp 412w,https:\/\/www.sanmiguel.com\/es\/wp-content\/uploads\/sites\/2\/2024\/09\/a177298c-327a-4247-a6d6-ee081f938568-00002-554x416-c-default.webp 751w,https:\/\/www.sanmiguel.com\/es\/wp-content\/uploads\/sites\/2\/2024\/09\/a177298c-327a-4247-a6d6-ee081f938568-00002-554x416-c-default.webp 1367w\" sizes=\"(max-width: 500px) 412px, (min-width: 501px) and (max-width: 1366px) 751px, (min-width: 1367px) 1367px\" src=\"https:\/\/www.sanmiguel.com\/es\/wp-content\/uploads\/sites\/2\/2024\/09\/a177298c-327a-4247-a6d6-ee081f938568-00002-554x416-c-default.webp\" loading=\"lazy\" \/>\n                <img decoding=\"async\" class=\"play_video js-play-video\" src=\"https:\/\/www.sanmiguel.com\/es\/wp-content\/uploads\/sites\/2\/2026\/05\/d1b29847de0021ef2cd3d1506dcaf316-63x63-c-default.webp\" alt=\"Play\">\n            <\/div>\n        <\/div>\n\n\n    <\/div>\n<\/div>","protected":false},"excerpt":{"rendered":"","protected":false},"author":1,"featured_media":0,"parent":22409,"menu_order":0,"comment_status":"closed","ping_status":"closed","template":"page-historia-anuncios-item-tv.php","meta":{"_acf_changed":false,"inline_featured_image":false,"footnotes":""},"class_list":["post-23416","page","type-page","status-publish","hentry"],"acf":[],"yoast_head":"<!-- This site is optimized with the Yoast SEO plugin v27.4 - https:\/\/yoast.com\/product\/yoast-seo-wordpress\/ -->\n<title>Y lo mejor est\u00e1 por llegar | Cervezas San Miguel | ES<\/title>\n<meta name=\"description\" content=\"En 2015 cumplimos 125 a\u00f1os. Para celebrar una fecha tan especial contamos la historia de nuestra San Miguel en \u201cY lo mejor est\u00e1 por llegar\" \/>\n<meta name=\"robots\" content=\"index, follow, max-snippet:-1, max-image-preview:large, max-video-preview:-1\" \/>\n<link rel=\"canonical\" href=\"https:\/\/www.sanmiguel.com\/es\/historia\/anuncios\/television\/y-lo-mejor-esta-por-llegar\/\" \/>\n<meta property=\"og:locale\" content=\"es_ES\" \/>\n<meta property=\"og:type\" content=\"article\" \/>\n<meta property=\"og:title\" content=\"Y lo mejor est\u00e1 por llegar | Cervezas San Miguel | ES\" \/>\n<meta property=\"og:description\" content=\"En 2015 cumplimos 125 a\u00f1os. Para celebrar una fecha tan especial contamos la historia de nuestra San Miguel en \u201cY lo mejor est\u00e1 por llegar\" \/>\n<meta property=\"og:url\" content=\"https:\/\/www.sanmiguel.com\/es\/historia\/anuncios\/television\/y-lo-mejor-esta-por-llegar\/\" \/>\n<meta property=\"og:site_name\" content=\"Cervezas San Miguel | ES\" \/>\n<meta property=\"article:modified_time\" content=\"2025-12-22T07:18:02+00:00\" \/>\n<meta name=\"twitter:card\" content=\"summary_large_image\" \/>\n<script type=\"application\/ld+json\" class=\"yoast-schema-graph\">{\"@context\":\"https:\\\/\\\/schema.org\",\"@graph\":[{\"@type\":\"WebPage\",\"@id\":\"https:\\\/\\\/www.sanmiguel.com\\\/es\\\/historia\\\/anuncios\\\/television\\\/y-lo-mejor-esta-por-llegar\\\/\",\"url\":\"https:\\\/\\\/www.sanmiguel.com\\\/es\\\/historia\\\/anuncios\\\/television\\\/y-lo-mejor-esta-por-llegar\\\/\",\"name\":\"Y lo mejor est\u00e1 por llegar | Cervezas San Miguel | ES\",\"isPartOf\":{\"@id\":\"https:\\\/\\\/www.sanmiguel.com\\\/es\\\/#website\"},\"datePublished\":\"2024-11-20T16:19:49+00:00\",\"dateModified\":\"2025-12-22T07:18:02+00:00\",\"description\":\"En 2015 cumplimos 125 a\u00f1os. Para celebrar una fecha tan especial contamos la historia de nuestra San Miguel en \u201cY lo mejor est\u00e1 por llegar\",\"breadcrumb\":{\"@id\":\"https:\\\/\\\/www.sanmiguel.com\\\/es\\\/historia\\\/anuncios\\\/television\\\/y-lo-mejor-esta-por-llegar\\\/#breadcrumb\"},\"inLanguage\":\"es\",\"potentialAction\":[{\"@type\":\"ReadAction\",\"target\":[\"https:\\\/\\\/www.sanmiguel.com\\\/es\\\/historia\\\/anuncios\\\/television\\\/y-lo-mejor-esta-por-llegar\\\/\"]}]},{\"@type\":\"BreadcrumbList\",\"@id\":\"https:\\\/\\\/www.sanmiguel.com\\\/es\\\/historia\\\/anuncios\\\/television\\\/y-lo-mejor-esta-por-llegar\\\/#breadcrumb\",\"itemListElement\":[{\"@type\":\"ListItem\",\"position\":1,\"name\":\"Portada\",\"item\":\"https:\\\/\\\/www.sanmiguel.com\\\/es\\\/\"},{\"@type\":\"ListItem\",\"position\":2,\"name\":\"Historia 2024\",\"item\":\"https:\\\/\\\/www.sanmiguel.com\\\/es\\\/historia\\\/\"},{\"@type\":\"ListItem\",\"position\":3,\"name\":\"Anuncios\",\"item\":\"https:\\\/\\\/www.sanmiguel.com\\\/es\\\/historia\\\/anuncios\\\/\"},{\"@type\":\"ListItem\",\"position\":4,\"name\":\"Televisi\u00f3n\",\"item\":\"https:\\\/\\\/www.sanmiguel.com\\\/es\\\/historia\\\/anuncios\\\/television\\\/\"},{\"@type\":\"ListItem\",\"position\":5,\"name\":\"Y lo mejor est\u00e1 por llegar\"}]},{\"@type\":\"WebSite\",\"@id\":\"https:\\\/\\\/www.sanmiguel.com\\\/es\\\/#website\",\"url\":\"https:\\\/\\\/www.sanmiguel.com\\\/es\\\/\",\"name\":\"Cervezas San Miguel | ES\",\"description\":\"Bienvenidos Cerveceros Inquietos\",\"publisher\":{\"@id\":\"https:\\\/\\\/www.sanmiguel.com\\\/es\\\/#organization\"},\"potentialAction\":[{\"@type\":\"SearchAction\",\"target\":{\"@type\":\"EntryPoint\",\"urlTemplate\":\"https:\\\/\\\/www.sanmiguel.com\\\/es\\\/?s={search_term_string}\"},\"query-input\":{\"@type\":\"PropertyValueSpecification\",\"valueRequired\":true,\"valueName\":\"search_term_string\"}}],\"inLanguage\":\"es\"},{\"@type\":\"Organization\",\"@id\":\"https:\\\/\\\/www.sanmiguel.com\\\/es\\\/#organization\",\"name\":\"Cervezas San Miguel\",\"url\":\"https:\\\/\\\/www.sanmiguel.com\\\/es\\\/\",\"logo\":{\"@type\":\"ImageObject\",\"inLanguage\":\"es\",\"@id\":\"https:\\\/\\\/www.sanmiguel.com\\\/es\\\/#\\\/schema\\\/logo\\\/image\\\/\",\"url\":\"https:\\\/\\\/www.sanmiguel.com\\\/es\\\/wp-content\\\/uploads\\\/sites\\\/2\\\/2022\\\/06\\\/cervezas-san-miguel-logo.jpg\",\"contentUrl\":\"https:\\\/\\\/www.sanmiguel.com\\\/es\\\/wp-content\\\/uploads\\\/sites\\\/2\\\/2022\\\/06\\\/cervezas-san-miguel-logo.jpg\",\"width\":400,\"height\":400,\"caption\":\"Cervezas San Miguel\"},\"image\":{\"@id\":\"https:\\\/\\\/www.sanmiguel.com\\\/es\\\/#\\\/schema\\\/logo\\\/image\\\/\"}}]}<\/script>\n<!-- \/ Yoast SEO plugin. -->","yoast_head_json":{"title":"Y lo mejor est\u00e1 por llegar | Cervezas San Miguel | ES","description":"En 2015 cumplimos 125 a\u00f1os. Para celebrar una fecha tan especial contamos la historia de nuestra San Miguel en \u201cY lo mejor est\u00e1 por llegar","robots":{"index":"index","follow":"follow","max-snippet":"max-snippet:-1","max-image-preview":"max-image-preview:large","max-video-preview":"max-video-preview:-1"},"canonical":"https:\/\/www.sanmiguel.com\/es\/historia\/anuncios\/television\/y-lo-mejor-esta-por-llegar\/","og_locale":"es_ES","og_type":"article","og_title":"Y lo mejor est\u00e1 por llegar | Cervezas San Miguel | ES","og_description":"En 2015 cumplimos 125 a\u00f1os. Para celebrar una fecha tan especial contamos la historia de nuestra San Miguel en \u201cY lo mejor est\u00e1 por llegar","og_url":"https:\/\/www.sanmiguel.com\/es\/historia\/anuncios\/television\/y-lo-mejor-esta-por-llegar\/","og_site_name":"Cervezas San Miguel | ES","article_modified_time":"2025-12-22T07:18:02+00:00","twitter_card":"summary_large_image","schema":{"@context":"https:\/\/schema.org","@graph":[{"@type":"WebPage","@id":"https:\/\/www.sanmiguel.com\/es\/historia\/anuncios\/television\/y-lo-mejor-esta-por-llegar\/","url":"https:\/\/www.sanmiguel.com\/es\/historia\/anuncios\/television\/y-lo-mejor-esta-por-llegar\/","name":"Y lo mejor est\u00e1 por llegar | Cervezas San Miguel | ES","isPartOf":{"@id":"https:\/\/www.sanmiguel.com\/es\/#website"},"datePublished":"2024-11-20T16:19:49+00:00","dateModified":"2025-12-22T07:18:02+00:00","description":"En 2015 cumplimos 125 a\u00f1os. Para celebrar una fecha tan especial contamos la historia de nuestra San Miguel en \u201cY lo mejor est\u00e1 por llegar","breadcrumb":{"@id":"https:\/\/www.sanmiguel.com\/es\/historia\/anuncios\/television\/y-lo-mejor-esta-por-llegar\/#breadcrumb"},"inLanguage":"es","potentialAction":[{"@type":"ReadAction","target":["https:\/\/www.sanmiguel.com\/es\/historia\/anuncios\/television\/y-lo-mejor-esta-por-llegar\/"]}]},{"@type":"BreadcrumbList","@id":"https:\/\/www.sanmiguel.com\/es\/historia\/anuncios\/television\/y-lo-mejor-esta-por-llegar\/#breadcrumb","itemListElement":[{"@type":"ListItem","position":1,"name":"Portada","item":"https:\/\/www.sanmiguel.com\/es\/"},{"@type":"ListItem","position":2,"name":"Historia 2024","item":"https:\/\/www.sanmiguel.com\/es\/historia\/"},{"@type":"ListItem","position":3,"name":"Anuncios","item":"https:\/\/www.sanmiguel.com\/es\/historia\/anuncios\/"},{"@type":"ListItem","position":4,"name":"Televisi\u00f3n","item":"https:\/\/www.sanmiguel.com\/es\/historia\/anuncios\/television\/"},{"@type":"ListItem","position":5,"name":"Y lo mejor est\u00e1 por llegar"}]},{"@type":"WebSite","@id":"https:\/\/www.sanmiguel.com\/es\/#website","url":"https:\/\/www.sanmiguel.com\/es\/","name":"Cervezas San Miguel | ES","description":"Bienvenidos Cerveceros Inquietos","publisher":{"@id":"https:\/\/www.sanmiguel.com\/es\/#organization"},"potentialAction":[{"@type":"SearchAction","target":{"@type":"EntryPoint","urlTemplate":"https:\/\/www.sanmiguel.com\/es\/?s={search_term_string}"},"query-input":{"@type":"PropertyValueSpecification","valueRequired":true,"valueName":"search_term_string"}}],"inLanguage":"es"},{"@type":"Organization","@id":"https:\/\/www.sanmiguel.com\/es\/#organization","name":"Cervezas San Miguel","url":"https:\/\/www.sanmiguel.com\/es\/","logo":{"@type":"ImageObject","inLanguage":"es","@id":"https:\/\/www.sanmiguel.com\/es\/#\/schema\/logo\/image\/","url":"https:\/\/www.sanmiguel.com\/es\/wp-content\/uploads\/sites\/2\/2022\/06\/cervezas-san-miguel-logo.jpg","contentUrl":"https:\/\/www.sanmiguel.com\/es\/wp-content\/uploads\/sites\/2\/2022\/06\/cervezas-san-miguel-logo.jpg","width":400,"height":400,"caption":"Cervezas San Miguel"},"image":{"@id":"https:\/\/www.sanmiguel.com\/es\/#\/schema\/logo\/image\/"}}]}},"_links":{"self":[{"href":"https:\/\/www.sanmiguel.com\/es\/wp-json\/wp\/v2\/pages\/23416","targetHints":{"allow":["GET"]}}],"collection":[{"href":"https:\/\/www.sanmiguel.com\/es\/wp-json\/wp\/v2\/pages"}],"about":[{"href":"https:\/\/www.sanmiguel.com\/es\/wp-json\/wp\/v2\/types\/page"}],"author":[{"embeddable":true,"href":"https:\/\/www.sanmiguel.com\/es\/wp-json\/wp\/v2\/users\/1"}],"replies":[{"embeddable":true,"href":"https:\/\/www.sanmiguel.com\/es\/wp-json\/wp\/v2\/comments?post=23416"}],"version-history":[{"count":3,"href":"https:\/\/www.sanmiguel.com\/es\/wp-json\/wp\/v2\/pages\/23416\/revisions"}],"predecessor-version":[{"id":23419,"href":"https:\/\/www.sanmiguel.com\/es\/wp-json\/wp\/v2\/pages\/23416\/revisions\/23419"}],"up":[{"embeddable":true,"href":"https:\/\/www.sanmiguel.com\/es\/wp-json\/wp\/v2\/pages\/22409"}],"wp:attachment":[{"href":"https:\/\/www.sanmiguel.com\/es\/wp-json\/wp\/v2\/media?parent=23416"}],"curies":[{"name":"wp","href":"https:\/\/api.w.org\/{rel}","templated":true}]}}