{"id":23372,"date":"2024-11-20T16:01:04","date_gmt":"2024-11-20T16:01:04","guid":{"rendered":"https:\/\/www.sanmiguel.com\/es\/?page_id=23372"},"modified":"2025-12-22T07:17:58","modified_gmt":"2025-12-22T07:17:58","slug":"crea-amigos","status":"publish","type":"page","link":"https:\/\/www.sanmiguel.com\/es\/historia\/anuncios\/television\/crea-amigos\/","title":{"rendered":"Crea Amigos"},"content":{"rendered":"\n<div class=\"historia-ficha\">\n    <div class=\"row no-gutters\">\n        <div class=\"historia-ficha-info\">\n            <h2>1958<\/h2>\n            <h1>Crea Amigos<\/h1>\n\n            <div class=\"historia-cuerpo\">\n                \u00bfQu\u00e9 hacen tres amigos sentados en una terraza un soleado d\u00eda? Desde siempre, disfrutar de un rato juntos, contando chistes y tomando una San Miguel. Hay cosas que no cambian por muchos a\u00f1os que pasen y este v\u00eddeo es una prueba de ello. En 1958 grabamos este anuncio para emitirse en cines. Toda una producci\u00f3n cinematogr\u00e1fica en clave de humor para reflejar un momento cotidiano en el que no pod\u00eda faltar nuestra San Miguel.\n            <\/div>\n        <\/div>\n\n        <div class=\"historia-ficha-img\">\n            <div class=\"videomodalsingle-img\">\n                <a class=\"enlace\" data-fancybox=\"\" href=\"https:\/\/youtu.be\/0vcsUNuS2r0\" target=\"\" title=\"Ver Fama Mundial\"><\/a>\n                <img alt=\"Crea Amigos\" srcset=\"https:\/\/www.sanmiguel.com\/es\/wp-content\/uploads\/sites\/2\/2024\/09\/crea-amigos-00002-332x249-c-default.webp 412w,https:\/\/www.sanmiguel.com\/es\/wp-content\/uploads\/sites\/2\/2024\/09\/crea-amigos-00002-554x416-c-default.webp 751w,https:\/\/www.sanmiguel.com\/es\/wp-content\/uploads\/sites\/2\/2024\/09\/crea-amigos-00002-554x416-c-default.webp 1367w\" sizes=\"(max-width: 500px) 412px, (min-width: 501px) and (max-width: 1366px) 751px, (min-width: 1367px) 1367px\" src=\"https:\/\/www.sanmiguel.com\/es\/wp-content\/uploads\/sites\/2\/2024\/09\/crea-amigos-00002-554x416-c-default.webp\" loading=\"lazy\" \/>\n                <img class=\"play_video js-play-video\" src=\"https:\/\/www.sanmiguel.com\/es\/wp-content\/uploads\/sites\/2\/2026\/04\/d1b29847de0021ef2cd3d1506dcaf316-63x63-c-default.webp\" alt=\"Play\">\n            <\/div>\n        <\/div>\n\n\n    <\/div>\n<\/div>","protected":false},"excerpt":{"rendered":"","protected":false},"author":1,"featured_media":0,"parent":22409,"menu_order":0,"comment_status":"closed","ping_status":"closed","template":"page-historia-anuncios-item-tv.php","meta":[],"acf":[],"yoast_head":"<!-- This site is optimized with the Yoast SEO plugin v19.12 - https:\/\/yoast.com\/wordpress\/plugins\/seo\/ -->\n<title>Crea Amigos | Cervezas San Miguel | ES<\/title>\n<meta name=\"description\" content=\"\u00bfQu\u00e9 hacen tres amigos sentados en una terraza un soleado d\u00eda? Disfrutar de un rato juntos, contando chistes y tomando una San Miguel.\" \/>\n<meta name=\"robots\" content=\"index, follow, max-snippet:-1, max-image-preview:large, max-video-preview:-1\" \/>\n<link rel=\"canonical\" href=\"https:\/\/www.sanmiguel.com\/es\/historia\/anuncios\/television\/crea-amigos\/\" \/>\n<meta property=\"og:locale\" content=\"es_ES\" \/>\n<meta property=\"og:type\" content=\"article\" \/>\n<meta property=\"og:title\" content=\"Crea Amigos | Cervezas San Miguel | ES\" \/>\n<meta property=\"og:description\" content=\"\u00bfQu\u00e9 hacen tres amigos sentados en una terraza un soleado d\u00eda? Disfrutar de un rato juntos, contando chistes y tomando una San Miguel.\" \/>\n<meta property=\"og:url\" content=\"https:\/\/www.sanmiguel.com\/es\/historia\/anuncios\/television\/crea-amigos\/\" \/>\n<meta property=\"og:site_name\" content=\"Cervezas San Miguel | ES\" \/>\n<meta property=\"article:modified_time\" content=\"2025-12-22T07:17:58+00:00\" \/>\n<meta name=\"twitter:card\" content=\"summary_large_image\" \/>\n<script type=\"application\/ld+json\" class=\"yoast-schema-graph\">{\"@context\":\"https:\/\/schema.org\",\"@graph\":[{\"@type\":\"WebPage\",\"@id\":\"https:\/\/www.sanmiguel.com\/es\/historia\/anuncios\/television\/crea-amigos\/\",\"url\":\"https:\/\/www.sanmiguel.com\/es\/historia\/anuncios\/television\/crea-amigos\/\",\"name\":\"Crea Amigos | Cervezas San Miguel | ES\",\"isPartOf\":{\"@id\":\"https:\/\/www.sanmiguel.com\/es\/#website\"},\"datePublished\":\"2024-11-20T16:01:04+00:00\",\"dateModified\":\"2025-12-22T07:17:58+00:00\",\"description\":\"\u00bfQu\u00e9 hacen tres amigos sentados en una terraza un soleado d\u00eda? Disfrutar de un rato juntos, contando chistes y tomando una San Miguel.\",\"breadcrumb\":{\"@id\":\"https:\/\/www.sanmiguel.com\/es\/historia\/anuncios\/television\/crea-amigos\/#breadcrumb\"},\"inLanguage\":\"es\",\"potentialAction\":[{\"@type\":\"ReadAction\",\"target\":[\"https:\/\/www.sanmiguel.com\/es\/historia\/anuncios\/television\/crea-amigos\/\"]}]},{\"@type\":\"BreadcrumbList\",\"@id\":\"https:\/\/www.sanmiguel.com\/es\/historia\/anuncios\/television\/crea-amigos\/#breadcrumb\",\"itemListElement\":[{\"@type\":\"ListItem\",\"position\":1,\"name\":\"Portada\",\"item\":\"https:\/\/www.sanmiguel.com\/es\/\"},{\"@type\":\"ListItem\",\"position\":2,\"name\":\"Historia 2024\",\"item\":\"https:\/\/www.sanmiguel.com\/es\/historia\/\"},{\"@type\":\"ListItem\",\"position\":3,\"name\":\"Anuncios\",\"item\":\"https:\/\/www.sanmiguel.com\/es\/historia\/anuncios\/\"},{\"@type\":\"ListItem\",\"position\":4,\"name\":\"Televisi\u00f3n\",\"item\":\"https:\/\/www.sanmiguel.com\/es\/historia\/anuncios\/television\/\"},{\"@type\":\"ListItem\",\"position\":5,\"name\":\"Crea Amigos\"}]},{\"@type\":\"WebSite\",\"@id\":\"https:\/\/www.sanmiguel.com\/es\/#website\",\"url\":\"https:\/\/www.sanmiguel.com\/es\/\",\"name\":\"Cervezas San Miguel | ES\",\"description\":\"Bienvenidos Cerveceros Inquietos\",\"publisher\":{\"@id\":\"https:\/\/www.sanmiguel.com\/es\/#organization\"},\"potentialAction\":[{\"@type\":\"SearchAction\",\"target\":{\"@type\":\"EntryPoint\",\"urlTemplate\":\"https:\/\/www.sanmiguel.com\/es\/?s={search_term_string}\"},\"query-input\":\"required name=search_term_string\"}],\"inLanguage\":\"es\"},{\"@type\":\"Organization\",\"@id\":\"https:\/\/www.sanmiguel.com\/es\/#organization\",\"name\":\"Cervezas San Miguel\",\"url\":\"https:\/\/www.sanmiguel.com\/es\/\",\"logo\":{\"@type\":\"ImageObject\",\"inLanguage\":\"es\",\"@id\":\"https:\/\/www.sanmiguel.com\/es\/#\/schema\/logo\/image\/\",\"url\":\"https:\/\/www.sanmiguel.com\/es\/wp-content\/uploads\/sites\/2\/2022\/06\/cervezas-san-miguel-logo.jpg\",\"contentUrl\":\"https:\/\/www.sanmiguel.com\/es\/wp-content\/uploads\/sites\/2\/2022\/06\/cervezas-san-miguel-logo.jpg\",\"width\":400,\"height\":400,\"caption\":\"Cervezas San Miguel\"},\"image\":{\"@id\":\"https:\/\/www.sanmiguel.com\/es\/#\/schema\/logo\/image\/\"}}]}<\/script>\n<!-- \/ Yoast SEO plugin. -->","yoast_head_json":{"title":"Crea Amigos | Cervezas San Miguel | ES","description":"\u00bfQu\u00e9 hacen tres amigos sentados en una terraza un soleado d\u00eda? Disfrutar de un rato juntos, contando chistes y tomando una San Miguel.","robots":{"index":"index","follow":"follow","max-snippet":"max-snippet:-1","max-image-preview":"max-image-preview:large","max-video-preview":"max-video-preview:-1"},"canonical":"https:\/\/www.sanmiguel.com\/es\/historia\/anuncios\/television\/crea-amigos\/","og_locale":"es_ES","og_type":"article","og_title":"Crea Amigos | Cervezas San Miguel | ES","og_description":"\u00bfQu\u00e9 hacen tres amigos sentados en una terraza un soleado d\u00eda? Disfrutar de un rato juntos, contando chistes y tomando una San Miguel.","og_url":"https:\/\/www.sanmiguel.com\/es\/historia\/anuncios\/television\/crea-amigos\/","og_site_name":"Cervezas San Miguel | ES","article_modified_time":"2025-12-22T07:17:58+00:00","twitter_card":"summary_large_image","schema":{"@context":"https:\/\/schema.org","@graph":[{"@type":"WebPage","@id":"https:\/\/www.sanmiguel.com\/es\/historia\/anuncios\/television\/crea-amigos\/","url":"https:\/\/www.sanmiguel.com\/es\/historia\/anuncios\/television\/crea-amigos\/","name":"Crea Amigos | Cervezas San Miguel | ES","isPartOf":{"@id":"https:\/\/www.sanmiguel.com\/es\/#website"},"datePublished":"2024-11-20T16:01:04+00:00","dateModified":"2025-12-22T07:17:58+00:00","description":"\u00bfQu\u00e9 hacen tres amigos sentados en una terraza un soleado d\u00eda? Disfrutar de un rato juntos, contando chistes y tomando una San Miguel.","breadcrumb":{"@id":"https:\/\/www.sanmiguel.com\/es\/historia\/anuncios\/television\/crea-amigos\/#breadcrumb"},"inLanguage":"es","potentialAction":[{"@type":"ReadAction","target":["https:\/\/www.sanmiguel.com\/es\/historia\/anuncios\/television\/crea-amigos\/"]}]},{"@type":"BreadcrumbList","@id":"https:\/\/www.sanmiguel.com\/es\/historia\/anuncios\/television\/crea-amigos\/#breadcrumb","itemListElement":[{"@type":"ListItem","position":1,"name":"Portada","item":"https:\/\/www.sanmiguel.com\/es\/"},{"@type":"ListItem","position":2,"name":"Historia 2024","item":"https:\/\/www.sanmiguel.com\/es\/historia\/"},{"@type":"ListItem","position":3,"name":"Anuncios","item":"https:\/\/www.sanmiguel.com\/es\/historia\/anuncios\/"},{"@type":"ListItem","position":4,"name":"Televisi\u00f3n","item":"https:\/\/www.sanmiguel.com\/es\/historia\/anuncios\/television\/"},{"@type":"ListItem","position":5,"name":"Crea Amigos"}]},{"@type":"WebSite","@id":"https:\/\/www.sanmiguel.com\/es\/#website","url":"https:\/\/www.sanmiguel.com\/es\/","name":"Cervezas San Miguel | ES","description":"Bienvenidos Cerveceros Inquietos","publisher":{"@id":"https:\/\/www.sanmiguel.com\/es\/#organization"},"potentialAction":[{"@type":"SearchAction","target":{"@type":"EntryPoint","urlTemplate":"https:\/\/www.sanmiguel.com\/es\/?s={search_term_string}"},"query-input":"required name=search_term_string"}],"inLanguage":"es"},{"@type":"Organization","@id":"https:\/\/www.sanmiguel.com\/es\/#organization","name":"Cervezas San Miguel","url":"https:\/\/www.sanmiguel.com\/es\/","logo":{"@type":"ImageObject","inLanguage":"es","@id":"https:\/\/www.sanmiguel.com\/es\/#\/schema\/logo\/image\/","url":"https:\/\/www.sanmiguel.com\/es\/wp-content\/uploads\/sites\/2\/2022\/06\/cervezas-san-miguel-logo.jpg","contentUrl":"https:\/\/www.sanmiguel.com\/es\/wp-content\/uploads\/sites\/2\/2022\/06\/cervezas-san-miguel-logo.jpg","width":400,"height":400,"caption":"Cervezas San Miguel"},"image":{"@id":"https:\/\/www.sanmiguel.com\/es\/#\/schema\/logo\/image\/"}}]}},"_links":{"self":[{"href":"https:\/\/www.sanmiguel.com\/es\/wp-json\/wp\/v2\/pages\/23372"}],"collection":[{"href":"https:\/\/www.sanmiguel.com\/es\/wp-json\/wp\/v2\/pages"}],"about":[{"href":"https:\/\/www.sanmiguel.com\/es\/wp-json\/wp\/v2\/types\/page"}],"author":[{"embeddable":true,"href":"https:\/\/www.sanmiguel.com\/es\/wp-json\/wp\/v2\/users\/1"}],"replies":[{"embeddable":true,"href":"https:\/\/www.sanmiguel.com\/es\/wp-json\/wp\/v2\/comments?post=23372"}],"version-history":[{"count":6,"href":"https:\/\/www.sanmiguel.com\/es\/wp-json\/wp\/v2\/pages\/23372\/revisions"}],"predecessor-version":[{"id":23716,"href":"https:\/\/www.sanmiguel.com\/es\/wp-json\/wp\/v2\/pages\/23372\/revisions\/23716"}],"up":[{"embeddable":true,"href":"https:\/\/www.sanmiguel.com\/es\/wp-json\/wp\/v2\/pages\/22409"}],"wp:attachment":[{"href":"https:\/\/www.sanmiguel.com\/es\/wp-json\/wp\/v2\/media?parent=23372"}],"curies":[{"name":"wp","href":"https:\/\/api.w.org\/{rel}","templated":true}]}}