{"id":23328,"date":"2024-11-19T08:52:19","date_gmt":"2024-11-19T08:52:19","guid":{"rendered":"https:\/\/www.sanmiguel.com\/es\/?page_id=23328"},"modified":"2025-12-22T07:18:18","modified_gmt":"2025-12-22T07:18:18","slug":"navegante","status":"publish","type":"page","link":"https:\/\/www.sanmiguel.com\/es\/historia\/copas-y-posavasos\/navegante\/","title":{"rendered":"Posavasos Navegante"},"content":{"rendered":"\n<div class=\"historia-ficha\">\n    <div class=\"row no-gutters\">\n        <div class=\"historia-ficha-info\">\n            <h2>2010<\/h2>\n            <h1>Posavasos Navegante<\/h1>\n\n            <div class=\"historia-cuerpo\">\n                Este posavasos ser\u00eda el punto y final de un estilo visual que hab\u00edamos construido durante a\u00f1os. El dise\u00f1o mostraba tres capas. El fondo lo ocupaba nuestra insignia con la espiga de cebada y el texto San Miguel \u2022 Premium Quality, la capa intermedia era una franja vertical de color ocre que representaba a nuestra cerveza y la \u00faltima capa ten\u00eda nuestra marca junto al barco, s\u00edmbolo de nuestro esp\u00edritu explorador. M\u00e1s adelante el barco ser\u00eda sustituido por el globomundo que lucimos en la actualidad, una imagen nueva para una cerveza de mundo y con mucho mundo.\n            <\/div>\n        <\/div>\n\n        <div class=\"historia-ficha-img\">\n            <a class=\"enlace\" data-fancybox href=\"https:\/\/www.sanmiguel.com\/es\/wp-content\/uploads\/sites\/2\/2024\/09\/navegante-full-scaled-378x568-c-default.webp\"  title=\"Ver Posavasos Navegante\">\n                <img decoding=\"async\" alt=\"Posavasos&#x20;Navegante\" srcset=\"https:\/\/www.sanmiguel.com\/es\/wp-content\/uploads\/sites\/2\/2024\/09\/navegante-full-scaled-332x497-c-default.webp 412w,https:\/\/www.sanmiguel.com\/es\/wp-content\/uploads\/sites\/2\/2024\/09\/navegante-full-scaled-378x568-c-default.webp 751w,https:\/\/www.sanmiguel.com\/es\/wp-content\/uploads\/sites\/2\/2024\/09\/navegante-full-scaled-378x568-c-default.webp 1367w\" sizes=\"(max-width: 500px) 412px, (min-width: 501px) and (max-width: 1366px) 751px, (min-width: 1367px) 1367px\" src=\"https:\/\/www.sanmiguel.com\/es\/wp-content\/uploads\/sites\/2\/2024\/09\/navegante-full-scaled-378x568-c-default.webp\" loading=\"lazy\" class=\"img-fluid\"\/>\n            <\/a>\n        <\/div>\n\n\n    <\/div>\n<\/div>","protected":false},"excerpt":{"rendered":"","protected":false},"author":1,"featured_media":0,"parent":22637,"menu_order":0,"comment_status":"closed","ping_status":"closed","template":"page-historia-ficha-posavasos.php","meta":{"_acf_changed":false,"inline_featured_image":false,"footnotes":""},"class_list":["post-23328","page","type-page","status-publish","hentry"],"acf":[],"yoast_head":"<!-- This site is optimized with the Yoast SEO plugin v27.4 - https:\/\/yoast.com\/product\/yoast-seo-wordpress\/ -->\n<title>Posavasos Navegante | Cervezas San Miguel | ES<\/title>\n<meta name=\"description\" content=\"Este posavasos ser\u00eda el punto y final de un estilo visual que hab\u00edamos construido durante a\u00f1os. El dise\u00f1o mostraba tres capas.\" \/>\n<meta name=\"robots\" content=\"index, follow, max-snippet:-1, max-image-preview:large, max-video-preview:-1\" \/>\n<link rel=\"canonical\" href=\"https:\/\/www.sanmiguel.com\/es\/historia\/copas-y-posavasos\/navegante\/\" \/>\n<meta property=\"og:locale\" content=\"es_ES\" \/>\n<meta property=\"og:type\" content=\"article\" \/>\n<meta property=\"og:title\" content=\"Posavasos Navegante | Cervezas San Miguel | ES\" \/>\n<meta property=\"og:description\" content=\"Este posavasos ser\u00eda el punto y final de un estilo visual que hab\u00edamos construido durante a\u00f1os. El dise\u00f1o mostraba tres capas.\" \/>\n<meta property=\"og:url\" content=\"https:\/\/www.sanmiguel.com\/es\/historia\/copas-y-posavasos\/navegante\/\" \/>\n<meta property=\"og:site_name\" content=\"Cervezas San Miguel | ES\" \/>\n<meta property=\"article:modified_time\" content=\"2025-12-22T07:18:18+00:00\" \/>\n<meta name=\"twitter:card\" content=\"summary_large_image\" \/>\n<script type=\"application\/ld+json\" class=\"yoast-schema-graph\">{\"@context\":\"https:\\\/\\\/schema.org\",\"@graph\":[{\"@type\":\"WebPage\",\"@id\":\"https:\\\/\\\/www.sanmiguel.com\\\/es\\\/historia\\\/copas-y-posavasos\\\/navegante\\\/\",\"url\":\"https:\\\/\\\/www.sanmiguel.com\\\/es\\\/historia\\\/copas-y-posavasos\\\/navegante\\\/\",\"name\":\"Posavasos Navegante | Cervezas San Miguel | ES\",\"isPartOf\":{\"@id\":\"https:\\\/\\\/www.sanmiguel.com\\\/es\\\/#website\"},\"datePublished\":\"2024-11-19T08:52:19+00:00\",\"dateModified\":\"2025-12-22T07:18:18+00:00\",\"description\":\"Este posavasos ser\u00eda el punto y final de un estilo visual que hab\u00edamos construido durante a\u00f1os. El dise\u00f1o mostraba tres capas.\",\"breadcrumb\":{\"@id\":\"https:\\\/\\\/www.sanmiguel.com\\\/es\\\/historia\\\/copas-y-posavasos\\\/navegante\\\/#breadcrumb\"},\"inLanguage\":\"es\",\"potentialAction\":[{\"@type\":\"ReadAction\",\"target\":[\"https:\\\/\\\/www.sanmiguel.com\\\/es\\\/historia\\\/copas-y-posavasos\\\/navegante\\\/\"]}]},{\"@type\":\"BreadcrumbList\",\"@id\":\"https:\\\/\\\/www.sanmiguel.com\\\/es\\\/historia\\\/copas-y-posavasos\\\/navegante\\\/#breadcrumb\",\"itemListElement\":[{\"@type\":\"ListItem\",\"position\":1,\"name\":\"Portada\",\"item\":\"https:\\\/\\\/www.sanmiguel.com\\\/es\\\/\"},{\"@type\":\"ListItem\",\"position\":2,\"name\":\"Historia 2024\",\"item\":\"https:\\\/\\\/www.sanmiguel.com\\\/es\\\/historia\\\/\"},{\"@type\":\"ListItem\",\"position\":3,\"name\":\"Copas y Posavasos\",\"item\":\"https:\\\/\\\/www.sanmiguel.com\\\/es\\\/historia\\\/copas-y-posavasos\\\/\"},{\"@type\":\"ListItem\",\"position\":4,\"name\":\"Posavasos Navegante\"}]},{\"@type\":\"WebSite\",\"@id\":\"https:\\\/\\\/www.sanmiguel.com\\\/es\\\/#website\",\"url\":\"https:\\\/\\\/www.sanmiguel.com\\\/es\\\/\",\"name\":\"Cervezas San Miguel | ES\",\"description\":\"Bienvenidos Cerveceros Inquietos\",\"publisher\":{\"@id\":\"https:\\\/\\\/www.sanmiguel.com\\\/es\\\/#organization\"},\"potentialAction\":[{\"@type\":\"SearchAction\",\"target\":{\"@type\":\"EntryPoint\",\"urlTemplate\":\"https:\\\/\\\/www.sanmiguel.com\\\/es\\\/?s={search_term_string}\"},\"query-input\":{\"@type\":\"PropertyValueSpecification\",\"valueRequired\":true,\"valueName\":\"search_term_string\"}}],\"inLanguage\":\"es\"},{\"@type\":\"Organization\",\"@id\":\"https:\\\/\\\/www.sanmiguel.com\\\/es\\\/#organization\",\"name\":\"Cervezas San Miguel\",\"url\":\"https:\\\/\\\/www.sanmiguel.com\\\/es\\\/\",\"logo\":{\"@type\":\"ImageObject\",\"inLanguage\":\"es\",\"@id\":\"https:\\\/\\\/www.sanmiguel.com\\\/es\\\/#\\\/schema\\\/logo\\\/image\\\/\",\"url\":\"https:\\\/\\\/www.sanmiguel.com\\\/es\\\/wp-content\\\/uploads\\\/sites\\\/2\\\/2022\\\/06\\\/cervezas-san-miguel-logo.jpg\",\"contentUrl\":\"https:\\\/\\\/www.sanmiguel.com\\\/es\\\/wp-content\\\/uploads\\\/sites\\\/2\\\/2022\\\/06\\\/cervezas-san-miguel-logo.jpg\",\"width\":400,\"height\":400,\"caption\":\"Cervezas San Miguel\"},\"image\":{\"@id\":\"https:\\\/\\\/www.sanmiguel.com\\\/es\\\/#\\\/schema\\\/logo\\\/image\\\/\"}}]}<\/script>\n<!-- \/ Yoast SEO plugin. -->","yoast_head_json":{"title":"Posavasos Navegante | Cervezas San Miguel | ES","description":"Este posavasos ser\u00eda el punto y final de un estilo visual que hab\u00edamos construido durante a\u00f1os. El dise\u00f1o mostraba tres capas.","robots":{"index":"index","follow":"follow","max-snippet":"max-snippet:-1","max-image-preview":"max-image-preview:large","max-video-preview":"max-video-preview:-1"},"canonical":"https:\/\/www.sanmiguel.com\/es\/historia\/copas-y-posavasos\/navegante\/","og_locale":"es_ES","og_type":"article","og_title":"Posavasos Navegante | Cervezas San Miguel | ES","og_description":"Este posavasos ser\u00eda el punto y final de un estilo visual que hab\u00edamos construido durante a\u00f1os. El dise\u00f1o mostraba tres capas.","og_url":"https:\/\/www.sanmiguel.com\/es\/historia\/copas-y-posavasos\/navegante\/","og_site_name":"Cervezas San Miguel | ES","article_modified_time":"2025-12-22T07:18:18+00:00","twitter_card":"summary_large_image","schema":{"@context":"https:\/\/schema.org","@graph":[{"@type":"WebPage","@id":"https:\/\/www.sanmiguel.com\/es\/historia\/copas-y-posavasos\/navegante\/","url":"https:\/\/www.sanmiguel.com\/es\/historia\/copas-y-posavasos\/navegante\/","name":"Posavasos Navegante | Cervezas San Miguel | ES","isPartOf":{"@id":"https:\/\/www.sanmiguel.com\/es\/#website"},"datePublished":"2024-11-19T08:52:19+00:00","dateModified":"2025-12-22T07:18:18+00:00","description":"Este posavasos ser\u00eda el punto y final de un estilo visual que hab\u00edamos construido durante a\u00f1os. El dise\u00f1o mostraba tres capas.","breadcrumb":{"@id":"https:\/\/www.sanmiguel.com\/es\/historia\/copas-y-posavasos\/navegante\/#breadcrumb"},"inLanguage":"es","potentialAction":[{"@type":"ReadAction","target":["https:\/\/www.sanmiguel.com\/es\/historia\/copas-y-posavasos\/navegante\/"]}]},{"@type":"BreadcrumbList","@id":"https:\/\/www.sanmiguel.com\/es\/historia\/copas-y-posavasos\/navegante\/#breadcrumb","itemListElement":[{"@type":"ListItem","position":1,"name":"Portada","item":"https:\/\/www.sanmiguel.com\/es\/"},{"@type":"ListItem","position":2,"name":"Historia 2024","item":"https:\/\/www.sanmiguel.com\/es\/historia\/"},{"@type":"ListItem","position":3,"name":"Copas y Posavasos","item":"https:\/\/www.sanmiguel.com\/es\/historia\/copas-y-posavasos\/"},{"@type":"ListItem","position":4,"name":"Posavasos Navegante"}]},{"@type":"WebSite","@id":"https:\/\/www.sanmiguel.com\/es\/#website","url":"https:\/\/www.sanmiguel.com\/es\/","name":"Cervezas San Miguel | ES","description":"Bienvenidos Cerveceros Inquietos","publisher":{"@id":"https:\/\/www.sanmiguel.com\/es\/#organization"},"potentialAction":[{"@type":"SearchAction","target":{"@type":"EntryPoint","urlTemplate":"https:\/\/www.sanmiguel.com\/es\/?s={search_term_string}"},"query-input":{"@type":"PropertyValueSpecification","valueRequired":true,"valueName":"search_term_string"}}],"inLanguage":"es"},{"@type":"Organization","@id":"https:\/\/www.sanmiguel.com\/es\/#organization","name":"Cervezas San Miguel","url":"https:\/\/www.sanmiguel.com\/es\/","logo":{"@type":"ImageObject","inLanguage":"es","@id":"https:\/\/www.sanmiguel.com\/es\/#\/schema\/logo\/image\/","url":"https:\/\/www.sanmiguel.com\/es\/wp-content\/uploads\/sites\/2\/2022\/06\/cervezas-san-miguel-logo.jpg","contentUrl":"https:\/\/www.sanmiguel.com\/es\/wp-content\/uploads\/sites\/2\/2022\/06\/cervezas-san-miguel-logo.jpg","width":400,"height":400,"caption":"Cervezas San Miguel"},"image":{"@id":"https:\/\/www.sanmiguel.com\/es\/#\/schema\/logo\/image\/"}}]}},"_links":{"self":[{"href":"https:\/\/www.sanmiguel.com\/es\/wp-json\/wp\/v2\/pages\/23328","targetHints":{"allow":["GET"]}}],"collection":[{"href":"https:\/\/www.sanmiguel.com\/es\/wp-json\/wp\/v2\/pages"}],"about":[{"href":"https:\/\/www.sanmiguel.com\/es\/wp-json\/wp\/v2\/types\/page"}],"author":[{"embeddable":true,"href":"https:\/\/www.sanmiguel.com\/es\/wp-json\/wp\/v2\/users\/1"}],"replies":[{"embeddable":true,"href":"https:\/\/www.sanmiguel.com\/es\/wp-json\/wp\/v2\/comments?post=23328"}],"version-history":[{"count":5,"href":"https:\/\/www.sanmiguel.com\/es\/wp-json\/wp\/v2\/pages\/23328\/revisions"}],"predecessor-version":[{"id":23891,"href":"https:\/\/www.sanmiguel.com\/es\/wp-json\/wp\/v2\/pages\/23328\/revisions\/23891"}],"up":[{"embeddable":true,"href":"https:\/\/www.sanmiguel.com\/es\/wp-json\/wp\/v2\/pages\/22637"}],"wp:attachment":[{"href":"https:\/\/www.sanmiguel.com\/es\/wp-json\/wp\/v2\/media?parent=23328"}],"curies":[{"name":"wp","href":"https:\/\/api.w.org\/{rel}","templated":true}]}}