{"id":23289,"date":"2024-11-19T08:32:55","date_gmt":"2024-11-19T08:32:55","guid":{"rendered":"https:\/\/www.sanmiguel.com\/es\/?page_id=23289"},"modified":"2025-12-22T07:18:18","modified_gmt":"2025-12-22T07:18:18","slug":"iconico","status":"publish","type":"page","link":"https:\/\/www.sanmiguel.com\/es\/historia\/copas-y-posavasos\/iconico\/","title":{"rendered":"Posavasos Ic\u00f3nico"},"content":{"rendered":"\n<div class=\"historia-ficha\">\n    <div class=\"row no-gutters\">\n        <div class=\"historia-ficha-info\">\n            <h2>1960<\/h2>\n            <h1>Posavasos Ic\u00f3nico<\/h1>\n\n            <div class=\"historia-cuerpo\">\n                Otro dise\u00f1o de los posavasos que sacamos durante la d\u00e9cada de los 60. Comparte la forma redondeada con el otro modelo anterior, pero visualmente es muy diferente con tres c\u00edrculos conc\u00e9ntricos en verde, blanco y rojo. Como curiosidad, este es el primer posavasos en el que aparece la espiga de cebada, que fue durante largo tiempo un icono dentro de la marca. En \u00e9l aparece el texto que inclu\u00edamos en nuestra publicidad de aquellos a\u00f1os: \u201cSan Miguel, de fama mundial\u201d.\n            <\/div>\n        <\/div>\n\n        <div class=\"historia-ficha-img\">\n            <a class=\"enlace\" data-fancybox href=\"https:\/\/www.sanmiguel.com\/es\/wp-content\/uploads\/sites\/2\/2024\/09\/iconico-full-1-scaled-378x568-c-default.webp\"  title=\"Ver Posavasos Ic\u00f3nico\">\n                <img decoding=\"async\" alt=\"Posavasos&#x20;Ic&#x00F3;nico\" srcset=\"https:\/\/www.sanmiguel.com\/es\/wp-content\/uploads\/sites\/2\/2024\/09\/iconico-full-1-scaled-332x497-c-default.webp 412w,https:\/\/www.sanmiguel.com\/es\/wp-content\/uploads\/sites\/2\/2024\/09\/iconico-full-1-scaled-378x568-c-default.webp 751w,https:\/\/www.sanmiguel.com\/es\/wp-content\/uploads\/sites\/2\/2024\/09\/iconico-full-1-scaled-378x568-c-default.webp 1367w\" sizes=\"(max-width: 500px) 412px, (min-width: 501px) and (max-width: 1366px) 751px, (min-width: 1367px) 1367px\" src=\"https:\/\/www.sanmiguel.com\/es\/wp-content\/uploads\/sites\/2\/2024\/09\/iconico-full-1-scaled-378x568-c-default.webp\" loading=\"lazy\" class=\"img-fluid\"\/>\n            <\/a>\n        <\/div>\n\n\n    <\/div>\n<\/div>","protected":false},"excerpt":{"rendered":"","protected":false},"author":1,"featured_media":0,"parent":22637,"menu_order":0,"comment_status":"closed","ping_status":"closed","template":"page-historia-ficha-posavasos.php","meta":{"_acf_changed":false,"inline_featured_image":false,"footnotes":""},"class_list":["post-23289","page","type-page","status-publish","hentry"],"acf":[],"yoast_head":"<!-- This site is optimized with the Yoast SEO plugin v27.4 - https:\/\/yoast.com\/product\/yoast-seo-wordpress\/ -->\n<title>Posavasos Ic\u00f3nico | Cervezas San Miguel | ES<\/title>\n<meta name=\"description\" content=\"Otro de los posavasos de la d\u00e9cada de los 60. Partiendo de la forma redondeada cuenta con tres c\u00edrculos conc\u00e9ntricos en verde, blanco y rojo.\" \/>\n<meta name=\"robots\" content=\"index, follow, max-snippet:-1, max-image-preview:large, max-video-preview:-1\" \/>\n<link rel=\"canonical\" href=\"https:\/\/www.sanmiguel.com\/es\/historia\/copas-y-posavasos\/iconico\/\" \/>\n<meta property=\"og:locale\" content=\"es_ES\" \/>\n<meta property=\"og:type\" content=\"article\" \/>\n<meta property=\"og:title\" content=\"Posavasos Ic\u00f3nico | Cervezas San Miguel | ES\" \/>\n<meta property=\"og:description\" content=\"Otro de los posavasos de la d\u00e9cada de los 60. Partiendo de la forma redondeada cuenta con tres c\u00edrculos conc\u00e9ntricos en verde, blanco y rojo.\" \/>\n<meta property=\"og:url\" content=\"https:\/\/www.sanmiguel.com\/es\/historia\/copas-y-posavasos\/iconico\/\" \/>\n<meta property=\"og:site_name\" content=\"Cervezas San Miguel | ES\" \/>\n<meta property=\"article:modified_time\" content=\"2025-12-22T07:18:18+00:00\" \/>\n<meta name=\"twitter:card\" content=\"summary_large_image\" \/>\n<script type=\"application\/ld+json\" class=\"yoast-schema-graph\">{\"@context\":\"https:\\\/\\\/schema.org\",\"@graph\":[{\"@type\":\"WebPage\",\"@id\":\"https:\\\/\\\/www.sanmiguel.com\\\/es\\\/historia\\\/copas-y-posavasos\\\/iconico\\\/\",\"url\":\"https:\\\/\\\/www.sanmiguel.com\\\/es\\\/historia\\\/copas-y-posavasos\\\/iconico\\\/\",\"name\":\"Posavasos Ic\u00f3nico | Cervezas San Miguel | ES\",\"isPartOf\":{\"@id\":\"https:\\\/\\\/www.sanmiguel.com\\\/es\\\/#website\"},\"datePublished\":\"2024-11-19T08:32:55+00:00\",\"dateModified\":\"2025-12-22T07:18:18+00:00\",\"description\":\"Otro de los posavasos de la d\u00e9cada de los 60. Partiendo de la forma redondeada cuenta con tres c\u00edrculos conc\u00e9ntricos en verde, blanco y rojo.\",\"breadcrumb\":{\"@id\":\"https:\\\/\\\/www.sanmiguel.com\\\/es\\\/historia\\\/copas-y-posavasos\\\/iconico\\\/#breadcrumb\"},\"inLanguage\":\"es\",\"potentialAction\":[{\"@type\":\"ReadAction\",\"target\":[\"https:\\\/\\\/www.sanmiguel.com\\\/es\\\/historia\\\/copas-y-posavasos\\\/iconico\\\/\"]}]},{\"@type\":\"BreadcrumbList\",\"@id\":\"https:\\\/\\\/www.sanmiguel.com\\\/es\\\/historia\\\/copas-y-posavasos\\\/iconico\\\/#breadcrumb\",\"itemListElement\":[{\"@type\":\"ListItem\",\"position\":1,\"name\":\"Portada\",\"item\":\"https:\\\/\\\/www.sanmiguel.com\\\/es\\\/\"},{\"@type\":\"ListItem\",\"position\":2,\"name\":\"Historia 2024\",\"item\":\"https:\\\/\\\/www.sanmiguel.com\\\/es\\\/historia\\\/\"},{\"@type\":\"ListItem\",\"position\":3,\"name\":\"Copas y Posavasos\",\"item\":\"https:\\\/\\\/www.sanmiguel.com\\\/es\\\/historia\\\/copas-y-posavasos\\\/\"},{\"@type\":\"ListItem\",\"position\":4,\"name\":\"Posavasos Ic\u00f3nico\"}]},{\"@type\":\"WebSite\",\"@id\":\"https:\\\/\\\/www.sanmiguel.com\\\/es\\\/#website\",\"url\":\"https:\\\/\\\/www.sanmiguel.com\\\/es\\\/\",\"name\":\"Cervezas San Miguel | ES\",\"description\":\"Bienvenidos Cerveceros Inquietos\",\"publisher\":{\"@id\":\"https:\\\/\\\/www.sanmiguel.com\\\/es\\\/#organization\"},\"potentialAction\":[{\"@type\":\"SearchAction\",\"target\":{\"@type\":\"EntryPoint\",\"urlTemplate\":\"https:\\\/\\\/www.sanmiguel.com\\\/es\\\/?s={search_term_string}\"},\"query-input\":{\"@type\":\"PropertyValueSpecification\",\"valueRequired\":true,\"valueName\":\"search_term_string\"}}],\"inLanguage\":\"es\"},{\"@type\":\"Organization\",\"@id\":\"https:\\\/\\\/www.sanmiguel.com\\\/es\\\/#organization\",\"name\":\"Cervezas San Miguel\",\"url\":\"https:\\\/\\\/www.sanmiguel.com\\\/es\\\/\",\"logo\":{\"@type\":\"ImageObject\",\"inLanguage\":\"es\",\"@id\":\"https:\\\/\\\/www.sanmiguel.com\\\/es\\\/#\\\/schema\\\/logo\\\/image\\\/\",\"url\":\"https:\\\/\\\/www.sanmiguel.com\\\/es\\\/wp-content\\\/uploads\\\/sites\\\/2\\\/2022\\\/06\\\/cervezas-san-miguel-logo.jpg\",\"contentUrl\":\"https:\\\/\\\/www.sanmiguel.com\\\/es\\\/wp-content\\\/uploads\\\/sites\\\/2\\\/2022\\\/06\\\/cervezas-san-miguel-logo.jpg\",\"width\":400,\"height\":400,\"caption\":\"Cervezas San Miguel\"},\"image\":{\"@id\":\"https:\\\/\\\/www.sanmiguel.com\\\/es\\\/#\\\/schema\\\/logo\\\/image\\\/\"}}]}<\/script>\n<!-- \/ Yoast SEO plugin. -->","yoast_head_json":{"title":"Posavasos Ic\u00f3nico | Cervezas San Miguel | ES","description":"Otro de los posavasos de la d\u00e9cada de los 60. Partiendo de la forma redondeada cuenta con tres c\u00edrculos conc\u00e9ntricos en verde, blanco y rojo.","robots":{"index":"index","follow":"follow","max-snippet":"max-snippet:-1","max-image-preview":"max-image-preview:large","max-video-preview":"max-video-preview:-1"},"canonical":"https:\/\/www.sanmiguel.com\/es\/historia\/copas-y-posavasos\/iconico\/","og_locale":"es_ES","og_type":"article","og_title":"Posavasos Ic\u00f3nico | Cervezas San Miguel | ES","og_description":"Otro de los posavasos de la d\u00e9cada de los 60. Partiendo de la forma redondeada cuenta con tres c\u00edrculos conc\u00e9ntricos en verde, blanco y rojo.","og_url":"https:\/\/www.sanmiguel.com\/es\/historia\/copas-y-posavasos\/iconico\/","og_site_name":"Cervezas San Miguel | ES","article_modified_time":"2025-12-22T07:18:18+00:00","twitter_card":"summary_large_image","schema":{"@context":"https:\/\/schema.org","@graph":[{"@type":"WebPage","@id":"https:\/\/www.sanmiguel.com\/es\/historia\/copas-y-posavasos\/iconico\/","url":"https:\/\/www.sanmiguel.com\/es\/historia\/copas-y-posavasos\/iconico\/","name":"Posavasos Ic\u00f3nico | Cervezas San Miguel | ES","isPartOf":{"@id":"https:\/\/www.sanmiguel.com\/es\/#website"},"datePublished":"2024-11-19T08:32:55+00:00","dateModified":"2025-12-22T07:18:18+00:00","description":"Otro de los posavasos de la d\u00e9cada de los 60. Partiendo de la forma redondeada cuenta con tres c\u00edrculos conc\u00e9ntricos en verde, blanco y rojo.","breadcrumb":{"@id":"https:\/\/www.sanmiguel.com\/es\/historia\/copas-y-posavasos\/iconico\/#breadcrumb"},"inLanguage":"es","potentialAction":[{"@type":"ReadAction","target":["https:\/\/www.sanmiguel.com\/es\/historia\/copas-y-posavasos\/iconico\/"]}]},{"@type":"BreadcrumbList","@id":"https:\/\/www.sanmiguel.com\/es\/historia\/copas-y-posavasos\/iconico\/#breadcrumb","itemListElement":[{"@type":"ListItem","position":1,"name":"Portada","item":"https:\/\/www.sanmiguel.com\/es\/"},{"@type":"ListItem","position":2,"name":"Historia 2024","item":"https:\/\/www.sanmiguel.com\/es\/historia\/"},{"@type":"ListItem","position":3,"name":"Copas y Posavasos","item":"https:\/\/www.sanmiguel.com\/es\/historia\/copas-y-posavasos\/"},{"@type":"ListItem","position":4,"name":"Posavasos Ic\u00f3nico"}]},{"@type":"WebSite","@id":"https:\/\/www.sanmiguel.com\/es\/#website","url":"https:\/\/www.sanmiguel.com\/es\/","name":"Cervezas San Miguel | ES","description":"Bienvenidos Cerveceros Inquietos","publisher":{"@id":"https:\/\/www.sanmiguel.com\/es\/#organization"},"potentialAction":[{"@type":"SearchAction","target":{"@type":"EntryPoint","urlTemplate":"https:\/\/www.sanmiguel.com\/es\/?s={search_term_string}"},"query-input":{"@type":"PropertyValueSpecification","valueRequired":true,"valueName":"search_term_string"}}],"inLanguage":"es"},{"@type":"Organization","@id":"https:\/\/www.sanmiguel.com\/es\/#organization","name":"Cervezas San Miguel","url":"https:\/\/www.sanmiguel.com\/es\/","logo":{"@type":"ImageObject","inLanguage":"es","@id":"https:\/\/www.sanmiguel.com\/es\/#\/schema\/logo\/image\/","url":"https:\/\/www.sanmiguel.com\/es\/wp-content\/uploads\/sites\/2\/2022\/06\/cervezas-san-miguel-logo.jpg","contentUrl":"https:\/\/www.sanmiguel.com\/es\/wp-content\/uploads\/sites\/2\/2022\/06\/cervezas-san-miguel-logo.jpg","width":400,"height":400,"caption":"Cervezas San Miguel"},"image":{"@id":"https:\/\/www.sanmiguel.com\/es\/#\/schema\/logo\/image\/"}}]}},"_links":{"self":[{"href":"https:\/\/www.sanmiguel.com\/es\/wp-json\/wp\/v2\/pages\/23289","targetHints":{"allow":["GET"]}}],"collection":[{"href":"https:\/\/www.sanmiguel.com\/es\/wp-json\/wp\/v2\/pages"}],"about":[{"href":"https:\/\/www.sanmiguel.com\/es\/wp-json\/wp\/v2\/types\/page"}],"author":[{"embeddable":true,"href":"https:\/\/www.sanmiguel.com\/es\/wp-json\/wp\/v2\/users\/1"}],"replies":[{"embeddable":true,"href":"https:\/\/www.sanmiguel.com\/es\/wp-json\/wp\/v2\/comments?post=23289"}],"version-history":[{"count":5,"href":"https:\/\/www.sanmiguel.com\/es\/wp-json\/wp\/v2\/pages\/23289\/revisions"}],"predecessor-version":[{"id":23886,"href":"https:\/\/www.sanmiguel.com\/es\/wp-json\/wp\/v2\/pages\/23289\/revisions\/23886"}],"up":[{"embeddable":true,"href":"https:\/\/www.sanmiguel.com\/es\/wp-json\/wp\/v2\/pages\/22637"}],"wp:attachment":[{"href":"https:\/\/www.sanmiguel.com\/es\/wp-json\/wp\/v2\/media?parent=23289"}],"curies":[{"name":"wp","href":"https:\/\/api.w.org\/{rel}","templated":true}]}}