{"id":23233,"date":"2024-11-18T12:46:19","date_gmt":"2024-11-18T12:46:19","guid":{"rendered":"https:\/\/www.sanmiguel.com\/es\/?page_id=23233"},"modified":"2025-12-22T07:18:15","modified_gmt":"2025-12-22T07:18:15","slug":"copa-san-miguel-1516","status":"publish","type":"page","link":"https:\/\/www.sanmiguel.com\/es\/historia\/copas-y-posavasos\/copa-san-miguel-1516\/","title":{"rendered":"Copa San Miguel 1516"},"content":{"rendered":"\n<div class=\"historia-ficha\">\n    <div class=\"row no-gutters\">\n        <div class=\"historia-ficha-info\">\n            <h2>2016<\/h2>\n            <h1>Copa San Miguel 1516<\/h1>\n\n            <div class=\"historia-cuerpo\">\n                Para disfrutar de su sabor al m\u00e1ximo dise\u00f1amos en 2016 esta copa, m\u00e1s recta de lo habitual y con curvas menos pronunciadas para conservar todos los matices de la cerveza. Junto al globomundo de San Miguel y el nombre de la cerveza, el vaso lleva serigrafiado un sello con las tres materias primas que establec\u00eda la Ley de la Pureza Alemana. El interior tiene un tratamiento l\u00e1ser de forma que cuando la cerveza entra en contacto con el cristal, se generan burbujas que suben desde la parte m\u00e1s profunda hasta la superficie.\n            <\/div>\n        <\/div>\n\n        <div class=\"historia-ficha-img\">\n            <a class=\"enlace\" data-fancybox href=\"https:\/\/www.sanmiguel.com\/es\/wp-content\/uploads\/sites\/2\/2024\/09\/copa-san-miguel-1516-full-scaled-378x568-c-default.webp\"  title=\"Ver Copa San Miguel 1516\">\n                <img decoding=\"async\" alt=\"Copa&#x20;San&#x20;Miguel&#x20;1516\" srcset=\"https:\/\/www.sanmiguel.com\/es\/wp-content\/uploads\/sites\/2\/2024\/09\/copa-san-miguel-1516-full-scaled-332x497-c-default.webp 412w,https:\/\/www.sanmiguel.com\/es\/wp-content\/uploads\/sites\/2\/2024\/09\/copa-san-miguel-1516-full-scaled-378x568-c-default.webp 751w,https:\/\/www.sanmiguel.com\/es\/wp-content\/uploads\/sites\/2\/2024\/09\/copa-san-miguel-1516-full-scaled-378x568-c-default.webp 1367w\" sizes=\"(max-width: 500px) 412px, (min-width: 501px) and (max-width: 1366px) 751px, (min-width: 1367px) 1367px\" src=\"https:\/\/www.sanmiguel.com\/es\/wp-content\/uploads\/sites\/2\/2024\/09\/copa-san-miguel-1516-full-scaled-378x568-c-default.webp\" loading=\"lazy\" class=\"img-fluid\"\/>\n            <\/a>\n        <\/div>\n\n\n    <\/div>\n<\/div>","protected":false},"excerpt":{"rendered":"","protected":false},"author":1,"featured_media":0,"parent":22637,"menu_order":0,"comment_status":"closed","ping_status":"closed","template":"page-historia-ficha-posavasos.php","meta":{"_acf_changed":false,"inline_featured_image":false,"footnotes":""},"class_list":["post-23233","page","type-page","status-publish","hentry"],"acf":[],"yoast_head":"<!-- This site is optimized with the Yoast SEO plugin v27.4 - https:\/\/yoast.com\/product\/yoast-seo-wordpress\/ -->\n<title>Copa San Miguel 1516 | Cervezas San Miguel | ES<\/title>\n<meta name=\"description\" content=\"En 2016 dise\u00f1amos esta copa, m\u00e1s recta de lo habitual y con curvas menos pronunciadas para conservar todos los matices de la cerveza.\" \/>\n<meta name=\"robots\" content=\"index, follow, max-snippet:-1, max-image-preview:large, max-video-preview:-1\" \/>\n<link rel=\"canonical\" href=\"https:\/\/www.sanmiguel.com\/es\/historia\/copas-y-posavasos\/copa-san-miguel-1516\/\" \/>\n<meta property=\"og:locale\" content=\"es_ES\" \/>\n<meta property=\"og:type\" content=\"article\" \/>\n<meta property=\"og:title\" content=\"Copa San Miguel 1516 | Cervezas San Miguel | ES\" \/>\n<meta property=\"og:description\" content=\"En 2016 dise\u00f1amos esta copa, m\u00e1s recta de lo habitual y con curvas menos pronunciadas para conservar todos los matices de la cerveza.\" \/>\n<meta property=\"og:url\" content=\"https:\/\/www.sanmiguel.com\/es\/historia\/copas-y-posavasos\/copa-san-miguel-1516\/\" \/>\n<meta property=\"og:site_name\" content=\"Cervezas San Miguel | ES\" \/>\n<meta property=\"article:modified_time\" content=\"2025-12-22T07:18:15+00:00\" \/>\n<meta name=\"twitter:card\" content=\"summary_large_image\" \/>\n<script type=\"application\/ld+json\" class=\"yoast-schema-graph\">{\"@context\":\"https:\\\/\\\/schema.org\",\"@graph\":[{\"@type\":\"WebPage\",\"@id\":\"https:\\\/\\\/www.sanmiguel.com\\\/es\\\/historia\\\/copas-y-posavasos\\\/copa-san-miguel-1516\\\/\",\"url\":\"https:\\\/\\\/www.sanmiguel.com\\\/es\\\/historia\\\/copas-y-posavasos\\\/copa-san-miguel-1516\\\/\",\"name\":\"Copa San Miguel 1516 | Cervezas San Miguel | ES\",\"isPartOf\":{\"@id\":\"https:\\\/\\\/www.sanmiguel.com\\\/es\\\/#website\"},\"datePublished\":\"2024-11-18T12:46:19+00:00\",\"dateModified\":\"2025-12-22T07:18:15+00:00\",\"description\":\"En 2016 dise\u00f1amos esta copa, m\u00e1s recta de lo habitual y con curvas menos pronunciadas para conservar todos los matices de la cerveza.\",\"breadcrumb\":{\"@id\":\"https:\\\/\\\/www.sanmiguel.com\\\/es\\\/historia\\\/copas-y-posavasos\\\/copa-san-miguel-1516\\\/#breadcrumb\"},\"inLanguage\":\"es\",\"potentialAction\":[{\"@type\":\"ReadAction\",\"target\":[\"https:\\\/\\\/www.sanmiguel.com\\\/es\\\/historia\\\/copas-y-posavasos\\\/copa-san-miguel-1516\\\/\"]}]},{\"@type\":\"BreadcrumbList\",\"@id\":\"https:\\\/\\\/www.sanmiguel.com\\\/es\\\/historia\\\/copas-y-posavasos\\\/copa-san-miguel-1516\\\/#breadcrumb\",\"itemListElement\":[{\"@type\":\"ListItem\",\"position\":1,\"name\":\"Portada\",\"item\":\"https:\\\/\\\/www.sanmiguel.com\\\/es\\\/\"},{\"@type\":\"ListItem\",\"position\":2,\"name\":\"Historia 2024\",\"item\":\"https:\\\/\\\/www.sanmiguel.com\\\/es\\\/historia\\\/\"},{\"@type\":\"ListItem\",\"position\":3,\"name\":\"Copas y Posavasos\",\"item\":\"https:\\\/\\\/www.sanmiguel.com\\\/es\\\/historia\\\/copas-y-posavasos\\\/\"},{\"@type\":\"ListItem\",\"position\":4,\"name\":\"Copa San Miguel 1516\"}]},{\"@type\":\"WebSite\",\"@id\":\"https:\\\/\\\/www.sanmiguel.com\\\/es\\\/#website\",\"url\":\"https:\\\/\\\/www.sanmiguel.com\\\/es\\\/\",\"name\":\"Cervezas San Miguel | ES\",\"description\":\"Bienvenidos Cerveceros Inquietos\",\"publisher\":{\"@id\":\"https:\\\/\\\/www.sanmiguel.com\\\/es\\\/#organization\"},\"potentialAction\":[{\"@type\":\"SearchAction\",\"target\":{\"@type\":\"EntryPoint\",\"urlTemplate\":\"https:\\\/\\\/www.sanmiguel.com\\\/es\\\/?s={search_term_string}\"},\"query-input\":{\"@type\":\"PropertyValueSpecification\",\"valueRequired\":true,\"valueName\":\"search_term_string\"}}],\"inLanguage\":\"es\"},{\"@type\":\"Organization\",\"@id\":\"https:\\\/\\\/www.sanmiguel.com\\\/es\\\/#organization\",\"name\":\"Cervezas San Miguel\",\"url\":\"https:\\\/\\\/www.sanmiguel.com\\\/es\\\/\",\"logo\":{\"@type\":\"ImageObject\",\"inLanguage\":\"es\",\"@id\":\"https:\\\/\\\/www.sanmiguel.com\\\/es\\\/#\\\/schema\\\/logo\\\/image\\\/\",\"url\":\"https:\\\/\\\/www.sanmiguel.com\\\/es\\\/wp-content\\\/uploads\\\/sites\\\/2\\\/2022\\\/06\\\/cervezas-san-miguel-logo.jpg\",\"contentUrl\":\"https:\\\/\\\/www.sanmiguel.com\\\/es\\\/wp-content\\\/uploads\\\/sites\\\/2\\\/2022\\\/06\\\/cervezas-san-miguel-logo.jpg\",\"width\":400,\"height\":400,\"caption\":\"Cervezas San Miguel\"},\"image\":{\"@id\":\"https:\\\/\\\/www.sanmiguel.com\\\/es\\\/#\\\/schema\\\/logo\\\/image\\\/\"}}]}<\/script>\n<!-- \/ Yoast SEO plugin. -->","yoast_head_json":{"title":"Copa San Miguel 1516 | Cervezas San Miguel | ES","description":"En 2016 dise\u00f1amos esta copa, m\u00e1s recta de lo habitual y con curvas menos pronunciadas para conservar todos los matices de la cerveza.","robots":{"index":"index","follow":"follow","max-snippet":"max-snippet:-1","max-image-preview":"max-image-preview:large","max-video-preview":"max-video-preview:-1"},"canonical":"https:\/\/www.sanmiguel.com\/es\/historia\/copas-y-posavasos\/copa-san-miguel-1516\/","og_locale":"es_ES","og_type":"article","og_title":"Copa San Miguel 1516 | Cervezas San Miguel | ES","og_description":"En 2016 dise\u00f1amos esta copa, m\u00e1s recta de lo habitual y con curvas menos pronunciadas para conservar todos los matices de la cerveza.","og_url":"https:\/\/www.sanmiguel.com\/es\/historia\/copas-y-posavasos\/copa-san-miguel-1516\/","og_site_name":"Cervezas San Miguel | ES","article_modified_time":"2025-12-22T07:18:15+00:00","twitter_card":"summary_large_image","schema":{"@context":"https:\/\/schema.org","@graph":[{"@type":"WebPage","@id":"https:\/\/www.sanmiguel.com\/es\/historia\/copas-y-posavasos\/copa-san-miguel-1516\/","url":"https:\/\/www.sanmiguel.com\/es\/historia\/copas-y-posavasos\/copa-san-miguel-1516\/","name":"Copa San Miguel 1516 | Cervezas San Miguel | ES","isPartOf":{"@id":"https:\/\/www.sanmiguel.com\/es\/#website"},"datePublished":"2024-11-18T12:46:19+00:00","dateModified":"2025-12-22T07:18:15+00:00","description":"En 2016 dise\u00f1amos esta copa, m\u00e1s recta de lo habitual y con curvas menos pronunciadas para conservar todos los matices de la cerveza.","breadcrumb":{"@id":"https:\/\/www.sanmiguel.com\/es\/historia\/copas-y-posavasos\/copa-san-miguel-1516\/#breadcrumb"},"inLanguage":"es","potentialAction":[{"@type":"ReadAction","target":["https:\/\/www.sanmiguel.com\/es\/historia\/copas-y-posavasos\/copa-san-miguel-1516\/"]}]},{"@type":"BreadcrumbList","@id":"https:\/\/www.sanmiguel.com\/es\/historia\/copas-y-posavasos\/copa-san-miguel-1516\/#breadcrumb","itemListElement":[{"@type":"ListItem","position":1,"name":"Portada","item":"https:\/\/www.sanmiguel.com\/es\/"},{"@type":"ListItem","position":2,"name":"Historia 2024","item":"https:\/\/www.sanmiguel.com\/es\/historia\/"},{"@type":"ListItem","position":3,"name":"Copas y Posavasos","item":"https:\/\/www.sanmiguel.com\/es\/historia\/copas-y-posavasos\/"},{"@type":"ListItem","position":4,"name":"Copa San Miguel 1516"}]},{"@type":"WebSite","@id":"https:\/\/www.sanmiguel.com\/es\/#website","url":"https:\/\/www.sanmiguel.com\/es\/","name":"Cervezas San Miguel | ES","description":"Bienvenidos Cerveceros Inquietos","publisher":{"@id":"https:\/\/www.sanmiguel.com\/es\/#organization"},"potentialAction":[{"@type":"SearchAction","target":{"@type":"EntryPoint","urlTemplate":"https:\/\/www.sanmiguel.com\/es\/?s={search_term_string}"},"query-input":{"@type":"PropertyValueSpecification","valueRequired":true,"valueName":"search_term_string"}}],"inLanguage":"es"},{"@type":"Organization","@id":"https:\/\/www.sanmiguel.com\/es\/#organization","name":"Cervezas San Miguel","url":"https:\/\/www.sanmiguel.com\/es\/","logo":{"@type":"ImageObject","inLanguage":"es","@id":"https:\/\/www.sanmiguel.com\/es\/#\/schema\/logo\/image\/","url":"https:\/\/www.sanmiguel.com\/es\/wp-content\/uploads\/sites\/2\/2022\/06\/cervezas-san-miguel-logo.jpg","contentUrl":"https:\/\/www.sanmiguel.com\/es\/wp-content\/uploads\/sites\/2\/2022\/06\/cervezas-san-miguel-logo.jpg","width":400,"height":400,"caption":"Cervezas San Miguel"},"image":{"@id":"https:\/\/www.sanmiguel.com\/es\/#\/schema\/logo\/image\/"}}]}},"_links":{"self":[{"href":"https:\/\/www.sanmiguel.com\/es\/wp-json\/wp\/v2\/pages\/23233","targetHints":{"allow":["GET"]}}],"collection":[{"href":"https:\/\/www.sanmiguel.com\/es\/wp-json\/wp\/v2\/pages"}],"about":[{"href":"https:\/\/www.sanmiguel.com\/es\/wp-json\/wp\/v2\/types\/page"}],"author":[{"embeddable":true,"href":"https:\/\/www.sanmiguel.com\/es\/wp-json\/wp\/v2\/users\/1"}],"replies":[{"embeddable":true,"href":"https:\/\/www.sanmiguel.com\/es\/wp-json\/wp\/v2\/comments?post=23233"}],"version-history":[{"count":3,"href":"https:\/\/www.sanmiguel.com\/es\/wp-json\/wp\/v2\/pages\/23233\/revisions"}],"predecessor-version":[{"id":23236,"href":"https:\/\/www.sanmiguel.com\/es\/wp-json\/wp\/v2\/pages\/23233\/revisions\/23236"}],"up":[{"embeddable":true,"href":"https:\/\/www.sanmiguel.com\/es\/wp-json\/wp\/v2\/pages\/22637"}],"wp:attachment":[{"href":"https:\/\/www.sanmiguel.com\/es\/wp-json\/wp\/v2\/media?parent=23233"}],"curies":[{"name":"wp","href":"https:\/\/api.w.org\/{rel}","templated":true}]}}