{"id":23221,"date":"2024-11-18T12:41:46","date_gmt":"2024-11-18T12:41:46","guid":{"rendered":"https:\/\/www.sanmiguel.com\/es\/?page_id=23221"},"modified":"2025-12-22T07:18:14","modified_gmt":"2025-12-22T07:18:14","slug":"de-tubo","status":"publish","type":"page","link":"https:\/\/www.sanmiguel.com\/es\/historia\/copas-y-posavasos\/de-tubo\/","title":{"rendered":"Copa De tubo"},"content":{"rendered":"\n<div class=\"historia-ficha\">\n    <div class=\"row no-gutters\">\n        <div class=\"historia-ficha-info\">\n            <h2>1996<\/h2>\n            <h1>Copa De tubo<\/h1>\n\n            <div class=\"historia-cuerpo\">\n                Si ahora alguien nos sirve nuestra San Miguel en un vaso de tubo ponemos cara de p\u00f3ker, pero no hace tanto tiempo era el m\u00e1s de moda en todos los bares. Cuando sali\u00f3, su altura y su forma estilizada daban la impresi\u00f3n de que ten\u00eda m\u00e1s capacidad, pero era pura apariencia porque solo ten\u00eda 33 cl. Para servir cerveza es uno de los dise\u00f1os menos acertados, ya que su forma recta impide crear una buena espuma. Sin embargo, la gente que iba a los bares ped\u00eda \u201cen vaso de tubo, por favor\u201d y finalmente nosotros tuvimos nuestros vasos de este modelo en 1996. \u00a1Lo m\u00e1s destacado es que fue uno de nuestros primeros vasos que llevaba serigrafiado el barco y las velas izadas de San Miguel!\n            <\/div>\n        <\/div>\n\n        <div class=\"historia-ficha-img\">\n            <a class=\"enlace\" data-fancybox href=\"https:\/\/www.sanmiguel.com\/es\/wp-content\/uploads\/sites\/2\/2024\/09\/de-tubo-full-scaled-378x568-c-default.webp\"  title=\"Ver Copa De tubo\">\n                <img decoding=\"async\" alt=\"Copa&#x20;De&#x20;tubo\" srcset=\"https:\/\/www.sanmiguel.com\/es\/wp-content\/uploads\/sites\/2\/2024\/09\/de-tubo-full-scaled-332x497-c-default.webp 412w,https:\/\/www.sanmiguel.com\/es\/wp-content\/uploads\/sites\/2\/2024\/09\/de-tubo-full-scaled-378x568-c-default.webp 751w,https:\/\/www.sanmiguel.com\/es\/wp-content\/uploads\/sites\/2\/2024\/09\/de-tubo-full-scaled-378x568-c-default.webp 1367w\" sizes=\"(max-width: 500px) 412px, (min-width: 501px) and (max-width: 1366px) 751px, (min-width: 1367px) 1367px\" src=\"https:\/\/www.sanmiguel.com\/es\/wp-content\/uploads\/sites\/2\/2024\/09\/de-tubo-full-scaled-378x568-c-default.webp\" loading=\"lazy\" class=\"img-fluid\"\/>\n            <\/a>\n        <\/div>\n\n\n    <\/div>\n<\/div>","protected":false},"excerpt":{"rendered":"","protected":false},"author":1,"featured_media":0,"parent":22637,"menu_order":0,"comment_status":"closed","ping_status":"closed","template":"page-historia-ficha-posavasos.php","meta":{"_acf_changed":false,"inline_featured_image":false,"footnotes":""},"class_list":["post-23221","page","type-page","status-publish","hentry"],"acf":[],"yoast_head":"<!-- This site is optimized with the Yoast SEO plugin v27.4 - https:\/\/yoast.com\/product\/yoast-seo-wordpress\/ -->\n<title>Copa De tubo | Cervezas San Miguel | ES<\/title>\n<meta name=\"description\" content=\"Si nos sirven nuestra San Miguel en un vaso de tubo ponemos cara de p\u00f3ker, pero no hace tanto tiempo era el m\u00e1s de moda en todos los bares.\" \/>\n<meta name=\"robots\" content=\"index, follow, max-snippet:-1, max-image-preview:large, max-video-preview:-1\" \/>\n<link rel=\"canonical\" href=\"https:\/\/www.sanmiguel.com\/es\/historia\/copas-y-posavasos\/de-tubo\/\" \/>\n<meta property=\"og:locale\" content=\"es_ES\" \/>\n<meta property=\"og:type\" content=\"article\" \/>\n<meta property=\"og:title\" content=\"Copa De tubo | Cervezas San Miguel | ES\" \/>\n<meta property=\"og:description\" content=\"Si nos sirven nuestra San Miguel en un vaso de tubo ponemos cara de p\u00f3ker, pero no hace tanto tiempo era el m\u00e1s de moda en todos los bares.\" \/>\n<meta property=\"og:url\" content=\"https:\/\/www.sanmiguel.com\/es\/historia\/copas-y-posavasos\/de-tubo\/\" \/>\n<meta property=\"og:site_name\" content=\"Cervezas San Miguel | ES\" \/>\n<meta property=\"article:modified_time\" content=\"2025-12-22T07:18:14+00:00\" \/>\n<meta name=\"twitter:card\" content=\"summary_large_image\" \/>\n<script type=\"application\/ld+json\" class=\"yoast-schema-graph\">{\"@context\":\"https:\\\/\\\/schema.org\",\"@graph\":[{\"@type\":\"WebPage\",\"@id\":\"https:\\\/\\\/www.sanmiguel.com\\\/es\\\/historia\\\/copas-y-posavasos\\\/de-tubo\\\/\",\"url\":\"https:\\\/\\\/www.sanmiguel.com\\\/es\\\/historia\\\/copas-y-posavasos\\\/de-tubo\\\/\",\"name\":\"Copa De tubo | Cervezas San Miguel | ES\",\"isPartOf\":{\"@id\":\"https:\\\/\\\/www.sanmiguel.com\\\/es\\\/#website\"},\"datePublished\":\"2024-11-18T12:41:46+00:00\",\"dateModified\":\"2025-12-22T07:18:14+00:00\",\"description\":\"Si nos sirven nuestra San Miguel en un vaso de tubo ponemos cara de p\u00f3ker, pero no hace tanto tiempo era el m\u00e1s de moda en todos los bares.\",\"breadcrumb\":{\"@id\":\"https:\\\/\\\/www.sanmiguel.com\\\/es\\\/historia\\\/copas-y-posavasos\\\/de-tubo\\\/#breadcrumb\"},\"inLanguage\":\"es\",\"potentialAction\":[{\"@type\":\"ReadAction\",\"target\":[\"https:\\\/\\\/www.sanmiguel.com\\\/es\\\/historia\\\/copas-y-posavasos\\\/de-tubo\\\/\"]}]},{\"@type\":\"BreadcrumbList\",\"@id\":\"https:\\\/\\\/www.sanmiguel.com\\\/es\\\/historia\\\/copas-y-posavasos\\\/de-tubo\\\/#breadcrumb\",\"itemListElement\":[{\"@type\":\"ListItem\",\"position\":1,\"name\":\"Portada\",\"item\":\"https:\\\/\\\/www.sanmiguel.com\\\/es\\\/\"},{\"@type\":\"ListItem\",\"position\":2,\"name\":\"Historia 2024\",\"item\":\"https:\\\/\\\/www.sanmiguel.com\\\/es\\\/historia\\\/\"},{\"@type\":\"ListItem\",\"position\":3,\"name\":\"Copas y Posavasos\",\"item\":\"https:\\\/\\\/www.sanmiguel.com\\\/es\\\/historia\\\/copas-y-posavasos\\\/\"},{\"@type\":\"ListItem\",\"position\":4,\"name\":\"Copa De tubo\"}]},{\"@type\":\"WebSite\",\"@id\":\"https:\\\/\\\/www.sanmiguel.com\\\/es\\\/#website\",\"url\":\"https:\\\/\\\/www.sanmiguel.com\\\/es\\\/\",\"name\":\"Cervezas San Miguel | ES\",\"description\":\"Bienvenidos Cerveceros Inquietos\",\"publisher\":{\"@id\":\"https:\\\/\\\/www.sanmiguel.com\\\/es\\\/#organization\"},\"potentialAction\":[{\"@type\":\"SearchAction\",\"target\":{\"@type\":\"EntryPoint\",\"urlTemplate\":\"https:\\\/\\\/www.sanmiguel.com\\\/es\\\/?s={search_term_string}\"},\"query-input\":{\"@type\":\"PropertyValueSpecification\",\"valueRequired\":true,\"valueName\":\"search_term_string\"}}],\"inLanguage\":\"es\"},{\"@type\":\"Organization\",\"@id\":\"https:\\\/\\\/www.sanmiguel.com\\\/es\\\/#organization\",\"name\":\"Cervezas San Miguel\",\"url\":\"https:\\\/\\\/www.sanmiguel.com\\\/es\\\/\",\"logo\":{\"@type\":\"ImageObject\",\"inLanguage\":\"es\",\"@id\":\"https:\\\/\\\/www.sanmiguel.com\\\/es\\\/#\\\/schema\\\/logo\\\/image\\\/\",\"url\":\"https:\\\/\\\/www.sanmiguel.com\\\/es\\\/wp-content\\\/uploads\\\/sites\\\/2\\\/2022\\\/06\\\/cervezas-san-miguel-logo.jpg\",\"contentUrl\":\"https:\\\/\\\/www.sanmiguel.com\\\/es\\\/wp-content\\\/uploads\\\/sites\\\/2\\\/2022\\\/06\\\/cervezas-san-miguel-logo.jpg\",\"width\":400,\"height\":400,\"caption\":\"Cervezas San Miguel\"},\"image\":{\"@id\":\"https:\\\/\\\/www.sanmiguel.com\\\/es\\\/#\\\/schema\\\/logo\\\/image\\\/\"}}]}<\/script>\n<!-- \/ Yoast SEO plugin. -->","yoast_head_json":{"title":"Copa De tubo | Cervezas San Miguel | ES","description":"Si nos sirven nuestra San Miguel en un vaso de tubo ponemos cara de p\u00f3ker, pero no hace tanto tiempo era el m\u00e1s de moda en todos los bares.","robots":{"index":"index","follow":"follow","max-snippet":"max-snippet:-1","max-image-preview":"max-image-preview:large","max-video-preview":"max-video-preview:-1"},"canonical":"https:\/\/www.sanmiguel.com\/es\/historia\/copas-y-posavasos\/de-tubo\/","og_locale":"es_ES","og_type":"article","og_title":"Copa De tubo | Cervezas San Miguel | ES","og_description":"Si nos sirven nuestra San Miguel en un vaso de tubo ponemos cara de p\u00f3ker, pero no hace tanto tiempo era el m\u00e1s de moda en todos los bares.","og_url":"https:\/\/www.sanmiguel.com\/es\/historia\/copas-y-posavasos\/de-tubo\/","og_site_name":"Cervezas San Miguel | ES","article_modified_time":"2025-12-22T07:18:14+00:00","twitter_card":"summary_large_image","schema":{"@context":"https:\/\/schema.org","@graph":[{"@type":"WebPage","@id":"https:\/\/www.sanmiguel.com\/es\/historia\/copas-y-posavasos\/de-tubo\/","url":"https:\/\/www.sanmiguel.com\/es\/historia\/copas-y-posavasos\/de-tubo\/","name":"Copa De tubo | Cervezas San Miguel | ES","isPartOf":{"@id":"https:\/\/www.sanmiguel.com\/es\/#website"},"datePublished":"2024-11-18T12:41:46+00:00","dateModified":"2025-12-22T07:18:14+00:00","description":"Si nos sirven nuestra San Miguel en un vaso de tubo ponemos cara de p\u00f3ker, pero no hace tanto tiempo era el m\u00e1s de moda en todos los bares.","breadcrumb":{"@id":"https:\/\/www.sanmiguel.com\/es\/historia\/copas-y-posavasos\/de-tubo\/#breadcrumb"},"inLanguage":"es","potentialAction":[{"@type":"ReadAction","target":["https:\/\/www.sanmiguel.com\/es\/historia\/copas-y-posavasos\/de-tubo\/"]}]},{"@type":"BreadcrumbList","@id":"https:\/\/www.sanmiguel.com\/es\/historia\/copas-y-posavasos\/de-tubo\/#breadcrumb","itemListElement":[{"@type":"ListItem","position":1,"name":"Portada","item":"https:\/\/www.sanmiguel.com\/es\/"},{"@type":"ListItem","position":2,"name":"Historia 2024","item":"https:\/\/www.sanmiguel.com\/es\/historia\/"},{"@type":"ListItem","position":3,"name":"Copas y Posavasos","item":"https:\/\/www.sanmiguel.com\/es\/historia\/copas-y-posavasos\/"},{"@type":"ListItem","position":4,"name":"Copa De tubo"}]},{"@type":"WebSite","@id":"https:\/\/www.sanmiguel.com\/es\/#website","url":"https:\/\/www.sanmiguel.com\/es\/","name":"Cervezas San Miguel | ES","description":"Bienvenidos Cerveceros Inquietos","publisher":{"@id":"https:\/\/www.sanmiguel.com\/es\/#organization"},"potentialAction":[{"@type":"SearchAction","target":{"@type":"EntryPoint","urlTemplate":"https:\/\/www.sanmiguel.com\/es\/?s={search_term_string}"},"query-input":{"@type":"PropertyValueSpecification","valueRequired":true,"valueName":"search_term_string"}}],"inLanguage":"es"},{"@type":"Organization","@id":"https:\/\/www.sanmiguel.com\/es\/#organization","name":"Cervezas San Miguel","url":"https:\/\/www.sanmiguel.com\/es\/","logo":{"@type":"ImageObject","inLanguage":"es","@id":"https:\/\/www.sanmiguel.com\/es\/#\/schema\/logo\/image\/","url":"https:\/\/www.sanmiguel.com\/es\/wp-content\/uploads\/sites\/2\/2022\/06\/cervezas-san-miguel-logo.jpg","contentUrl":"https:\/\/www.sanmiguel.com\/es\/wp-content\/uploads\/sites\/2\/2022\/06\/cervezas-san-miguel-logo.jpg","width":400,"height":400,"caption":"Cervezas San Miguel"},"image":{"@id":"https:\/\/www.sanmiguel.com\/es\/#\/schema\/logo\/image\/"}}]}},"_links":{"self":[{"href":"https:\/\/www.sanmiguel.com\/es\/wp-json\/wp\/v2\/pages\/23221","targetHints":{"allow":["GET"]}}],"collection":[{"href":"https:\/\/www.sanmiguel.com\/es\/wp-json\/wp\/v2\/pages"}],"about":[{"href":"https:\/\/www.sanmiguel.com\/es\/wp-json\/wp\/v2\/types\/page"}],"author":[{"embeddable":true,"href":"https:\/\/www.sanmiguel.com\/es\/wp-json\/wp\/v2\/users\/1"}],"replies":[{"embeddable":true,"href":"https:\/\/www.sanmiguel.com\/es\/wp-json\/wp\/v2\/comments?post=23221"}],"version-history":[{"count":6,"href":"https:\/\/www.sanmiguel.com\/es\/wp-json\/wp\/v2\/pages\/23221\/revisions"}],"predecessor-version":[{"id":23880,"href":"https:\/\/www.sanmiguel.com\/es\/wp-json\/wp\/v2\/pages\/23221\/revisions\/23880"}],"up":[{"embeddable":true,"href":"https:\/\/www.sanmiguel.com\/es\/wp-json\/wp\/v2\/pages\/22637"}],"wp:attachment":[{"href":"https:\/\/www.sanmiguel.com\/es\/wp-json\/wp\/v2\/media?parent=23221"}],"curies":[{"name":"wp","href":"https:\/\/api.w.org\/{rel}","templated":true}]}}