{"id":23192,"date":"2024-11-18T12:30:08","date_gmt":"2024-11-18T12:30:08","guid":{"rendered":"https:\/\/www.sanmiguel.com\/es\/?page_id=23192"},"modified":"2025-12-22T07:18:15","modified_gmt":"2025-12-22T07:18:15","slug":"el-primero","status":"publish","type":"page","link":"https:\/\/www.sanmiguel.com\/es\/historia\/copas-y-posavasos\/el-primero\/","title":{"rendered":"Copa El primero"},"content":{"rendered":"\n<div class=\"historia-ficha\">\n    <div class=\"row no-gutters\">\n        <div class=\"historia-ficha-info\">\n            <h2>1957<\/h2>\n            <h1>Copa El primero<\/h1>\n\n            <div class=\"historia-cuerpo\">\n                Este es el vaso m\u00e1s antiguo del Smuseum. Lo lanzamos en 1957, coincidiendo con la apertura de nuestra f\u00e1brica de L\u00e9rida y acompa\u00f1ando la llegada de San Miguel Pilsener Cristal a Espa\u00f1a. Ten\u00eda una base de cristal grueso que le conced\u00eda gran estabilidad y su dise\u00f1o, que iba ligeramente de m\u00e1s estrecho a m\u00e1s ancho, estaba pensado para que se pudiese servir la cerveza. Su capacidad era de 33 cl. e inclin\u00e1ndolo unos 30 grados, se pod\u00eda servir de forma eficaz la cerveza.\n            <\/div>\n        <\/div>\n\n        <div class=\"historia-ficha-img\">\n            <a class=\"enlace\" data-fancybox href=\"https:\/\/www.sanmiguel.com\/es\/wp-content\/uploads\/sites\/2\/2024\/09\/el-primero-5-full-scaled-378x568-c-default.webp\"  title=\"Ver Copa El primero\">\n                <img decoding=\"async\" alt=\"Copa&#x20;El&#x20;primero\" srcset=\"https:\/\/www.sanmiguel.com\/es\/wp-content\/uploads\/sites\/2\/2024\/09\/el-primero-5-full-scaled-332x497-c-default.webp 412w,https:\/\/www.sanmiguel.com\/es\/wp-content\/uploads\/sites\/2\/2024\/09\/el-primero-5-full-scaled-378x568-c-default.webp 751w,https:\/\/www.sanmiguel.com\/es\/wp-content\/uploads\/sites\/2\/2024\/09\/el-primero-5-full-scaled-378x568-c-default.webp 1367w\" sizes=\"(max-width: 500px) 412px, (min-width: 501px) and (max-width: 1366px) 751px, (min-width: 1367px) 1367px\" src=\"https:\/\/www.sanmiguel.com\/es\/wp-content\/uploads\/sites\/2\/2024\/09\/el-primero-5-full-scaled-378x568-c-default.webp\" loading=\"lazy\" class=\"img-fluid\"\/>\n            <\/a>\n        <\/div>\n\n\n    <\/div>\n<\/div>","protected":false},"excerpt":{"rendered":"","protected":false},"author":1,"featured_media":0,"parent":22637,"menu_order":0,"comment_status":"closed","ping_status":"closed","template":"page-historia-ficha-posavasos.php","meta":{"_acf_changed":false,"inline_featured_image":false,"footnotes":""},"class_list":["post-23192","page","type-page","status-publish","hentry"],"acf":[],"yoast_head":"<!-- This site is optimized with the Yoast SEO plugin v27.4 - https:\/\/yoast.com\/product\/yoast-seo-wordpress\/ -->\n<title>Copa El primero | Cervezas San Miguel | ES<\/title>\n<meta name=\"description\" content=\"El vaso m\u00e1s antiguo del Smuseum, del 1957, a\u00f1o de la apertura de nuestra f\u00e1brica de L\u00e9rida y la llegada de San Miguel Pilsener Cristal.\" \/>\n<meta name=\"robots\" content=\"index, follow, max-snippet:-1, max-image-preview:large, max-video-preview:-1\" \/>\n<link rel=\"canonical\" href=\"https:\/\/www.sanmiguel.com\/es\/historia\/copas-y-posavasos\/el-primero\/\" \/>\n<meta property=\"og:locale\" content=\"es_ES\" \/>\n<meta property=\"og:type\" content=\"article\" \/>\n<meta property=\"og:title\" content=\"Copa El primero | Cervezas San Miguel | ES\" \/>\n<meta property=\"og:description\" content=\"El vaso m\u00e1s antiguo del Smuseum, del 1957, a\u00f1o de la apertura de nuestra f\u00e1brica de L\u00e9rida y la llegada de San Miguel Pilsener Cristal.\" \/>\n<meta property=\"og:url\" content=\"https:\/\/www.sanmiguel.com\/es\/historia\/copas-y-posavasos\/el-primero\/\" \/>\n<meta property=\"og:site_name\" content=\"Cervezas San Miguel | ES\" \/>\n<meta property=\"article:modified_time\" content=\"2025-12-22T07:18:15+00:00\" \/>\n<meta name=\"twitter:card\" content=\"summary_large_image\" \/>\n<script type=\"application\/ld+json\" class=\"yoast-schema-graph\">{\"@context\":\"https:\\\/\\\/schema.org\",\"@graph\":[{\"@type\":\"WebPage\",\"@id\":\"https:\\\/\\\/www.sanmiguel.com\\\/es\\\/historia\\\/copas-y-posavasos\\\/el-primero\\\/\",\"url\":\"https:\\\/\\\/www.sanmiguel.com\\\/es\\\/historia\\\/copas-y-posavasos\\\/el-primero\\\/\",\"name\":\"Copa El primero | Cervezas San Miguel | ES\",\"isPartOf\":{\"@id\":\"https:\\\/\\\/www.sanmiguel.com\\\/es\\\/#website\"},\"datePublished\":\"2024-11-18T12:30:08+00:00\",\"dateModified\":\"2025-12-22T07:18:15+00:00\",\"description\":\"El vaso m\u00e1s antiguo del Smuseum, del 1957, a\u00f1o de la apertura de nuestra f\u00e1brica de L\u00e9rida y la llegada de San Miguel Pilsener Cristal.\",\"breadcrumb\":{\"@id\":\"https:\\\/\\\/www.sanmiguel.com\\\/es\\\/historia\\\/copas-y-posavasos\\\/el-primero\\\/#breadcrumb\"},\"inLanguage\":\"es\",\"potentialAction\":[{\"@type\":\"ReadAction\",\"target\":[\"https:\\\/\\\/www.sanmiguel.com\\\/es\\\/historia\\\/copas-y-posavasos\\\/el-primero\\\/\"]}]},{\"@type\":\"BreadcrumbList\",\"@id\":\"https:\\\/\\\/www.sanmiguel.com\\\/es\\\/historia\\\/copas-y-posavasos\\\/el-primero\\\/#breadcrumb\",\"itemListElement\":[{\"@type\":\"ListItem\",\"position\":1,\"name\":\"Portada\",\"item\":\"https:\\\/\\\/www.sanmiguel.com\\\/es\\\/\"},{\"@type\":\"ListItem\",\"position\":2,\"name\":\"Historia 2024\",\"item\":\"https:\\\/\\\/www.sanmiguel.com\\\/es\\\/historia\\\/\"},{\"@type\":\"ListItem\",\"position\":3,\"name\":\"Copas y Posavasos\",\"item\":\"https:\\\/\\\/www.sanmiguel.com\\\/es\\\/historia\\\/copas-y-posavasos\\\/\"},{\"@type\":\"ListItem\",\"position\":4,\"name\":\"Copa El primero\"}]},{\"@type\":\"WebSite\",\"@id\":\"https:\\\/\\\/www.sanmiguel.com\\\/es\\\/#website\",\"url\":\"https:\\\/\\\/www.sanmiguel.com\\\/es\\\/\",\"name\":\"Cervezas San Miguel | ES\",\"description\":\"Bienvenidos Cerveceros Inquietos\",\"publisher\":{\"@id\":\"https:\\\/\\\/www.sanmiguel.com\\\/es\\\/#organization\"},\"potentialAction\":[{\"@type\":\"SearchAction\",\"target\":{\"@type\":\"EntryPoint\",\"urlTemplate\":\"https:\\\/\\\/www.sanmiguel.com\\\/es\\\/?s={search_term_string}\"},\"query-input\":{\"@type\":\"PropertyValueSpecification\",\"valueRequired\":true,\"valueName\":\"search_term_string\"}}],\"inLanguage\":\"es\"},{\"@type\":\"Organization\",\"@id\":\"https:\\\/\\\/www.sanmiguel.com\\\/es\\\/#organization\",\"name\":\"Cervezas San Miguel\",\"url\":\"https:\\\/\\\/www.sanmiguel.com\\\/es\\\/\",\"logo\":{\"@type\":\"ImageObject\",\"inLanguage\":\"es\",\"@id\":\"https:\\\/\\\/www.sanmiguel.com\\\/es\\\/#\\\/schema\\\/logo\\\/image\\\/\",\"url\":\"https:\\\/\\\/www.sanmiguel.com\\\/es\\\/wp-content\\\/uploads\\\/sites\\\/2\\\/2022\\\/06\\\/cervezas-san-miguel-logo.jpg\",\"contentUrl\":\"https:\\\/\\\/www.sanmiguel.com\\\/es\\\/wp-content\\\/uploads\\\/sites\\\/2\\\/2022\\\/06\\\/cervezas-san-miguel-logo.jpg\",\"width\":400,\"height\":400,\"caption\":\"Cervezas San Miguel\"},\"image\":{\"@id\":\"https:\\\/\\\/www.sanmiguel.com\\\/es\\\/#\\\/schema\\\/logo\\\/image\\\/\"}}]}<\/script>\n<!-- \/ Yoast SEO plugin. -->","yoast_head_json":{"title":"Copa El primero | Cervezas San Miguel | ES","description":"El vaso m\u00e1s antiguo del Smuseum, del 1957, a\u00f1o de la apertura de nuestra f\u00e1brica de L\u00e9rida y la llegada de San Miguel Pilsener Cristal.","robots":{"index":"index","follow":"follow","max-snippet":"max-snippet:-1","max-image-preview":"max-image-preview:large","max-video-preview":"max-video-preview:-1"},"canonical":"https:\/\/www.sanmiguel.com\/es\/historia\/copas-y-posavasos\/el-primero\/","og_locale":"es_ES","og_type":"article","og_title":"Copa El primero | Cervezas San Miguel | ES","og_description":"El vaso m\u00e1s antiguo del Smuseum, del 1957, a\u00f1o de la apertura de nuestra f\u00e1brica de L\u00e9rida y la llegada de San Miguel Pilsener Cristal.","og_url":"https:\/\/www.sanmiguel.com\/es\/historia\/copas-y-posavasos\/el-primero\/","og_site_name":"Cervezas San Miguel | ES","article_modified_time":"2025-12-22T07:18:15+00:00","twitter_card":"summary_large_image","schema":{"@context":"https:\/\/schema.org","@graph":[{"@type":"WebPage","@id":"https:\/\/www.sanmiguel.com\/es\/historia\/copas-y-posavasos\/el-primero\/","url":"https:\/\/www.sanmiguel.com\/es\/historia\/copas-y-posavasos\/el-primero\/","name":"Copa El primero | Cervezas San Miguel | ES","isPartOf":{"@id":"https:\/\/www.sanmiguel.com\/es\/#website"},"datePublished":"2024-11-18T12:30:08+00:00","dateModified":"2025-12-22T07:18:15+00:00","description":"El vaso m\u00e1s antiguo del Smuseum, del 1957, a\u00f1o de la apertura de nuestra f\u00e1brica de L\u00e9rida y la llegada de San Miguel Pilsener Cristal.","breadcrumb":{"@id":"https:\/\/www.sanmiguel.com\/es\/historia\/copas-y-posavasos\/el-primero\/#breadcrumb"},"inLanguage":"es","potentialAction":[{"@type":"ReadAction","target":["https:\/\/www.sanmiguel.com\/es\/historia\/copas-y-posavasos\/el-primero\/"]}]},{"@type":"BreadcrumbList","@id":"https:\/\/www.sanmiguel.com\/es\/historia\/copas-y-posavasos\/el-primero\/#breadcrumb","itemListElement":[{"@type":"ListItem","position":1,"name":"Portada","item":"https:\/\/www.sanmiguel.com\/es\/"},{"@type":"ListItem","position":2,"name":"Historia 2024","item":"https:\/\/www.sanmiguel.com\/es\/historia\/"},{"@type":"ListItem","position":3,"name":"Copas y Posavasos","item":"https:\/\/www.sanmiguel.com\/es\/historia\/copas-y-posavasos\/"},{"@type":"ListItem","position":4,"name":"Copa El primero"}]},{"@type":"WebSite","@id":"https:\/\/www.sanmiguel.com\/es\/#website","url":"https:\/\/www.sanmiguel.com\/es\/","name":"Cervezas San Miguel | ES","description":"Bienvenidos Cerveceros Inquietos","publisher":{"@id":"https:\/\/www.sanmiguel.com\/es\/#organization"},"potentialAction":[{"@type":"SearchAction","target":{"@type":"EntryPoint","urlTemplate":"https:\/\/www.sanmiguel.com\/es\/?s={search_term_string}"},"query-input":{"@type":"PropertyValueSpecification","valueRequired":true,"valueName":"search_term_string"}}],"inLanguage":"es"},{"@type":"Organization","@id":"https:\/\/www.sanmiguel.com\/es\/#organization","name":"Cervezas San Miguel","url":"https:\/\/www.sanmiguel.com\/es\/","logo":{"@type":"ImageObject","inLanguage":"es","@id":"https:\/\/www.sanmiguel.com\/es\/#\/schema\/logo\/image\/","url":"https:\/\/www.sanmiguel.com\/es\/wp-content\/uploads\/sites\/2\/2022\/06\/cervezas-san-miguel-logo.jpg","contentUrl":"https:\/\/www.sanmiguel.com\/es\/wp-content\/uploads\/sites\/2\/2022\/06\/cervezas-san-miguel-logo.jpg","width":400,"height":400,"caption":"Cervezas San Miguel"},"image":{"@id":"https:\/\/www.sanmiguel.com\/es\/#\/schema\/logo\/image\/"}}]}},"_links":{"self":[{"href":"https:\/\/www.sanmiguel.com\/es\/wp-json\/wp\/v2\/pages\/23192","targetHints":{"allow":["GET"]}}],"collection":[{"href":"https:\/\/www.sanmiguel.com\/es\/wp-json\/wp\/v2\/pages"}],"about":[{"href":"https:\/\/www.sanmiguel.com\/es\/wp-json\/wp\/v2\/types\/page"}],"author":[{"embeddable":true,"href":"https:\/\/www.sanmiguel.com\/es\/wp-json\/wp\/v2\/users\/1"}],"replies":[{"embeddable":true,"href":"https:\/\/www.sanmiguel.com\/es\/wp-json\/wp\/v2\/comments?post=23192"}],"version-history":[{"count":5,"href":"https:\/\/www.sanmiguel.com\/es\/wp-json\/wp\/v2\/pages\/23192\/revisions"}],"predecessor-version":[{"id":23884,"href":"https:\/\/www.sanmiguel.com\/es\/wp-json\/wp\/v2\/pages\/23192\/revisions\/23884"}],"up":[{"embeddable":true,"href":"https:\/\/www.sanmiguel.com\/es\/wp-json\/wp\/v2\/pages\/22637"}],"wp:attachment":[{"href":"https:\/\/www.sanmiguel.com\/es\/wp-json\/wp\/v2\/media?parent=23192"}],"curies":[{"name":"wp","href":"https:\/\/api.w.org\/{rel}","templated":true}]}}