{"id":23138,"date":"2024-11-18T10:26:37","date_gmt":"2024-11-18T10:26:37","guid":{"rendered":"https:\/\/www.sanmiguel.com\/es\/?page_id=23138"},"modified":"2025-12-22T07:18:06","modified_gmt":"2025-12-22T07:18:06","slug":"san-miguel-celebra-el-triplete","status":"publish","type":"page","link":"https:\/\/www.sanmiguel.com\/es\/historia\/cervezas\/ediciones-limitadas\/san-miguel-celebra-el-triplete\/","title":{"rendered":"San Miguel celebra el triplete"},"content":{"rendered":"\n<div class=\"historia-ficha\">\n    <div class=\"row no-gutters\">\n        <div class=\"historia-ficha-info\">\n            <h2>2008<\/h2>\n            <h1>San Miguel celebra el triplete<\/h1>\n\n            <div class=\"historia-cuerpo\">\n                El 2008 fue un a\u00f1o memorable para Joventut Badalona. El equipo de baloncesto se alz\u00f3 con un triplete al ganar La Copa del Rey, la Copa ULEB y la Liga Catalana. Para celebrarlo San Miguel 0,0% sac\u00f3 esta edici\u00f3n limitada con los colores del equipo. \u00a1Campeones!\n            <\/div>\n        <\/div>\n\n        <div class=\"historia-ficha-img\">\n            <a class=\"enlace\" data-fancybox href=\"https:\/\/www.sanmiguel.com\/es\/wp-content\/uploads\/sites\/2\/2024\/08\/df85eab0-b75d-40a4-91d8-400afcbd10d0-378x568-c-default.webp\"  title=\"Ver San Miguel celebra el triplete\">\n                <img decoding=\"async\" alt=\"San&#x20;Miguel&#x20;celebra&#x20;el&#x20;triplete\" srcset=\"https:\/\/www.sanmiguel.com\/es\/wp-content\/uploads\/sites\/2\/2024\/08\/df85eab0-b75d-40a4-91d8-400afcbd10d0-332x497-c-default.webp 412w,https:\/\/www.sanmiguel.com\/es\/wp-content\/uploads\/sites\/2\/2024\/08\/df85eab0-b75d-40a4-91d8-400afcbd10d0-378x568-c-default.webp 751w,https:\/\/www.sanmiguel.com\/es\/wp-content\/uploads\/sites\/2\/2024\/08\/df85eab0-b75d-40a4-91d8-400afcbd10d0-378x568-c-default.webp 1367w\" sizes=\"(max-width: 500px) 412px, (min-width: 501px) and (max-width: 1366px) 751px, (min-width: 1367px) 1367px\" src=\"https:\/\/www.sanmiguel.com\/es\/wp-content\/uploads\/sites\/2\/2024\/08\/df85eab0-b75d-40a4-91d8-400afcbd10d0-378x568-c-default.webp\" loading=\"lazy\" class=\"img-fluid\"\/>\n            <\/a>\n        <\/div>\n\n\n    <\/div>\n<\/div>","protected":false},"excerpt":{"rendered":"","protected":false},"author":1,"featured_media":0,"parent":22242,"menu_order":0,"comment_status":"closed","ping_status":"closed","template":"page-historia-ficha-cervezas-limitadas.php","meta":{"_acf_changed":false,"inline_featured_image":false,"footnotes":""},"class_list":["post-23138","page","type-page","status-publish","hentry"],"acf":[],"yoast_head":"<!-- This site is optimized with the Yoast SEO plugin v27.4 - https:\/\/yoast.com\/product\/yoast-seo-wordpress\/ -->\n<title>San Miguel celebra el triplete | Cervezas San Miguel | ES<\/title>\n<meta name=\"description\" content=\"El 2008 fue un a\u00f1o memorable para Joventut Badalona. San Miguel 0,0% sac\u00f3 esta edici\u00f3n limitada con los colores del equipo. \u00a1Campeones!\" \/>\n<meta name=\"robots\" content=\"index, follow, max-snippet:-1, max-image-preview:large, max-video-preview:-1\" \/>\n<link rel=\"canonical\" href=\"https:\/\/www.sanmiguel.com\/es\/historia\/cervezas\/ediciones-limitadas\/san-miguel-celebra-el-triplete\/\" \/>\n<meta property=\"og:locale\" content=\"es_ES\" \/>\n<meta property=\"og:type\" content=\"article\" \/>\n<meta property=\"og:title\" content=\"San Miguel celebra el triplete | Cervezas San Miguel | ES\" \/>\n<meta property=\"og:description\" content=\"El 2008 fue un a\u00f1o memorable para Joventut Badalona. San Miguel 0,0% sac\u00f3 esta edici\u00f3n limitada con los colores del equipo. \u00a1Campeones!\" \/>\n<meta property=\"og:url\" content=\"https:\/\/www.sanmiguel.com\/es\/historia\/cervezas\/ediciones-limitadas\/san-miguel-celebra-el-triplete\/\" \/>\n<meta property=\"og:site_name\" content=\"Cervezas San Miguel | ES\" \/>\n<meta property=\"article:modified_time\" content=\"2025-12-22T07:18:06+00:00\" \/>\n<meta name=\"twitter:card\" content=\"summary_large_image\" \/>\n<script type=\"application\/ld+json\" class=\"yoast-schema-graph\">{\"@context\":\"https:\\\/\\\/schema.org\",\"@graph\":[{\"@type\":\"WebPage\",\"@id\":\"https:\\\/\\\/www.sanmiguel.com\\\/es\\\/historia\\\/cervezas\\\/ediciones-limitadas\\\/san-miguel-celebra-el-triplete\\\/\",\"url\":\"https:\\\/\\\/www.sanmiguel.com\\\/es\\\/historia\\\/cervezas\\\/ediciones-limitadas\\\/san-miguel-celebra-el-triplete\\\/\",\"name\":\"San Miguel celebra el triplete | Cervezas San Miguel | ES\",\"isPartOf\":{\"@id\":\"https:\\\/\\\/www.sanmiguel.com\\\/es\\\/#website\"},\"datePublished\":\"2024-11-18T10:26:37+00:00\",\"dateModified\":\"2025-12-22T07:18:06+00:00\",\"description\":\"El 2008 fue un a\u00f1o memorable para Joventut Badalona. San Miguel 0,0% sac\u00f3 esta edici\u00f3n limitada con los colores del equipo. \u00a1Campeones!\",\"breadcrumb\":{\"@id\":\"https:\\\/\\\/www.sanmiguel.com\\\/es\\\/historia\\\/cervezas\\\/ediciones-limitadas\\\/san-miguel-celebra-el-triplete\\\/#breadcrumb\"},\"inLanguage\":\"es\",\"potentialAction\":[{\"@type\":\"ReadAction\",\"target\":[\"https:\\\/\\\/www.sanmiguel.com\\\/es\\\/historia\\\/cervezas\\\/ediciones-limitadas\\\/san-miguel-celebra-el-triplete\\\/\"]}]},{\"@type\":\"BreadcrumbList\",\"@id\":\"https:\\\/\\\/www.sanmiguel.com\\\/es\\\/historia\\\/cervezas\\\/ediciones-limitadas\\\/san-miguel-celebra-el-triplete\\\/#breadcrumb\",\"itemListElement\":[{\"@type\":\"ListItem\",\"position\":1,\"name\":\"Portada\",\"item\":\"https:\\\/\\\/www.sanmiguel.com\\\/es\\\/\"},{\"@type\":\"ListItem\",\"position\":2,\"name\":\"Historia 2024\",\"item\":\"https:\\\/\\\/www.sanmiguel.com\\\/es\\\/historia\\\/\"},{\"@type\":\"ListItem\",\"position\":3,\"name\":\"Cervezas\",\"item\":\"https:\\\/\\\/www.sanmiguel.com\\\/es\\\/historia\\\/cervezas\\\/\"},{\"@type\":\"ListItem\",\"position\":4,\"name\":\"Ediciones limitadas\",\"item\":\"https:\\\/\\\/www.sanmiguel.com\\\/es\\\/historia\\\/cervezas\\\/ediciones-limitadas\\\/\"},{\"@type\":\"ListItem\",\"position\":5,\"name\":\"San Miguel celebra el triplete\"}]},{\"@type\":\"WebSite\",\"@id\":\"https:\\\/\\\/www.sanmiguel.com\\\/es\\\/#website\",\"url\":\"https:\\\/\\\/www.sanmiguel.com\\\/es\\\/\",\"name\":\"Cervezas San Miguel | ES\",\"description\":\"Bienvenidos Cerveceros Inquietos\",\"publisher\":{\"@id\":\"https:\\\/\\\/www.sanmiguel.com\\\/es\\\/#organization\"},\"potentialAction\":[{\"@type\":\"SearchAction\",\"target\":{\"@type\":\"EntryPoint\",\"urlTemplate\":\"https:\\\/\\\/www.sanmiguel.com\\\/es\\\/?s={search_term_string}\"},\"query-input\":{\"@type\":\"PropertyValueSpecification\",\"valueRequired\":true,\"valueName\":\"search_term_string\"}}],\"inLanguage\":\"es\"},{\"@type\":\"Organization\",\"@id\":\"https:\\\/\\\/www.sanmiguel.com\\\/es\\\/#organization\",\"name\":\"Cervezas San Miguel\",\"url\":\"https:\\\/\\\/www.sanmiguel.com\\\/es\\\/\",\"logo\":{\"@type\":\"ImageObject\",\"inLanguage\":\"es\",\"@id\":\"https:\\\/\\\/www.sanmiguel.com\\\/es\\\/#\\\/schema\\\/logo\\\/image\\\/\",\"url\":\"https:\\\/\\\/www.sanmiguel.com\\\/es\\\/wp-content\\\/uploads\\\/sites\\\/2\\\/2022\\\/06\\\/cervezas-san-miguel-logo.jpg\",\"contentUrl\":\"https:\\\/\\\/www.sanmiguel.com\\\/es\\\/wp-content\\\/uploads\\\/sites\\\/2\\\/2022\\\/06\\\/cervezas-san-miguel-logo.jpg\",\"width\":400,\"height\":400,\"caption\":\"Cervezas San Miguel\"},\"image\":{\"@id\":\"https:\\\/\\\/www.sanmiguel.com\\\/es\\\/#\\\/schema\\\/logo\\\/image\\\/\"}}]}<\/script>\n<!-- \/ Yoast SEO plugin. -->","yoast_head_json":{"title":"San Miguel celebra el triplete | Cervezas San Miguel | ES","description":"El 2008 fue un a\u00f1o memorable para Joventut Badalona. San Miguel 0,0% sac\u00f3 esta edici\u00f3n limitada con los colores del equipo. \u00a1Campeones!","robots":{"index":"index","follow":"follow","max-snippet":"max-snippet:-1","max-image-preview":"max-image-preview:large","max-video-preview":"max-video-preview:-1"},"canonical":"https:\/\/www.sanmiguel.com\/es\/historia\/cervezas\/ediciones-limitadas\/san-miguel-celebra-el-triplete\/","og_locale":"es_ES","og_type":"article","og_title":"San Miguel celebra el triplete | Cervezas San Miguel | ES","og_description":"El 2008 fue un a\u00f1o memorable para Joventut Badalona. San Miguel 0,0% sac\u00f3 esta edici\u00f3n limitada con los colores del equipo. \u00a1Campeones!","og_url":"https:\/\/www.sanmiguel.com\/es\/historia\/cervezas\/ediciones-limitadas\/san-miguel-celebra-el-triplete\/","og_site_name":"Cervezas San Miguel | ES","article_modified_time":"2025-12-22T07:18:06+00:00","twitter_card":"summary_large_image","schema":{"@context":"https:\/\/schema.org","@graph":[{"@type":"WebPage","@id":"https:\/\/www.sanmiguel.com\/es\/historia\/cervezas\/ediciones-limitadas\/san-miguel-celebra-el-triplete\/","url":"https:\/\/www.sanmiguel.com\/es\/historia\/cervezas\/ediciones-limitadas\/san-miguel-celebra-el-triplete\/","name":"San Miguel celebra el triplete | Cervezas San Miguel | ES","isPartOf":{"@id":"https:\/\/www.sanmiguel.com\/es\/#website"},"datePublished":"2024-11-18T10:26:37+00:00","dateModified":"2025-12-22T07:18:06+00:00","description":"El 2008 fue un a\u00f1o memorable para Joventut Badalona. San Miguel 0,0% sac\u00f3 esta edici\u00f3n limitada con los colores del equipo. \u00a1Campeones!","breadcrumb":{"@id":"https:\/\/www.sanmiguel.com\/es\/historia\/cervezas\/ediciones-limitadas\/san-miguel-celebra-el-triplete\/#breadcrumb"},"inLanguage":"es","potentialAction":[{"@type":"ReadAction","target":["https:\/\/www.sanmiguel.com\/es\/historia\/cervezas\/ediciones-limitadas\/san-miguel-celebra-el-triplete\/"]}]},{"@type":"BreadcrumbList","@id":"https:\/\/www.sanmiguel.com\/es\/historia\/cervezas\/ediciones-limitadas\/san-miguel-celebra-el-triplete\/#breadcrumb","itemListElement":[{"@type":"ListItem","position":1,"name":"Portada","item":"https:\/\/www.sanmiguel.com\/es\/"},{"@type":"ListItem","position":2,"name":"Historia 2024","item":"https:\/\/www.sanmiguel.com\/es\/historia\/"},{"@type":"ListItem","position":3,"name":"Cervezas","item":"https:\/\/www.sanmiguel.com\/es\/historia\/cervezas\/"},{"@type":"ListItem","position":4,"name":"Ediciones limitadas","item":"https:\/\/www.sanmiguel.com\/es\/historia\/cervezas\/ediciones-limitadas\/"},{"@type":"ListItem","position":5,"name":"San Miguel celebra el triplete"}]},{"@type":"WebSite","@id":"https:\/\/www.sanmiguel.com\/es\/#website","url":"https:\/\/www.sanmiguel.com\/es\/","name":"Cervezas San Miguel | ES","description":"Bienvenidos Cerveceros Inquietos","publisher":{"@id":"https:\/\/www.sanmiguel.com\/es\/#organization"},"potentialAction":[{"@type":"SearchAction","target":{"@type":"EntryPoint","urlTemplate":"https:\/\/www.sanmiguel.com\/es\/?s={search_term_string}"},"query-input":{"@type":"PropertyValueSpecification","valueRequired":true,"valueName":"search_term_string"}}],"inLanguage":"es"},{"@type":"Organization","@id":"https:\/\/www.sanmiguel.com\/es\/#organization","name":"Cervezas San Miguel","url":"https:\/\/www.sanmiguel.com\/es\/","logo":{"@type":"ImageObject","inLanguage":"es","@id":"https:\/\/www.sanmiguel.com\/es\/#\/schema\/logo\/image\/","url":"https:\/\/www.sanmiguel.com\/es\/wp-content\/uploads\/sites\/2\/2022\/06\/cervezas-san-miguel-logo.jpg","contentUrl":"https:\/\/www.sanmiguel.com\/es\/wp-content\/uploads\/sites\/2\/2022\/06\/cervezas-san-miguel-logo.jpg","width":400,"height":400,"caption":"Cervezas San Miguel"},"image":{"@id":"https:\/\/www.sanmiguel.com\/es\/#\/schema\/logo\/image\/"}}]}},"_links":{"self":[{"href":"https:\/\/www.sanmiguel.com\/es\/wp-json\/wp\/v2\/pages\/23138","targetHints":{"allow":["GET"]}}],"collection":[{"href":"https:\/\/www.sanmiguel.com\/es\/wp-json\/wp\/v2\/pages"}],"about":[{"href":"https:\/\/www.sanmiguel.com\/es\/wp-json\/wp\/v2\/types\/page"}],"author":[{"embeddable":true,"href":"https:\/\/www.sanmiguel.com\/es\/wp-json\/wp\/v2\/users\/1"}],"replies":[{"embeddable":true,"href":"https:\/\/www.sanmiguel.com\/es\/wp-json\/wp\/v2\/comments?post=23138"}],"version-history":[{"count":6,"href":"https:\/\/www.sanmiguel.com\/es\/wp-json\/wp\/v2\/pages\/23138\/revisions"}],"predecessor-version":[{"id":23159,"href":"https:\/\/www.sanmiguel.com\/es\/wp-json\/wp\/v2\/pages\/23138\/revisions\/23159"}],"up":[{"embeddable":true,"href":"https:\/\/www.sanmiguel.com\/es\/wp-json\/wp\/v2\/pages\/22242"}],"wp:attachment":[{"href":"https:\/\/www.sanmiguel.com\/es\/wp-json\/wp\/v2\/media?parent=23138"}],"curies":[{"name":"wp","href":"https:\/\/api.w.org\/{rel}","templated":true}]}}