{"id":23114,"date":"2024-11-15T10:15:24","date_gmt":"2024-11-15T10:15:24","guid":{"rendered":"https:\/\/www.sanmiguel.com\/es\/?page_id=23114"},"modified":"2026-03-09T10:22:11","modified_gmt":"2026-03-09T10:22:11","slug":"san-miguel-eco","status":"publish","type":"page","link":"https:\/\/www.sanmiguel.com\/es\/historia\/cervezas\/otras-cervezas\/san-miguel-eco\/","title":{"rendered":"Historia de San Miguel Eco"},"content":{"rendered":"\n<div class=\"historia-ficha\">\n    <div class=\"row no-gutters\">\n        <div class=\"historia-ficha-info\">\n            <h2>2003<\/h2>\n            <h1>Historia de San Miguel Eco<\/h1>\n\n            <div class=\"historia-cuerpo\">\n                <p>Con San Miguel Eco dimos un paso m\u00e1s en nuestra forma de entender la cerveza. Fue la primera cerveza ecol\u00f3gica de Espa\u00f1a, elaborada exclusivamente con ingredientes naturales procedentes de agricultura 100% ecol\u00f3gica, certificados para garantizar su origen.<p>\r\n \r\n<p>Nuestra cuidadosa selecci\u00f3n de materias primas nos llev\u00f3 de forma natural a crear esta variedad dentro de la familia San Miguel. Una cerveza elaborada \u00fanicamente con maltas y l\u00fapulos de agricultura ecol\u00f3gica, nacida de nuestro compromiso con el medio ambiente sin renunciar a lo m\u00e1s importante: ofrecer una gran experiencia cervecera. Hoy forma parte de nuestra historia, como una de esas innovaciones que marcaron el camino.<\/p>\n            <\/div>\n        <\/div>\n\n        <div class=\"historia-ficha-img\">\n            <a class=\"enlace\" data-fancybox href=\"https:\/\/www.sanmiguel.com\/es\/wp-content\/uploads\/sites\/2\/2024\/08\/san-miguel-eco-2-378x568-c-default.webp\"  title=\"Ver Historia de San Miguel Eco\">\n                <img decoding=\"async\" alt=\"Historia&#x20;de&#x20;San&#x20;Miguel&#x20;Eco\" srcset=\"https:\/\/www.sanmiguel.com\/es\/wp-content\/uploads\/sites\/2\/2024\/08\/san-miguel-eco-2-332x497-c-default.webp 412w,https:\/\/www.sanmiguel.com\/es\/wp-content\/uploads\/sites\/2\/2024\/08\/san-miguel-eco-2-378x568-c-default.webp 751w,https:\/\/www.sanmiguel.com\/es\/wp-content\/uploads\/sites\/2\/2024\/08\/san-miguel-eco-2-378x568-c-default.webp 1367w\" sizes=\"(max-width: 500px) 412px, (min-width: 501px) and (max-width: 1366px) 751px, (min-width: 1367px) 1367px\" src=\"https:\/\/www.sanmiguel.com\/es\/wp-content\/uploads\/sites\/2\/2024\/08\/san-miguel-eco-2-378x568-c-default.webp\" loading=\"lazy\" class=\"img-fluid\"\/>\n            <\/a>\n        <\/div>\n\n\n    <\/div>\n<\/div>","protected":false},"excerpt":{"rendered":"","protected":false},"author":1,"featured_media":0,"parent":22231,"menu_order":0,"comment_status":"closed","ping_status":"closed","template":"page-historia-ficha-cervezas-otras.php","meta":{"_acf_changed":false,"inline_featured_image":false,"footnotes":""},"class_list":["post-23114","page","type-page","status-publish","hentry"],"acf":[],"yoast_head":"<!-- This site is optimized with the Yoast SEO plugin v27.4 - https:\/\/yoast.com\/product\/yoast-seo-wordpress\/ -->\n<title>Historia de San Miguel Eco | Cervezas San Miguel | ES<\/title>\n<meta name=\"description\" content=\"Nuestra cuidadosa selecci\u00f3n en los ingredientes en todas las cervezas que hacemos nos llev\u00f3 de forma natural a crear una nueva variedad\" \/>\n<meta name=\"robots\" content=\"index, follow, max-snippet:-1, max-image-preview:large, max-video-preview:-1\" \/>\n<link rel=\"canonical\" href=\"https:\/\/www.sanmiguel.com\/es\/historia\/cervezas\/otras-cervezas\/san-miguel-eco\/\" \/>\n<meta property=\"og:locale\" content=\"es_ES\" \/>\n<meta property=\"og:type\" content=\"article\" \/>\n<meta property=\"og:title\" content=\"Historia de San Miguel Eco | Cervezas San Miguel | ES\" \/>\n<meta property=\"og:description\" content=\"Nuestra cuidadosa selecci\u00f3n en los ingredientes en todas las cervezas que hacemos nos llev\u00f3 de forma natural a crear una nueva variedad\" \/>\n<meta property=\"og:url\" content=\"https:\/\/www.sanmiguel.com\/es\/historia\/cervezas\/otras-cervezas\/san-miguel-eco\/\" \/>\n<meta property=\"og:site_name\" content=\"Cervezas San Miguel | ES\" \/>\n<meta property=\"article:modified_time\" content=\"2026-03-09T10:22:11+00:00\" \/>\n<meta name=\"twitter:card\" content=\"summary_large_image\" \/>\n<script type=\"application\/ld+json\" class=\"yoast-schema-graph\">{\"@context\":\"https:\\\/\\\/schema.org\",\"@graph\":[{\"@type\":\"WebPage\",\"@id\":\"https:\\\/\\\/www.sanmiguel.com\\\/es\\\/historia\\\/cervezas\\\/otras-cervezas\\\/san-miguel-eco\\\/\",\"url\":\"https:\\\/\\\/www.sanmiguel.com\\\/es\\\/historia\\\/cervezas\\\/otras-cervezas\\\/san-miguel-eco\\\/\",\"name\":\"Historia de San Miguel Eco | Cervezas San Miguel | ES\",\"isPartOf\":{\"@id\":\"https:\\\/\\\/www.sanmiguel.com\\\/es\\\/#website\"},\"datePublished\":\"2024-11-15T10:15:24+00:00\",\"dateModified\":\"2026-03-09T10:22:11+00:00\",\"description\":\"Nuestra cuidadosa selecci\u00f3n en los ingredientes en todas las cervezas que hacemos nos llev\u00f3 de forma natural a crear una nueva variedad\",\"breadcrumb\":{\"@id\":\"https:\\\/\\\/www.sanmiguel.com\\\/es\\\/historia\\\/cervezas\\\/otras-cervezas\\\/san-miguel-eco\\\/#breadcrumb\"},\"inLanguage\":\"es\",\"potentialAction\":[{\"@type\":\"ReadAction\",\"target\":[\"https:\\\/\\\/www.sanmiguel.com\\\/es\\\/historia\\\/cervezas\\\/otras-cervezas\\\/san-miguel-eco\\\/\"]}]},{\"@type\":\"BreadcrumbList\",\"@id\":\"https:\\\/\\\/www.sanmiguel.com\\\/es\\\/historia\\\/cervezas\\\/otras-cervezas\\\/san-miguel-eco\\\/#breadcrumb\",\"itemListElement\":[{\"@type\":\"ListItem\",\"position\":1,\"name\":\"Portada\",\"item\":\"https:\\\/\\\/www.sanmiguel.com\\\/es\\\/\"},{\"@type\":\"ListItem\",\"position\":2,\"name\":\"Historia 2024\",\"item\":\"https:\\\/\\\/www.sanmiguel.com\\\/es\\\/historia\\\/\"},{\"@type\":\"ListItem\",\"position\":3,\"name\":\"Cervezas\",\"item\":\"https:\\\/\\\/www.sanmiguel.com\\\/es\\\/historia\\\/cervezas\\\/\"},{\"@type\":\"ListItem\",\"position\":4,\"name\":\"Otras Cervezas\",\"item\":\"https:\\\/\\\/www.sanmiguel.com\\\/es\\\/historia\\\/cervezas\\\/otras-cervezas\\\/\"},{\"@type\":\"ListItem\",\"position\":5,\"name\":\"Historia de San Miguel Eco\"}]},{\"@type\":\"WebSite\",\"@id\":\"https:\\\/\\\/www.sanmiguel.com\\\/es\\\/#website\",\"url\":\"https:\\\/\\\/www.sanmiguel.com\\\/es\\\/\",\"name\":\"Cervezas San Miguel | ES\",\"description\":\"Bienvenidos Cerveceros Inquietos\",\"publisher\":{\"@id\":\"https:\\\/\\\/www.sanmiguel.com\\\/es\\\/#organization\"},\"potentialAction\":[{\"@type\":\"SearchAction\",\"target\":{\"@type\":\"EntryPoint\",\"urlTemplate\":\"https:\\\/\\\/www.sanmiguel.com\\\/es\\\/?s={search_term_string}\"},\"query-input\":{\"@type\":\"PropertyValueSpecification\",\"valueRequired\":true,\"valueName\":\"search_term_string\"}}],\"inLanguage\":\"es\"},{\"@type\":\"Organization\",\"@id\":\"https:\\\/\\\/www.sanmiguel.com\\\/es\\\/#organization\",\"name\":\"Cervezas San Miguel\",\"url\":\"https:\\\/\\\/www.sanmiguel.com\\\/es\\\/\",\"logo\":{\"@type\":\"ImageObject\",\"inLanguage\":\"es\",\"@id\":\"https:\\\/\\\/www.sanmiguel.com\\\/es\\\/#\\\/schema\\\/logo\\\/image\\\/\",\"url\":\"https:\\\/\\\/www.sanmiguel.com\\\/es\\\/wp-content\\\/uploads\\\/sites\\\/2\\\/2022\\\/06\\\/cervezas-san-miguel-logo.jpg\",\"contentUrl\":\"https:\\\/\\\/www.sanmiguel.com\\\/es\\\/wp-content\\\/uploads\\\/sites\\\/2\\\/2022\\\/06\\\/cervezas-san-miguel-logo.jpg\",\"width\":400,\"height\":400,\"caption\":\"Cervezas San Miguel\"},\"image\":{\"@id\":\"https:\\\/\\\/www.sanmiguel.com\\\/es\\\/#\\\/schema\\\/logo\\\/image\\\/\"}}]}<\/script>\n<!-- \/ Yoast SEO plugin. -->","yoast_head_json":{"title":"Historia de San Miguel Eco | Cervezas San Miguel | ES","description":"Nuestra cuidadosa selecci\u00f3n en los ingredientes en todas las cervezas que hacemos nos llev\u00f3 de forma natural a crear una nueva variedad","robots":{"index":"index","follow":"follow","max-snippet":"max-snippet:-1","max-image-preview":"max-image-preview:large","max-video-preview":"max-video-preview:-1"},"canonical":"https:\/\/www.sanmiguel.com\/es\/historia\/cervezas\/otras-cervezas\/san-miguel-eco\/","og_locale":"es_ES","og_type":"article","og_title":"Historia de San Miguel Eco | Cervezas San Miguel | ES","og_description":"Nuestra cuidadosa selecci\u00f3n en los ingredientes en todas las cervezas que hacemos nos llev\u00f3 de forma natural a crear una nueva variedad","og_url":"https:\/\/www.sanmiguel.com\/es\/historia\/cervezas\/otras-cervezas\/san-miguel-eco\/","og_site_name":"Cervezas San Miguel | ES","article_modified_time":"2026-03-09T10:22:11+00:00","twitter_card":"summary_large_image","schema":{"@context":"https:\/\/schema.org","@graph":[{"@type":"WebPage","@id":"https:\/\/www.sanmiguel.com\/es\/historia\/cervezas\/otras-cervezas\/san-miguel-eco\/","url":"https:\/\/www.sanmiguel.com\/es\/historia\/cervezas\/otras-cervezas\/san-miguel-eco\/","name":"Historia de San Miguel Eco | Cervezas San Miguel | ES","isPartOf":{"@id":"https:\/\/www.sanmiguel.com\/es\/#website"},"datePublished":"2024-11-15T10:15:24+00:00","dateModified":"2026-03-09T10:22:11+00:00","description":"Nuestra cuidadosa selecci\u00f3n en los ingredientes en todas las cervezas que hacemos nos llev\u00f3 de forma natural a crear una nueva variedad","breadcrumb":{"@id":"https:\/\/www.sanmiguel.com\/es\/historia\/cervezas\/otras-cervezas\/san-miguel-eco\/#breadcrumb"},"inLanguage":"es","potentialAction":[{"@type":"ReadAction","target":["https:\/\/www.sanmiguel.com\/es\/historia\/cervezas\/otras-cervezas\/san-miguel-eco\/"]}]},{"@type":"BreadcrumbList","@id":"https:\/\/www.sanmiguel.com\/es\/historia\/cervezas\/otras-cervezas\/san-miguel-eco\/#breadcrumb","itemListElement":[{"@type":"ListItem","position":1,"name":"Portada","item":"https:\/\/www.sanmiguel.com\/es\/"},{"@type":"ListItem","position":2,"name":"Historia 2024","item":"https:\/\/www.sanmiguel.com\/es\/historia\/"},{"@type":"ListItem","position":3,"name":"Cervezas","item":"https:\/\/www.sanmiguel.com\/es\/historia\/cervezas\/"},{"@type":"ListItem","position":4,"name":"Otras Cervezas","item":"https:\/\/www.sanmiguel.com\/es\/historia\/cervezas\/otras-cervezas\/"},{"@type":"ListItem","position":5,"name":"Historia de San Miguel Eco"}]},{"@type":"WebSite","@id":"https:\/\/www.sanmiguel.com\/es\/#website","url":"https:\/\/www.sanmiguel.com\/es\/","name":"Cervezas San Miguel | ES","description":"Bienvenidos Cerveceros Inquietos","publisher":{"@id":"https:\/\/www.sanmiguel.com\/es\/#organization"},"potentialAction":[{"@type":"SearchAction","target":{"@type":"EntryPoint","urlTemplate":"https:\/\/www.sanmiguel.com\/es\/?s={search_term_string}"},"query-input":{"@type":"PropertyValueSpecification","valueRequired":true,"valueName":"search_term_string"}}],"inLanguage":"es"},{"@type":"Organization","@id":"https:\/\/www.sanmiguel.com\/es\/#organization","name":"Cervezas San Miguel","url":"https:\/\/www.sanmiguel.com\/es\/","logo":{"@type":"ImageObject","inLanguage":"es","@id":"https:\/\/www.sanmiguel.com\/es\/#\/schema\/logo\/image\/","url":"https:\/\/www.sanmiguel.com\/es\/wp-content\/uploads\/sites\/2\/2022\/06\/cervezas-san-miguel-logo.jpg","contentUrl":"https:\/\/www.sanmiguel.com\/es\/wp-content\/uploads\/sites\/2\/2022\/06\/cervezas-san-miguel-logo.jpg","width":400,"height":400,"caption":"Cervezas San Miguel"},"image":{"@id":"https:\/\/www.sanmiguel.com\/es\/#\/schema\/logo\/image\/"}}]}},"_links":{"self":[{"href":"https:\/\/www.sanmiguel.com\/es\/wp-json\/wp\/v2\/pages\/23114","targetHints":{"allow":["GET"]}}],"collection":[{"href":"https:\/\/www.sanmiguel.com\/es\/wp-json\/wp\/v2\/pages"}],"about":[{"href":"https:\/\/www.sanmiguel.com\/es\/wp-json\/wp\/v2\/types\/page"}],"author":[{"embeddable":true,"href":"https:\/\/www.sanmiguel.com\/es\/wp-json\/wp\/v2\/users\/1"}],"replies":[{"embeddable":true,"href":"https:\/\/www.sanmiguel.com\/es\/wp-json\/wp\/v2\/comments?post=23114"}],"version-history":[{"count":11,"href":"https:\/\/www.sanmiguel.com\/es\/wp-json\/wp\/v2\/pages\/23114\/revisions"}],"predecessor-version":[{"id":28016,"href":"https:\/\/www.sanmiguel.com\/es\/wp-json\/wp\/v2\/pages\/23114\/revisions\/28016"}],"up":[{"embeddable":true,"href":"https:\/\/www.sanmiguel.com\/es\/wp-json\/wp\/v2\/pages\/22231"}],"wp:attachment":[{"href":"https:\/\/www.sanmiguel.com\/es\/wp-json\/wp\/v2\/media?parent=23114"}],"curies":[{"name":"wp","href":"https:\/\/api.w.org\/{rel}","templated":true}]}}