{"id":23091,"date":"2024-11-15T09:07:15","date_gmt":"2024-11-15T09:07:15","guid":{"rendered":"https:\/\/www.sanmiguel.com\/es\/?page_id=23091"},"modified":"2026-02-25T16:05:32","modified_gmt":"2026-02-25T16:05:32","slug":"selecta-xv-2008","status":"publish","type":"page","link":"https:\/\/www.sanmiguel.com\/es\/historia\/cervezas\/san-miguel-selecta\/selecta-xv-2008\/","title":{"rendered":"Selecta 2008"},"content":{"rendered":"\n<div class=\"historia-ficha\">\n    <div class=\"row no-gutters\">\n        <div class=\"historia-ficha-info\">\n            <h2>2008<\/h2>\n            <h1>Selecta 2008<\/h1>\n\n            <div class=\"historia-cuerpo\">\n                Tres d\u00e9cadas despu\u00e9s de su ic\u00f3nico lanzamiento, en 2008 relanzamos Selecta XV bajo el concepto \u201cSe reinventa un cl\u00e1sico\u201d.\n            <\/div>\n        <\/div>\n\n        <div class=\"historia-ficha-img\">\n            <a class=\"enlace\" data-fancybox href=\"https:\/\/www.sanmiguel.com\/es\/wp-content\/uploads\/sites\/2\/2024\/08\/selecta-2008-378x568-c-default.webp\"  title=\"Ver Selecta 2008\">\n                <img decoding=\"async\" alt=\"Selecta&#x20;2008\" srcset=\"https:\/\/www.sanmiguel.com\/es\/wp-content\/uploads\/sites\/2\/2024\/08\/selecta-2008-332x497-c-default.webp 412w,https:\/\/www.sanmiguel.com\/es\/wp-content\/uploads\/sites\/2\/2024\/08\/selecta-2008-378x568-c-default.webp 751w,https:\/\/www.sanmiguel.com\/es\/wp-content\/uploads\/sites\/2\/2024\/08\/selecta-2008-378x568-c-default.webp 1367w\" sizes=\"(max-width: 500px) 412px, (min-width: 501px) and (max-width: 1366px) 751px, (min-width: 1367px) 1367px\" src=\"https:\/\/www.sanmiguel.com\/es\/wp-content\/uploads\/sites\/2\/2024\/08\/selecta-2008-378x568-c-default.webp\" loading=\"lazy\" class=\"img-fluid\"\/>\n            <\/a>\n        <\/div>\n\n\n    <\/div>\n<\/div>","protected":false},"excerpt":{"rendered":"","protected":false},"author":1,"featured_media":0,"parent":22221,"menu_order":0,"comment_status":"closed","ping_status":"closed","template":"page-historia-ficha-cervezas-selecta.php","meta":{"_acf_changed":false,"inline_featured_image":false,"footnotes":""},"class_list":["post-23091","page","type-page","status-publish","hentry"],"acf":[],"yoast_head":"<!-- This site is optimized with the Yoast SEO plugin v27.4 - https:\/\/yoast.com\/product\/yoast-seo-wordpress\/ -->\n<title>Selecta 2008 | Cervezas San Miguel | ES<\/title>\n<meta name=\"description\" content=\"Tres d\u00e9cadas despu\u00e9s de su ic\u00f3nico lanzamiento, en 2008 relanzamos Selecta XV bajo el concepto \u201cSe reinventa un cl\u00e1sico\u201d.\" \/>\n<meta name=\"robots\" content=\"index, follow, max-snippet:-1, max-image-preview:large, max-video-preview:-1\" \/>\n<link rel=\"canonical\" href=\"https:\/\/www.sanmiguel.com\/es\/historia\/cervezas\/san-miguel-selecta\/selecta-xv-2008\/\" \/>\n<meta property=\"og:locale\" content=\"es_ES\" \/>\n<meta property=\"og:type\" content=\"article\" \/>\n<meta property=\"og:title\" content=\"Selecta 2008 | Cervezas San Miguel | ES\" \/>\n<meta property=\"og:description\" content=\"Tres d\u00e9cadas despu\u00e9s de su ic\u00f3nico lanzamiento, en 2008 relanzamos Selecta XV bajo el concepto \u201cSe reinventa un cl\u00e1sico\u201d.\" \/>\n<meta property=\"og:url\" content=\"https:\/\/www.sanmiguel.com\/es\/historia\/cervezas\/san-miguel-selecta\/selecta-xv-2008\/\" \/>\n<meta property=\"og:site_name\" content=\"Cervezas San Miguel | ES\" \/>\n<meta property=\"article:modified_time\" content=\"2026-02-25T16:05:32+00:00\" \/>\n<meta name=\"twitter:card\" content=\"summary_large_image\" \/>\n<script type=\"application\/ld+json\" class=\"yoast-schema-graph\">{\"@context\":\"https:\\\/\\\/schema.org\",\"@graph\":[{\"@type\":\"WebPage\",\"@id\":\"https:\\\/\\\/www.sanmiguel.com\\\/es\\\/historia\\\/cervezas\\\/san-miguel-selecta\\\/selecta-xv-2008\\\/\",\"url\":\"https:\\\/\\\/www.sanmiguel.com\\\/es\\\/historia\\\/cervezas\\\/san-miguel-selecta\\\/selecta-xv-2008\\\/\",\"name\":\"Selecta 2008 | Cervezas San Miguel | ES\",\"isPartOf\":{\"@id\":\"https:\\\/\\\/www.sanmiguel.com\\\/es\\\/#website\"},\"datePublished\":\"2024-11-15T09:07:15+00:00\",\"dateModified\":\"2026-02-25T16:05:32+00:00\",\"description\":\"Tres d\u00e9cadas despu\u00e9s de su ic\u00f3nico lanzamiento, en 2008 relanzamos Selecta XV bajo el concepto \u201cSe reinventa un cl\u00e1sico\u201d.\",\"breadcrumb\":{\"@id\":\"https:\\\/\\\/www.sanmiguel.com\\\/es\\\/historia\\\/cervezas\\\/san-miguel-selecta\\\/selecta-xv-2008\\\/#breadcrumb\"},\"inLanguage\":\"es\",\"potentialAction\":[{\"@type\":\"ReadAction\",\"target\":[\"https:\\\/\\\/www.sanmiguel.com\\\/es\\\/historia\\\/cervezas\\\/san-miguel-selecta\\\/selecta-xv-2008\\\/\"]}]},{\"@type\":\"BreadcrumbList\",\"@id\":\"https:\\\/\\\/www.sanmiguel.com\\\/es\\\/historia\\\/cervezas\\\/san-miguel-selecta\\\/selecta-xv-2008\\\/#breadcrumb\",\"itemListElement\":[{\"@type\":\"ListItem\",\"position\":1,\"name\":\"Portada\",\"item\":\"https:\\\/\\\/www.sanmiguel.com\\\/es\\\/\"},{\"@type\":\"ListItem\",\"position\":2,\"name\":\"Historia 2024\",\"item\":\"https:\\\/\\\/www.sanmiguel.com\\\/es\\\/historia\\\/\"},{\"@type\":\"ListItem\",\"position\":3,\"name\":\"Cervezas\",\"item\":\"https:\\\/\\\/www.sanmiguel.com\\\/es\\\/historia\\\/cervezas\\\/\"},{\"@type\":\"ListItem\",\"position\":4,\"name\":\"San Miguel Selecta\",\"item\":\"https:\\\/\\\/www.sanmiguel.com\\\/es\\\/historia\\\/cervezas\\\/san-miguel-selecta\\\/\"},{\"@type\":\"ListItem\",\"position\":5,\"name\":\"Selecta 2008\"}]},{\"@type\":\"WebSite\",\"@id\":\"https:\\\/\\\/www.sanmiguel.com\\\/es\\\/#website\",\"url\":\"https:\\\/\\\/www.sanmiguel.com\\\/es\\\/\",\"name\":\"Cervezas San Miguel | ES\",\"description\":\"Bienvenidos Cerveceros Inquietos\",\"publisher\":{\"@id\":\"https:\\\/\\\/www.sanmiguel.com\\\/es\\\/#organization\"},\"potentialAction\":[{\"@type\":\"SearchAction\",\"target\":{\"@type\":\"EntryPoint\",\"urlTemplate\":\"https:\\\/\\\/www.sanmiguel.com\\\/es\\\/?s={search_term_string}\"},\"query-input\":{\"@type\":\"PropertyValueSpecification\",\"valueRequired\":true,\"valueName\":\"search_term_string\"}}],\"inLanguage\":\"es\"},{\"@type\":\"Organization\",\"@id\":\"https:\\\/\\\/www.sanmiguel.com\\\/es\\\/#organization\",\"name\":\"Cervezas San Miguel\",\"url\":\"https:\\\/\\\/www.sanmiguel.com\\\/es\\\/\",\"logo\":{\"@type\":\"ImageObject\",\"inLanguage\":\"es\",\"@id\":\"https:\\\/\\\/www.sanmiguel.com\\\/es\\\/#\\\/schema\\\/logo\\\/image\\\/\",\"url\":\"https:\\\/\\\/www.sanmiguel.com\\\/es\\\/wp-content\\\/uploads\\\/sites\\\/2\\\/2022\\\/06\\\/cervezas-san-miguel-logo.jpg\",\"contentUrl\":\"https:\\\/\\\/www.sanmiguel.com\\\/es\\\/wp-content\\\/uploads\\\/sites\\\/2\\\/2022\\\/06\\\/cervezas-san-miguel-logo.jpg\",\"width\":400,\"height\":400,\"caption\":\"Cervezas San Miguel\"},\"image\":{\"@id\":\"https:\\\/\\\/www.sanmiguel.com\\\/es\\\/#\\\/schema\\\/logo\\\/image\\\/\"}}]}<\/script>\n<!-- \/ Yoast SEO plugin. -->","yoast_head_json":{"title":"Selecta 2008 | Cervezas San Miguel | ES","description":"Tres d\u00e9cadas despu\u00e9s de su ic\u00f3nico lanzamiento, en 2008 relanzamos Selecta XV bajo el concepto \u201cSe reinventa un cl\u00e1sico\u201d.","robots":{"index":"index","follow":"follow","max-snippet":"max-snippet:-1","max-image-preview":"max-image-preview:large","max-video-preview":"max-video-preview:-1"},"canonical":"https:\/\/www.sanmiguel.com\/es\/historia\/cervezas\/san-miguel-selecta\/selecta-xv-2008\/","og_locale":"es_ES","og_type":"article","og_title":"Selecta 2008 | Cervezas San Miguel | ES","og_description":"Tres d\u00e9cadas despu\u00e9s de su ic\u00f3nico lanzamiento, en 2008 relanzamos Selecta XV bajo el concepto \u201cSe reinventa un cl\u00e1sico\u201d.","og_url":"https:\/\/www.sanmiguel.com\/es\/historia\/cervezas\/san-miguel-selecta\/selecta-xv-2008\/","og_site_name":"Cervezas San Miguel | ES","article_modified_time":"2026-02-25T16:05:32+00:00","twitter_card":"summary_large_image","schema":{"@context":"https:\/\/schema.org","@graph":[{"@type":"WebPage","@id":"https:\/\/www.sanmiguel.com\/es\/historia\/cervezas\/san-miguel-selecta\/selecta-xv-2008\/","url":"https:\/\/www.sanmiguel.com\/es\/historia\/cervezas\/san-miguel-selecta\/selecta-xv-2008\/","name":"Selecta 2008 | Cervezas San Miguel | ES","isPartOf":{"@id":"https:\/\/www.sanmiguel.com\/es\/#website"},"datePublished":"2024-11-15T09:07:15+00:00","dateModified":"2026-02-25T16:05:32+00:00","description":"Tres d\u00e9cadas despu\u00e9s de su ic\u00f3nico lanzamiento, en 2008 relanzamos Selecta XV bajo el concepto \u201cSe reinventa un cl\u00e1sico\u201d.","breadcrumb":{"@id":"https:\/\/www.sanmiguel.com\/es\/historia\/cervezas\/san-miguel-selecta\/selecta-xv-2008\/#breadcrumb"},"inLanguage":"es","potentialAction":[{"@type":"ReadAction","target":["https:\/\/www.sanmiguel.com\/es\/historia\/cervezas\/san-miguel-selecta\/selecta-xv-2008\/"]}]},{"@type":"BreadcrumbList","@id":"https:\/\/www.sanmiguel.com\/es\/historia\/cervezas\/san-miguel-selecta\/selecta-xv-2008\/#breadcrumb","itemListElement":[{"@type":"ListItem","position":1,"name":"Portada","item":"https:\/\/www.sanmiguel.com\/es\/"},{"@type":"ListItem","position":2,"name":"Historia 2024","item":"https:\/\/www.sanmiguel.com\/es\/historia\/"},{"@type":"ListItem","position":3,"name":"Cervezas","item":"https:\/\/www.sanmiguel.com\/es\/historia\/cervezas\/"},{"@type":"ListItem","position":4,"name":"San Miguel Selecta","item":"https:\/\/www.sanmiguel.com\/es\/historia\/cervezas\/san-miguel-selecta\/"},{"@type":"ListItem","position":5,"name":"Selecta 2008"}]},{"@type":"WebSite","@id":"https:\/\/www.sanmiguel.com\/es\/#website","url":"https:\/\/www.sanmiguel.com\/es\/","name":"Cervezas San Miguel | ES","description":"Bienvenidos Cerveceros Inquietos","publisher":{"@id":"https:\/\/www.sanmiguel.com\/es\/#organization"},"potentialAction":[{"@type":"SearchAction","target":{"@type":"EntryPoint","urlTemplate":"https:\/\/www.sanmiguel.com\/es\/?s={search_term_string}"},"query-input":{"@type":"PropertyValueSpecification","valueRequired":true,"valueName":"search_term_string"}}],"inLanguage":"es"},{"@type":"Organization","@id":"https:\/\/www.sanmiguel.com\/es\/#organization","name":"Cervezas San Miguel","url":"https:\/\/www.sanmiguel.com\/es\/","logo":{"@type":"ImageObject","inLanguage":"es","@id":"https:\/\/www.sanmiguel.com\/es\/#\/schema\/logo\/image\/","url":"https:\/\/www.sanmiguel.com\/es\/wp-content\/uploads\/sites\/2\/2022\/06\/cervezas-san-miguel-logo.jpg","contentUrl":"https:\/\/www.sanmiguel.com\/es\/wp-content\/uploads\/sites\/2\/2022\/06\/cervezas-san-miguel-logo.jpg","width":400,"height":400,"caption":"Cervezas San Miguel"},"image":{"@id":"https:\/\/www.sanmiguel.com\/es\/#\/schema\/logo\/image\/"}}]}},"_links":{"self":[{"href":"https:\/\/www.sanmiguel.com\/es\/wp-json\/wp\/v2\/pages\/23091","targetHints":{"allow":["GET"]}}],"collection":[{"href":"https:\/\/www.sanmiguel.com\/es\/wp-json\/wp\/v2\/pages"}],"about":[{"href":"https:\/\/www.sanmiguel.com\/es\/wp-json\/wp\/v2\/types\/page"}],"author":[{"embeddable":true,"href":"https:\/\/www.sanmiguel.com\/es\/wp-json\/wp\/v2\/users\/1"}],"replies":[{"embeddable":true,"href":"https:\/\/www.sanmiguel.com\/es\/wp-json\/wp\/v2\/comments?post=23091"}],"version-history":[{"count":5,"href":"https:\/\/www.sanmiguel.com\/es\/wp-json\/wp\/v2\/pages\/23091\/revisions"}],"predecessor-version":[{"id":27931,"href":"https:\/\/www.sanmiguel.com\/es\/wp-json\/wp\/v2\/pages\/23091\/revisions\/27931"}],"up":[{"embeddable":true,"href":"https:\/\/www.sanmiguel.com\/es\/wp-json\/wp\/v2\/pages\/22221"}],"wp:attachment":[{"href":"https:\/\/www.sanmiguel.com\/es\/wp-json\/wp\/v2\/media?parent=23091"}],"curies":[{"name":"wp","href":"https:\/\/api.w.org\/{rel}","templated":true}]}}