{"id":23086,"date":"2024-11-15T09:01:46","date_gmt":"2024-11-15T09:01:46","guid":{"rendered":"https:\/\/www.sanmiguel.com\/es\/?page_id=23086"},"modified":"2026-02-25T16:02:22","modified_gmt":"2026-02-25T16:02:22","slug":"selecta-1975","status":"publish","type":"page","link":"https:\/\/www.sanmiguel.com\/es\/historia\/cervezas\/san-miguel-selecta\/selecta-1975\/","title":{"rendered":"Selecta 1975"},"content":{"rendered":"\n<div class=\"historia-ficha\">\n    <div class=\"row no-gutters\">\n        <div class=\"historia-ficha-info\">\n            <h2>1975<\/h2>\n            <h1>Selecta 1975<\/h1>\n\n            <div class=\"historia-cuerpo\">\n                Tras dos a\u00f1os de investigaci\u00f3n y concienzudo estudio, en 1975 lanzamos Selecta, la primera cerveza extra que quer\u00eda ofrecer un nuevo concepto en el que disfrutarla fuese una aut\u00e9ntica experiencia premium. El dise\u00f1o no se quedaba atr\u00e1s, con un etiquetado \u00fanico y elegante que inclu\u00eda motivos pict\u00f3ricos. Para su formato lata, acudimos a una factor\u00eda casi artesanal de Lyon y su aspecto era tan bello que casi daba pena abrirla. Por la variedad y tambi\u00e9n por su cuidadoso proceso de elaboraci\u00f3n, hicimos una tirada m\u00e1s peque\u00f1a que la Pilsener, puesto que solo los establecimientos muy selectos inclu\u00edan a Selecta en su carta de cervezas. Fuera de nuestro pa\u00eds, la Selecta tambi\u00e9n se disfrut\u00f3 en Inglaterra, Alemania o Israel. El modelo de la foto pertenece a 1989. \n            <\/div>\n        <\/div>\n\n        <div class=\"historia-ficha-img\">\n            <a class=\"enlace\" data-fancybox href=\"https:\/\/www.sanmiguel.com\/es\/wp-content\/uploads\/sites\/2\/2024\/08\/selecta-3-378x568-c-default.webp\"  title=\"Ver Selecta 1975\">\n                <img decoding=\"async\" alt=\"Selecta&#x20;1975\" srcset=\"https:\/\/www.sanmiguel.com\/es\/wp-content\/uploads\/sites\/2\/2024\/08\/selecta-3-332x497-c-default.webp 412w,https:\/\/www.sanmiguel.com\/es\/wp-content\/uploads\/sites\/2\/2024\/08\/selecta-3-378x568-c-default.webp 751w,https:\/\/www.sanmiguel.com\/es\/wp-content\/uploads\/sites\/2\/2024\/08\/selecta-3-378x568-c-default.webp 1367w\" sizes=\"(max-width: 500px) 412px, (min-width: 501px) and (max-width: 1366px) 751px, (min-width: 1367px) 1367px\" src=\"https:\/\/www.sanmiguel.com\/es\/wp-content\/uploads\/sites\/2\/2024\/08\/selecta-3-378x568-c-default.webp\" loading=\"lazy\" class=\"img-fluid\"\/>\n            <\/a>\n        <\/div>\n\n\n    <\/div>\n<\/div>","protected":false},"excerpt":{"rendered":"","protected":false},"author":1,"featured_media":0,"parent":22221,"menu_order":0,"comment_status":"closed","ping_status":"closed","template":"page-historia-ficha-cervezas-selecta.php","meta":{"_acf_changed":false,"inline_featured_image":false,"footnotes":""},"class_list":["post-23086","page","type-page","status-publish","hentry"],"acf":[],"yoast_head":"<!-- This site is optimized with the Yoast SEO plugin v27.4 - https:\/\/yoast.com\/product\/yoast-seo-wordpress\/ -->\n<title>Selecta 1975 | Cervezas San Miguel | ES<\/title>\n<meta name=\"description\" content=\"En 1975 lanzamos Selecta, la primera cerveza extra que quer\u00eda ofrecer un nuevo concepto en el que fuese una aut\u00e9ntica experiencia premium.\" \/>\n<meta name=\"robots\" content=\"index, follow, max-snippet:-1, max-image-preview:large, max-video-preview:-1\" \/>\n<link rel=\"canonical\" href=\"https:\/\/www.sanmiguel.com\/es\/historia\/cervezas\/san-miguel-selecta\/selecta-1975\/\" \/>\n<meta property=\"og:locale\" content=\"es_ES\" \/>\n<meta property=\"og:type\" content=\"article\" \/>\n<meta property=\"og:title\" content=\"Selecta 1975 | Cervezas San Miguel | ES\" \/>\n<meta property=\"og:description\" content=\"En 1975 lanzamos Selecta, la primera cerveza extra que quer\u00eda ofrecer un nuevo concepto en el que fuese una aut\u00e9ntica experiencia premium.\" \/>\n<meta property=\"og:url\" content=\"https:\/\/www.sanmiguel.com\/es\/historia\/cervezas\/san-miguel-selecta\/selecta-1975\/\" \/>\n<meta property=\"og:site_name\" content=\"Cervezas San Miguel | ES\" \/>\n<meta property=\"article:modified_time\" content=\"2026-02-25T16:02:22+00:00\" \/>\n<meta name=\"twitter:card\" content=\"summary_large_image\" \/>\n<script type=\"application\/ld+json\" class=\"yoast-schema-graph\">{\"@context\":\"https:\\\/\\\/schema.org\",\"@graph\":[{\"@type\":\"WebPage\",\"@id\":\"https:\\\/\\\/www.sanmiguel.com\\\/es\\\/historia\\\/cervezas\\\/san-miguel-selecta\\\/selecta-1975\\\/\",\"url\":\"https:\\\/\\\/www.sanmiguel.com\\\/es\\\/historia\\\/cervezas\\\/san-miguel-selecta\\\/selecta-1975\\\/\",\"name\":\"Selecta 1975 | Cervezas San Miguel | ES\",\"isPartOf\":{\"@id\":\"https:\\\/\\\/www.sanmiguel.com\\\/es\\\/#website\"},\"datePublished\":\"2024-11-15T09:01:46+00:00\",\"dateModified\":\"2026-02-25T16:02:22+00:00\",\"description\":\"En 1975 lanzamos Selecta, la primera cerveza extra que quer\u00eda ofrecer un nuevo concepto en el que fuese una aut\u00e9ntica experiencia premium.\",\"breadcrumb\":{\"@id\":\"https:\\\/\\\/www.sanmiguel.com\\\/es\\\/historia\\\/cervezas\\\/san-miguel-selecta\\\/selecta-1975\\\/#breadcrumb\"},\"inLanguage\":\"es\",\"potentialAction\":[{\"@type\":\"ReadAction\",\"target\":[\"https:\\\/\\\/www.sanmiguel.com\\\/es\\\/historia\\\/cervezas\\\/san-miguel-selecta\\\/selecta-1975\\\/\"]}]},{\"@type\":\"BreadcrumbList\",\"@id\":\"https:\\\/\\\/www.sanmiguel.com\\\/es\\\/historia\\\/cervezas\\\/san-miguel-selecta\\\/selecta-1975\\\/#breadcrumb\",\"itemListElement\":[{\"@type\":\"ListItem\",\"position\":1,\"name\":\"Portada\",\"item\":\"https:\\\/\\\/www.sanmiguel.com\\\/es\\\/\"},{\"@type\":\"ListItem\",\"position\":2,\"name\":\"Historia 2024\",\"item\":\"https:\\\/\\\/www.sanmiguel.com\\\/es\\\/historia\\\/\"},{\"@type\":\"ListItem\",\"position\":3,\"name\":\"Cervezas\",\"item\":\"https:\\\/\\\/www.sanmiguel.com\\\/es\\\/historia\\\/cervezas\\\/\"},{\"@type\":\"ListItem\",\"position\":4,\"name\":\"San Miguel Selecta\",\"item\":\"https:\\\/\\\/www.sanmiguel.com\\\/es\\\/historia\\\/cervezas\\\/san-miguel-selecta\\\/\"},{\"@type\":\"ListItem\",\"position\":5,\"name\":\"Selecta 1975\"}]},{\"@type\":\"WebSite\",\"@id\":\"https:\\\/\\\/www.sanmiguel.com\\\/es\\\/#website\",\"url\":\"https:\\\/\\\/www.sanmiguel.com\\\/es\\\/\",\"name\":\"Cervezas San Miguel | ES\",\"description\":\"Bienvenidos Cerveceros Inquietos\",\"publisher\":{\"@id\":\"https:\\\/\\\/www.sanmiguel.com\\\/es\\\/#organization\"},\"potentialAction\":[{\"@type\":\"SearchAction\",\"target\":{\"@type\":\"EntryPoint\",\"urlTemplate\":\"https:\\\/\\\/www.sanmiguel.com\\\/es\\\/?s={search_term_string}\"},\"query-input\":{\"@type\":\"PropertyValueSpecification\",\"valueRequired\":true,\"valueName\":\"search_term_string\"}}],\"inLanguage\":\"es\"},{\"@type\":\"Organization\",\"@id\":\"https:\\\/\\\/www.sanmiguel.com\\\/es\\\/#organization\",\"name\":\"Cervezas San Miguel\",\"url\":\"https:\\\/\\\/www.sanmiguel.com\\\/es\\\/\",\"logo\":{\"@type\":\"ImageObject\",\"inLanguage\":\"es\",\"@id\":\"https:\\\/\\\/www.sanmiguel.com\\\/es\\\/#\\\/schema\\\/logo\\\/image\\\/\",\"url\":\"https:\\\/\\\/www.sanmiguel.com\\\/es\\\/wp-content\\\/uploads\\\/sites\\\/2\\\/2022\\\/06\\\/cervezas-san-miguel-logo.jpg\",\"contentUrl\":\"https:\\\/\\\/www.sanmiguel.com\\\/es\\\/wp-content\\\/uploads\\\/sites\\\/2\\\/2022\\\/06\\\/cervezas-san-miguel-logo.jpg\",\"width\":400,\"height\":400,\"caption\":\"Cervezas San Miguel\"},\"image\":{\"@id\":\"https:\\\/\\\/www.sanmiguel.com\\\/es\\\/#\\\/schema\\\/logo\\\/image\\\/\"}}]}<\/script>\n<!-- \/ Yoast SEO plugin. -->","yoast_head_json":{"title":"Selecta 1975 | Cervezas San Miguel | ES","description":"En 1975 lanzamos Selecta, la primera cerveza extra que quer\u00eda ofrecer un nuevo concepto en el que fuese una aut\u00e9ntica experiencia premium.","robots":{"index":"index","follow":"follow","max-snippet":"max-snippet:-1","max-image-preview":"max-image-preview:large","max-video-preview":"max-video-preview:-1"},"canonical":"https:\/\/www.sanmiguel.com\/es\/historia\/cervezas\/san-miguel-selecta\/selecta-1975\/","og_locale":"es_ES","og_type":"article","og_title":"Selecta 1975 | Cervezas San Miguel | ES","og_description":"En 1975 lanzamos Selecta, la primera cerveza extra que quer\u00eda ofrecer un nuevo concepto en el que fuese una aut\u00e9ntica experiencia premium.","og_url":"https:\/\/www.sanmiguel.com\/es\/historia\/cervezas\/san-miguel-selecta\/selecta-1975\/","og_site_name":"Cervezas San Miguel | ES","article_modified_time":"2026-02-25T16:02:22+00:00","twitter_card":"summary_large_image","schema":{"@context":"https:\/\/schema.org","@graph":[{"@type":"WebPage","@id":"https:\/\/www.sanmiguel.com\/es\/historia\/cervezas\/san-miguel-selecta\/selecta-1975\/","url":"https:\/\/www.sanmiguel.com\/es\/historia\/cervezas\/san-miguel-selecta\/selecta-1975\/","name":"Selecta 1975 | Cervezas San Miguel | ES","isPartOf":{"@id":"https:\/\/www.sanmiguel.com\/es\/#website"},"datePublished":"2024-11-15T09:01:46+00:00","dateModified":"2026-02-25T16:02:22+00:00","description":"En 1975 lanzamos Selecta, la primera cerveza extra que quer\u00eda ofrecer un nuevo concepto en el que fuese una aut\u00e9ntica experiencia premium.","breadcrumb":{"@id":"https:\/\/www.sanmiguel.com\/es\/historia\/cervezas\/san-miguel-selecta\/selecta-1975\/#breadcrumb"},"inLanguage":"es","potentialAction":[{"@type":"ReadAction","target":["https:\/\/www.sanmiguel.com\/es\/historia\/cervezas\/san-miguel-selecta\/selecta-1975\/"]}]},{"@type":"BreadcrumbList","@id":"https:\/\/www.sanmiguel.com\/es\/historia\/cervezas\/san-miguel-selecta\/selecta-1975\/#breadcrumb","itemListElement":[{"@type":"ListItem","position":1,"name":"Portada","item":"https:\/\/www.sanmiguel.com\/es\/"},{"@type":"ListItem","position":2,"name":"Historia 2024","item":"https:\/\/www.sanmiguel.com\/es\/historia\/"},{"@type":"ListItem","position":3,"name":"Cervezas","item":"https:\/\/www.sanmiguel.com\/es\/historia\/cervezas\/"},{"@type":"ListItem","position":4,"name":"San Miguel Selecta","item":"https:\/\/www.sanmiguel.com\/es\/historia\/cervezas\/san-miguel-selecta\/"},{"@type":"ListItem","position":5,"name":"Selecta 1975"}]},{"@type":"WebSite","@id":"https:\/\/www.sanmiguel.com\/es\/#website","url":"https:\/\/www.sanmiguel.com\/es\/","name":"Cervezas San Miguel | ES","description":"Bienvenidos Cerveceros Inquietos","publisher":{"@id":"https:\/\/www.sanmiguel.com\/es\/#organization"},"potentialAction":[{"@type":"SearchAction","target":{"@type":"EntryPoint","urlTemplate":"https:\/\/www.sanmiguel.com\/es\/?s={search_term_string}"},"query-input":{"@type":"PropertyValueSpecification","valueRequired":true,"valueName":"search_term_string"}}],"inLanguage":"es"},{"@type":"Organization","@id":"https:\/\/www.sanmiguel.com\/es\/#organization","name":"Cervezas San Miguel","url":"https:\/\/www.sanmiguel.com\/es\/","logo":{"@type":"ImageObject","inLanguage":"es","@id":"https:\/\/www.sanmiguel.com\/es\/#\/schema\/logo\/image\/","url":"https:\/\/www.sanmiguel.com\/es\/wp-content\/uploads\/sites\/2\/2022\/06\/cervezas-san-miguel-logo.jpg","contentUrl":"https:\/\/www.sanmiguel.com\/es\/wp-content\/uploads\/sites\/2\/2022\/06\/cervezas-san-miguel-logo.jpg","width":400,"height":400,"caption":"Cervezas San Miguel"},"image":{"@id":"https:\/\/www.sanmiguel.com\/es\/#\/schema\/logo\/image\/"}}]}},"_links":{"self":[{"href":"https:\/\/www.sanmiguel.com\/es\/wp-json\/wp\/v2\/pages\/23086","targetHints":{"allow":["GET"]}}],"collection":[{"href":"https:\/\/www.sanmiguel.com\/es\/wp-json\/wp\/v2\/pages"}],"about":[{"href":"https:\/\/www.sanmiguel.com\/es\/wp-json\/wp\/v2\/types\/page"}],"author":[{"embeddable":true,"href":"https:\/\/www.sanmiguel.com\/es\/wp-json\/wp\/v2\/users\/1"}],"replies":[{"embeddable":true,"href":"https:\/\/www.sanmiguel.com\/es\/wp-json\/wp\/v2\/comments?post=23086"}],"version-history":[{"count":5,"href":"https:\/\/www.sanmiguel.com\/es\/wp-json\/wp\/v2\/pages\/23086\/revisions"}],"predecessor-version":[{"id":27927,"href":"https:\/\/www.sanmiguel.com\/es\/wp-json\/wp\/v2\/pages\/23086\/revisions\/27927"}],"up":[{"embeddable":true,"href":"https:\/\/www.sanmiguel.com\/es\/wp-json\/wp\/v2\/pages\/22221"}],"wp:attachment":[{"href":"https:\/\/www.sanmiguel.com\/es\/wp-json\/wp\/v2\/media?parent=23086"}],"curies":[{"name":"wp","href":"https:\/\/api.w.org\/{rel}","templated":true}]}}