{"id":227,"date":"2020-10-23T08:58:54","date_gmt":"2020-10-23T08:58:54","guid":{"rendered":"http:\/\/www.sanmiguel.com\/es\/?page_id=227"},"modified":"2026-03-17T12:48:27","modified_gmt":"2026-03-17T12:48:27","slug":"cervezas","status":"publish","type":"page","link":"https:\/\/www.sanmiguel.com\/es\/cervezas\/","title":{"rendered":"Cervezas"},"content":{"rendered":"\n<style>\n#hero .hero-slide .hero--img-wrapper { background-position: center center !important; }\n<\/style>\n","protected":false},"excerpt":{"rendered":"","protected":false},"author":1,"featured_media":28231,"parent":0,"menu_order":0,"comment_status":"closed","ping_status":"closed","template":"page-cervezas.php","meta":{"_acf_changed":false,"inline_featured_image":false,"footnotes":""},"class_list":["post-227","page","type-page","status-publish","has-post-thumbnail","hentry"],"acf":[],"yoast_head":"<!-- This site is optimized with the Yoast SEO plugin v27.4 - https:\/\/yoast.com\/product\/yoast-seo-wordpress\/ -->\n<title>Tipos de cervezas | Cervezas San Miguel | ES<\/title>\n<meta name=\"description\" content=\"Explora nuestra amplia variedad de cervezas espa\u00f1olas en las que la calidad y la innovaci\u00f3n convergen con m\u00e1s de un siglo elaborando la mejor cerveza.\" \/>\n<meta name=\"robots\" content=\"index, follow, max-snippet:-1, max-image-preview:large, max-video-preview:-1\" \/>\n<link rel=\"canonical\" href=\"https:\/\/www.sanmiguel.com\/es\/cervezas\/\" \/>\n<meta property=\"og:locale\" content=\"es_ES\" \/>\n<meta property=\"og:type\" content=\"article\" \/>\n<meta property=\"og:title\" content=\"Tipos de cervezas | Cervezas San Miguel | ES\" \/>\n<meta property=\"og:description\" content=\"Explora nuestra amplia variedad de cervezas espa\u00f1olas en las que la calidad y la innovaci\u00f3n convergen con m\u00e1s de un siglo elaborando la mejor cerveza.\" \/>\n<meta property=\"og:url\" content=\"https:\/\/www.sanmiguel.com\/es\/cervezas\/\" \/>\n<meta property=\"og:site_name\" content=\"Cervezas San Miguel | ES\" \/>\n<meta property=\"article:modified_time\" content=\"2026-03-17T12:48:27+00:00\" \/>\n<meta property=\"og:image\" content=\"https:\/\/www.sanmiguel.com\/es\/wp-content\/uploads\/sites\/2\/2026\/03\/seeker_8.webp\" \/>\n\t<meta property=\"og:image:width\" content=\"640\" \/>\n\t<meta property=\"og:image:height\" content=\"427\" \/>\n\t<meta property=\"og:image:type\" content=\"image\/webp\" \/>\n<meta name=\"twitter:card\" content=\"summary_large_image\" \/>\n<meta name=\"twitter:label1\" content=\"Tiempo de lectura\" \/>\n\t<meta name=\"twitter:data1\" content=\"1 minuto\" \/>\n<script type=\"application\/ld+json\" class=\"yoast-schema-graph\">{\"@context\":\"https:\\\/\\\/schema.org\",\"@graph\":[{\"@type\":\"WebPage\",\"@id\":\"https:\\\/\\\/www.sanmiguel.com\\\/es\\\/cervezas\\\/\",\"url\":\"https:\\\/\\\/www.sanmiguel.com\\\/es\\\/cervezas\\\/\",\"name\":\"Tipos de cervezas | Cervezas San Miguel | ES\",\"isPartOf\":{\"@id\":\"https:\\\/\\\/www.sanmiguel.com\\\/es\\\/#website\"},\"primaryImageOfPage\":{\"@id\":\"https:\\\/\\\/www.sanmiguel.com\\\/es\\\/cervezas\\\/#primaryimage\"},\"image\":{\"@id\":\"https:\\\/\\\/www.sanmiguel.com\\\/es\\\/cervezas\\\/#primaryimage\"},\"thumbnailUrl\":\"https:\\\/\\\/www.sanmiguel.com\\\/es\\\/wp-content\\\/uploads\\\/sites\\\/2\\\/2026\\\/03\\\/seeker_8.webp\",\"datePublished\":\"2020-10-23T08:58:54+00:00\",\"dateModified\":\"2026-03-17T12:48:27+00:00\",\"description\":\"Explora nuestra amplia variedad de cervezas espa\u00f1olas en las que la calidad y la innovaci\u00f3n convergen con m\u00e1s de un siglo elaborando la mejor cerveza.\",\"breadcrumb\":{\"@id\":\"https:\\\/\\\/www.sanmiguel.com\\\/es\\\/cervezas\\\/#breadcrumb\"},\"inLanguage\":\"es\",\"potentialAction\":[{\"@type\":\"ReadAction\",\"target\":[\"https:\\\/\\\/www.sanmiguel.com\\\/es\\\/cervezas\\\/\"]}]},{\"@type\":\"ImageObject\",\"inLanguage\":\"es\",\"@id\":\"https:\\\/\\\/www.sanmiguel.com\\\/es\\\/cervezas\\\/#primaryimage\",\"url\":\"https:\\\/\\\/www.sanmiguel.com\\\/es\\\/wp-content\\\/uploads\\\/sites\\\/2\\\/2026\\\/03\\\/seeker_8.webp\",\"contentUrl\":\"https:\\\/\\\/www.sanmiguel.com\\\/es\\\/wp-content\\\/uploads\\\/sites\\\/2\\\/2026\\\/03\\\/seeker_8.webp\",\"width\":640,\"height\":427},{\"@type\":\"BreadcrumbList\",\"@id\":\"https:\\\/\\\/www.sanmiguel.com\\\/es\\\/cervezas\\\/#breadcrumb\",\"itemListElement\":[{\"@type\":\"ListItem\",\"position\":1,\"name\":\"Portada\",\"item\":\"https:\\\/\\\/www.sanmiguel.com\\\/es\\\/\"},{\"@type\":\"ListItem\",\"position\":2,\"name\":\"Cervezas\"}]},{\"@type\":\"WebSite\",\"@id\":\"https:\\\/\\\/www.sanmiguel.com\\\/es\\\/#website\",\"url\":\"https:\\\/\\\/www.sanmiguel.com\\\/es\\\/\",\"name\":\"Cervezas San Miguel | ES\",\"description\":\"Bienvenidos Cerveceros Inquietos\",\"publisher\":{\"@id\":\"https:\\\/\\\/www.sanmiguel.com\\\/es\\\/#organization\"},\"potentialAction\":[{\"@type\":\"SearchAction\",\"target\":{\"@type\":\"EntryPoint\",\"urlTemplate\":\"https:\\\/\\\/www.sanmiguel.com\\\/es\\\/?s={search_term_string}\"},\"query-input\":{\"@type\":\"PropertyValueSpecification\",\"valueRequired\":true,\"valueName\":\"search_term_string\"}}],\"inLanguage\":\"es\"},{\"@type\":\"Organization\",\"@id\":\"https:\\\/\\\/www.sanmiguel.com\\\/es\\\/#organization\",\"name\":\"Cervezas San Miguel\",\"url\":\"https:\\\/\\\/www.sanmiguel.com\\\/es\\\/\",\"logo\":{\"@type\":\"ImageObject\",\"inLanguage\":\"es\",\"@id\":\"https:\\\/\\\/www.sanmiguel.com\\\/es\\\/#\\\/schema\\\/logo\\\/image\\\/\",\"url\":\"https:\\\/\\\/www.sanmiguel.com\\\/es\\\/wp-content\\\/uploads\\\/sites\\\/2\\\/2022\\\/06\\\/cervezas-san-miguel-logo.jpg\",\"contentUrl\":\"https:\\\/\\\/www.sanmiguel.com\\\/es\\\/wp-content\\\/uploads\\\/sites\\\/2\\\/2022\\\/06\\\/cervezas-san-miguel-logo.jpg\",\"width\":400,\"height\":400,\"caption\":\"Cervezas San Miguel\"},\"image\":{\"@id\":\"https:\\\/\\\/www.sanmiguel.com\\\/es\\\/#\\\/schema\\\/logo\\\/image\\\/\"}}]}<\/script>\n<!-- \/ Yoast SEO plugin. -->","yoast_head_json":{"title":"Tipos de cervezas | Cervezas San Miguel | ES","description":"Explora nuestra amplia variedad de cervezas espa\u00f1olas en las que la calidad y la innovaci\u00f3n convergen con m\u00e1s de un siglo elaborando la mejor cerveza.","robots":{"index":"index","follow":"follow","max-snippet":"max-snippet:-1","max-image-preview":"max-image-preview:large","max-video-preview":"max-video-preview:-1"},"canonical":"https:\/\/www.sanmiguel.com\/es\/cervezas\/","og_locale":"es_ES","og_type":"article","og_title":"Tipos de cervezas | Cervezas San Miguel | ES","og_description":"Explora nuestra amplia variedad de cervezas espa\u00f1olas en las que la calidad y la innovaci\u00f3n convergen con m\u00e1s de un siglo elaborando la mejor cerveza.","og_url":"https:\/\/www.sanmiguel.com\/es\/cervezas\/","og_site_name":"Cervezas San Miguel | ES","article_modified_time":"2026-03-17T12:48:27+00:00","og_image":[{"width":640,"height":427,"url":"https:\/\/www.sanmiguel.com\/es\/wp-content\/uploads\/sites\/2\/2026\/03\/seeker_8.webp","type":"image\/webp"}],"twitter_card":"summary_large_image","twitter_misc":{"Tiempo de lectura":"1 minuto"},"schema":{"@context":"https:\/\/schema.org","@graph":[{"@type":"WebPage","@id":"https:\/\/www.sanmiguel.com\/es\/cervezas\/","url":"https:\/\/www.sanmiguel.com\/es\/cervezas\/","name":"Tipos de cervezas | Cervezas San Miguel | ES","isPartOf":{"@id":"https:\/\/www.sanmiguel.com\/es\/#website"},"primaryImageOfPage":{"@id":"https:\/\/www.sanmiguel.com\/es\/cervezas\/#primaryimage"},"image":{"@id":"https:\/\/www.sanmiguel.com\/es\/cervezas\/#primaryimage"},"thumbnailUrl":"https:\/\/www.sanmiguel.com\/es\/wp-content\/uploads\/sites\/2\/2026\/03\/seeker_8.webp","datePublished":"2020-10-23T08:58:54+00:00","dateModified":"2026-03-17T12:48:27+00:00","description":"Explora nuestra amplia variedad de cervezas espa\u00f1olas en las que la calidad y la innovaci\u00f3n convergen con m\u00e1s de un siglo elaborando la mejor cerveza.","breadcrumb":{"@id":"https:\/\/www.sanmiguel.com\/es\/cervezas\/#breadcrumb"},"inLanguage":"es","potentialAction":[{"@type":"ReadAction","target":["https:\/\/www.sanmiguel.com\/es\/cervezas\/"]}]},{"@type":"ImageObject","inLanguage":"es","@id":"https:\/\/www.sanmiguel.com\/es\/cervezas\/#primaryimage","url":"https:\/\/www.sanmiguel.com\/es\/wp-content\/uploads\/sites\/2\/2026\/03\/seeker_8.webp","contentUrl":"https:\/\/www.sanmiguel.com\/es\/wp-content\/uploads\/sites\/2\/2026\/03\/seeker_8.webp","width":640,"height":427},{"@type":"BreadcrumbList","@id":"https:\/\/www.sanmiguel.com\/es\/cervezas\/#breadcrumb","itemListElement":[{"@type":"ListItem","position":1,"name":"Portada","item":"https:\/\/www.sanmiguel.com\/es\/"},{"@type":"ListItem","position":2,"name":"Cervezas"}]},{"@type":"WebSite","@id":"https:\/\/www.sanmiguel.com\/es\/#website","url":"https:\/\/www.sanmiguel.com\/es\/","name":"Cervezas San Miguel | ES","description":"Bienvenidos Cerveceros Inquietos","publisher":{"@id":"https:\/\/www.sanmiguel.com\/es\/#organization"},"potentialAction":[{"@type":"SearchAction","target":{"@type":"EntryPoint","urlTemplate":"https:\/\/www.sanmiguel.com\/es\/?s={search_term_string}"},"query-input":{"@type":"PropertyValueSpecification","valueRequired":true,"valueName":"search_term_string"}}],"inLanguage":"es"},{"@type":"Organization","@id":"https:\/\/www.sanmiguel.com\/es\/#organization","name":"Cervezas San Miguel","url":"https:\/\/www.sanmiguel.com\/es\/","logo":{"@type":"ImageObject","inLanguage":"es","@id":"https:\/\/www.sanmiguel.com\/es\/#\/schema\/logo\/image\/","url":"https:\/\/www.sanmiguel.com\/es\/wp-content\/uploads\/sites\/2\/2022\/06\/cervezas-san-miguel-logo.jpg","contentUrl":"https:\/\/www.sanmiguel.com\/es\/wp-content\/uploads\/sites\/2\/2022\/06\/cervezas-san-miguel-logo.jpg","width":400,"height":400,"caption":"Cervezas San Miguel"},"image":{"@id":"https:\/\/www.sanmiguel.com\/es\/#\/schema\/logo\/image\/"}}]}},"_links":{"self":[{"href":"https:\/\/www.sanmiguel.com\/es\/wp-json\/wp\/v2\/pages\/227","targetHints":{"allow":["GET"]}}],"collection":[{"href":"https:\/\/www.sanmiguel.com\/es\/wp-json\/wp\/v2\/pages"}],"about":[{"href":"https:\/\/www.sanmiguel.com\/es\/wp-json\/wp\/v2\/types\/page"}],"author":[{"embeddable":true,"href":"https:\/\/www.sanmiguel.com\/es\/wp-json\/wp\/v2\/users\/1"}],"replies":[{"embeddable":true,"href":"https:\/\/www.sanmiguel.com\/es\/wp-json\/wp\/v2\/comments?post=227"}],"version-history":[{"count":33,"href":"https:\/\/www.sanmiguel.com\/es\/wp-json\/wp\/v2\/pages\/227\/revisions"}],"predecessor-version":[{"id":28010,"href":"https:\/\/www.sanmiguel.com\/es\/wp-json\/wp\/v2\/pages\/227\/revisions\/28010"}],"wp:featuredmedia":[{"embeddable":true,"href":"https:\/\/www.sanmiguel.com\/es\/wp-json\/wp\/v2\/media\/28231"}],"wp:attachment":[{"href":"https:\/\/www.sanmiguel.com\/es\/wp-json\/wp\/v2\/media?parent=227"}],"curies":[{"name":"wp","href":"https:\/\/api.w.org\/{rel}","templated":true}]}}