{"id":16157,"date":"2023-06-27T11:44:08","date_gmt":"2023-06-27T11:44:08","guid":{"rendered":"https:\/\/www.sanmiguel.com\/es\/?page_id=16157"},"modified":"2023-07-03T08:26:03","modified_gmt":"2023-07-03T08:26:03","slug":"islas-canarias","status":"publish","type":"page","link":"https:\/\/www.sanmiguel.com\/es\/welcome-guide\/islas-canarias\/","title":{"rendered":"Islas Canarias"},"content":{"rendered":"\n<link rel=\"stylesheet\" href=\"\/wp-content\/themes\/sm2020\/assets\/js\/fancybox\/jquery.fancybox.min.css\" type=\"text\/css\" media=\"screen\">\n<script type=\"text\/javascript\" src=\"\/wp-content\/themes\/sm2020\/assets\/js\/fancybox\/jquery.fancybox.min.js\"><\/script>\n\n\n\r\n<link rel=\"stylesheet\" type=\"text\/css\" href='\/es\/magna\/styles\/magna.css?v=64' media=\"all\">\n\n<div class=\"landing-magna-bares\">\n\t<div class=\"main-section\" style=\"margin-top: 0\">\n\t\t<div class=\"content\">\n\t\t\t\t\t\t<div class=\"mapContainer\" id=\"mapContainer\">\n\t\t\t\t<input id=\"pac-input\" class=\"controls\" type=\"text\" placeholder=\"Buscar\" \/>\n\t\t\t\t<div id=\"map\"><\/div>\n\t\t\t<\/div>\n\t\t<\/div>\n\t<\/div>\n\t<!--\/main section-->\n<\/div>\n<script src=\"https:\/\/code.jquery.com\/jquery-3.2.1.min.js\"><\/script>\n<script src=\"https:\/\/www.sanmiguel.com\/es\/wp-content\/themes\/sm2020\/assets\/js\/mapa-style.js\"><\/script>\n<script async defer>\n\tvar map;\n\tfunction toggleMap() {\n\t\tvar willShow = $(\".mapContainer\").is(\":hidden\")\n\t\t$(\".mapContainer\").slideToggle();\n\n\t\tif (willShow) {\n\t\t\t$([document.documentElement, document.body]).animate({\n\t\t\t\tscrollTop: $(\"#map\").offset().top - 90\n\t\t\t}, 500);\n\t\t}\n\t\tgetLocation();\n\t}\n\n\tvar latlng = '';\n\tif (!latlng) latlng = \"40.414602, -3.705773\";\n\tfunction initMap() {\n\t\t\/\/ Styles a map in night mode.\n\t\tmap = new google.maps.Map(document.getElementById('map'), {\n\t\t\tcenter: new google.maps.LatLng(parseFloat(latlng.split(\",\")[0].trim()), parseFloat(latlng.split(\",\")[1].trim())),\n\t\t\tzoom: 10,\n\t\t\tstreetViewControl: false,\n\t\t\tzoomControl: false,\n\t\t\tfullscreenControl: false,\n\t\t\tmapTypeControl: false,\n\t\t\tstyles: mapa_style\n\t\t});\n\n\t\tvar bounds = new google.maps.LatLngBounds();\n\n\t\t\/\/ Create the search box and link it to the UI element.\n\t\tconst input = document.getElementById(\"pac-input\");\n\t\tconst searchBox = new google.maps.places.SearchBox(input);\n\t\tmap.controls[google.maps.ControlPosition.TOP_LEFT].push(input);\n\t\tsearchBox.addListener(\"places_changed\", () => {\n\t\t\tconst places = searchBox.getPlaces();\n\t\t\tif (places.length == 0) return;\n\t\t\t\/\/ For each place, get the icon, name and location.\n\t\t\tplaces.forEach((place) => {\n\t\t\t\tif (!place.geometry || !place.geometry.location) {\n\t\t\t\t\tconsole.log(\"Returned place contains no geometry\");\n\t\t\t\t\treturn;\n\t\t\t\t}\n\t\t\t\tvar center = new google.maps.LatLng(place.geometry.location.lat(), place.geometry.location.lng());\n\t\t\t\tmap.panTo(center);\n\t\t\t\tmap.setZoom(14);\n\t\t\t});\n\t\t});\n\n\t\tvar infowindow = new google.maps.InfoWindow();\n\n\n\t\/* TEST2 *\/\n\tvar markersBares = [];\n\tvar infoBar;\n\tvar i = 0;\n\n\tvar icon_map = {\n\t\turl: '\/magna\/img\/icon-beer-map-18.png',\n\t\t\/*origin: new google.maps.Point(0, 0),\n\t\tanchor: new google.maps.Point(0, 0)\n\t\t*\/\n\t};\n\n\tsetTimeout(() => {\n    var xmlUrl = 'https:\/\/www.sanmiguel.com\/es\/wp-content\/uploads\/sites\/2\/2023\/06\/canarias.xml';\n    downloadUrl(xmlUrl, function(data) {\n        var xml = data.responseXML;\n        var markers = xml.documentElement.getElementsByTagName('bar');\n        Array.prototype.forEach.call(markers, function(markerElem) {\n            i++;\n            var pdv = markerElem.getAttribute('pdv').toUpperCase();\n            var direccion = markerElem.getAttribute('direccion').toLowerCase().replace(\/\\b[a-z]\/g, function(letra) {\n                return letra.toUpperCase();\n            });\n            var provincia = markerElem.getAttribute('provincia').toLowerCase().replace(\/\\b[a-z]\/g, function(letra) {\n                return letra.toUpperCase();\n            });\n            var poblacion = markerElem.getAttribute('poblacion').toLowerCase().replace(\/\\b[a-z]\/g, function(letra) {\n                return letra.toUpperCase();\n            });\n            var latitud = markerElem.getAttribute('latitud');\n            var longitud = markerElem.getAttribute('longitud');\n            var cp = markerElem.getAttribute('cp');\n            var tipo = markerElem.getAttribute('tipo');\n\n            var point = new google.maps.LatLng(\n                parseFloat(latitud),\n                parseFloat(longitud)\n            );\n            \n            var icon_map;\n            if (tipo === 'local') {\n                icon_map = {\n                    url: 'https:\/\/www.sanmiguel.com\/es\/wp-content\/uploads\/sites\/2\/2023\/06\/icon-local_map.png',\n                };\n            } else {\n                icon_map = {\n                    url: '\/magna\/img\/icon-beer-map-18.png',\n                };\n            }\n            \n            var infowincontent = document.createElement('div');\n            var strong = document.createElement('strong');\n            strong.textContent = pdv;\n            infowincontent.appendChild(strong);\n            infowincontent.appendChild(document.createElement('br'));\n\n            var text = document.createElement('text');\n            text.textContent = direccion;\n            infowincontent.appendChild(text);\n            infowincontent.appendChild(document.createElement('br'));\n            \n            var text2 = document.createElement('text');\n            text2.textContent = cp +\" - \" +poblacion+\" (\"+provincia+\")\";\n\t\t\tif (document.documentElement.lang == 'ie') {\n\t\t\t\ttext2.textContent = poblacion+\" (\"+provincia+\") - \" + cp;\n\t\t\t}\n            infowincontent.appendChild(text2);\n            infowincontent.appendChild(document.createElement('br'));\n\n            var enlace = document.createElement('a');\n            enlace.setAttribute(\"href\", 'https:\/\/www.google.com\/maps\/search\/'+latitud+',+'+longitud);\n            enlace.setAttribute(\"target\", \"_blank\");\n            enlace.appendChild(document.createTextNode(\"Ver en google maps\"));\n\n            infowincontent.appendChild(enlace);\n            infowincontent.appendChild(document.createElement('br'));\n\n            var marker = new google.maps.Marker({\n                map: map,\n                position: point,\n                icon: icon_map\n            });\n            google.maps.event.addListener(marker, 'click', (function(marker, i) {\n                return function() {\n                    infowindow.setContent(infowincontent);\n                    infowindow.open(map, marker);\n                }\n            })(marker, i));\n            bounds.extend(point);\n            markersBares.push(marker);\n        });\n        var clusterStyles = [\n            {\n                url: '\/es\/magna\/marker-clusterer\/m1.png',\n                height: 70,\n                width: 70\n            },\n            {\n                url: '\/es\/magna\/marker-clusterer\/m2.png',\n                height: 75,\n                width: 75\n            },            \n            {\n                url: '\/es\/magna\/marker-clusterer\/m3.png',\n                height: 88,\n                width: 88\n            },            \n            {\n                url: '\/es\/magna\/marker-clusterer\/m4.png',\n                height: 105,\n                width: 105\n            },            \n            {\n                url: '\/es\/magna\/marker-clusterer\/m5.png',\n                height: 120,\n                width: 120\n            }\n        ];\n        var mcOptions = {\n            styles: clusterStyles,\n            maxZoom: 13\n        };\n        var markerCluster = new MarkerClusterer(map, markersBares, mcOptions);\n        var kmzLayer = new google.maps.KmlLayer({\n            url: '\/es\/magna\/gadm4.kmz',\n            map: map,\n            preserveViewport: true\n        });\n        kmzLayer.setMap(map);\n\n        map.fitBounds(bounds);\n        map.panToBounds(bounds);\n    });\n}, 1000);\n\t\n\tfunction downloadUrl(url, callback) {\n\t\tvar request = window.ActiveXObject ?\n\t\t\tnew ActiveXObject('Microsoft.XMLHTTP') :\n\t\t\tnew XMLHttpRequest;\n\n\t\trequest.onreadystatechange = function() {\n\t\tif (request.readyState == 4) {\n\t\t\trequest.onreadystatechange = doNothing;\n\t\t\tcallback(request, request.status);\n\t\t}\n\t\t};\n\n\t\trequest.open('GET', url, true);\n\t\trequest.send(null);\n\t}\n\n\tfunction doNothing() {}\n\t}\n\n\n\tfunction getLocation() {\n\t\tvar startPos;\n\t\tvar geoSuccess = function(position) {\n\t\t\tstartPos = position;\n\t\t\tvar startLat = startPos.coords.latitude;\n\t\t\tvar startLon = startPos.coords.longitude;\n\t\t\tconsole.log(startLat);\n\t\t\tconsole.log(startLon);\n\t\t\tvar center = new google.maps.LatLng(startLat, startLon);\n\t\t\tmap.panTo(center);\n\t\t\tmap.setZoom(14);\n\t\t};\n\t\tvar geoError = function(error) {\n\t\t\tconsole.log('Error occurred. Error code: ' + error.code);\n\t\t\t\/\/ error.code can be:\n\t\t\t\/\/   0: unknown error\n\t\t\t\/\/   1: permission denied\n\t\t\t\/\/   2: position unavailable (error response from location provider)\n\t\t\t\/\/   3: timed out\n\t\t};\n\t\tnavigator.geolocation.getCurrentPosition(geoSuccess, geoError);\n\t};\n<\/script>\n<script src=\"\/es\/magna\/marker-clusterer\/markerclusterer.js\"><\/script>\n<script src=\"https:\/\/maps.googleapis.com\/maps\/api\/js?key=AIzaSyDdfR6gl4ck0yETniTUVkmr3Iegz_91IpE&#038;callback=initMap&#038;libraries=places&#038;v=weekly\" async defer><\/script>\n\n\n<h3 class=\"totals\" data-l=\"es\">6 Bares y restaurantes<\/h3><div class=\"locales-grid\"><div class=\"locales-item\"><div class=\"locales-item__img\"><img width=\"450\" height=\"450\" src=\"https:\/\/www.sanmiguel.com\/es\/wp-content\/uploads\/sites\/2\/2023\/06\/LA-TASCA-7_CANARIAS.jpeg\" class=\"attachment-500x500 size-500x500 wp-post-image\" alt=\"\" loading=\"lazy\" srcset=\"https:\/\/www.sanmiguel.com\/es\/wp-content\/uploads\/sites\/2\/2023\/06\/LA-TASCA-7_CANARIAS.jpeg 450w, https:\/\/www.sanmiguel.com\/es\/wp-content\/uploads\/sites\/2\/2023\/06\/LA-TASCA-7_CANARIAS-300x300.jpeg 300w, https:\/\/www.sanmiguel.com\/es\/wp-content\/uploads\/sites\/2\/2023\/06\/LA-TASCA-7_CANARIAS-150x150.jpeg 150w\" sizes=\"(max-width: 450px) 100vw, 450px\" \/><\/div><div class=\"locales-item__txt\"><div class=\"locales-item__categoria\">Islas Canarias<\/div><h2><a href=\"https:\/\/www.sanmiguel.com\/es\/welcome-guide-local\/la-tasca-7\/\" title=\"LA TASCA 7\">LA TASCA 7<\/a><\/h2><div class=\"locales-item__descripcion\"><p>Restaurante tradicional grill.<\/p>\n<\/div><div class=\"locales-item__localidad\">Tenerife<\/div><div class=\"locales-item__enlace\"><a title=\"Ver local\" class=\"btn btn-verde\" href=\"https:\/\/www.sanmiguel.com\/es\/welcome-guide-local\/la-tasca-7\/\">Ver local<span class=\"icono icon-flecha_btn\"><\/span><\/a><\/div><\/div><\/div><div class=\"locales-item\"><div class=\"locales-item__img\"><img width=\"375\" height=\"500\" src=\"https:\/\/www.sanmiguel.com\/es\/wp-content\/uploads\/sites\/2\/2023\/06\/agua-marina-restaurante.webp\" class=\"attachment-500x500 size-500x500 wp-post-image\" alt=\"\" loading=\"lazy\" srcset=\"https:\/\/www.sanmiguel.com\/es\/wp-content\/uploads\/sites\/2\/2023\/06\/agua-marina-restaurante.webp 800w, https:\/\/www.sanmiguel.com\/es\/wp-content\/uploads\/sites\/2\/2023\/06\/agua-marina-restaurante-225x300.webp 225w, https:\/\/www.sanmiguel.com\/es\/wp-content\/uploads\/sites\/2\/2023\/06\/agua-marina-restaurante-768x1024.webp 768w\" sizes=\"(max-width: 375px) 100vw, 375px\" \/><\/div><div class=\"locales-item__txt\"><div class=\"locales-item__categoria\">Islas Canarias<\/div><h2><a href=\"https:\/\/www.sanmiguel.com\/es\/welcome-guide-local\/restaurante-aquamarina\/\" title=\"RESTAURANTE AQUAMARINA\">RESTAURANTE AQUAMARINA<\/a><\/h2><div class=\"locales-item__descripcion\"><p>Restaurante tradicional.<\/p>\n<\/div><div class=\"locales-item__localidad\">Tenerife<\/div><div class=\"locales-item__enlace\"><a title=\"Ver local\" class=\"btn btn-verde\" href=\"https:\/\/www.sanmiguel.com\/es\/welcome-guide-local\/restaurante-aquamarina\/\">Ver local<span class=\"icono icon-flecha_btn\"><\/span><\/a><\/div><\/div><\/div><div class=\"locales-item\"><div class=\"locales-item__img\"><img width=\"500\" height=\"301\" src=\"https:\/\/www.sanmiguel.com\/es\/wp-content\/uploads\/sites\/2\/2023\/06\/RESTAURANTE-DIVINO_CANARIAS.jpg\" class=\"attachment-500x500 size-500x500 wp-post-image\" alt=\"\" loading=\"lazy\" srcset=\"https:\/\/www.sanmiguel.com\/es\/wp-content\/uploads\/sites\/2\/2023\/06\/RESTAURANTE-DIVINO_CANARIAS.jpg 870w, https:\/\/www.sanmiguel.com\/es\/wp-content\/uploads\/sites\/2\/2023\/06\/RESTAURANTE-DIVINO_CANARIAS-300x181.jpg 300w, https:\/\/www.sanmiguel.com\/es\/wp-content\/uploads\/sites\/2\/2023\/06\/RESTAURANTE-DIVINO_CANARIAS-768x463.jpg 768w\" sizes=\"(max-width: 500px) 100vw, 500px\" \/><\/div><div class=\"locales-item__txt\"><div class=\"locales-item__categoria\">Islas Canarias<\/div><h2><a href=\"https:\/\/www.sanmiguel.com\/es\/welcome-guide-local\/restaurante-divino\/\" title=\"RESTAURANTE DIVINO\">RESTAURANTE DIVINO<\/a><\/h2><div class=\"locales-item__descripcion\"><p>Ofrece una gastronom\u00eda variada de base mediterr\u00e1nea, con carnes, pescados, distintos tipos de paellas, pizzas y pastas, entre otros.<\/p>\n<\/div><div class=\"locales-item__localidad\">Tenerife<\/div><div class=\"locales-item__enlace\"><a title=\"Ver local\" class=\"btn btn-verde\" href=\"https:\/\/www.sanmiguel.com\/es\/welcome-guide-local\/restaurante-divino\/\">Ver local<span class=\"icono icon-flecha_btn\"><\/span><\/a><\/div><\/div><\/div><div class=\"locales-item\"><div class=\"locales-item__img\"><img width=\"500\" height=\"375\" src=\"https:\/\/www.sanmiguel.com\/es\/wp-content\/uploads\/sites\/2\/2023\/06\/embassy_CANARIAS.jpg\" class=\"attachment-500x500 size-500x500 wp-post-image\" alt=\"\" loading=\"lazy\" srcset=\"https:\/\/www.sanmiguel.com\/es\/wp-content\/uploads\/sites\/2\/2023\/06\/embassy_CANARIAS.jpg 550w, https:\/\/www.sanmiguel.com\/es\/wp-content\/uploads\/sites\/2\/2023\/06\/embassy_CANARIAS-300x225.jpg 300w\" sizes=\"(max-width: 500px) 100vw, 500px\" \/><\/div><div class=\"locales-item__txt\"><div class=\"locales-item__categoria\">Islas Canarias<\/div><h2><a href=\"https:\/\/www.sanmiguel.com\/es\/welcome-guide-local\/rest-embassy\/\" title=\"RESTAURANTE EMBASSY\">RESTAURANTE EMBASSY<\/a><\/h2><div class=\"locales-item__descripcion\"><p>Restaurante italiano.<\/p>\n<\/div><div class=\"locales-item__localidad\">Tenerife<\/div><div class=\"locales-item__enlace\"><a title=\"Ver local\" class=\"btn btn-verde\" href=\"https:\/\/www.sanmiguel.com\/es\/welcome-guide-local\/rest-embassy\/\">Ver local<span class=\"icono icon-flecha_btn\"><\/span><\/a><\/div><\/div><\/div><div class=\"locales-item\"><div class=\"locales-item__img\"><img width=\"500\" height=\"313\" src=\"https:\/\/www.sanmiguel.com\/es\/wp-content\/uploads\/sites\/2\/2023\/06\/RESTAURANTE-MAYTE-1.webp\" class=\"attachment-500x500 size-500x500 wp-post-image\" alt=\"\" loading=\"lazy\" srcset=\"https:\/\/www.sanmiguel.com\/es\/wp-content\/uploads\/sites\/2\/2023\/06\/RESTAURANTE-MAYTE-1.webp 880w, https:\/\/www.sanmiguel.com\/es\/wp-content\/uploads\/sites\/2\/2023\/06\/RESTAURANTE-MAYTE-1-300x188.webp 300w, https:\/\/www.sanmiguel.com\/es\/wp-content\/uploads\/sites\/2\/2023\/06\/RESTAURANTE-MAYTE-1-768x480.webp 768w\" sizes=\"(max-width: 500px) 100vw, 500px\" \/><\/div><div class=\"locales-item__txt\"><div class=\"locales-item__categoria\">Islas Canarias<\/div><h2><a href=\"https:\/\/www.sanmiguel.com\/es\/welcome-guide-local\/rte-mayte\/\" title=\"RESTAURANTE MAYTE\">RESTAURANTE MAYTE<\/a><\/h2><div class=\"locales-item__descripcion\"><p>Somos un restaurante familiar situado en Playa de las Am\u00e9ricas (Tenerife) desde 1979. Nuestra cocina est\u00e1 enfocada a una carta mediterr\u00e1nea e internacional.<\/p>\n<\/div><div class=\"locales-item__localidad\">Tenerife<\/div><div class=\"locales-item__enlace\"><a title=\"Ver local\" class=\"btn btn-verde\" href=\"https:\/\/www.sanmiguel.com\/es\/welcome-guide-local\/rte-mayte\/\">Ver local<span class=\"icono icon-flecha_btn\"><\/span><\/a><\/div><\/div><\/div><div class=\"locales-item\"><div class=\"locales-item__img\"><img width=\"375\" height=\"500\" src=\"https:\/\/www.sanmiguel.com\/es\/wp-content\/uploads\/sites\/2\/2023\/06\/TASCA-VASCA-TXUPINAZO_CANARIAS.jpg\" class=\"attachment-500x500 size-500x500 wp-post-image\" alt=\"\" loading=\"lazy\" srcset=\"https:\/\/www.sanmiguel.com\/es\/wp-content\/uploads\/sites\/2\/2023\/06\/TASCA-VASCA-TXUPINAZO_CANARIAS.jpg 640w, https:\/\/www.sanmiguel.com\/es\/wp-content\/uploads\/sites\/2\/2023\/06\/TASCA-VASCA-TXUPINAZO_CANARIAS-225x300.jpg 225w\" sizes=\"(max-width: 375px) 100vw, 375px\" \/><\/div><div class=\"locales-item__txt\"><div class=\"locales-item__categoria\">Islas Canarias<\/div><h2><a href=\"https:\/\/www.sanmiguel.com\/es\/welcome-guide-local\/tasca-vasca-el-txupinazo\/\" title=\"TASCA VASCA EL TXUPINAZO\">TASCA VASCA EL TXUPINAZO<\/a><\/h2><div class=\"locales-item__descripcion\"><p>D\u00e9jate sorprender por la cocina de Taberna Vasca Txupinazo.<\/p>\n<\/div><div class=\"locales-item__localidad\">Tenerife<\/div><div class=\"locales-item__enlace\"><a title=\"Ver local\" class=\"btn btn-verde\" href=\"https:\/\/www.sanmiguel.com\/es\/welcome-guide-local\/tasca-vasca-el-txupinazo\/\">Ver local<span class=\"icono icon-flecha_btn\"><\/span><\/a><\/div><\/div><\/div><\/div>\n","protected":false},"excerpt":{"rendered":"","protected":false},"author":1,"featured_media":0,"parent":16039,"menu_order":0,"comment_status":"closed","ping_status":"closed","template":"page-welcome-guide-category.php","meta":[],"acf":[],"yoast_head":"<!-- This site is optimized with the Yoast SEO plugin v19.12 - https:\/\/yoast.com\/wordpress\/plugins\/seo\/ -->\n<title>Islas Canarias | Cervezas San Miguel | ES<\/title>\n<meta name=\"description\" content=\"Cuando salgas a \u201cpapear\u201d (comer) las famosas \u201cpapas con mojo pic\u00f3n\u201d, recuerda que, con la mejor cerveza espa\u00f1ola, saben mucho mejor.\" \/>\n<meta name=\"robots\" content=\"index, follow, max-snippet:-1, max-image-preview:large, max-video-preview:-1\" \/>\n<link rel=\"canonical\" href=\"https:\/\/www.sanmiguel.com\/es\/welcome-guide\/islas-canarias\/\" \/>\n<meta property=\"og:locale\" content=\"es_ES\" \/>\n<meta property=\"og:type\" content=\"article\" \/>\n<meta property=\"og:title\" content=\"Islas Canarias | Cervezas San Miguel | ES\" \/>\n<meta property=\"og:description\" content=\"Cuando salgas a \u201cpapear\u201d (comer) las famosas \u201cpapas con mojo pic\u00f3n\u201d, recuerda que, con la mejor cerveza espa\u00f1ola, saben mucho mejor.\" \/>\n<meta property=\"og:url\" content=\"https:\/\/www.sanmiguel.com\/es\/welcome-guide\/islas-canarias\/\" \/>\n<meta property=\"og:site_name\" content=\"Cervezas San Miguel | ES\" \/>\n<meta property=\"article:modified_time\" content=\"2023-07-03T08:26:03+00:00\" \/>\n<meta name=\"twitter:card\" content=\"summary_large_image\" \/>\n<meta name=\"twitter:label1\" content=\"Tiempo de lectura\" \/>\n\t<meta name=\"twitter:data1\" content=\"1 minuto\" \/>\n<script type=\"application\/ld+json\" class=\"yoast-schema-graph\">{\"@context\":\"https:\/\/schema.org\",\"@graph\":[{\"@type\":\"WebPage\",\"@id\":\"https:\/\/www.sanmiguel.com\/es\/welcome-guide\/islas-canarias\/\",\"url\":\"https:\/\/www.sanmiguel.com\/es\/welcome-guide\/islas-canarias\/\",\"name\":\"Islas Canarias | Cervezas San Miguel | ES\",\"isPartOf\":{\"@id\":\"https:\/\/www.sanmiguel.com\/es\/#website\"},\"datePublished\":\"2023-06-27T11:44:08+00:00\",\"dateModified\":\"2023-07-03T08:26:03+00:00\",\"description\":\"Cuando salgas a \u201cpapear\u201d (comer) las famosas \u201cpapas con mojo pic\u00f3n\u201d, recuerda que, con la mejor cerveza espa\u00f1ola, saben mucho mejor.\",\"breadcrumb\":{\"@id\":\"https:\/\/www.sanmiguel.com\/es\/welcome-guide\/islas-canarias\/#breadcrumb\"},\"inLanguage\":\"es\",\"potentialAction\":[{\"@type\":\"ReadAction\",\"target\":[\"https:\/\/www.sanmiguel.com\/es\/welcome-guide\/islas-canarias\/\"]}]},{\"@type\":\"BreadcrumbList\",\"@id\":\"https:\/\/www.sanmiguel.com\/es\/welcome-guide\/islas-canarias\/#breadcrumb\",\"itemListElement\":[{\"@type\":\"ListItem\",\"position\":1,\"name\":\"Portada\",\"item\":\"https:\/\/www.sanmiguel.com\/es\/\"},{\"@type\":\"ListItem\",\"position\":2,\"name\":\"Welcome Guide\",\"item\":\"https:\/\/www.sanmiguel.com\/es\/welcome-guide\/\"},{\"@type\":\"ListItem\",\"position\":3,\"name\":\"Islas Canarias\"}]},{\"@type\":\"WebSite\",\"@id\":\"https:\/\/www.sanmiguel.com\/es\/#website\",\"url\":\"https:\/\/www.sanmiguel.com\/es\/\",\"name\":\"Cervezas San Miguel | ES\",\"description\":\"Bienvenidos Cerveceros Inquietos\",\"publisher\":{\"@id\":\"https:\/\/www.sanmiguel.com\/es\/#organization\"},\"potentialAction\":[{\"@type\":\"SearchAction\",\"target\":{\"@type\":\"EntryPoint\",\"urlTemplate\":\"https:\/\/www.sanmiguel.com\/es\/?s={search_term_string}\"},\"query-input\":\"required name=search_term_string\"}],\"inLanguage\":\"es\"},{\"@type\":\"Organization\",\"@id\":\"https:\/\/www.sanmiguel.com\/es\/#organization\",\"name\":\"Cervezas San Miguel\",\"url\":\"https:\/\/www.sanmiguel.com\/es\/\",\"logo\":{\"@type\":\"ImageObject\",\"inLanguage\":\"es\",\"@id\":\"https:\/\/www.sanmiguel.com\/es\/#\/schema\/logo\/image\/\",\"url\":\"https:\/\/www.sanmiguel.com\/es\/wp-content\/uploads\/sites\/2\/2022\/06\/cervezas-san-miguel-logo.jpg\",\"contentUrl\":\"https:\/\/www.sanmiguel.com\/es\/wp-content\/uploads\/sites\/2\/2022\/06\/cervezas-san-miguel-logo.jpg\",\"width\":400,\"height\":400,\"caption\":\"Cervezas San Miguel\"},\"image\":{\"@id\":\"https:\/\/www.sanmiguel.com\/es\/#\/schema\/logo\/image\/\"}}]}<\/script>\n<!-- \/ Yoast SEO plugin. -->","yoast_head_json":{"title":"Islas Canarias | Cervezas San Miguel | ES","description":"Cuando salgas a \u201cpapear\u201d (comer) las famosas \u201cpapas con mojo pic\u00f3n\u201d, recuerda que, con la mejor cerveza espa\u00f1ola, saben mucho mejor.","robots":{"index":"index","follow":"follow","max-snippet":"max-snippet:-1","max-image-preview":"max-image-preview:large","max-video-preview":"max-video-preview:-1"},"canonical":"https:\/\/www.sanmiguel.com\/es\/welcome-guide\/islas-canarias\/","og_locale":"es_ES","og_type":"article","og_title":"Islas Canarias | Cervezas San Miguel | ES","og_description":"Cuando salgas a \u201cpapear\u201d (comer) las famosas \u201cpapas con mojo pic\u00f3n\u201d, recuerda que, con la mejor cerveza espa\u00f1ola, saben mucho mejor.","og_url":"https:\/\/www.sanmiguel.com\/es\/welcome-guide\/islas-canarias\/","og_site_name":"Cervezas San Miguel | ES","article_modified_time":"2023-07-03T08:26:03+00:00","twitter_card":"summary_large_image","twitter_misc":{"Tiempo de lectura":"1 minuto"},"schema":{"@context":"https:\/\/schema.org","@graph":[{"@type":"WebPage","@id":"https:\/\/www.sanmiguel.com\/es\/welcome-guide\/islas-canarias\/","url":"https:\/\/www.sanmiguel.com\/es\/welcome-guide\/islas-canarias\/","name":"Islas Canarias | Cervezas San Miguel | ES","isPartOf":{"@id":"https:\/\/www.sanmiguel.com\/es\/#website"},"datePublished":"2023-06-27T11:44:08+00:00","dateModified":"2023-07-03T08:26:03+00:00","description":"Cuando salgas a \u201cpapear\u201d (comer) las famosas \u201cpapas con mojo pic\u00f3n\u201d, recuerda que, con la mejor cerveza espa\u00f1ola, saben mucho mejor.","breadcrumb":{"@id":"https:\/\/www.sanmiguel.com\/es\/welcome-guide\/islas-canarias\/#breadcrumb"},"inLanguage":"es","potentialAction":[{"@type":"ReadAction","target":["https:\/\/www.sanmiguel.com\/es\/welcome-guide\/islas-canarias\/"]}]},{"@type":"BreadcrumbList","@id":"https:\/\/www.sanmiguel.com\/es\/welcome-guide\/islas-canarias\/#breadcrumb","itemListElement":[{"@type":"ListItem","position":1,"name":"Portada","item":"https:\/\/www.sanmiguel.com\/es\/"},{"@type":"ListItem","position":2,"name":"Welcome Guide","item":"https:\/\/www.sanmiguel.com\/es\/welcome-guide\/"},{"@type":"ListItem","position":3,"name":"Islas Canarias"}]},{"@type":"WebSite","@id":"https:\/\/www.sanmiguel.com\/es\/#website","url":"https:\/\/www.sanmiguel.com\/es\/","name":"Cervezas San Miguel | ES","description":"Bienvenidos Cerveceros Inquietos","publisher":{"@id":"https:\/\/www.sanmiguel.com\/es\/#organization"},"potentialAction":[{"@type":"SearchAction","target":{"@type":"EntryPoint","urlTemplate":"https:\/\/www.sanmiguel.com\/es\/?s={search_term_string}"},"query-input":"required name=search_term_string"}],"inLanguage":"es"},{"@type":"Organization","@id":"https:\/\/www.sanmiguel.com\/es\/#organization","name":"Cervezas San Miguel","url":"https:\/\/www.sanmiguel.com\/es\/","logo":{"@type":"ImageObject","inLanguage":"es","@id":"https:\/\/www.sanmiguel.com\/es\/#\/schema\/logo\/image\/","url":"https:\/\/www.sanmiguel.com\/es\/wp-content\/uploads\/sites\/2\/2022\/06\/cervezas-san-miguel-logo.jpg","contentUrl":"https:\/\/www.sanmiguel.com\/es\/wp-content\/uploads\/sites\/2\/2022\/06\/cervezas-san-miguel-logo.jpg","width":400,"height":400,"caption":"Cervezas San Miguel"},"image":{"@id":"https:\/\/www.sanmiguel.com\/es\/#\/schema\/logo\/image\/"}}]}},"_links":{"self":[{"href":"https:\/\/www.sanmiguel.com\/es\/wp-json\/wp\/v2\/pages\/16157"}],"collection":[{"href":"https:\/\/www.sanmiguel.com\/es\/wp-json\/wp\/v2\/pages"}],"about":[{"href":"https:\/\/www.sanmiguel.com\/es\/wp-json\/wp\/v2\/types\/page"}],"author":[{"embeddable":true,"href":"https:\/\/www.sanmiguel.com\/es\/wp-json\/wp\/v2\/users\/1"}],"replies":[{"embeddable":true,"href":"https:\/\/www.sanmiguel.com\/es\/wp-json\/wp\/v2\/comments?post=16157"}],"version-history":[{"count":7,"href":"https:\/\/www.sanmiguel.com\/es\/wp-json\/wp\/v2\/pages\/16157\/revisions"}],"predecessor-version":[{"id":16341,"href":"https:\/\/www.sanmiguel.com\/es\/wp-json\/wp\/v2\/pages\/16157\/revisions\/16341"}],"up":[{"embeddable":true,"href":"https:\/\/www.sanmiguel.com\/es\/wp-json\/wp\/v2\/pages\/16039"}],"wp:attachment":[{"href":"https:\/\/www.sanmiguel.com\/es\/wp-json\/wp\/v2\/media?parent=16157"}],"curies":[{"name":"wp","href":"https:\/\/api.w.org\/{rel}","templated":true}]}}