{"id":11361,"date":"2023-01-12T08:55:52","date_gmt":"2023-01-12T08:55:52","guid":{"rendered":"https:\/\/www.sanmiguel.com\/es\/?page_id=11361"},"modified":"2023-01-27T08:55:57","modified_gmt":"2023-01-27T08:55:57","slug":"experiencias-la-rosaleda","status":"publish","type":"page","link":"https:\/\/www.sanmiguel.com\/es\/ocio\/futbol\/malaga-cf\/experiencias-la-rosaleda\/","title":{"rendered":"Experiencias La Rosaleda"},"content":{"rendered":"\n<style> \n#hero:not(:nth-of-type(1)) .hero-slide .hero--contenido .hero--titulo {\n font-size: 20px;\n  line-height: 21px;\n}\n@media screen and (min-width: 360px) {\n#hero:not(:nth-of-type(1)) .hero-slide .hero--contenido .hero--titulo {\nfont-size: calc(20px + 22 * ((100vw - 360px)\/ 1640));\nline-height: calc(21px + 25 * ((100vw - 360px)\/ 1640));\n}\n}\n<\/style>\n\n\n\r\n  <div class=\"bloque-titulo  \">\n    <div class=\"container-fluid p-0 \">\n      <div class=\"row no-gutters\">\n        <div class=\"bloque-titulo-seccion\">\n          <h2 class=\"titulo\">Experiencias pasadas<\/h2>\n        <\/div>\n      <\/div>\n    <\/div>\n  <\/div>\n\n\n\n  <style>.row.hero-slide-unique {min-height: 80vh;}@media(max-width:578px) {.row.hero-slide-unique {min-height:0;}}<\/style>\n  <div id=\"hero\" class=\"a container-fluid p-0 viewplay \">\n    <div class=\"row no-gutters \">\n      <div class=\"hero-swiper-container swiper-container\">\n        <div class=\"swiper-wrapper\">\n                                  <div class=\"swiper-slide hero-slide style1\">\n                                                <div class=\"hero--img-wrapper imagen1 \">\n                                        <img decoding=\"async\" alt=\"Un penalti en la Rosaleda \" data-fetch=\"1\" class=\"hero--img\" srcset=\"https:\/\/www.sanmiguel.com\/es\/wp-content\/uploads\/sites\/2\/2023\/01\/rosaleda2-412x0-c-default.webp 412w,https:\/\/www.sanmiguel.com\/es\/wp-content\/uploads\/sites\/2\/2023\/01\/rosaleda2-751x0-c-default.webp 751w,https:\/\/www.sanmiguel.com\/es\/wp-content\/uploads\/sites\/2\/2023\/01\/rosaleda2-1536x0-c-default.webp 1536w,https:\/\/www.sanmiguel.com\/es\/wp-content\/uploads\/sites\/2\/2023\/01\/rosaleda2-1920x0-c-default.webp 1920w\" sizes=\"(max-width: 500px) 412px, (min-width: 501px) and (max-width: 1366px) 751px, (min-width: 1367px) 1367px\" src=\"https:\/\/www.sanmiguel.com\/es\/wp-content\/uploads\/sites\/2\/2023\/01\/rosaleda2-1536x0-c-default.webp\" fetchpriority=\"high\" \/>\n                                                                                                  <\/div>\n                                            <div class=\"hero--contenido  verde\"  >\n                \n                \n\n                                                                                                                          <h2 class=\"hero--titulo\" style=\"color:\">Un penalti en la Rosaleda <\/h2>\n                                                                            \n                                  <div class=\"hero--texto\"><p>\u00bfTe imaginas intentar meter gol desde 11 metros delante de toda la afici\u00f3n malaguista? Algunos afortunados lo hicieron realidad en una experiencia \u00fanica. Adem\u00e1s, pudieron disfrutar de unas vistas \u00fanicas del partidazo.<\/p>\n<\/div>\n                \n                \n                <div class=\"hero-buttons\">\n                                                                                              <a href=\"https:\/\/www.sanmiguel.com\/es\/ocio\/futbol\/malaga-cf\/experiencias-la-rosaleda\/un-penalti\/\"  class=\"btn hero--btn\" title=\"VER PENALTIS\">VER PENALTIS<span class=\"icono icon-flecha_btn\"><\/span>\n                    <\/a>\n                                                                  <\/div>\n              <\/div>\n              <style>\n                @media screen and (max-width: 375px) {\n                    .boton2 {\n                       margin-top: 20px;\n                    }\n                }\n                @media screen and (width: 360px) {\n                    .boton2 {\n                       margin-top: 0px;\n                    }\n                }\n                @media screen and (min-width: 769px) and (max-width: 1340px) {\n                    .boton2 {\n                      margin-top: 20px;\n                    }\n                }\n              <\/style>\n                                                              \n                          <\/div>\n                  <\/div>\n        <div class=\"hero-pagination\"><\/div>\n        <div class=\"hero-prev swiper-button-prev\" aria-disabled=\"true\"><\/div>\n        <div class=\"hero-next swiper-button-next\" aria-disabled=\"true\"><\/div>\n      <\/div>\n    <\/div>\n  <\/div>\n<link rel=\"stylesheet\" href=\"\/wp-content\/themes\/sm2020\/assets\/js\/fancybox\/jquery.fancybox.min.css\" type=\"text\/css\" media=\"screen\">\n<script type=\"text\/javascript\" src=\"\/wp-content\/themes\/sm2020\/assets\/js\/fancybox\/jquery.fancybox.min.js\"><\/script>\n","protected":false},"excerpt":{"rendered":"","protected":false},"author":1,"featured_media":0,"parent":912,"menu_order":0,"comment_status":"closed","ping_status":"closed","template":"","meta":{"_acf_changed":false,"inline_featured_image":false,"footnotes":""},"class_list":["post-11361","page","type-page","status-publish","hentry"],"acf":[],"yoast_head":"<!-- This site is optimized with the Yoast SEO plugin v27.4 - https:\/\/yoast.com\/product\/yoast-seo-wordpress\/ -->\n<title>Experiencias en La Rosaleda | San Miguel<\/title>\n<meta name=\"description\" content=\"Descubre las mejores experiencias en La Rosaleda de la mano de San Miguel, marca gol en el c\u00e9sped del estadio.\" \/>\n<meta name=\"robots\" content=\"index, follow, max-snippet:-1, max-image-preview:large, max-video-preview:-1\" \/>\n<link rel=\"canonical\" href=\"https:\/\/www.sanmiguel.com\/es\/ocio\/futbol\/malaga-cf\/experiencias-la-rosaleda\/\" \/>\n<meta property=\"og:locale\" content=\"es_ES\" \/>\n<meta property=\"og:type\" content=\"article\" \/>\n<meta property=\"og:title\" content=\"Experiencias en La Rosaleda | San Miguel\" \/>\n<meta property=\"og:description\" content=\"Descubre las mejores experiencias en La Rosaleda de la mano de San Miguel, marca gol en el c\u00e9sped del estadio.\" \/>\n<meta property=\"og:url\" content=\"https:\/\/www.sanmiguel.com\/es\/ocio\/futbol\/malaga-cf\/experiencias-la-rosaleda\/\" \/>\n<meta property=\"og:site_name\" content=\"Cervezas San Miguel | ES\" \/>\n<meta property=\"article:modified_time\" content=\"2023-01-27T08:55:57+00:00\" \/>\n<meta name=\"twitter:card\" content=\"summary_large_image\" \/>\n<meta name=\"twitter:label1\" content=\"Tiempo de lectura\" \/>\n\t<meta name=\"twitter:data1\" content=\"1 minuto\" \/>\n<script type=\"application\/ld+json\" class=\"yoast-schema-graph\">{\"@context\":\"https:\\\/\\\/schema.org\",\"@graph\":[{\"@type\":\"WebPage\",\"@id\":\"https:\\\/\\\/www.sanmiguel.com\\\/es\\\/ocio\\\/futbol\\\/malaga-cf\\\/experiencias-la-rosaleda\\\/\",\"url\":\"https:\\\/\\\/www.sanmiguel.com\\\/es\\\/ocio\\\/futbol\\\/malaga-cf\\\/experiencias-la-rosaleda\\\/\",\"name\":\"Experiencias en La Rosaleda | San Miguel\",\"isPartOf\":{\"@id\":\"https:\\\/\\\/www.sanmiguel.com\\\/es\\\/#website\"},\"datePublished\":\"2023-01-12T08:55:52+00:00\",\"dateModified\":\"2023-01-27T08:55:57+00:00\",\"description\":\"Descubre las mejores experiencias en La Rosaleda de la mano de San Miguel, marca gol en el c\u00e9sped del estadio.\",\"breadcrumb\":{\"@id\":\"https:\\\/\\\/www.sanmiguel.com\\\/es\\\/ocio\\\/futbol\\\/malaga-cf\\\/experiencias-la-rosaleda\\\/#breadcrumb\"},\"inLanguage\":\"es\",\"potentialAction\":[{\"@type\":\"ReadAction\",\"target\":[\"https:\\\/\\\/www.sanmiguel.com\\\/es\\\/ocio\\\/futbol\\\/malaga-cf\\\/experiencias-la-rosaleda\\\/\"]}]},{\"@type\":\"BreadcrumbList\",\"@id\":\"https:\\\/\\\/www.sanmiguel.com\\\/es\\\/ocio\\\/futbol\\\/malaga-cf\\\/experiencias-la-rosaleda\\\/#breadcrumb\",\"itemListElement\":[{\"@type\":\"ListItem\",\"position\":1,\"name\":\"Portada\",\"item\":\"https:\\\/\\\/www.sanmiguel.com\\\/es\\\/\"},{\"@type\":\"ListItem\",\"position\":2,\"name\":\"Ocio\",\"item\":\"https:\\\/\\\/www.sanmiguel.com\\\/es\\\/ocio\\\/\"},{\"@type\":\"ListItem\",\"position\":3,\"name\":\"Ocio F\u00fatbol\",\"item\":\"https:\\\/\\\/www.sanmiguel.com\\\/es\\\/ocio\\\/futbol\\\/\"},{\"@type\":\"ListItem\",\"position\":4,\"name\":\"M\u00e1laga Club de F\u00fatbol\",\"item\":\"https:\\\/\\\/www.sanmiguel.com\\\/es\\\/ocio\\\/futbol\\\/malaga-cf\\\/\"},{\"@type\":\"ListItem\",\"position\":5,\"name\":\"Experiencias La Rosaleda\"}]},{\"@type\":\"WebSite\",\"@id\":\"https:\\\/\\\/www.sanmiguel.com\\\/es\\\/#website\",\"url\":\"https:\\\/\\\/www.sanmiguel.com\\\/es\\\/\",\"name\":\"Cervezas San Miguel | ES\",\"description\":\"Bienvenidos Cerveceros Inquietos\",\"publisher\":{\"@id\":\"https:\\\/\\\/www.sanmiguel.com\\\/es\\\/#organization\"},\"potentialAction\":[{\"@type\":\"SearchAction\",\"target\":{\"@type\":\"EntryPoint\",\"urlTemplate\":\"https:\\\/\\\/www.sanmiguel.com\\\/es\\\/?s={search_term_string}\"},\"query-input\":{\"@type\":\"PropertyValueSpecification\",\"valueRequired\":true,\"valueName\":\"search_term_string\"}}],\"inLanguage\":\"es\"},{\"@type\":\"Organization\",\"@id\":\"https:\\\/\\\/www.sanmiguel.com\\\/es\\\/#organization\",\"name\":\"Cervezas San Miguel\",\"url\":\"https:\\\/\\\/www.sanmiguel.com\\\/es\\\/\",\"logo\":{\"@type\":\"ImageObject\",\"inLanguage\":\"es\",\"@id\":\"https:\\\/\\\/www.sanmiguel.com\\\/es\\\/#\\\/schema\\\/logo\\\/image\\\/\",\"url\":\"https:\\\/\\\/www.sanmiguel.com\\\/es\\\/wp-content\\\/uploads\\\/sites\\\/2\\\/2022\\\/06\\\/cervezas-san-miguel-logo.jpg\",\"contentUrl\":\"https:\\\/\\\/www.sanmiguel.com\\\/es\\\/wp-content\\\/uploads\\\/sites\\\/2\\\/2022\\\/06\\\/cervezas-san-miguel-logo.jpg\",\"width\":400,\"height\":400,\"caption\":\"Cervezas San Miguel\"},\"image\":{\"@id\":\"https:\\\/\\\/www.sanmiguel.com\\\/es\\\/#\\\/schema\\\/logo\\\/image\\\/\"}}]}<\/script>\n<!-- \/ Yoast SEO plugin. -->","yoast_head_json":{"title":"Experiencias en La Rosaleda | San Miguel","description":"Descubre las mejores experiencias en La Rosaleda de la mano de San Miguel, marca gol en el c\u00e9sped del estadio.","robots":{"index":"index","follow":"follow","max-snippet":"max-snippet:-1","max-image-preview":"max-image-preview:large","max-video-preview":"max-video-preview:-1"},"canonical":"https:\/\/www.sanmiguel.com\/es\/ocio\/futbol\/malaga-cf\/experiencias-la-rosaleda\/","og_locale":"es_ES","og_type":"article","og_title":"Experiencias en La Rosaleda | San Miguel","og_description":"Descubre las mejores experiencias en La Rosaleda de la mano de San Miguel, marca gol en el c\u00e9sped del estadio.","og_url":"https:\/\/www.sanmiguel.com\/es\/ocio\/futbol\/malaga-cf\/experiencias-la-rosaleda\/","og_site_name":"Cervezas San Miguel | ES","article_modified_time":"2023-01-27T08:55:57+00:00","twitter_card":"summary_large_image","twitter_misc":{"Tiempo de lectura":"1 minuto"},"schema":{"@context":"https:\/\/schema.org","@graph":[{"@type":"WebPage","@id":"https:\/\/www.sanmiguel.com\/es\/ocio\/futbol\/malaga-cf\/experiencias-la-rosaleda\/","url":"https:\/\/www.sanmiguel.com\/es\/ocio\/futbol\/malaga-cf\/experiencias-la-rosaleda\/","name":"Experiencias en La Rosaleda | San Miguel","isPartOf":{"@id":"https:\/\/www.sanmiguel.com\/es\/#website"},"datePublished":"2023-01-12T08:55:52+00:00","dateModified":"2023-01-27T08:55:57+00:00","description":"Descubre las mejores experiencias en La Rosaleda de la mano de San Miguel, marca gol en el c\u00e9sped del estadio.","breadcrumb":{"@id":"https:\/\/www.sanmiguel.com\/es\/ocio\/futbol\/malaga-cf\/experiencias-la-rosaleda\/#breadcrumb"},"inLanguage":"es","potentialAction":[{"@type":"ReadAction","target":["https:\/\/www.sanmiguel.com\/es\/ocio\/futbol\/malaga-cf\/experiencias-la-rosaleda\/"]}]},{"@type":"BreadcrumbList","@id":"https:\/\/www.sanmiguel.com\/es\/ocio\/futbol\/malaga-cf\/experiencias-la-rosaleda\/#breadcrumb","itemListElement":[{"@type":"ListItem","position":1,"name":"Portada","item":"https:\/\/www.sanmiguel.com\/es\/"},{"@type":"ListItem","position":2,"name":"Ocio","item":"https:\/\/www.sanmiguel.com\/es\/ocio\/"},{"@type":"ListItem","position":3,"name":"Ocio F\u00fatbol","item":"https:\/\/www.sanmiguel.com\/es\/ocio\/futbol\/"},{"@type":"ListItem","position":4,"name":"M\u00e1laga Club de F\u00fatbol","item":"https:\/\/www.sanmiguel.com\/es\/ocio\/futbol\/malaga-cf\/"},{"@type":"ListItem","position":5,"name":"Experiencias La Rosaleda"}]},{"@type":"WebSite","@id":"https:\/\/www.sanmiguel.com\/es\/#website","url":"https:\/\/www.sanmiguel.com\/es\/","name":"Cervezas San Miguel | ES","description":"Bienvenidos Cerveceros Inquietos","publisher":{"@id":"https:\/\/www.sanmiguel.com\/es\/#organization"},"potentialAction":[{"@type":"SearchAction","target":{"@type":"EntryPoint","urlTemplate":"https:\/\/www.sanmiguel.com\/es\/?s={search_term_string}"},"query-input":{"@type":"PropertyValueSpecification","valueRequired":true,"valueName":"search_term_string"}}],"inLanguage":"es"},{"@type":"Organization","@id":"https:\/\/www.sanmiguel.com\/es\/#organization","name":"Cervezas San Miguel","url":"https:\/\/www.sanmiguel.com\/es\/","logo":{"@type":"ImageObject","inLanguage":"es","@id":"https:\/\/www.sanmiguel.com\/es\/#\/schema\/logo\/image\/","url":"https:\/\/www.sanmiguel.com\/es\/wp-content\/uploads\/sites\/2\/2022\/06\/cervezas-san-miguel-logo.jpg","contentUrl":"https:\/\/www.sanmiguel.com\/es\/wp-content\/uploads\/sites\/2\/2022\/06\/cervezas-san-miguel-logo.jpg","width":400,"height":400,"caption":"Cervezas San Miguel"},"image":{"@id":"https:\/\/www.sanmiguel.com\/es\/#\/schema\/logo\/image\/"}}]}},"_links":{"self":[{"href":"https:\/\/www.sanmiguel.com\/es\/wp-json\/wp\/v2\/pages\/11361","targetHints":{"allow":["GET"]}}],"collection":[{"href":"https:\/\/www.sanmiguel.com\/es\/wp-json\/wp\/v2\/pages"}],"about":[{"href":"https:\/\/www.sanmiguel.com\/es\/wp-json\/wp\/v2\/types\/page"}],"author":[{"embeddable":true,"href":"https:\/\/www.sanmiguel.com\/es\/wp-json\/wp\/v2\/users\/1"}],"replies":[{"embeddable":true,"href":"https:\/\/www.sanmiguel.com\/es\/wp-json\/wp\/v2\/comments?post=11361"}],"version-history":[{"count":18,"href":"https:\/\/www.sanmiguel.com\/es\/wp-json\/wp\/v2\/pages\/11361\/revisions"}],"predecessor-version":[{"id":11498,"href":"https:\/\/www.sanmiguel.com\/es\/wp-json\/wp\/v2\/pages\/11361\/revisions\/11498"}],"up":[{"embeddable":true,"href":"https:\/\/www.sanmiguel.com\/es\/wp-json\/wp\/v2\/pages\/912"}],"wp:attachment":[{"href":"https:\/\/www.sanmiguel.com\/es\/wp-json\/wp\/v2\/media?parent=11361"}],"curies":[{"name":"wp","href":"https:\/\/api.w.org\/{rel}","templated":true}]}}