{"id":10911,"date":"2022-11-24T13:35:45","date_gmt":"2022-11-24T13:35:45","guid":{"rendered":"https:\/\/www.sanmiguel.com\/es\/?page_id=10911"},"modified":"2023-12-13T16:09:25","modified_gmt":"2023-12-13T16:09:25","slug":"el-partido-de-tu-vida-en-el-sadar","status":"publish","type":"page","link":"https:\/\/www.sanmiguel.com\/es\/ocio\/futbol\/osasuna\/experiencias-el-sadar\/el-partido-de-tu-vida-en-el-sadar\/","title":{"rendered":"El partido de tu vida en El Sadar"},"content":{"rendered":"\n<div id=\"elpartidodetuvida\"><\/div>\n\n\n<div id=\"bloque-noticias\"class=\"container-fluid p-0\">\n            <div class=\"row no-gutters\">\n            <div class=\"bloque-noticias--titulo\">\n                <h2 class=\"titulo\">Escribe el nombre de tu equipo<\/h2>\n            <\/div>\n            <div class=\"bloque-noticias--filter\">\n                <input type=\"text\" onkeyup=\"getFilter(this)\" \/>\n                <script>\n                    $(function(){\n                        $(\".articles-filter .noticia\").each(function(item, idx) {\n                            if ($(this).index() >= 6) $(this).hide();\n                        });\n                    })\n                    function getFilter(sender) {\n                        if (sender.value) $(\".btn-more\").hide();\n                        $(\".articles-filter .noticia\").each(function() {\n                            if (!sender.value || $(this).find(\".noticia__info-titulo\").html().toLowerCase().includes(sender.value.toLowerCase())) $(this).show();\n                            else $(this).hide();\n                        });\n                    }\n                    function showMore() {\n                        $(\".btn-more\").hide();\n                        $(\".articles-filter .noticia\").show();\n                        return false;\n                    }\n                <\/script>\n            <\/div>\n        <\/div>\n    \n    <div class=\"row no-gutters\">\n        <div class=\"\">\n            <div id=\"articles\" class=\"listado-noticias-wrapper articles articles-filter\">\n                 \n                    <article class=\"noticia\">\n                        <a class=\"noticia__image-link\" href=\"https:\/\/www.sanmiguel.com\/es\/ocio\/futbol\/osasuna\/experiencias-el-sadar\/ambiente-y-tercer-tiempo\/\" title=\"Ambiente y tercer tiempo\">\n                            <img decoding=\"async\" class=\"noticia__image\" src=\"https:\/\/www.sanmiguel.com\/es\/wp-content\/uploads\/sites\/2\/2022\/06\/partido_sadar3-1-500x0-c-default.jpg\" alt=\"\">\n                        <\/a>\n                        <div class=\"noticia__info\">\n                                                        <a href=\"https:\/\/www.sanmiguel.com\/es\/ocio\/futbol\/osasuna\/experiencias-el-sadar\/ambiente-y-tercer-tiempo\/\" title=\"Ambiente y tercer tiempo\">\n                                <h3 class=\"noticia__info-titulo\">Ambiente y tercer tiempo<\/h3>\n                            <\/a>\n                            <p class=\"noticia__info-texto\"><\/p>\n                                                    <\/div>\n                    <\/article>\n                 \n                    <article class=\"noticia\">\n                        <a class=\"noticia__image-link\" href=\"https:\/\/www.sanmiguel.com\/es\/ocio\/futbol\/osasuna\/experiencias-el-sadar\/armata-rossa-vs-athletic-san-miguel\/\" title=\"Armata Rossa!! vs Athletic San Miguel\">\n                            <img decoding=\"async\" class=\"noticia__image\" src=\"https:\/\/www.sanmiguel.com\/es\/wp-content\/uploads\/sites\/2\/2022\/06\/SanMiguel_fot_2_EG8A5426-500x0-c-default.jpg\" alt=\"sadar partido san miguel\">\n                        <\/a>\n                        <div class=\"noticia__info\">\n                                                        <a href=\"https:\/\/www.sanmiguel.com\/es\/ocio\/futbol\/osasuna\/experiencias-el-sadar\/armata-rossa-vs-athletic-san-miguel\/\" title=\"Armata Rossa!! vs Athletic San Miguel\">\n                                <h3 class=\"noticia__info-titulo\">Armata Rossa!! vs Athletic San Miguel<\/h3>\n                            <\/a>\n                            <p class=\"noticia__info-texto\"><\/p>\n                                                    <\/div>\n                    <\/article>\n                 \n                    <article class=\"noticia\">\n                        <a class=\"noticia__image-link\" href=\"https:\/\/www.sanmiguel.com\/es\/ocio\/futbol\/osasuna\/experiencias-el-sadar\/belagua-vs-meigas\/\" title=\"Belagua vs Meigas\">\n                            <img decoding=\"async\" class=\"noticia__image\" src=\"https:\/\/www.sanmiguel.com\/es\/wp-content\/uploads\/sites\/2\/2022\/06\/SanMiguel_fot_1__MG_2006-500x0-c-default.jpg\" alt=\"sadar partido san miguel\">\n                        <\/a>\n                        <div class=\"noticia__info\">\n                                                        <a href=\"https:\/\/www.sanmiguel.com\/es\/ocio\/futbol\/osasuna\/experiencias-el-sadar\/belagua-vs-meigas\/\" title=\"Belagua vs Meigas\">\n                                <h3 class=\"noticia__info-titulo\">Belagua vs Meigas<\/h3>\n                            <\/a>\n                            <p class=\"noticia__info-texto\"><\/p>\n                                                    <\/div>\n                    <\/article>\n                 \n                    <article class=\"noticia\">\n                        <a class=\"noticia__image-link\" href=\"https:\/\/www.sanmiguel.com\/es\/ocio\/futbol\/osasuna\/experiencias-el-sadar\/casa-albero-vs-cantaclaro-fc\/\" title=\"Casa Albero vs Cantaclaro FC\">\n                            <img decoding=\"async\" class=\"noticia__image\" src=\"https:\/\/www.sanmiguel.com\/es\/wp-content\/uploads\/sites\/2\/2022\/06\/SanMiguel_fot_2_EG8A5930-500x0-c-default.jpg\" alt=\"sadar partido san miguel\">\n                        <\/a>\n                        <div class=\"noticia__info\">\n                                                        <a href=\"https:\/\/www.sanmiguel.com\/es\/ocio\/futbol\/osasuna\/experiencias-el-sadar\/casa-albero-vs-cantaclaro-fc\/\" title=\"Casa Albero vs Cantaclaro FC\">\n                                <h3 class=\"noticia__info-titulo\">Casa Albero vs Cantaclaro FC<\/h3>\n                            <\/a>\n                            <p class=\"noticia__info-texto\"><\/p>\n                                                    <\/div>\n                    <\/article>\n                 \n                    <article class=\"noticia\">\n                        <a class=\"noticia__image-link\" href=\"https:\/\/www.sanmiguel.com\/es\/ocio\/futbol\/osasuna\/experiencias-el-sadar\/elomendi-vs-cervino\/\" title=\"Elomendi vs. Cervino\">\n                            <img decoding=\"async\" class=\"noticia__image\" src=\"https:\/\/www.sanmiguel.com\/es\/wp-content\/uploads\/sites\/2\/2022\/06\/SanMiguel_fot_1__MG_1548-500x0-c-default.jpg\" alt=\"sadar partido san miguel\">\n                        <\/a>\n                        <div class=\"noticia__info\">\n                                                        <a href=\"https:\/\/www.sanmiguel.com\/es\/ocio\/futbol\/osasuna\/experiencias-el-sadar\/elomendi-vs-cervino\/\" title=\"Elomendi vs. Cervino\">\n                                <h3 class=\"noticia__info-titulo\">Elomendi vs. Cervino<\/h3>\n                            <\/a>\n                            <p class=\"noticia__info-texto\"><\/p>\n                                                    <\/div>\n                    <\/article>\n                 \n                    <article class=\"noticia\">\n                        <a class=\"noticia__image-link\" href=\"https:\/\/www.sanmiguel.com\/es\/ocio\/futbol\/osasuna\/experiencias-el-sadar\/nino-melon-vs-almazan-beers\/\" title=\"Ni\u00f1o Melon vs. Almazan Beers\">\n                            <img decoding=\"async\" class=\"noticia__image\" src=\"https:\/\/www.sanmiguel.com\/es\/wp-content\/uploads\/sites\/2\/2022\/06\/SanMiguel_fot_1__MG_3540-500x0-c-default.jpg\" alt=\"\">\n                        <\/a>\n                        <div class=\"noticia__info\">\n                                                        <a href=\"https:\/\/www.sanmiguel.com\/es\/ocio\/futbol\/osasuna\/experiencias-el-sadar\/nino-melon-vs-almazan-beers\/\" title=\"Ni\u00f1o Melon vs. Almazan Beers\">\n                                <h3 class=\"noticia__info-titulo\">Ni\u00f1o Melon vs. Almazan Beers<\/h3>\n                            <\/a>\n                            <p class=\"noticia__info-texto\"><\/p>\n                                                    <\/div>\n                    <\/article>\n                 \n                    <article class=\"noticia\">\n                        <a class=\"noticia__image-link\" href=\"https:\/\/www.sanmiguel.com\/es\/ocio\/futbol\/osasuna\/experiencias-el-sadar\/magna-vs-selecta\/\" title=\"Magna vs. Selecta\">\n                            <img decoding=\"async\" class=\"noticia__image\" src=\"https:\/\/www.sanmiguel.com\/es\/wp-content\/uploads\/sites\/2\/2022\/06\/SanMiguel_fot_1__MG_2668-500x0-c-default.jpg\" alt=\"Magna vs selecta\">\n                        <\/a>\n                        <div class=\"noticia__info\">\n                                                        <a href=\"https:\/\/www.sanmiguel.com\/es\/ocio\/futbol\/osasuna\/experiencias-el-sadar\/magna-vs-selecta\/\" title=\"Magna vs. Selecta\">\n                                <h3 class=\"noticia__info-titulo\">Magna vs. Selecta<\/h3>\n                            <\/a>\n                            <p class=\"noticia__info-texto\"><\/p>\n                                                    <\/div>\n                    <\/article>\n                 \n                    <article class=\"noticia\">\n                        <a class=\"noticia__image-link\" href=\"https:\/\/www.sanmiguel.com\/es\/ocio\/futbol\/osasuna\/experiencias-el-sadar\/diario-de-navarra-vs-no-cuerdos\/\" title=\"Diario de Navarra vs. No Cuerdos\">\n                            <img decoding=\"async\" class=\"noticia__image\" src=\"https:\/\/www.sanmiguel.com\/es\/wp-content\/uploads\/sites\/2\/2022\/06\/SanMiguel_fot_1__MG_3886-500x0-c-default.jpg\" alt=\"Diario de Navarra vs. No Cuerdos\">\n                        <\/a>\n                        <div class=\"noticia__info\">\n                                                        <a href=\"https:\/\/www.sanmiguel.com\/es\/ocio\/futbol\/osasuna\/experiencias-el-sadar\/diario-de-navarra-vs-no-cuerdos\/\" title=\"Diario de Navarra vs. No Cuerdos\">\n                                <h3 class=\"noticia__info-titulo\">Diario de Navarra vs. No Cuerdos<\/h3>\n                            <\/a>\n                            <p class=\"noticia__info-texto\"><\/p>\n                                                    <\/div>\n                    <\/article>\n                 \n                    <article class=\"noticia\">\n                        <a class=\"noticia__image-link\" href=\"https:\/\/www.sanmiguel.com\/es\/ocio\/futbol\/osasuna\/experiencias-el-sadar\/pizkerra-1-vs-pizkerra-2\/\" title=\"Pizkerra 1 vs. Pizkerra 2\">\n                            <img decoding=\"async\" class=\"noticia__image\" src=\"https:\/\/www.sanmiguel.com\/es\/wp-content\/uploads\/sites\/2\/2022\/06\/SanMiguel_fot_1__MG_4187-500x0-c-default.jpg\" alt=\"\">\n                        <\/a>\n                        <div class=\"noticia__info\">\n                                                        <a href=\"https:\/\/www.sanmiguel.com\/es\/ocio\/futbol\/osasuna\/experiencias-el-sadar\/pizkerra-1-vs-pizkerra-2\/\" title=\"Pizkerra 1 vs. Pizkerra 2\">\n                                <h3 class=\"noticia__info-titulo\">Pizkerra 1 vs. Pizkerra 2<\/h3>\n                            <\/a>\n                            <p class=\"noticia__info-texto\"><\/p>\n                                                    <\/div>\n                    <\/article>\n                 \n                    <article class=\"noticia\">\n                        <a class=\"noticia__image-link\" href=\"https:\/\/www.sanmiguel.com\/es\/ocio\/futbol\/osasuna\/experiencias-el-sadar\/dibenor-vs-tajonar\/\" title=\"Dibenor vs. Tajonar\">\n                            <img decoding=\"async\" class=\"noticia__image\" src=\"https:\/\/www.sanmiguel.com\/es\/wp-content\/uploads\/sites\/2\/2022\/06\/SanMiguel_fot_2_EG8A5229-500x0-c-default.jpg\" alt=\"Dibenor vs. Tajonar\">\n                        <\/a>\n                        <div class=\"noticia__info\">\n                                                        <a href=\"https:\/\/www.sanmiguel.com\/es\/ocio\/futbol\/osasuna\/experiencias-el-sadar\/dibenor-vs-tajonar\/\" title=\"Dibenor vs. Tajonar\">\n                                <h3 class=\"noticia__info-titulo\">Dibenor vs. Tajonar<\/h3>\n                            <\/a>\n                            <p class=\"noticia__info-texto\"><\/p>\n                                                    <\/div>\n                    <\/article>\n                 \n                    <article class=\"noticia\">\n                        <a class=\"noticia__image-link\" href=\"https:\/\/www.sanmiguel.com\/es\/ocio\/futbol\/osasuna\/experiencias-el-sadar\/el-sadar-vs-osasuna\/\" title=\"El Sadar vs. Osasuna\">\n                            <img decoding=\"async\" class=\"noticia__image\" src=\"https:\/\/www.sanmiguel.com\/es\/wp-content\/uploads\/sites\/2\/2022\/06\/SanMiguel_fot_2_EG8A5573-500x0-c-default.jpg\" alt=\"El Sadar vs. Osasuna\">\n                        <\/a>\n                        <div class=\"noticia__info\">\n                                                        <a href=\"https:\/\/www.sanmiguel.com\/es\/ocio\/futbol\/osasuna\/experiencias-el-sadar\/el-sadar-vs-osasuna\/\" title=\"El Sadar vs. Osasuna\">\n                                <h3 class=\"noticia__info-titulo\">El Sadar vs. Osasuna<\/h3>\n                            <\/a>\n                            <p class=\"noticia__info-texto\"><\/p>\n                                                    <\/div>\n                    <\/article>\n                 \n                    <article class=\"noticia\">\n                        <a class=\"noticia__image-link\" href=\"https:\/\/www.sanmiguel.com\/es\/ocio\/futbol\/osasuna\/experiencias-el-sadar\/chupinazo-vs-la-traba-co\/\" title=\"Chupinazo vs. La Traba &#038; Co\">\n                            <img decoding=\"async\" class=\"noticia__image\" src=\"https:\/\/www.sanmiguel.com\/es\/wp-content\/uploads\/sites\/2\/2022\/06\/SanMiguel_fot_2_EG8A5775-500x0-c-default.jpg\" alt=\"Chupinazo vs. La Traba &#038; Co\">\n                        <\/a>\n                        <div class=\"noticia__info\">\n                                                        <a href=\"https:\/\/www.sanmiguel.com\/es\/ocio\/futbol\/osasuna\/experiencias-el-sadar\/chupinazo-vs-la-traba-co\/\" title=\"Chupinazo vs. La Traba &#038; Co\">\n                                <h3 class=\"noticia__info-titulo\">Chupinazo vs. La Traba &#038; Co<\/h3>\n                            <\/a>\n                            <p class=\"noticia__info-texto\"><\/p>\n                                                    <\/div>\n                    <\/article>\n                 \n                    <article class=\"noticia\">\n                        <a class=\"noticia__image-link\" href=\"https:\/\/www.sanmiguel.com\/es\/ocio\/futbol\/osasuna\/experiencias-el-sadar\/gares-vs-muniain\/\" title=\"Gares vs. Muniain\">\n                            <img decoding=\"async\" class=\"noticia__image\" src=\"https:\/\/www.sanmiguel.com\/es\/wp-content\/uploads\/sites\/2\/2022\/06\/SanMiguel_fot_2_EG8A6128-500x0-c-default.jpg\" alt=\"Gares vs. Muniain\">\n                        <\/a>\n                        <div class=\"noticia__info\">\n                                                        <a href=\"https:\/\/www.sanmiguel.com\/es\/ocio\/futbol\/osasuna\/experiencias-el-sadar\/gares-vs-muniain\/\" title=\"Gares vs. Muniain\">\n                                <h3 class=\"noticia__info-titulo\">Gares vs. Muniain<\/h3>\n                            <\/a>\n                            <p class=\"noticia__info-texto\"><\/p>\n                                                    <\/div>\n                    <\/article>\n                            <\/div>\n                            <center><a href=\"#\" class=\"btn btn-verde btn-more\" onclick=\"return showMore()\" title=\"Mostrar m\u00e1s\">Mostrar m\u00e1s<\/a><\/center>\n                    <\/div>\n    <\/div>\n\n    \n<\/div>","protected":false},"excerpt":{"rendered":"","protected":false},"author":1,"featured_media":0,"parent":8267,"menu_order":0,"comment_status":"closed","ping_status":"closed","template":"","meta":{"_acf_changed":false,"inline_featured_image":false,"footnotes":""},"class_list":["post-10911","page","type-page","status-publish","hentry"],"acf":[],"yoast_head":"<!-- This site is optimized with the Yoast SEO plugin v27.4 - https:\/\/yoast.com\/product\/yoast-seo-wordpress\/ -->\n<title>Partido de tu vida en El Sadar | Cervezas San Miguel | ES<\/title>\n<meta name=\"description\" content=\"Vive el partido de tu vida en el Sadar con nuestras experiencias \u00fanicas. Disfruta del f\u00fatbol en su m\u00e1ximo esplendor. \u00a1Desc\u00fabrelas ahora!\" \/>\n<meta name=\"robots\" content=\"index, follow, max-snippet:-1, max-image-preview:large, max-video-preview:-1\" \/>\n<link rel=\"canonical\" href=\"https:\/\/www.sanmiguel.com\/es\/ocio\/futbol\/osasuna\/experiencias-el-sadar\/el-partido-de-tu-vida-en-el-sadar\/\" \/>\n<meta property=\"og:locale\" content=\"es_ES\" \/>\n<meta property=\"og:type\" content=\"article\" \/>\n<meta property=\"og:title\" content=\"Partido de tu vida en El Sadar | Cervezas San Miguel | ES\" \/>\n<meta property=\"og:description\" content=\"Vive el partido de tu vida en el Sadar con nuestras experiencias \u00fanicas. Disfruta del f\u00fatbol en su m\u00e1ximo esplendor. \u00a1Desc\u00fabrelas ahora!\" \/>\n<meta property=\"og:url\" content=\"https:\/\/www.sanmiguel.com\/es\/ocio\/futbol\/osasuna\/experiencias-el-sadar\/el-partido-de-tu-vida-en-el-sadar\/\" \/>\n<meta property=\"og:site_name\" content=\"Cervezas San Miguel | ES\" \/>\n<meta property=\"article:modified_time\" content=\"2023-12-13T16:09:25+00:00\" \/>\n<meta name=\"twitter:card\" content=\"summary_large_image\" \/>\n<script type=\"application\/ld+json\" class=\"yoast-schema-graph\">{\"@context\":\"https:\\\/\\\/schema.org\",\"@graph\":[{\"@type\":\"WebPage\",\"@id\":\"https:\\\/\\\/www.sanmiguel.com\\\/es\\\/ocio\\\/futbol\\\/osasuna\\\/experiencias-el-sadar\\\/el-partido-de-tu-vida-en-el-sadar\\\/\",\"url\":\"https:\\\/\\\/www.sanmiguel.com\\\/es\\\/ocio\\\/futbol\\\/osasuna\\\/experiencias-el-sadar\\\/el-partido-de-tu-vida-en-el-sadar\\\/\",\"name\":\"Partido de tu vida en El Sadar | Cervezas San Miguel | ES\",\"isPartOf\":{\"@id\":\"https:\\\/\\\/www.sanmiguel.com\\\/es\\\/#website\"},\"datePublished\":\"2022-11-24T13:35:45+00:00\",\"dateModified\":\"2023-12-13T16:09:25+00:00\",\"description\":\"Vive el partido de tu vida en el Sadar con nuestras experiencias \u00fanicas. Disfruta del f\u00fatbol en su m\u00e1ximo esplendor. \u00a1Desc\u00fabrelas ahora!\",\"breadcrumb\":{\"@id\":\"https:\\\/\\\/www.sanmiguel.com\\\/es\\\/ocio\\\/futbol\\\/osasuna\\\/experiencias-el-sadar\\\/el-partido-de-tu-vida-en-el-sadar\\\/#breadcrumb\"},\"inLanguage\":\"es\",\"potentialAction\":[{\"@type\":\"ReadAction\",\"target\":[\"https:\\\/\\\/www.sanmiguel.com\\\/es\\\/ocio\\\/futbol\\\/osasuna\\\/experiencias-el-sadar\\\/el-partido-de-tu-vida-en-el-sadar\\\/\"]}]},{\"@type\":\"BreadcrumbList\",\"@id\":\"https:\\\/\\\/www.sanmiguel.com\\\/es\\\/ocio\\\/futbol\\\/osasuna\\\/experiencias-el-sadar\\\/el-partido-de-tu-vida-en-el-sadar\\\/#breadcrumb\",\"itemListElement\":[{\"@type\":\"ListItem\",\"position\":1,\"name\":\"Portada\",\"item\":\"https:\\\/\\\/www.sanmiguel.com\\\/es\\\/\"},{\"@type\":\"ListItem\",\"position\":2,\"name\":\"Ocio\",\"item\":\"https:\\\/\\\/www.sanmiguel.com\\\/es\\\/ocio\\\/\"},{\"@type\":\"ListItem\",\"position\":3,\"name\":\"Ocio F\u00fatbol\",\"item\":\"https:\\\/\\\/www.sanmiguel.com\\\/es\\\/ocio\\\/futbol\\\/\"},{\"@type\":\"ListItem\",\"position\":4,\"name\":\"Club Atl\u00e9tico Osasuna\",\"item\":\"https:\\\/\\\/www.sanmiguel.com\\\/es\\\/ocio\\\/futbol\\\/osasuna\\\/\"},{\"@type\":\"ListItem\",\"position\":5,\"name\":\"Experiencias en El Sadar\",\"item\":\"https:\\\/\\\/www.sanmiguel.com\\\/es\\\/ocio\\\/futbol\\\/osasuna\\\/experiencias-el-sadar\\\/\"},{\"@type\":\"ListItem\",\"position\":6,\"name\":\"El partido de tu vida en El Sadar\"}]},{\"@type\":\"WebSite\",\"@id\":\"https:\\\/\\\/www.sanmiguel.com\\\/es\\\/#website\",\"url\":\"https:\\\/\\\/www.sanmiguel.com\\\/es\\\/\",\"name\":\"Cervezas San Miguel | ES\",\"description\":\"Bienvenidos Cerveceros Inquietos\",\"publisher\":{\"@id\":\"https:\\\/\\\/www.sanmiguel.com\\\/es\\\/#organization\"},\"potentialAction\":[{\"@type\":\"SearchAction\",\"target\":{\"@type\":\"EntryPoint\",\"urlTemplate\":\"https:\\\/\\\/www.sanmiguel.com\\\/es\\\/?s={search_term_string}\"},\"query-input\":{\"@type\":\"PropertyValueSpecification\",\"valueRequired\":true,\"valueName\":\"search_term_string\"}}],\"inLanguage\":\"es\"},{\"@type\":\"Organization\",\"@id\":\"https:\\\/\\\/www.sanmiguel.com\\\/es\\\/#organization\",\"name\":\"Cervezas San Miguel\",\"url\":\"https:\\\/\\\/www.sanmiguel.com\\\/es\\\/\",\"logo\":{\"@type\":\"ImageObject\",\"inLanguage\":\"es\",\"@id\":\"https:\\\/\\\/www.sanmiguel.com\\\/es\\\/#\\\/schema\\\/logo\\\/image\\\/\",\"url\":\"https:\\\/\\\/www.sanmiguel.com\\\/es\\\/wp-content\\\/uploads\\\/sites\\\/2\\\/2022\\\/06\\\/cervezas-san-miguel-logo.jpg\",\"contentUrl\":\"https:\\\/\\\/www.sanmiguel.com\\\/es\\\/wp-content\\\/uploads\\\/sites\\\/2\\\/2022\\\/06\\\/cervezas-san-miguel-logo.jpg\",\"width\":400,\"height\":400,\"caption\":\"Cervezas San Miguel\"},\"image\":{\"@id\":\"https:\\\/\\\/www.sanmiguel.com\\\/es\\\/#\\\/schema\\\/logo\\\/image\\\/\"}}]}<\/script>\n<!-- \/ Yoast SEO plugin. -->","yoast_head_json":{"title":"Partido de tu vida en El Sadar | Cervezas San Miguel | ES","description":"Vive el partido de tu vida en el Sadar con nuestras experiencias \u00fanicas. Disfruta del f\u00fatbol en su m\u00e1ximo esplendor. \u00a1Desc\u00fabrelas ahora!","robots":{"index":"index","follow":"follow","max-snippet":"max-snippet:-1","max-image-preview":"max-image-preview:large","max-video-preview":"max-video-preview:-1"},"canonical":"https:\/\/www.sanmiguel.com\/es\/ocio\/futbol\/osasuna\/experiencias-el-sadar\/el-partido-de-tu-vida-en-el-sadar\/","og_locale":"es_ES","og_type":"article","og_title":"Partido de tu vida en El Sadar | Cervezas San Miguel | ES","og_description":"Vive el partido de tu vida en el Sadar con nuestras experiencias \u00fanicas. Disfruta del f\u00fatbol en su m\u00e1ximo esplendor. \u00a1Desc\u00fabrelas ahora!","og_url":"https:\/\/www.sanmiguel.com\/es\/ocio\/futbol\/osasuna\/experiencias-el-sadar\/el-partido-de-tu-vida-en-el-sadar\/","og_site_name":"Cervezas San Miguel | ES","article_modified_time":"2023-12-13T16:09:25+00:00","twitter_card":"summary_large_image","schema":{"@context":"https:\/\/schema.org","@graph":[{"@type":"WebPage","@id":"https:\/\/www.sanmiguel.com\/es\/ocio\/futbol\/osasuna\/experiencias-el-sadar\/el-partido-de-tu-vida-en-el-sadar\/","url":"https:\/\/www.sanmiguel.com\/es\/ocio\/futbol\/osasuna\/experiencias-el-sadar\/el-partido-de-tu-vida-en-el-sadar\/","name":"Partido de tu vida en El Sadar | Cervezas San Miguel | ES","isPartOf":{"@id":"https:\/\/www.sanmiguel.com\/es\/#website"},"datePublished":"2022-11-24T13:35:45+00:00","dateModified":"2023-12-13T16:09:25+00:00","description":"Vive el partido de tu vida en el Sadar con nuestras experiencias \u00fanicas. Disfruta del f\u00fatbol en su m\u00e1ximo esplendor. \u00a1Desc\u00fabrelas ahora!","breadcrumb":{"@id":"https:\/\/www.sanmiguel.com\/es\/ocio\/futbol\/osasuna\/experiencias-el-sadar\/el-partido-de-tu-vida-en-el-sadar\/#breadcrumb"},"inLanguage":"es","potentialAction":[{"@type":"ReadAction","target":["https:\/\/www.sanmiguel.com\/es\/ocio\/futbol\/osasuna\/experiencias-el-sadar\/el-partido-de-tu-vida-en-el-sadar\/"]}]},{"@type":"BreadcrumbList","@id":"https:\/\/www.sanmiguel.com\/es\/ocio\/futbol\/osasuna\/experiencias-el-sadar\/el-partido-de-tu-vida-en-el-sadar\/#breadcrumb","itemListElement":[{"@type":"ListItem","position":1,"name":"Portada","item":"https:\/\/www.sanmiguel.com\/es\/"},{"@type":"ListItem","position":2,"name":"Ocio","item":"https:\/\/www.sanmiguel.com\/es\/ocio\/"},{"@type":"ListItem","position":3,"name":"Ocio F\u00fatbol","item":"https:\/\/www.sanmiguel.com\/es\/ocio\/futbol\/"},{"@type":"ListItem","position":4,"name":"Club Atl\u00e9tico Osasuna","item":"https:\/\/www.sanmiguel.com\/es\/ocio\/futbol\/osasuna\/"},{"@type":"ListItem","position":5,"name":"Experiencias en El Sadar","item":"https:\/\/www.sanmiguel.com\/es\/ocio\/futbol\/osasuna\/experiencias-el-sadar\/"},{"@type":"ListItem","position":6,"name":"El partido de tu vida en El Sadar"}]},{"@type":"WebSite","@id":"https:\/\/www.sanmiguel.com\/es\/#website","url":"https:\/\/www.sanmiguel.com\/es\/","name":"Cervezas San Miguel | ES","description":"Bienvenidos Cerveceros Inquietos","publisher":{"@id":"https:\/\/www.sanmiguel.com\/es\/#organization"},"potentialAction":[{"@type":"SearchAction","target":{"@type":"EntryPoint","urlTemplate":"https:\/\/www.sanmiguel.com\/es\/?s={search_term_string}"},"query-input":{"@type":"PropertyValueSpecification","valueRequired":true,"valueName":"search_term_string"}}],"inLanguage":"es"},{"@type":"Organization","@id":"https:\/\/www.sanmiguel.com\/es\/#organization","name":"Cervezas San Miguel","url":"https:\/\/www.sanmiguel.com\/es\/","logo":{"@type":"ImageObject","inLanguage":"es","@id":"https:\/\/www.sanmiguel.com\/es\/#\/schema\/logo\/image\/","url":"https:\/\/www.sanmiguel.com\/es\/wp-content\/uploads\/sites\/2\/2022\/06\/cervezas-san-miguel-logo.jpg","contentUrl":"https:\/\/www.sanmiguel.com\/es\/wp-content\/uploads\/sites\/2\/2022\/06\/cervezas-san-miguel-logo.jpg","width":400,"height":400,"caption":"Cervezas San Miguel"},"image":{"@id":"https:\/\/www.sanmiguel.com\/es\/#\/schema\/logo\/image\/"}}]}},"_links":{"self":[{"href":"https:\/\/www.sanmiguel.com\/es\/wp-json\/wp\/v2\/pages\/10911","targetHints":{"allow":["GET"]}}],"collection":[{"href":"https:\/\/www.sanmiguel.com\/es\/wp-json\/wp\/v2\/pages"}],"about":[{"href":"https:\/\/www.sanmiguel.com\/es\/wp-json\/wp\/v2\/types\/page"}],"author":[{"embeddable":true,"href":"https:\/\/www.sanmiguel.com\/es\/wp-json\/wp\/v2\/users\/1"}],"replies":[{"embeddable":true,"href":"https:\/\/www.sanmiguel.com\/es\/wp-json\/wp\/v2\/comments?post=10911"}],"version-history":[{"count":17,"href":"https:\/\/www.sanmiguel.com\/es\/wp-json\/wp\/v2\/pages\/10911\/revisions"}],"predecessor-version":[{"id":19757,"href":"https:\/\/www.sanmiguel.com\/es\/wp-json\/wp\/v2\/pages\/10911\/revisions\/19757"}],"up":[{"embeddable":true,"href":"https:\/\/www.sanmiguel.com\/es\/wp-json\/wp\/v2\/pages\/8267"}],"wp:attachment":[{"href":"https:\/\/www.sanmiguel.com\/es\/wp-json\/wp\/v2\/media?parent=10911"}],"curies":[{"name":"wp","href":"https:\/\/api.w.org\/{rel}","templated":true}]}}