{"id":1124,"date":"2021-01-19T16:29:51","date_gmt":"2021-01-19T16:29:51","guid":{"rendered":"http:\/\/awspre.sanmiguel.es\/de\/?page_id=1124"},"modified":"2022-03-16T12:34:29","modified_gmt":"2022-03-16T12:34:29","slug":"rechtliche-warnung","status":"publish","type":"page","link":"https:\/\/www.sanmiguel.com\/de\/rechtliche-warnung\/","title":{"rendered":"Rechtlicher Hinweis"},"content":{"rendered":"\n<p>Der Eigent\u00fcmer dieser Website ist MAHOU, S.A. (im Folgenden MAHOU) mit C.I.F. A-28078202 und eingetragener Firmensitz in c \/ Tit\u00e1n 15 in Madrid.<\/p>\n\n\n\n<p>Der Inhalt dieser Website enth\u00e4lt Werbebotschaften und richtet sich an Personen \u00fcber 18 Jahren. MAHOU empfiehlt einen verantwortungsvollen Konsum. Bei Fragen schreiben Sie uns bitte hier.<\/p>\n\n\n\n<p>Der Zugang und die Nutzung sind kostenlos und setzen die Annahme der rechtlichen Bedingungen von MAHOU durch den Benutzer voraus.<\/p>\n","protected":false},"excerpt":{"rendered":"<p>Der Eigent\u00fcmer dieser Website ist MAHOU, S.A. (im Folgenden MAHOU) mit C.I.F. A-28078202 und eingetragener Firmensitz in c \/ Tit\u00e1n 15 in Madrid. Der Inhalt dieser Website enth\u00e4lt Werbebotschaften und richtet sich an Personen \u00fcber 18 Jahren. MAHOU empfiehlt einen verantwortungsvollen Konsum. Bei Fragen schreiben Sie uns bitte hier. Der Zugang und die Nutzung sind [&hellip;]<\/p>\n","protected":false},"author":1,"featured_media":2690,"parent":0,"menu_order":0,"comment_status":"closed","ping_status":"closed","template":"page-text.php","meta":[],"acf":[],"_links":{"self":[{"href":"https:\/\/www.sanmiguel.com\/de\/wp-json\/wp\/v2\/pages\/1124"}],"collection":[{"href":"https:\/\/www.sanmiguel.com\/de\/wp-json\/wp\/v2\/pages"}],"about":[{"href":"https:\/\/www.sanmiguel.com\/de\/wp-json\/wp\/v2\/types\/page"}],"author":[{"embeddable":true,"href":"https:\/\/www.sanmiguel.com\/de\/wp-json\/wp\/v2\/users\/1"}],"replies":[{"embeddable":true,"href":"https:\/\/www.sanmiguel.com\/de\/wp-json\/wp\/v2\/comments?post=1124"}],"version-history":[{"count":4,"href":"https:\/\/www.sanmiguel.com\/de\/wp-json\/wp\/v2\/pages\/1124\/revisions"}],"predecessor-version":[{"id":3634,"href":"https:\/\/www.sanmiguel.com\/de\/wp-json\/wp\/v2\/pages\/1124\/revisions\/3634"}],"wp:featuredmedia":[{"embeddable":true,"href":"https:\/\/www.sanmiguel.com\/de\/wp-json\/wp\/v2\/media\/2690"}],"wp:attachment":[{"href":"https:\/\/www.sanmiguel.com\/de\/wp-json\/wp\/v2\/media?parent=1124"}],"curies":[{"name":"wp","href":"https:\/\/api.w.org\/{rel}","templated":true}]}}